{"id":1238,"date":"2021-10-25T19:59:31","date_gmt":"2021-10-25T17:59:31","guid":{"rendered":"https:\/\/lapausetendresse.fr\/?page_id=1238"},"modified":"2024-10-06T12:46:36","modified_gmt":"2024-10-06T10:46:36","slug":"il-est-lheure-de-la-pause","status":"publish","type":"page","link":"https:\/\/lapausetendresse.fr\/","title":{"rendered":"Accueil"},"content":{"rendered":"<div data-block-name=\"woocommerce\/featured-category\" data-edit-mode=\"false\" data-overlay-color=\"pale-pink\" data-category-id=\"334\" class=\"wc-block-featured-category alignnone has-background-dim has-pale-pink-background-color\" style=\"min-height:500px;\"><div class=\"wc-block-featured-category__wrapper\"><h2 class=\"wc-block-featured-category__title\">D\u00e9stockage<\/h2><div class=\"wc-block-featured-category__description\"><p>Articles neufs d\u00e9j\u00e0 confectionn\u00e9s mais jamais exp\u00e9di\u00e9s.<\/p>\n<p>Il s&rsquo;agit d&rsquo;articles r\u00e9alis\u00e9s pour vous proposer des nouveaut\u00e9s, pour le plaisir de crocheter ou suite \u00e0 des commandes non aboutis.<\/p>\n<p>Exp\u00e9dition rapide<br \/>\nChangement des pr\u00e9noms sur les attaches sucettes -&gt; sans frais<\/p>\n<\/div><div class=\"wc-block-featured-category__link\">\n\n<div class=\"wp-block-button aligncenter\"><a class=\"wp-block-button__link\" href=\"https:\/\/lapausetendresse.fr\/?product_cat=destockage\">Acheter maintenant<\/a><\/div>\n\n<\/div><\/div><\/div>\n\n\n<div class=\"alignnormal\"><div id=\"metaslider-id-1245\" style=\"width: 100%;\" class=\"ml-slider-3-23-0 metaslider metaslider-nivo metaslider-1245 ml-slider\">\n    <div id=\"metaslider_container_1245\">\n        <div class='slider-wrapper theme-default'><div class='ribbon'><\/div><div id='metaslider_1245' class='nivoSlider'><img src=\"https:\/\/lapausetendresse.fr\/wp-content\/uploads\/2023\/07\/Slider-1-scaled-700x700.jpg\" height=\"700\" width=\"700\" title=\"Slider 1\" alt=\"\" class=\"slider-1245 slide-1246\" \/><img src=\"https:\/\/lapausetendresse.fr\/wp-content\/uploads\/2023\/07\/Slider-2-scaled-700x700.jpg\" height=\"700\" width=\"700\" title=\"Slider 2\" alt=\"\" class=\"slider-1245 slide-1247\" \/><img src=\"https:\/\/lapausetendresse.fr\/wp-content\/uploads\/2023\/07\/Slider-3-scaled-700x700.jpg\" height=\"700\" width=\"700\" title=\"Slider 3\" alt=\"\" class=\"slider-1245 slide-1248\" \/><img src=\"https:\/\/lapausetendresse.fr\/wp-content\/uploads\/2023\/07\/Slider-4-scaled-700x700.jpg\" height=\"700\" width=\"700\" title=\"Slider 4\" alt=\"\" class=\"slider-1245 slide-1249\" \/><\/div><\/div>\n        \n    <\/div>\n<\/div><\/div>\n\n\n\n<div class=\"wp-block-columns\">\n<div class=\"wp-block-column\"><\/div>\n\n\n\n<div class=\"wp-block-column\">\n<div style=\"height:100px\" aria-hidden=\"true\" class=\"wp-block-spacer\"><\/div>\n\n\n\n<figure class=\"wp-block-image size-large\"><img loading=\"lazy\" width=\"1020\" height=\"1024\" src=\"https:\/\/lapausetendresse.fr\/wp-content\/uploads\/2023\/07\/Logo-LPT-2023-1020x1024.png\" alt=\"\" class=\"wp-image-2801\" srcset=\"https:\/\/lapausetendresse.fr\/wp-content\/uploads\/2023\/07\/Logo-LPT-2023-1020x1024.png 1020w, https:\/\/lapausetendresse.fr\/wp-content\/uploads\/2023\/07\/Logo-LPT-2023-300x300.png 300w, https:\/\/lapausetendresse.fr\/wp-content\/uploads\/2023\/07\/Logo-LPT-2023-150x150.png 150w, https:\/\/lapausetendresse.fr\/wp-content\/uploads\/2023\/07\/Logo-LPT-2023-768x771.png 768w, https:\/\/lapausetendresse.fr\/wp-content\/uploads\/2023\/07\/Logo-LPT-2023-60x60.png 60w, https:\/\/lapausetendresse.fr\/wp-content\/uploads\/2023\/07\/Logo-LPT-2023-600x602.png 600w, https:\/\/lapausetendresse.fr\/wp-content\/uploads\/2023\/07\/Logo-LPT-2023.png 1231w\" sizes=\"(max-width: 1020px) 100vw, 1020px\" \/><\/figure>\n<\/div>\n\n\n\n<div class=\"wp-block-column\"><\/div>\n<\/div>\n\n\n\n<div class=\"wp-block-media-text alignwide is-stacked-on-mobile is-vertically-aligned-center\" style=\"grid-template-columns:21% auto\"><figure class=\"wp-block-media-text__media\"><img loading=\"lazy\" width=\"768\" height=\"906\" src=\"http:\/\/lapausetendresse.fr\/wp-content\/uploads\/2021\/10\/D7D920D3-C81B-4EEE-BBFD-50FD4A00C3A6_1_105_c-e1635670107786.jpeg\" alt=\"\" class=\"wp-image-1341 size-full\" srcset=\"https:\/\/lapausetendresse.fr\/wp-content\/uploads\/2021\/10\/D7D920D3-C81B-4EEE-BBFD-50FD4A00C3A6_1_105_c-e1635670107786.jpeg 768w, https:\/\/lapausetendresse.fr\/wp-content\/uploads\/2021\/10\/D7D920D3-C81B-4EEE-BBFD-50FD4A00C3A6_1_105_c-e1635670107786-254x300.jpeg 254w, https:\/\/lapausetendresse.fr\/wp-content\/uploads\/2021\/10\/D7D920D3-C81B-4EEE-BBFD-50FD4A00C3A6_1_105_c-e1635670107786-51x60.jpeg 51w, https:\/\/lapausetendresse.fr\/wp-content\/uploads\/2021\/10\/D7D920D3-C81B-4EEE-BBFD-50FD4A00C3A6_1_105_c-e1635670107786-600x708.jpeg 600w\" sizes=\"(max-width: 768px) 100vw, 768px\" \/><\/figure><div class=\"wp-block-media-text__content\">\n<blockquote class=\"wp-block-quote\"><p><meta charset=\"utf-8\">Maman de deux enfants et professionnelle de la petite enfance. <\/p><p>Je suis passionn\u00e9e par le crochet et le monde des Petits.<\/p><\/blockquote>\n\n\n\n<p><\/p>\n<\/div><\/div>\n\n\n\n<div class=\"wp-block-media-text alignwide is-stacked-on-mobile is-vertically-aligned-top\" style=\"grid-template-columns:18% auto\"><figure class=\"wp-block-media-text__media\"><img loading=\"lazy\" width=\"200\" height=\"200\" src=\"http:\/\/lapausetendresse.fr\/wp-content\/uploads\/2021\/10\/Cre\u0301e\u0301s-en-Provence-200x200-1.png\" alt=\"\" class=\"wp-image-1300 size-full\" srcset=\"https:\/\/lapausetendresse.fr\/wp-content\/uploads\/2021\/10\/Cre\u0301e\u0301s-en-Provence-200x200-1.png 200w, https:\/\/lapausetendresse.fr\/wp-content\/uploads\/2021\/10\/Cre\u0301e\u0301s-en-Provence-200x200-1-150x150.png 150w, https:\/\/lapausetendresse.fr\/wp-content\/uploads\/2021\/10\/Cre\u0301e\u0301s-en-Provence-200x200-1-60x60.png 60w\" sizes=\"(max-width: 200px) 100vw, 200px\" \/><\/figure><div class=\"wp-block-media-text__content\">\n<ul><li>Confectionn\u00e9 par mes soins<\/li><li>Chaque pi\u00e8ce est unique<\/li><li>Mod\u00e8le, couleurs et pr\u00e9nom personnalisables<\/li><li>Mati\u00e8res naturelles<\/li><li>Envoi rapide<\/li><\/ul>\n<\/div><\/div>\n\n\n\n<div class=\"wp-block-columns\"><\/div>\n\n\n\n<div class=\"wp-block-columns\">\n<div class=\"wp-block-column\">\n<div class=\"wp-block-image is-style-rounded\"><figure class=\"aligncenter size-large\"><a href=\"https:\/\/lapausetendresse.fr\/?product_cat=attaches-sucettes\"><img loading=\"lazy\" width=\"1024\" height=\"1024\" src=\"http:\/\/lapausetendresse.fr\/wp-content\/uploads\/2021\/10\/IMG_4560-1024x1024.jpg\" alt=\"\" class=\"wp-image-1117\" srcset=\"https:\/\/lapausetendresse.fr\/wp-content\/uploads\/2021\/10\/IMG_4560-1024x1024.jpg 1024w, https:\/\/lapausetendresse.fr\/wp-content\/uploads\/2021\/10\/IMG_4560-scaled-300x300.jpg 300w, https:\/\/lapausetendresse.fr\/wp-content\/uploads\/2021\/10\/IMG_4560-150x150.jpg 150w, https:\/\/lapausetendresse.fr\/wp-content\/uploads\/2021\/10\/IMG_4560-768x768.jpg 768w, https:\/\/lapausetendresse.fr\/wp-content\/uploads\/2021\/10\/IMG_4560-1536x1536.jpg 1536w, https:\/\/lapausetendresse.fr\/wp-content\/uploads\/2021\/10\/IMG_4560-2048x2048.jpg 2048w, https:\/\/lapausetendresse.fr\/wp-content\/uploads\/2021\/10\/IMG_4560-60x60.jpg 60w, https:\/\/lapausetendresse.fr\/wp-content\/uploads\/2021\/10\/IMG_4560-600x600.jpg 600w, https:\/\/lapausetendresse.fr\/wp-content\/uploads\/2021\/10\/IMG_4560-scaled-500x500.jpg 500w, https:\/\/lapausetendresse.fr\/wp-content\/uploads\/2021\/10\/IMG_4560-scaled-700x700.jpg 700w, https:\/\/lapausetendresse.fr\/wp-content\/uploads\/2021\/10\/IMG_4560-scaled-620x620.jpg 620w, https:\/\/lapausetendresse.fr\/wp-content\/uploads\/2021\/10\/IMG_4560-scaled-400x400.jpg 400w\" sizes=\"(max-width: 1024px) 100vw, 1024px\" \/><\/a><\/figure><\/div>\n\n\n\n<p class=\"has-text-align-center\">ATTACHES SUCETTES<\/p>\n<\/div>\n\n\n\n<div class=\"wp-block-column\">\n<figure class=\"wp-block-image size-large is-style-rounded\"><a href=\"https:\/\/lapausetendresse.fr\/?product_cat=jouets\"><img loading=\"lazy\" width=\"1024\" height=\"1024\" src=\"https:\/\/lapausetendresse.fr\/wp-content\/uploads\/2023\/07\/Cat-hochet-1024x1024.jpg\" alt=\"\" class=\"wp-image-2813\" srcset=\"https:\/\/lapausetendresse.fr\/wp-content\/uploads\/2023\/07\/Cat-hochet-1024x1024.jpg 1024w, https:\/\/lapausetendresse.fr\/wp-content\/uploads\/2023\/07\/Cat-hochet-300x300.jpg 300w, https:\/\/lapausetendresse.fr\/wp-content\/uploads\/2023\/07\/Cat-hochet-150x150.jpg 150w, https:\/\/lapausetendresse.fr\/wp-content\/uploads\/2023\/07\/Cat-hochet-768x768.jpg 768w, https:\/\/lapausetendresse.fr\/wp-content\/uploads\/2023\/07\/Cat-hochet-60x60.jpg 60w, https:\/\/lapausetendresse.fr\/wp-content\/uploads\/2023\/07\/Cat-hochet-600x600.jpg 600w, https:\/\/lapausetendresse.fr\/wp-content\/uploads\/2023\/07\/Cat-hochet.jpg 1440w\" sizes=\"(max-width: 1024px) 100vw, 1024px\" \/><\/a><\/figure>\n\n\n\n<p class=\"has-text-align-center\">JOUETS<\/p>\n<\/div>\n\n\n\n<div class=\"wp-block-column\">\n<figure class=\"wp-block-image size-large is-style-rounded\"><a href=\"https:\/\/lapausetendresse.fr\/?product_cat=doudous\"><img loading=\"lazy\" width=\"1024\" height=\"1024\" src=\"https:\/\/lapausetendresse.fr\/wp-content\/uploads\/2023\/07\/Cat-doudou-1024x1024.jpg\" alt=\"\" class=\"wp-image-2810\" srcset=\"https:\/\/lapausetendresse.fr\/wp-content\/uploads\/2023\/07\/Cat-doudou-1024x1024.jpg 1024w, https:\/\/lapausetendresse.fr\/wp-content\/uploads\/2023\/07\/Cat-doudou-300x300.jpg 300w, https:\/\/lapausetendresse.fr\/wp-content\/uploads\/2023\/07\/Cat-doudou-150x150.jpg 150w, https:\/\/lapausetendresse.fr\/wp-content\/uploads\/2023\/07\/Cat-doudou-768x768.jpg 768w, https:\/\/lapausetendresse.fr\/wp-content\/uploads\/2023\/07\/Cat-doudou-1536x1536.jpg 1536w, https:\/\/lapausetendresse.fr\/wp-content\/uploads\/2023\/07\/Cat-doudou-2048x2048.jpg 2048w, https:\/\/lapausetendresse.fr\/wp-content\/uploads\/2023\/07\/Cat-doudou-60x60.jpg 60w, https:\/\/lapausetendresse.fr\/wp-content\/uploads\/2023\/07\/Cat-doudou-600x600.jpg 600w\" sizes=\"(max-width: 1024px) 100vw, 1024px\" \/><\/a><\/figure>\n\n\n\n<p class=\"has-text-align-center\">DOUDOUS<\/p>\n<\/div>\n\n\n\n<div class=\"wp-block-column\">\n<figure class=\"wp-block-image size-large is-style-rounded\"><a href=\"https:\/\/lapausetendresse.fr\/?product_cat=coffret-cadeau\"><img loading=\"lazy\" width=\"1024\" height=\"1024\" src=\"http:\/\/lapausetendresse.fr\/wp-content\/uploads\/2021\/10\/IMG_3963-1024x1024.jpg\" alt=\"\" class=\"wp-image-531\" srcset=\"https:\/\/lapausetendresse.fr\/wp-content\/uploads\/2021\/10\/IMG_3963-1024x1024.jpg 1024w, https:\/\/lapausetendresse.fr\/wp-content\/uploads\/2021\/10\/IMG_3963-scaled-300x300.jpg 300w, https:\/\/lapausetendresse.fr\/wp-content\/uploads\/2021\/10\/IMG_3963-150x150.jpg 150w, https:\/\/lapausetendresse.fr\/wp-content\/uploads\/2021\/10\/IMG_3963-768x768.jpg 768w, https:\/\/lapausetendresse.fr\/wp-content\/uploads\/2021\/10\/IMG_3963-1536x1536.jpg 1536w, https:\/\/lapausetendresse.fr\/wp-content\/uploads\/2021\/10\/IMG_3963-2048x2048.jpg 2048w, https:\/\/lapausetendresse.fr\/wp-content\/uploads\/2021\/10\/IMG_3963-60x60.jpg 60w, https:\/\/lapausetendresse.fr\/wp-content\/uploads\/2021\/10\/IMG_3963-600x600.jpg 600w, https:\/\/lapausetendresse.fr\/wp-content\/uploads\/2021\/10\/IMG_3963-scaled-500x500.jpg 500w, https:\/\/lapausetendresse.fr\/wp-content\/uploads\/2021\/10\/IMG_3963-scaled-700x700.jpg 700w, https:\/\/lapausetendresse.fr\/wp-content\/uploads\/2021\/10\/IMG_3963-scaled-620x620.jpg 620w, https:\/\/lapausetendresse.fr\/wp-content\/uploads\/2021\/10\/IMG_3963-scaled-400x400.jpg 400w\" sizes=\"(max-width: 1024px) 100vw, 1024px\" \/><\/a><\/figure>\n\n\n\n<p class=\"has-text-align-center\">COFFRETS CADEAUX<\/p>\n<\/div>\n\n\n\n<div class=\"wp-block-column\">\n<figure class=\"wp-block-image size-large is-style-rounded\"><a href=\"https:\/\/lapausetendresse.fr\/?product_cat=decorations\"><img loading=\"lazy\" width=\"1024\" height=\"1024\" src=\"https:\/\/lapausetendresse.fr\/wp-content\/uploads\/2023\/07\/Cat-courone-1024x1024.jpg\" alt=\"\" class=\"wp-image-2812\" srcset=\"https:\/\/lapausetendresse.fr\/wp-content\/uploads\/2023\/07\/Cat-courone-1024x1024.jpg 1024w, https:\/\/lapausetendresse.fr\/wp-content\/uploads\/2023\/07\/Cat-courone-300x300.jpg 300w, https:\/\/lapausetendresse.fr\/wp-content\/uploads\/2023\/07\/Cat-courone-150x150.jpg 150w, https:\/\/lapausetendresse.fr\/wp-content\/uploads\/2023\/07\/Cat-courone-768x768.jpg 768w, https:\/\/lapausetendresse.fr\/wp-content\/uploads\/2023\/07\/Cat-courone-1536x1536.jpg 1536w, https:\/\/lapausetendresse.fr\/wp-content\/uploads\/2023\/07\/Cat-courone-2048x2048.jpg 2048w, https:\/\/lapausetendresse.fr\/wp-content\/uploads\/2023\/07\/Cat-courone-60x60.jpg 60w, https:\/\/lapausetendresse.fr\/wp-content\/uploads\/2023\/07\/Cat-courone-600x600.jpg 600w\" sizes=\"(max-width: 1024px) 100vw, 1024px\" \/><\/a><\/figure>\n\n\n\n<p class=\"has-text-align-center\">D\u00c9CORATIONS<\/p>\n<\/div>\n\n\n\n<div class=\"wp-block-column\">\n<figure class=\"wp-block-image size-large is-style-rounded\"><a href=\"https:\/\/lapausetendresse.fr\/?product_cat=accessoires\"><img loading=\"lazy\" width=\"1024\" height=\"1024\" src=\"https:\/\/lapausetendresse.fr\/wp-content\/uploads\/2023\/07\/Cat-brosse-1024x1024.jpg\" alt=\"\" class=\"wp-image-2811\" srcset=\"https:\/\/lapausetendresse.fr\/wp-content\/uploads\/2023\/07\/Cat-brosse-1024x1024.jpg 1024w, https:\/\/lapausetendresse.fr\/wp-content\/uploads\/2023\/07\/Cat-brosse-300x300.jpg 300w, https:\/\/lapausetendresse.fr\/wp-content\/uploads\/2023\/07\/Cat-brosse-150x150.jpg 150w, https:\/\/lapausetendresse.fr\/wp-content\/uploads\/2023\/07\/Cat-brosse-768x768.jpg 768w, https:\/\/lapausetendresse.fr\/wp-content\/uploads\/2023\/07\/Cat-brosse-1536x1536.jpg 1536w, https:\/\/lapausetendresse.fr\/wp-content\/uploads\/2023\/07\/Cat-brosse-2048x2048.jpg 2048w, https:\/\/lapausetendresse.fr\/wp-content\/uploads\/2023\/07\/Cat-brosse-60x60.jpg 60w, https:\/\/lapausetendresse.fr\/wp-content\/uploads\/2023\/07\/Cat-brosse-600x600.jpg 600w\" sizes=\"(max-width: 1024px) 100vw, 1024px\" \/><\/a><\/figure>\n\n\n\n<p class=\"has-text-align-center\">ACCESSOIRES<\/p>\n<\/div>\n<\/div>\n\n\n<div data-block-name=\"woocommerce\/all-reviews\" class=\"wp-block-woocommerce-all-reviews wc-block-all-reviews has-image has-name has-date has-rating has-content has-product-name\" data-image-type=\"reviewer\" data-orderby=\"most-recent\" data-reviews-on-page-load=\"10\" data-reviews-on-load-more=\"10\" data-show-load-more=\"true\" data-show-orderby=\"true\"><\/div>","protected":false},"excerpt":{"rendered":"<p>Maman de deux enfants et professionnelle de la petite enfance. Je suis passionn\u00e9e par le crochet et le monde des Petits. Confectionn\u00e9 par mes soins Chaque pi\u00e8ce est unique Mod\u00e8le, couleurs et pr\u00e9nom personnalisables Mati\u00e8res naturelles Envoi rapide ATTACHES SUCETTES JOUETS DOUDOUS COFFRETS CADEAUX D\u00c9CORATIONS ACCESSOIRES<\/p>\n","protected":false},"author":2,"featured_media":0,"parent":0,"menu_order":0,"comment_status":"closed","ping_status":"closed","template":"","meta":[],"yoast_head":"<!-- This site is optimized with the Yoast SEO plugin v17.4 - https:\/\/yoast.com\/wordpress\/plugins\/seo\/ -->\n<title>Cr\u00e9ations artisanales pour b\u00e9b\u00e9 - La Pause Tendresse<\/title>\n<meta name=\"description\" content=\"Confectionn\u00e9 par mes soins en crochet : Attaches sucettes, Hochets, Jouets, Paniers. Tout est personnalisable : mod\u00e8le, couleurs et pr\u00e9nom.\" \/>\n<meta name=\"robots\" content=\"index, follow, max-snippet:-1, max-image-preview:large, max-video-preview:-1\" \/>\n<link rel=\"canonical\" href=\"http:\/\/lapausetendresse.fr\/\" \/>\n<meta property=\"og:locale\" content=\"fr_FR\" \/>\n<meta property=\"og:type\" content=\"article\" \/>\n<meta property=\"og:title\" content=\"Cr\u00e9ations artisanales pour b\u00e9b\u00e9 - La Pause Tendresse\" \/>\n<meta property=\"og:description\" content=\"Confectionn\u00e9 par mes soins en crochet : Attaches sucettes, Hochets, Jouets, Paniers. Tout est personnalisable : mod\u00e8le, couleurs et pr\u00e9nom.\" \/>\n<meta property=\"og:url\" content=\"http:\/\/lapausetendresse.fr\/\" \/>\n<meta property=\"og:site_name\" content=\"La Pause Tendresse\" \/>\n<meta property=\"article:modified_time\" content=\"2024-10-06T10:46:36+00:00\" \/>\n<meta property=\"og:image\" content=\"https:\/\/lapausetendresse.fr\/wp-content\/uploads\/2023\/07\/Logo-LPT-2023-1020x1024.png\" \/>\n<meta name=\"twitter:card\" content=\"summary_large_image\" \/>\n<meta name=\"twitter:label1\" content=\"Dur\u00e9e de lecture est.\" \/>\n\t<meta name=\"twitter:data1\" content=\"3 minutes\" \/>\n<script type=\"application\/ld+json\" class=\"yoast-schema-graph\">{\"@context\":\"https:\/\/schema.org\",\"@graph\":[{\"@type\":\"WebSite\",\"@id\":\"http:\/\/lapausetendresse.fr\/#website\",\"url\":\"http:\/\/lapausetendresse.fr\/\",\"name\":\"La Pause Tendresse\",\"description\":\"Passionn\\u00e9e par le crochet et le monde des Petits\",\"potentialAction\":[{\"@type\":\"SearchAction\",\"target\":{\"@type\":\"EntryPoint\",\"urlTemplate\":\"http:\/\/lapausetendresse.fr\/?s={search_term_string}\"},\"query-input\":\"required name=search_term_string\"}],\"inLanguage\":\"fr-FR\"},{\"@type\":\"ImageObject\",\"@id\":\"http:\/\/lapausetendresse.fr\/#primaryimage\",\"inLanguage\":\"fr-FR\",\"url\":\"https:\/\/lapausetendresse.fr\/wp-content\/uploads\/2023\/07\/Logo-LPT-2023-1020x1024.png\",\"contentUrl\":\"https:\/\/lapausetendresse.fr\/wp-content\/uploads\/2023\/07\/Logo-LPT-2023-1020x1024.png\"},{\"@type\":\"WebPage\",\"@id\":\"http:\/\/lapausetendresse.fr\/#webpage\",\"url\":\"http:\/\/lapausetendresse.fr\/\",\"name\":\"Cr\\u00e9ations artisanales pour b\\u00e9b\\u00e9 - La Pause Tendresse\",\"isPartOf\":{\"@id\":\"http:\/\/lapausetendresse.fr\/#website\"},\"primaryImageOfPage\":{\"@id\":\"http:\/\/lapausetendresse.fr\/#primaryimage\"},\"datePublished\":\"2021-10-25T17:59:31+00:00\",\"dateModified\":\"2024-10-06T10:46:36+00:00\",\"description\":\"Confectionn\\u00e9 par mes soins en crochet : Attaches sucettes, Hochets, Jouets, Paniers. Tout est personnalisable : mod\\u00e8le, couleurs et pr\\u00e9nom.\",\"breadcrumb\":{\"@id\":\"http:\/\/lapausetendresse.fr\/#breadcrumb\"},\"inLanguage\":\"fr-FR\",\"potentialAction\":[{\"@type\":\"ReadAction\",\"target\":[\"http:\/\/lapausetendresse.fr\/\"]}]},{\"@type\":\"BreadcrumbList\",\"@id\":\"http:\/\/lapausetendresse.fr\/#breadcrumb\",\"itemListElement\":[{\"@type\":\"ListItem\",\"position\":1,\"name\":\"Accueil\",\"item\":\"http:\/\/lapausetendresse.fr\/\"},{\"@type\":\"ListItem\",\"position\":2,\"name\":\"Accueil\"}]}]}<\/script>\n<!-- \/ Yoast SEO plugin. -->","yoast_head_json":{"title":"Cr\u00e9ations artisanales pour b\u00e9b\u00e9 - La Pause Tendresse","description":"Confectionn\u00e9 par mes soins en crochet : Attaches sucettes, Hochets, Jouets, Paniers. Tout est personnalisable : mod\u00e8le, couleurs et pr\u00e9nom.","robots":{"index":"index","follow":"follow","max-snippet":"max-snippet:-1","max-image-preview":"max-image-preview:large","max-video-preview":"max-video-preview:-1"},"canonical":"http:\/\/lapausetendresse.fr\/","og_locale":"fr_FR","og_type":"article","og_title":"Cr\u00e9ations artisanales pour b\u00e9b\u00e9 - La Pause Tendresse","og_description":"Confectionn\u00e9 par mes soins en crochet : Attaches sucettes, Hochets, Jouets, Paniers. Tout est personnalisable : mod\u00e8le, couleurs et pr\u00e9nom.","og_url":"http:\/\/lapausetendresse.fr\/","og_site_name":"La Pause Tendresse","article_modified_time":"2024-10-06T10:46:36+00:00","og_image":[{"url":"https:\/\/lapausetendresse.fr\/wp-content\/uploads\/2023\/07\/Logo-LPT-2023-1020x1024.png"}],"twitter_card":"summary_large_image","twitter_misc":{"Dur\u00e9e de lecture est.":"3 minutes"},"schema":{"@context":"https:\/\/schema.org","@graph":[{"@type":"WebSite","@id":"http:\/\/lapausetendresse.fr\/#website","url":"http:\/\/lapausetendresse.fr\/","name":"La Pause Tendresse","description":"Passionn\u00e9e par le crochet et le monde des Petits","potentialAction":[{"@type":"SearchAction","target":{"@type":"EntryPoint","urlTemplate":"http:\/\/lapausetendresse.fr\/?s={search_term_string}"},"query-input":"required name=search_term_string"}],"inLanguage":"fr-FR"},{"@type":"ImageObject","@id":"http:\/\/lapausetendresse.fr\/#primaryimage","inLanguage":"fr-FR","url":"https:\/\/lapausetendresse.fr\/wp-content\/uploads\/2023\/07\/Logo-LPT-2023-1020x1024.png","contentUrl":"https:\/\/lapausetendresse.fr\/wp-content\/uploads\/2023\/07\/Logo-LPT-2023-1020x1024.png"},{"@type":"WebPage","@id":"http:\/\/lapausetendresse.fr\/#webpage","url":"http:\/\/lapausetendresse.fr\/","name":"Cr\u00e9ations artisanales pour b\u00e9b\u00e9 - La Pause Tendresse","isPartOf":{"@id":"http:\/\/lapausetendresse.fr\/#website"},"primaryImageOfPage":{"@id":"http:\/\/lapausetendresse.fr\/#primaryimage"},"datePublished":"2021-10-25T17:59:31+00:00","dateModified":"2024-10-06T10:46:36+00:00","description":"Confectionn\u00e9 par mes soins en crochet : Attaches sucettes, Hochets, Jouets, Paniers. Tout est personnalisable : mod\u00e8le, couleurs et pr\u00e9nom.","breadcrumb":{"@id":"http:\/\/lapausetendresse.fr\/#breadcrumb"},"inLanguage":"fr-FR","potentialAction":[{"@type":"ReadAction","target":["http:\/\/lapausetendresse.fr\/"]}]},{"@type":"BreadcrumbList","@id":"http:\/\/lapausetendresse.fr\/#breadcrumb","itemListElement":[{"@type":"ListItem","position":1,"name":"Accueil","item":"http:\/\/lapausetendresse.fr\/"},{"@type":"ListItem","position":2,"name":"Accueil"}]}]}},"_links":{"self":[{"href":"https:\/\/lapausetendresse.fr\/index.php?rest_route=\/wp\/v2\/pages\/1238"}],"collection":[{"href":"https:\/\/lapausetendresse.fr\/index.php?rest_route=\/wp\/v2\/pages"}],"about":[{"href":"https:\/\/lapausetendresse.fr\/index.php?rest_route=\/wp\/v2\/types\/page"}],"author":[{"embeddable":true,"href":"https:\/\/lapausetendresse.fr\/index.php?rest_route=\/wp\/v2\/users\/2"}],"replies":[{"embeddable":true,"href":"https:\/\/lapausetendresse.fr\/index.php?rest_route=%2Fwp%2Fv2%2Fcomments&post=1238"}],"version-history":[{"count":102,"href":"https:\/\/lapausetendresse.fr\/index.php?rest_route=\/wp\/v2\/pages\/1238\/revisions"}],"predecessor-version":[{"id":3436,"href":"https:\/\/lapausetendresse.fr\/index.php?rest_route=\/wp\/v2\/pages\/1238\/revisions\/3436"}],"wp:attachment":[{"href":"https:\/\/lapausetendresse.fr\/index.php?rest_route=%2Fwp%2Fv2%2Fmedia&parent=1238"}],"curies":[{"name":"wp","href":"https:\/\/api.w.org\/{rel}","templated":true}]}}