{"id":1576,"date":"2021-12-05T14:24:51","date_gmt":"2021-12-05T13:24:51","guid":{"rendered":"https:\/\/lapausetendresse.fr\/?post_type=product&#038;p=1576"},"modified":"2024-08-25T11:51:05","modified_gmt":"2024-08-25T09:51:05","slug":"coffret-cadeaux-a-15-e","status":"publish","type":"product","link":"https:\/\/lapausetendresse.fr\/?product=coffret-cadeaux-a-15-e","title":{"rendered":"Coffret cadeaux \u00e0 19 \u20ac &#8211; attache sucette silicone + bouteille sensorielle"},"content":{"rendered":"<p>\u00c0 vous de choisir les articles \u00e0 ins\u00e9rer dans la bo\u00eete :<\/p>\n<ul>\n<li>une attache sucette<\/li>\n<li>une bouteille sensorielle personnalis\u00e9e ou non (au choix)<\/li>\n<\/ul>\n<p>Article fabriqu\u00e9, emball\u00e9 puis exp\u00e9di\u00e9 sous 6-10 jours ouvr\u00e9s.<\/p>\n<p>&nbsp;<\/p>\n<p><strong><u>Description des bouteilles sensorielles :\u00a0<\/u><\/strong><\/p>\n<p class=\"p1\"><span class=\"s1\">Les bouteilles (inspir\u00e9s de la p\u00e9dagogie Montessori) sont con\u00e7ues dans le but de stimuler le d\u00e9veloppement des sens des b\u00e9b\u00e9s (principalement la vue et l\u2019ou\u00efe). (D\u00e8s 4 mois). Les tout-petits adorent les attraper, les mettre \u00e0 la bouche, les secouer, les soupeser, les renverser\u2026 Leur attention se fixera sur le liquide et les petits objets qui se trouvent \u00e0 l\u2019int\u00e9rieur. Certains flottent, d\u2019autres coulent, il y a de jolies couleurs\u2026 C\u2019est passionnant \u00e0 regarder ! C\u2019est aussi un objet qui a tendance \u00e0 apaiser les enfants.<\/span><\/p>\n<p class=\"p1\"><span class=\"s1\">Lorsqu\u2019une bouteille sensorielle\u00a0contient des objets qui bougent lentement, les enfants (et les adultes) sont souvent comme \u201chypnotis\u00e9s\u201d en observant leur lente descente\u2026\u00a0 Leur respiration se calme, et cela les aide \u00e0 se r\u00e9guler et \u00e0 contr\u00f4ler leurs \u00e9motions.<\/span><\/p>\n<p><u>Dimension :<\/u>\u00a0mesure environ 15 cm de long pour 3,5 cm de large.<\/p>\n<p>&nbsp;<\/p>\n<p><strong><u>Description des attaches sucettes :<\/u><\/strong><\/p>\n<p>Contient des petites pi\u00e8ces. \u00c0 utiliser sous la surveillance d\u2019un adulte.<\/p>\n<p><u>Mat\u00e9riaux utilis\u00e9s :<\/u> perle en bois naturel et\/ou en silicone, perle alphabet en bois ou silicone sans BPA, clip en bois de h\u00eatre sans BPA et cordon satin soie int\u00e9rieur nylon.<\/p>\n<p><u>Dimension :<\/u> mesure environ 23 \u00e0 25 cm. La longueur d\u00e9pend du nombre de lettre \u00e0 inscrire et du mod\u00e8le.<\/p>\n<p>Possibilit\u00e9 d\u2019ajouter \u00e0 votre panier un adaptateur en silicone transparent universel (pour attacher vos sucettes qui n\u2019auraient pas d\u2019anneau d\u2019accroche) \u2013\u00a0<u>tarif\u00a0<\/u>: 1\u20ac (\u00e0 retrouver dans l\u2019onglet accessoires)<\/p>\n<p>&nbsp;<\/p>\n<h2>N\u2019oubliez pas de m\u2019informer lors de la commande :<\/h2>\n<ul>\n<li>les 2 articles \u00e0 ins\u00e9rer dans la pochette cadeau ;<\/li>\n<li>le pr\u00e9nom de l&rsquo;enfant.<\/li>\n<\/ul>\n<p><img loading=\"lazy\" class=\"size-full wp-image-1300 aligncenter\" src=\"http:\/\/lapausetendresse.fr\/wp-content\/uploads\/2021\/10\/Cre%CC%81e%CC%81s-en-Provence-200x200-1.png\" sizes=\"(max-width: 200px) 100vw, 200px\" srcset=\"https:\/\/lapausetendresse.fr\/wp-content\/uploads\/2021\/10\/Cre\u0301e\u0301s-en-Provence-200x200-1.png 200w, https:\/\/lapausetendresse.fr\/wp-content\/uploads\/2021\/10\/Cre\u0301e\u0301s-en-Provence-200x200-1-150x150.png 150w, https:\/\/lapausetendresse.fr\/wp-content\/uploads\/2021\/10\/Cre\u0301e\u0301s-en-Provence-200x200-1-60x60.png 60w\" alt=\"\" width=\"200\" height=\"200\" \/><\/p>\n","protected":false},"excerpt":{"rendered":"<p><strong>Coffret cadeau comprenant 2 articles :\u00a0<\/strong>Le tout gliss\u00e9 \u00e0 l\u2019int\u00e9rieur d\u2019une pochette cadeau ou d&rsquo;une pochette en orgenza (pour les envoi postaux).<\/p>\n<ul>\n<li>une attache sucette (au choix parmi celle \u00e0 12\u20ac)<\/li>\n<li>une bouteille sensorielle personnalis\u00e9e ou non (au choix)<\/li>\n<\/ul>\n<p>Le cadeau parfait pour une naissance, anniversaire, no\u00ebl ou tout simplement pour faire ou se plaisir.<\/p>\n<ul>\n<li>Confectionn\u00e9 par mes soins,<\/li>\n<li>Chaque pi\u00e8ce est unique ;<\/li>\n<li>Couleurs personnalisables ;<\/li>\n<li>Tenue en main facile ;<\/li>\n<li>D\u00e9veloppe les sens de b\u00e9b\u00e9 (le toucher, la vision, l\u2019ou\u00efe) ;<\/li>\n<li>Envoi rapide.<\/li>\n<\/ul>\n","protected":false},"featured_media":1578,"comment_status":"open","ping_status":"closed","template":"","meta":[],"product_cat":[52],"product_tag":[101,100],"yoast_head":"<!-- This site is optimized with the Yoast SEO plugin v17.4 - https:\/\/yoast.com\/wordpress\/plugins\/seo\/ -->\n<title>Coffret cadeaux \u00e0 19 \u20ac - attache sucette silicone + bouteille sensorielle - La Pause Tendresse<\/title>\n<meta name=\"description\" content=\"Coffret cadeau personnalis\u00e9e comprenant une attache sucette et une bouteille sensorielle. Confectionn\u00e9 par une cr\u00e9atrice de Provence.\" \/>\n<meta name=\"robots\" content=\"index, follow, max-snippet:-1, max-image-preview:large, max-video-preview:-1\" \/>\n<link rel=\"canonical\" href=\"https:\/\/lapausetendresse.fr\/?product=coffret-cadeaux-a-15-e\" \/>\n<meta property=\"og:locale\" content=\"fr_FR\" \/>\n<meta property=\"og:type\" content=\"article\" \/>\n<meta property=\"og:title\" content=\"Coffret cadeaux \u00e0 19 \u20ac - attache sucette silicone + bouteille sensorielle - La Pause Tendresse\" \/>\n<meta property=\"og:description\" content=\"Coffret cadeau personnalis\u00e9e comprenant une attache sucette et une bouteille sensorielle. Confectionn\u00e9 par une cr\u00e9atrice de Provence.\" \/>\n<meta property=\"og:url\" content=\"https:\/\/lapausetendresse.fr\/?product=coffret-cadeaux-a-15-e\" \/>\n<meta property=\"og:site_name\" content=\"La Pause Tendresse\" \/>\n<meta property=\"article:modified_time\" content=\"2024-08-25T09:51:05+00:00\" \/>\n<meta property=\"og:image\" content=\"http:\/\/lapausetendresse.fr\/wp-content\/uploads\/2021\/12\/IMG_6661-scaled.jpg\" \/>\n\t<meta property=\"og:image:width\" content=\"2560\" \/>\n\t<meta property=\"og:image:height\" content=\"2560\" \/>\n<meta name=\"twitter:card\" content=\"summary_large_image\" \/>\n<meta name=\"twitter:label1\" content=\"Dur\u00e9e de lecture est.\" \/>\n\t<meta name=\"twitter:data1\" content=\"2 minutes\" \/>\n<script type=\"application\/ld+json\" class=\"yoast-schema-graph\">{\"@context\":\"https:\/\/schema.org\",\"@graph\":[{\"@type\":\"WebSite\",\"@id\":\"http:\/\/lapausetendresse.fr\/#website\",\"url\":\"http:\/\/lapausetendresse.fr\/\",\"name\":\"La Pause Tendresse\",\"description\":\"Passionn\\u00e9e par le crochet et le monde des Petits\",\"potentialAction\":[{\"@type\":\"SearchAction\",\"target\":{\"@type\":\"EntryPoint\",\"urlTemplate\":\"http:\/\/lapausetendresse.fr\/?s={search_term_string}\"},\"query-input\":\"required name=search_term_string\"}],\"inLanguage\":\"fr-FR\"},{\"@type\":\"ImageObject\",\"@id\":\"https:\/\/lapausetendresse.fr\/?product=coffret-cadeaux-a-15-e#primaryimage\",\"inLanguage\":\"fr-FR\",\"url\":\"https:\/\/lapausetendresse.fr\/wp-content\/uploads\/2021\/12\/IMG_6661-scaled.jpg\",\"contentUrl\":\"https:\/\/lapausetendresse.fr\/wp-content\/uploads\/2021\/12\/IMG_6661-scaled.jpg\",\"width\":2560,\"height\":2560},{\"@type\":\"WebPage\",\"@id\":\"https:\/\/lapausetendresse.fr\/?product=coffret-cadeaux-a-15-e#webpage\",\"url\":\"https:\/\/lapausetendresse.fr\/?product=coffret-cadeaux-a-15-e\",\"name\":\"Coffret cadeaux \\u00e0 19 \\u20ac - attache sucette silicone + bouteille sensorielle - La Pause Tendresse\",\"isPartOf\":{\"@id\":\"http:\/\/lapausetendresse.fr\/#website\"},\"primaryImageOfPage\":{\"@id\":\"https:\/\/lapausetendresse.fr\/?product=coffret-cadeaux-a-15-e#primaryimage\"},\"datePublished\":\"2021-12-05T13:24:51+00:00\",\"dateModified\":\"2024-08-25T09:51:05+00:00\",\"description\":\"Coffret cadeau personnalis\\u00e9e comprenant une attache sucette et une bouteille sensorielle. Confectionn\\u00e9 par une cr\\u00e9atrice de Provence.\",\"breadcrumb\":{\"@id\":\"https:\/\/lapausetendresse.fr\/?product=coffret-cadeaux-a-15-e#breadcrumb\"},\"inLanguage\":\"fr-FR\",\"potentialAction\":[{\"@type\":\"ReadAction\",\"target\":[\"https:\/\/lapausetendresse.fr\/?product=coffret-cadeaux-a-15-e\"]}]},{\"@type\":\"BreadcrumbList\",\"@id\":\"https:\/\/lapausetendresse.fr\/?product=coffret-cadeaux-a-15-e#breadcrumb\",\"itemListElement\":[{\"@type\":\"ListItem\",\"position\":1,\"name\":\"Accueil\",\"item\":\"http:\/\/lapausetendresse.fr\/\"},{\"@type\":\"ListItem\",\"position\":2,\"name\":\"Mes Cr\\u00e9ations\",\"item\":\"https:\/\/lapausetendresse.fr\/?page_id=452\"},{\"@type\":\"ListItem\",\"position\":3,\"name\":\"Coffret cadeaux \\u00e0 19 \\u20ac &#8211; attache sucette silicone + bouteille sensorielle\"}]}]}<\/script>\n<!-- \/ Yoast SEO plugin. -->","yoast_head_json":{"title":"Coffret cadeaux \u00e0 19 \u20ac - attache sucette silicone + bouteille sensorielle - La Pause Tendresse","description":"Coffret cadeau personnalis\u00e9e comprenant une attache sucette et une bouteille sensorielle. Confectionn\u00e9 par une cr\u00e9atrice de Provence.","robots":{"index":"index","follow":"follow","max-snippet":"max-snippet:-1","max-image-preview":"max-image-preview:large","max-video-preview":"max-video-preview:-1"},"canonical":"https:\/\/lapausetendresse.fr\/?product=coffret-cadeaux-a-15-e","og_locale":"fr_FR","og_type":"article","og_title":"Coffret cadeaux \u00e0 19 \u20ac - attache sucette silicone + bouteille sensorielle - La Pause Tendresse","og_description":"Coffret cadeau personnalis\u00e9e comprenant une attache sucette et une bouteille sensorielle. Confectionn\u00e9 par une cr\u00e9atrice de Provence.","og_url":"https:\/\/lapausetendresse.fr\/?product=coffret-cadeaux-a-15-e","og_site_name":"La Pause Tendresse","article_modified_time":"2024-08-25T09:51:05+00:00","og_image":[{"width":2560,"height":2560,"url":"http:\/\/lapausetendresse.fr\/wp-content\/uploads\/2021\/12\/IMG_6661-scaled.jpg","type":"image\/jpeg"}],"twitter_card":"summary_large_image","twitter_misc":{"Dur\u00e9e de lecture est.":"2 minutes"},"schema":{"@context":"https:\/\/schema.org","@graph":[{"@type":"WebSite","@id":"http:\/\/lapausetendresse.fr\/#website","url":"http:\/\/lapausetendresse.fr\/","name":"La Pause Tendresse","description":"Passionn\u00e9e par le crochet et le monde des Petits","potentialAction":[{"@type":"SearchAction","target":{"@type":"EntryPoint","urlTemplate":"http:\/\/lapausetendresse.fr\/?s={search_term_string}"},"query-input":"required name=search_term_string"}],"inLanguage":"fr-FR"},{"@type":"ImageObject","@id":"https:\/\/lapausetendresse.fr\/?product=coffret-cadeaux-a-15-e#primaryimage","inLanguage":"fr-FR","url":"https:\/\/lapausetendresse.fr\/wp-content\/uploads\/2021\/12\/IMG_6661-scaled.jpg","contentUrl":"https:\/\/lapausetendresse.fr\/wp-content\/uploads\/2021\/12\/IMG_6661-scaled.jpg","width":2560,"height":2560},{"@type":"WebPage","@id":"https:\/\/lapausetendresse.fr\/?product=coffret-cadeaux-a-15-e#webpage","url":"https:\/\/lapausetendresse.fr\/?product=coffret-cadeaux-a-15-e","name":"Coffret cadeaux \u00e0 19 \u20ac - attache sucette silicone + bouteille sensorielle - La Pause Tendresse","isPartOf":{"@id":"http:\/\/lapausetendresse.fr\/#website"},"primaryImageOfPage":{"@id":"https:\/\/lapausetendresse.fr\/?product=coffret-cadeaux-a-15-e#primaryimage"},"datePublished":"2021-12-05T13:24:51+00:00","dateModified":"2024-08-25T09:51:05+00:00","description":"Coffret cadeau personnalis\u00e9e comprenant une attache sucette et une bouteille sensorielle. Confectionn\u00e9 par une cr\u00e9atrice de Provence.","breadcrumb":{"@id":"https:\/\/lapausetendresse.fr\/?product=coffret-cadeaux-a-15-e#breadcrumb"},"inLanguage":"fr-FR","potentialAction":[{"@type":"ReadAction","target":["https:\/\/lapausetendresse.fr\/?product=coffret-cadeaux-a-15-e"]}]},{"@type":"BreadcrumbList","@id":"https:\/\/lapausetendresse.fr\/?product=coffret-cadeaux-a-15-e#breadcrumb","itemListElement":[{"@type":"ListItem","position":1,"name":"Accueil","item":"http:\/\/lapausetendresse.fr\/"},{"@type":"ListItem","position":2,"name":"Mes Cr\u00e9ations","item":"https:\/\/lapausetendresse.fr\/?page_id=452"},{"@type":"ListItem","position":3,"name":"Coffret cadeaux \u00e0 19 \u20ac &#8211; attache sucette silicone + bouteille sensorielle"}]}]}},"_links":{"self":[{"href":"https:\/\/lapausetendresse.fr\/index.php?rest_route=\/wp\/v2\/product\/1576"}],"collection":[{"href":"https:\/\/lapausetendresse.fr\/index.php?rest_route=\/wp\/v2\/product"}],"about":[{"href":"https:\/\/lapausetendresse.fr\/index.php?rest_route=\/wp\/v2\/types\/product"}],"replies":[{"embeddable":true,"href":"https:\/\/lapausetendresse.fr\/index.php?rest_route=%2Fwp%2Fv2%2Fcomments&post=1576"}],"wp:featuredmedia":[{"embeddable":true,"href":"https:\/\/lapausetendresse.fr\/index.php?rest_route=\/wp\/v2\/media\/1578"}],"wp:attachment":[{"href":"https:\/\/lapausetendresse.fr\/index.php?rest_route=%2Fwp%2Fv2%2Fmedia&parent=1576"}],"wp:term":[{"taxonomy":"product_cat","embeddable":true,"href":"https:\/\/lapausetendresse.fr\/index.php?rest_route=%2Fwp%2Fv2%2Fproduct_cat&post=1576"},{"taxonomy":"product_tag","embeddable":true,"href":"https:\/\/lapausetendresse.fr\/index.php?rest_route=%2Fwp%2Fv2%2Fproduct_tag&post=1576"}],"curies":[{"name":"wp","href":"https:\/\/api.w.org\/{rel}","templated":true}]}}