{"id":1751,"date":"2022-01-22T22:15:51","date_gmt":"2022-01-22T21:15:51","guid":{"rendered":"https:\/\/lapausetendresse.fr\/?post_type=product&#038;p=1751"},"modified":"2025-10-12T19:21:02","modified_gmt":"2025-10-12T17:21:02","slug":"doudou-lange-biche","status":"publish","type":"product","link":"https:\/\/lapausetendresse.fr\/?product=doudou-lange-biche","title":{"rendered":"Doudou lange &#8211; Faon"},"content":{"rendered":"<p><u>Mat\u00e9riaux utilis\u00e9s :<\/u> laine 100% coton (<a href=\"https:\/\/www.phildar.fr\/\">Phildar<\/a>\u00a0et\u00a0<a href=\"https:\/\/www.scheepjes.com\/en\/yarn\/\">Scheepjes<\/a>), mousse de rembourrage 100% polyester et tissus de qualit\u00e9 okeo-tex (minky et double gaze) au choix parmi plusieurs couleurs<\/p>\n<p><u>Dimension :<\/u> le carr\u00e9 de tissus mesure environ 25 cm.<\/p>\n<p>couleurs du tissus de l\u2019annonce : tissus minky blanc (des 2 c\u00f4t\u00e9s)<\/p>\n<p>4 feuilles r\u00e9alis\u00e9 au crochet (couleur vert sauge) sont cousu dans les 4 coins du doudou.<\/p>\n<p>Article fabriqu\u00e9, emball\u00e9 puis exp\u00e9di\u00e9 sous 6-12 jours ouvr\u00e9s.<\/p>\n<p><u>Conseil d&rsquo;entretien :<\/u><\/p>\n<p>Possibilit\u00e9 de le passer en machine, en cycle d\u00e9licat, \u00e0 30 degr\u00e9.<br \/>\nEssorage doux.<br \/>\nPas de s\u00e8che linge.<\/p>\n<p>Pas de repassage sur les tissus minky \u00e0 pois et sur les double gaze \u00e0 pois dor\u00e9.<\/p>\n<p>&nbsp;<\/p>\n<p>Possibilit\u00e9 de personnaliser le doudou au pr\u00e9nom de l\u2019enfant avec soit du flex thermocollant ou de la broderie (fait main) pour 5\u20ac suppl\u00e9mentaire \u2013 voir d\u2019autre photos d\u2019annonces pour voir le rendu. Sachant que la personnalisation en flex thermocollant ne peut pas \u00eatre appliqu\u00e9 sur le tissu minky gauffr\u00e9. Ajoutez-le \u00e0 votre commande si besoin -&gt; personnalisation du pr\u00e9nom sur doudou dans l&rsquo;onglet doudou.<\/p>\n<p>Pensez aux attaches doudous -&gt; disponible dans l&rsquo;onglet \u00ab\u00a0Accessoires\u00a0\u00bb ainsi b\u00e9b\u00e9 ne perdra plus son doudou ou ne sera plus sali.<\/p>\n<h2>N\u2019oubliez pas de m\u2019informer lors de la commande :<\/h2>\n<ul>\n<li>la 2 tissus d\u00e9sir\u00e9s (n&rsquo;h\u00e9sitez pas \u00e0 me contacter pour connaitre les disponibilit\u00e9s et voir en photo le rendu de l&rsquo;ensemble choisi)<\/li>\n<\/ul>\n<p>&nbsp;<\/p>\n<p>&nbsp;<\/p>\n<p><img loading=\"lazy\" class=\"size-full wp-image-1300 aligncenter\" src=\"http:\/\/lapausetendresse.fr\/wp-content\/uploads\/2021\/10\/Cre%CC%81e%CC%81s-en-Provence-200x200-1.png\" sizes=\"(max-width: 200px) 100vw, 200px\" srcset=\"https:\/\/lapausetendresse.fr\/wp-content\/uploads\/2021\/10\/Cre\u0301e\u0301s-en-Provence-200x200-1.png 200w, https:\/\/lapausetendresse.fr\/wp-content\/uploads\/2021\/10\/Cre\u0301e\u0301s-en-Provence-200x200-1-150x150.png 150w, https:\/\/lapausetendresse.fr\/wp-content\/uploads\/2021\/10\/Cre\u0301e\u0301s-en-Provence-200x200-1-60x60.png 60w\" alt=\"\" width=\"200\" height=\"200\" \/><\/p>\n","protected":false},"excerpt":{"rendered":"<p>Des mati\u00e8res et couleurs toutes douces pour le confort de b\u00e9b\u00e9.<br \/>\nLe compagnon id\u00e9al pour que b\u00e9b\u00e9 se sente rassur\u00e9.<\/p>\n<p>Pensez aux attaches doudous -&gt; disponible dans l&rsquo;onglet \u00ab\u00a0Accessoires\u00a0\u00bb ainsi b\u00e9b\u00e9 ne perdra plus son doudou ou ne sera plus sali.<\/p>\n<ul>\n<li>Confectionn\u00e9 par mes soins, chaque pi\u00e8ce est unique ;<\/li>\n<li>Couleurs personnalisables ;<\/li>\n<li>Mati\u00e8res naturelles ;<\/li>\n<li>Textures diff\u00e9rentes qui stimulent le toucher ;<\/li>\n<li>Envoi rapide.<\/li>\n<\/ul>\n","protected":false},"featured_media":3375,"comment_status":"open","ping_status":"closed","template":"","meta":[],"product_cat":[33],"product_tag":[107,108,106,109,110],"yoast_head":"<!-- This site is optimized with the Yoast SEO plugin v17.4 - https:\/\/yoast.com\/wordpress\/plugins\/seo\/ -->\n<title>Doudou lange - Faon - La Pause Tendresse<\/title>\n<meta name=\"description\" content=\"doudou lange biche cerf faon au crochet et tissus Minky et Double gaze Okeo-Tex. Confectionn\u00e9 \u00e0 la main par une cr\u00e9atrice de Provence.\" \/>\n<meta name=\"robots\" content=\"index, follow, max-snippet:-1, max-image-preview:large, max-video-preview:-1\" \/>\n<link rel=\"canonical\" href=\"https:\/\/lapausetendresse.fr\/?product=doudou-lange-biche\" \/>\n<meta property=\"og:locale\" content=\"fr_FR\" \/>\n<meta property=\"og:type\" content=\"article\" \/>\n<meta property=\"og:title\" content=\"Doudou lange - Faon - La Pause Tendresse\" \/>\n<meta property=\"og:description\" content=\"doudou lange biche cerf faon au crochet et tissus Minky et Double gaze Okeo-Tex. Confectionn\u00e9 \u00e0 la main par une cr\u00e9atrice de Provence.\" \/>\n<meta property=\"og:url\" content=\"https:\/\/lapausetendresse.fr\/?product=doudou-lange-biche\" \/>\n<meta property=\"og:site_name\" content=\"La Pause Tendresse\" \/>\n<meta property=\"article:modified_time\" content=\"2025-10-12T17:21:02+00:00\" \/>\n<meta property=\"og:image\" content=\"http:\/\/lapausetendresse.fr\/wp-content\/uploads\/2022\/01\/39A9FD59-3825-4EF3-9FD6-224AB606A044.jpeg\" \/>\n\t<meta property=\"og:image:width\" content=\"1440\" \/>\n\t<meta property=\"og:image:height\" content=\"1796\" \/>\n<meta name=\"twitter:card\" content=\"summary_large_image\" \/>\n<meta name=\"twitter:label1\" content=\"Dur\u00e9e de lecture est.\" \/>\n\t<meta name=\"twitter:data1\" content=\"1 minute\" \/>\n<script type=\"application\/ld+json\" class=\"yoast-schema-graph\">{\"@context\":\"https:\/\/schema.org\",\"@graph\":[{\"@type\":\"WebSite\",\"@id\":\"http:\/\/lapausetendresse.fr\/#website\",\"url\":\"http:\/\/lapausetendresse.fr\/\",\"name\":\"La Pause Tendresse\",\"description\":\"Passionn\\u00e9e par le crochet et le monde des Petits\",\"potentialAction\":[{\"@type\":\"SearchAction\",\"target\":{\"@type\":\"EntryPoint\",\"urlTemplate\":\"http:\/\/lapausetendresse.fr\/?s={search_term_string}\"},\"query-input\":\"required name=search_term_string\"}],\"inLanguage\":\"fr-FR\"},{\"@type\":\"ImageObject\",\"@id\":\"https:\/\/lapausetendresse.fr\/?product=doudou-lange-biche#primaryimage\",\"inLanguage\":\"fr-FR\",\"url\":\"https:\/\/lapausetendresse.fr\/wp-content\/uploads\/2022\/01\/39A9FD59-3825-4EF3-9FD6-224AB606A044.jpeg\",\"contentUrl\":\"https:\/\/lapausetendresse.fr\/wp-content\/uploads\/2022\/01\/39A9FD59-3825-4EF3-9FD6-224AB606A044.jpeg\",\"width\":1440,\"height\":1796},{\"@type\":\"WebPage\",\"@id\":\"https:\/\/lapausetendresse.fr\/?product=doudou-lange-biche#webpage\",\"url\":\"https:\/\/lapausetendresse.fr\/?product=doudou-lange-biche\",\"name\":\"Doudou lange - Faon - La Pause Tendresse\",\"isPartOf\":{\"@id\":\"http:\/\/lapausetendresse.fr\/#website\"},\"primaryImageOfPage\":{\"@id\":\"https:\/\/lapausetendresse.fr\/?product=doudou-lange-biche#primaryimage\"},\"datePublished\":\"2022-01-22T21:15:51+00:00\",\"dateModified\":\"2025-10-12T17:21:02+00:00\",\"description\":\"doudou lange biche cerf faon au crochet et tissus Minky et Double gaze Okeo-Tex. Confectionn\\u00e9 \\u00e0 la main par une cr\\u00e9atrice de Provence.\",\"breadcrumb\":{\"@id\":\"https:\/\/lapausetendresse.fr\/?product=doudou-lange-biche#breadcrumb\"},\"inLanguage\":\"fr-FR\",\"potentialAction\":[{\"@type\":\"ReadAction\",\"target\":[\"https:\/\/lapausetendresse.fr\/?product=doudou-lange-biche\"]}]},{\"@type\":\"BreadcrumbList\",\"@id\":\"https:\/\/lapausetendresse.fr\/?product=doudou-lange-biche#breadcrumb\",\"itemListElement\":[{\"@type\":\"ListItem\",\"position\":1,\"name\":\"Accueil\",\"item\":\"http:\/\/lapausetendresse.fr\/\"},{\"@type\":\"ListItem\",\"position\":2,\"name\":\"Mes Cr\\u00e9ations\",\"item\":\"https:\/\/lapausetendresse.fr\/?page_id=452\"},{\"@type\":\"ListItem\",\"position\":3,\"name\":\"Doudou lange &#8211; Faon\"}]}]}<\/script>\n<!-- \/ Yoast SEO plugin. -->","yoast_head_json":{"title":"Doudou lange - Faon - La Pause Tendresse","description":"doudou lange biche cerf faon au crochet et tissus Minky et Double gaze Okeo-Tex. Confectionn\u00e9 \u00e0 la main par une cr\u00e9atrice de Provence.","robots":{"index":"index","follow":"follow","max-snippet":"max-snippet:-1","max-image-preview":"max-image-preview:large","max-video-preview":"max-video-preview:-1"},"canonical":"https:\/\/lapausetendresse.fr\/?product=doudou-lange-biche","og_locale":"fr_FR","og_type":"article","og_title":"Doudou lange - Faon - La Pause Tendresse","og_description":"doudou lange biche cerf faon au crochet et tissus Minky et Double gaze Okeo-Tex. Confectionn\u00e9 \u00e0 la main par une cr\u00e9atrice de Provence.","og_url":"https:\/\/lapausetendresse.fr\/?product=doudou-lange-biche","og_site_name":"La Pause Tendresse","article_modified_time":"2025-10-12T17:21:02+00:00","og_image":[{"width":1440,"height":1796,"url":"http:\/\/lapausetendresse.fr\/wp-content\/uploads\/2022\/01\/39A9FD59-3825-4EF3-9FD6-224AB606A044.jpeg","type":"image\/jpeg"}],"twitter_card":"summary_large_image","twitter_misc":{"Dur\u00e9e de lecture est.":"1 minute"},"schema":{"@context":"https:\/\/schema.org","@graph":[{"@type":"WebSite","@id":"http:\/\/lapausetendresse.fr\/#website","url":"http:\/\/lapausetendresse.fr\/","name":"La Pause Tendresse","description":"Passionn\u00e9e par le crochet et le monde des Petits","potentialAction":[{"@type":"SearchAction","target":{"@type":"EntryPoint","urlTemplate":"http:\/\/lapausetendresse.fr\/?s={search_term_string}"},"query-input":"required name=search_term_string"}],"inLanguage":"fr-FR"},{"@type":"ImageObject","@id":"https:\/\/lapausetendresse.fr\/?product=doudou-lange-biche#primaryimage","inLanguage":"fr-FR","url":"https:\/\/lapausetendresse.fr\/wp-content\/uploads\/2022\/01\/39A9FD59-3825-4EF3-9FD6-224AB606A044.jpeg","contentUrl":"https:\/\/lapausetendresse.fr\/wp-content\/uploads\/2022\/01\/39A9FD59-3825-4EF3-9FD6-224AB606A044.jpeg","width":1440,"height":1796},{"@type":"WebPage","@id":"https:\/\/lapausetendresse.fr\/?product=doudou-lange-biche#webpage","url":"https:\/\/lapausetendresse.fr\/?product=doudou-lange-biche","name":"Doudou lange - Faon - La Pause Tendresse","isPartOf":{"@id":"http:\/\/lapausetendresse.fr\/#website"},"primaryImageOfPage":{"@id":"https:\/\/lapausetendresse.fr\/?product=doudou-lange-biche#primaryimage"},"datePublished":"2022-01-22T21:15:51+00:00","dateModified":"2025-10-12T17:21:02+00:00","description":"doudou lange biche cerf faon au crochet et tissus Minky et Double gaze Okeo-Tex. Confectionn\u00e9 \u00e0 la main par une cr\u00e9atrice de Provence.","breadcrumb":{"@id":"https:\/\/lapausetendresse.fr\/?product=doudou-lange-biche#breadcrumb"},"inLanguage":"fr-FR","potentialAction":[{"@type":"ReadAction","target":["https:\/\/lapausetendresse.fr\/?product=doudou-lange-biche"]}]},{"@type":"BreadcrumbList","@id":"https:\/\/lapausetendresse.fr\/?product=doudou-lange-biche#breadcrumb","itemListElement":[{"@type":"ListItem","position":1,"name":"Accueil","item":"http:\/\/lapausetendresse.fr\/"},{"@type":"ListItem","position":2,"name":"Mes Cr\u00e9ations","item":"https:\/\/lapausetendresse.fr\/?page_id=452"},{"@type":"ListItem","position":3,"name":"Doudou lange &#8211; Faon"}]}]}},"_links":{"self":[{"href":"https:\/\/lapausetendresse.fr\/index.php?rest_route=\/wp\/v2\/product\/1751"}],"collection":[{"href":"https:\/\/lapausetendresse.fr\/index.php?rest_route=\/wp\/v2\/product"}],"about":[{"href":"https:\/\/lapausetendresse.fr\/index.php?rest_route=\/wp\/v2\/types\/product"}],"replies":[{"embeddable":true,"href":"https:\/\/lapausetendresse.fr\/index.php?rest_route=%2Fwp%2Fv2%2Fcomments&post=1751"}],"wp:featuredmedia":[{"embeddable":true,"href":"https:\/\/lapausetendresse.fr\/index.php?rest_route=\/wp\/v2\/media\/3375"}],"wp:attachment":[{"href":"https:\/\/lapausetendresse.fr\/index.php?rest_route=%2Fwp%2Fv2%2Fmedia&parent=1751"}],"wp:term":[{"taxonomy":"product_cat","embeddable":true,"href":"https:\/\/lapausetendresse.fr\/index.php?rest_route=%2Fwp%2Fv2%2Fproduct_cat&post=1751"},{"taxonomy":"product_tag","embeddable":true,"href":"https:\/\/lapausetendresse.fr\/index.php?rest_route=%2Fwp%2Fv2%2Fproduct_tag&post=1751"}],"curies":[{"name":"wp","href":"https:\/\/api.w.org\/{rel}","templated":true}]}}