{"id":1823,"date":"2022-02-26T14:33:55","date_gmt":"2022-02-26T13:33:55","guid":{"rendered":"https:\/\/lapausetendresse.fr\/?post_type=product&#038;p=1823"},"modified":"2025-09-24T20:09:36","modified_gmt":"2025-09-24T18:09:36","slug":"anneau-de-dentition-personnalise","status":"publish","type":"product","link":"https:\/\/lapausetendresse.fr\/?product=anneau-de-dentition-personnalise","title":{"rendered":"Anneau de dentition personnalis\u00e9"},"content":{"rendered":"<p><u>Mat\u00e9riaux utilis\u00e9s :<\/u>\u00a0laine 100% coton (<a href=\"https:\/\/www.phildar.fr\/\">Phildar<\/a>\u00a0et\u00a0<a href=\"https:\/\/www.scheepjes.com\/en\/yarn\/\">Scheepjes<\/a>), perle en bois d\u2019\u00e9rable, et cordon satin soie int\u00e9rieur nylon.<\/p>\n<p><u>Dimension :<\/u> mesure environ 9 cm de diam\u00e8tre<\/p>\n<ul class=\"a-unordered-list a-vertical a-spacing-mini\">\n<li><span class=\"a-list-item\">Facile \u00e0 nettoyer : puisqu\u2019il s\u2019agit d\u2019un bois de h\u00eatre naturel, il suffit de les nettoyer avec un chiffon humide et de les laisser s\u00e9cher naturellement.\u00a0<\/span><\/li>\n<\/ul>\n<p>Contient des petites pi\u00e8ces. \u00c0\u00a0utiliser sous la surveillance d\u2019un adulte.<\/p>\n<p>&nbsp;<\/p>\n<p>Article fabriqu\u00e9, emball\u00e9 puis exp\u00e9di\u00e9 sous 2 jours ouvr\u00e9s.<\/p>\n<h2>N\u2019oubliez pas de m\u2019informer lors de la commande :<\/h2>\n<ul>\n<li>les couleurs d\u00e9sir\u00e9s pour les perles crocheter et en silicone,<\/li>\n<\/ul>\n<p><img loading=\"lazy\" class=\"size-full wp-image-1300 aligncenter\" src=\"http:\/\/lapausetendresse.fr\/wp-content\/uploads\/2021\/10\/Cre%CC%81e%CC%81s-en-Provence-200x200-1.png\" sizes=\"(max-width: 200px) 100vw, 200px\" srcset=\"https:\/\/lapausetendresse.fr\/wp-content\/uploads\/2021\/10\/Cre\u0301e\u0301s-en-Provence-200x200-1.png 200w, https:\/\/lapausetendresse.fr\/wp-content\/uploads\/2021\/10\/Cre\u0301e\u0301s-en-Provence-200x200-1-150x150.png 150w, https:\/\/lapausetendresse.fr\/wp-content\/uploads\/2021\/10\/Cre\u0301e\u0301s-en-Provence-200x200-1-60x60.png 60w\" alt=\"\" width=\"200\" height=\"200\" \/><\/p>\n","protected":false},"excerpt":{"rendered":"<p><span class=\"a-list-item\">Anneau de dentition qui soulage les douleurs dentaires.\u00a0<\/span><\/p>\n<p>Il est \u00e0 la fois un hochet et un jouet de dentition.<\/p>\n<p><span class=\"a-list-item\">Le meilleur compagnon pour b\u00e9b\u00e9: mignon anneau de dentition en couleur, son apparence attire l\u2019attention de l\u2019enfant et peut l\u2019apaiser. Les perles color\u00e9es peuvent stimuler la vision et le sens du toucher des enfants, entra\u00eener la coordination des yeux et des mains de l\u2019enfant. une clochette stimulera l\u2019ou\u00efe de l&rsquo;enfant.<\/span><\/p>\n<ul>\n<li>Confectionn\u00e9 par mes soins, chaque pi\u00e8ce est unique ;<\/li>\n<li>Couleurs personnalisables ;<\/li>\n<li>Mati\u00e8res naturelles ;<\/li>\n<li>Tenue en main facile pour les petits b\u00e9b\u00e9s ;<\/li>\n<li>D\u00e9veloppe les sens de b\u00e9b\u00e9 (le toucher, la vision, l\u2019ou\u00efe) ;<\/li>\n<li>Textures diff\u00e9rentes qui stimulent le toucher ;<\/li>\n<li>Facile \u00e0 nettoyer ;<\/li>\n<li>Envoi rapide.<\/li>\n<\/ul>\n","protected":false},"featured_media":1825,"comment_status":"open","ping_status":"closed","template":"","meta":[],"product_cat":[50],"product_tag":[117,116,118,48,99],"yoast_head":"<!-- This site is optimized with the Yoast SEO plugin v17.4 - https:\/\/yoast.com\/wordpress\/plugins\/seo\/ -->\n<title>Anneau de dentition personnalis\u00e9 - La Pause Tendresse<\/title>\n<meta name=\"description\" content=\"anneau de dentition en bois, silicone et laine 100 % coton. Il est dot\u00e9 d&#039;une clochette pour \u00e9veiller tous les sens de b\u00e9b\u00e9. Confectionn\u00e9 par une cr\u00e9atrice de Provence.\" \/>\n<meta name=\"robots\" content=\"index, follow, max-snippet:-1, max-image-preview:large, max-video-preview:-1\" \/>\n<link rel=\"canonical\" href=\"https:\/\/lapausetendresse.fr\/?product=anneau-de-dentition-personnalise\" \/>\n<meta property=\"og:locale\" content=\"fr_FR\" \/>\n<meta property=\"og:type\" content=\"article\" \/>\n<meta property=\"og:title\" content=\"Anneau de dentition personnalis\u00e9 - La Pause Tendresse\" \/>\n<meta property=\"og:description\" content=\"anneau de dentition en bois, silicone et laine 100 % coton. Il est dot\u00e9 d&#039;une clochette pour \u00e9veiller tous les sens de b\u00e9b\u00e9. Confectionn\u00e9 par une cr\u00e9atrice de Provence.\" \/>\n<meta property=\"og:url\" content=\"https:\/\/lapausetendresse.fr\/?product=anneau-de-dentition-personnalise\" \/>\n<meta property=\"og:site_name\" content=\"La Pause Tendresse\" \/>\n<meta property=\"article:modified_time\" content=\"2025-09-24T18:09:36+00:00\" \/>\n<meta property=\"og:image\" content=\"http:\/\/lapausetendresse.fr\/wp-content\/uploads\/2022\/02\/IMG_6753-scaled.jpg\" \/>\n\t<meta property=\"og:image:width\" content=\"2560\" \/>\n\t<meta property=\"og:image:height\" content=\"2560\" \/>\n<meta name=\"twitter:card\" content=\"summary_large_image\" \/>\n<meta name=\"twitter:label1\" content=\"Dur\u00e9e de lecture est.\" \/>\n\t<meta name=\"twitter:data1\" content=\"1 minute\" \/>\n<script type=\"application\/ld+json\" class=\"yoast-schema-graph\">{\"@context\":\"https:\/\/schema.org\",\"@graph\":[{\"@type\":\"WebSite\",\"@id\":\"http:\/\/lapausetendresse.fr\/#website\",\"url\":\"http:\/\/lapausetendresse.fr\/\",\"name\":\"La Pause Tendresse\",\"description\":\"Passionn\\u00e9e par le crochet et le monde des Petits\",\"potentialAction\":[{\"@type\":\"SearchAction\",\"target\":{\"@type\":\"EntryPoint\",\"urlTemplate\":\"http:\/\/lapausetendresse.fr\/?s={search_term_string}\"},\"query-input\":\"required name=search_term_string\"}],\"inLanguage\":\"fr-FR\"},{\"@type\":\"ImageObject\",\"@id\":\"https:\/\/lapausetendresse.fr\/?product=anneau-de-dentition-personnalise#primaryimage\",\"inLanguage\":\"fr-FR\",\"url\":\"https:\/\/lapausetendresse.fr\/wp-content\/uploads\/2022\/02\/IMG_6753-scaled.jpg\",\"contentUrl\":\"https:\/\/lapausetendresse.fr\/wp-content\/uploads\/2022\/02\/IMG_6753-scaled.jpg\",\"width\":2560,\"height\":2560},{\"@type\":\"WebPage\",\"@id\":\"https:\/\/lapausetendresse.fr\/?product=anneau-de-dentition-personnalise#webpage\",\"url\":\"https:\/\/lapausetendresse.fr\/?product=anneau-de-dentition-personnalise\",\"name\":\"Anneau de dentition personnalis\\u00e9 - La Pause Tendresse\",\"isPartOf\":{\"@id\":\"http:\/\/lapausetendresse.fr\/#website\"},\"primaryImageOfPage\":{\"@id\":\"https:\/\/lapausetendresse.fr\/?product=anneau-de-dentition-personnalise#primaryimage\"},\"datePublished\":\"2022-02-26T13:33:55+00:00\",\"dateModified\":\"2025-09-24T18:09:36+00:00\",\"description\":\"anneau de dentition en bois, silicone et laine 100 % coton. Il est dot\\u00e9 d'une clochette pour \\u00e9veiller tous les sens de b\\u00e9b\\u00e9. Confectionn\\u00e9 par une cr\\u00e9atrice de Provence.\",\"breadcrumb\":{\"@id\":\"https:\/\/lapausetendresse.fr\/?product=anneau-de-dentition-personnalise#breadcrumb\"},\"inLanguage\":\"fr-FR\",\"potentialAction\":[{\"@type\":\"ReadAction\",\"target\":[\"https:\/\/lapausetendresse.fr\/?product=anneau-de-dentition-personnalise\"]}]},{\"@type\":\"BreadcrumbList\",\"@id\":\"https:\/\/lapausetendresse.fr\/?product=anneau-de-dentition-personnalise#breadcrumb\",\"itemListElement\":[{\"@type\":\"ListItem\",\"position\":1,\"name\":\"Accueil\",\"item\":\"http:\/\/lapausetendresse.fr\/\"},{\"@type\":\"ListItem\",\"position\":2,\"name\":\"Mes Cr\\u00e9ations\",\"item\":\"https:\/\/lapausetendresse.fr\/?page_id=452\"},{\"@type\":\"ListItem\",\"position\":3,\"name\":\"Anneau de dentition personnalis\\u00e9\"}]}]}<\/script>\n<!-- \/ Yoast SEO plugin. -->","yoast_head_json":{"title":"Anneau de dentition personnalis\u00e9 - La Pause Tendresse","description":"anneau de dentition en bois, silicone et laine 100 % coton. Il est dot\u00e9 d'une clochette pour \u00e9veiller tous les sens de b\u00e9b\u00e9. Confectionn\u00e9 par une cr\u00e9atrice de Provence.","robots":{"index":"index","follow":"follow","max-snippet":"max-snippet:-1","max-image-preview":"max-image-preview:large","max-video-preview":"max-video-preview:-1"},"canonical":"https:\/\/lapausetendresse.fr\/?product=anneau-de-dentition-personnalise","og_locale":"fr_FR","og_type":"article","og_title":"Anneau de dentition personnalis\u00e9 - La Pause Tendresse","og_description":"anneau de dentition en bois, silicone et laine 100 % coton. Il est dot\u00e9 d'une clochette pour \u00e9veiller tous les sens de b\u00e9b\u00e9. Confectionn\u00e9 par une cr\u00e9atrice de Provence.","og_url":"https:\/\/lapausetendresse.fr\/?product=anneau-de-dentition-personnalise","og_site_name":"La Pause Tendresse","article_modified_time":"2025-09-24T18:09:36+00:00","og_image":[{"width":2560,"height":2560,"url":"http:\/\/lapausetendresse.fr\/wp-content\/uploads\/2022\/02\/IMG_6753-scaled.jpg","type":"image\/jpeg"}],"twitter_card":"summary_large_image","twitter_misc":{"Dur\u00e9e de lecture est.":"1 minute"},"schema":{"@context":"https:\/\/schema.org","@graph":[{"@type":"WebSite","@id":"http:\/\/lapausetendresse.fr\/#website","url":"http:\/\/lapausetendresse.fr\/","name":"La Pause Tendresse","description":"Passionn\u00e9e par le crochet et le monde des Petits","potentialAction":[{"@type":"SearchAction","target":{"@type":"EntryPoint","urlTemplate":"http:\/\/lapausetendresse.fr\/?s={search_term_string}"},"query-input":"required name=search_term_string"}],"inLanguage":"fr-FR"},{"@type":"ImageObject","@id":"https:\/\/lapausetendresse.fr\/?product=anneau-de-dentition-personnalise#primaryimage","inLanguage":"fr-FR","url":"https:\/\/lapausetendresse.fr\/wp-content\/uploads\/2022\/02\/IMG_6753-scaled.jpg","contentUrl":"https:\/\/lapausetendresse.fr\/wp-content\/uploads\/2022\/02\/IMG_6753-scaled.jpg","width":2560,"height":2560},{"@type":"WebPage","@id":"https:\/\/lapausetendresse.fr\/?product=anneau-de-dentition-personnalise#webpage","url":"https:\/\/lapausetendresse.fr\/?product=anneau-de-dentition-personnalise","name":"Anneau de dentition personnalis\u00e9 - La Pause Tendresse","isPartOf":{"@id":"http:\/\/lapausetendresse.fr\/#website"},"primaryImageOfPage":{"@id":"https:\/\/lapausetendresse.fr\/?product=anneau-de-dentition-personnalise#primaryimage"},"datePublished":"2022-02-26T13:33:55+00:00","dateModified":"2025-09-24T18:09:36+00:00","description":"anneau de dentition en bois, silicone et laine 100 % coton. Il est dot\u00e9 d'une clochette pour \u00e9veiller tous les sens de b\u00e9b\u00e9. Confectionn\u00e9 par une cr\u00e9atrice de Provence.","breadcrumb":{"@id":"https:\/\/lapausetendresse.fr\/?product=anneau-de-dentition-personnalise#breadcrumb"},"inLanguage":"fr-FR","potentialAction":[{"@type":"ReadAction","target":["https:\/\/lapausetendresse.fr\/?product=anneau-de-dentition-personnalise"]}]},{"@type":"BreadcrumbList","@id":"https:\/\/lapausetendresse.fr\/?product=anneau-de-dentition-personnalise#breadcrumb","itemListElement":[{"@type":"ListItem","position":1,"name":"Accueil","item":"http:\/\/lapausetendresse.fr\/"},{"@type":"ListItem","position":2,"name":"Mes Cr\u00e9ations","item":"https:\/\/lapausetendresse.fr\/?page_id=452"},{"@type":"ListItem","position":3,"name":"Anneau de dentition personnalis\u00e9"}]}]}},"_links":{"self":[{"href":"https:\/\/lapausetendresse.fr\/index.php?rest_route=\/wp\/v2\/product\/1823"}],"collection":[{"href":"https:\/\/lapausetendresse.fr\/index.php?rest_route=\/wp\/v2\/product"}],"about":[{"href":"https:\/\/lapausetendresse.fr\/index.php?rest_route=\/wp\/v2\/types\/product"}],"replies":[{"embeddable":true,"href":"https:\/\/lapausetendresse.fr\/index.php?rest_route=%2Fwp%2Fv2%2Fcomments&post=1823"}],"wp:featuredmedia":[{"embeddable":true,"href":"https:\/\/lapausetendresse.fr\/index.php?rest_route=\/wp\/v2\/media\/1825"}],"wp:attachment":[{"href":"https:\/\/lapausetendresse.fr\/index.php?rest_route=%2Fwp%2Fv2%2Fmedia&parent=1823"}],"wp:term":[{"taxonomy":"product_cat","embeddable":true,"href":"https:\/\/lapausetendresse.fr\/index.php?rest_route=%2Fwp%2Fv2%2Fproduct_cat&post=1823"},{"taxonomy":"product_tag","embeddable":true,"href":"https:\/\/lapausetendresse.fr\/index.php?rest_route=%2Fwp%2Fv2%2Fproduct_tag&post=1823"}],"curies":[{"name":"wp","href":"https:\/\/api.w.org\/{rel}","templated":true}]}}