{"id":1874,"date":"2022-02-27T13:03:46","date_gmt":"2022-02-27T12:03:46","guid":{"rendered":"https:\/\/lapausetendresse.fr\/?post_type=product&#038;p=1874"},"modified":"2024-08-25T11:50:09","modified_gmt":"2024-08-25T09:50:09","slug":"coffret-cadeaux-a-25-e-attache-sucette-et-doudou","status":"publish","type":"product","link":"https:\/\/lapausetendresse.fr\/?product=coffret-cadeaux-a-25-e-attache-sucette-et-doudou","title":{"rendered":"Coffret cadeaux \u00e0 31 \u20ac &#8211; attache sucette et doudou"},"content":{"rendered":"<p>Possibilit\u00e9 de remplacer les couleurs, se r\u00e9f\u00e9rer au nuancier.<\/p>\n<p><u>Mat\u00e9riaux utilis\u00e9s :<\/u> laine 100% coton (<a href=\"https:\/\/www.phildar.fr\/\">Phildar<\/a> et <a href=\"https:\/\/www.scheepjes.com\/en\/yarn\/\">Scheepjes<\/a>), anneau en bois de 70 mm con\u00e7u sp\u00e9cialement pour la dentition des b\u00e9b\u00e9s, mousse de rembourrage 100% polyester, perles en bois d&rsquo;\u00e9rable, grelot, clip en bois de h\u00eatre sans BPA et cordon satin soie int\u00e9rieur nylon.<\/p>\n<p>Article fabriqu\u00e9, emball\u00e9 puis exp\u00e9di\u00e9 sous 6-12 jours ouvr\u00e9s.<\/p>\n<p><u>Conseil de lavage :<\/u><\/p>\n<ul>\n<li>Lavage machine en programme d\u00e9licat \u00e0 max 30\u00b0c ;<\/li>\n<li>Privil\u00e9gier un cycle lavage court ;<\/li>\n<li>Essorage conseill\u00e9 \u00e0 800 tours ;<\/li>\n<li>Ne pas mettre au s\u00e8che-linge.<\/li>\n<\/ul>\n<p>&nbsp;<\/p>\n<p><strong><u>Description de l&rsquo;attache doudou au crochet :<\/u><\/strong><\/p>\n<p>D\u2019un c\u00f4t\u00e9 on attache le doudou ou un jouet, et de l\u2019autre on attache le clip au v\u00eatement de B\u00e9b\u00e9.<\/p>\n<p>Le doudou doit lui aussi ne pas tomber. (Combien de fois moi-m\u00eame j\u2019ai vu le doudou de ma fille tout juste lav\u00e9 tomber par terre sur un sol entre poussi\u00e8re et terre).<\/p>\n<p><u>Dimension\u00a0<\/u>: environ 28cm de long (clips compris).<\/p>\n<p>&nbsp;<\/p>\n<p><strong><u>Description de l\u2019attache sucette \u00e9l\u00e9phant :\u00a0<\/u><\/strong><\/p>\n<p>une t\u00eate d&rsquo;\u00e9l\u00e9phant r\u00e9alis\u00e9 au crochet par mes soins. L&rsquo;assemblage est r\u00e9alis\u00e9 avec des perles en bois, des perles en bois crocheter, des perles \u00ab\u00a0lettres d&rsquo;alphabet\u00a0\u00bb qui forment le pr\u00e9nom et un clip en bois.<\/p>\n<p>Contient des petites pi\u00e8ces. \u00c0\u00a0utiliser sous la surveillance d&rsquo;un adulte.<\/p>\n<p><u>Dimension :<\/u> mesure environ 25 cm du haut de la t\u00eate \u00e0 la derni\u00e8re perle.<\/p>\n<p>&nbsp;<\/p>\n<p>Possibilit\u00e9 d\u2019ajouter \u00e0 votre panier un adaptateur en silicone transparent universel (pour attacher vos sucettes qui n\u2019auraient pas d\u2019anneau d\u2019accroche) \u2013\u00a0<u>tarif\u00a0<\/u>: 1\u20ac (\u00e0 retrouver dans l\u2019onglet accessoires).<\/p>\n<p>La boite n&rsquo;est pas fourni (suppl\u00e9ment de 4\u20ac). L&rsquo;ensemble sera fourni dans une boite blanche simple.<\/p>\n<h2>N&rsquo;oubliez pas de m&rsquo;informer lors de la commande :<\/h2>\n<ul>\n<li>le pr\u00e9nom de l&rsquo;enfant ;<\/li>\n<li>les couleurs si diff\u00e9rentes.<\/li>\n<\/ul>\n<p>&nbsp;<\/p>\n<p><img loading=\"lazy\" class=\"size-full wp-image-1300 aligncenter\" src=\"http:\/\/lapausetendresse.fr\/wp-content\/uploads\/2021\/10\/Cre\u0301e\u0301s-en-Provence-200x200-1.png\" alt=\"\" width=\"200\" height=\"200\" srcset=\"https:\/\/lapausetendresse.fr\/wp-content\/uploads\/2021\/10\/Cre\u0301e\u0301s-en-Provence-200x200-1.png 200w, https:\/\/lapausetendresse.fr\/wp-content\/uploads\/2021\/10\/Cre\u0301e\u0301s-en-Provence-200x200-1-150x150.png 150w, https:\/\/lapausetendresse.fr\/wp-content\/uploads\/2021\/10\/Cre\u0301e\u0301s-en-Provence-200x200-1-60x60.png 60w\" sizes=\"(max-width: 200px) 100vw, 200px\" \/><\/p>\n","protected":false},"excerpt":{"rendered":"<p><strong>Coffret cadeau comprenant 2 articles :\u00a0<\/strong><\/p>\n<ul>\n<li>un attache doudou au crochet,<\/li>\n<li>une attache sucette<\/li>\n<\/ul>\n<p>Le cadeau parfait pour une naissance, anniversaire, no\u00ebl ou tout simplement pour faire ou se faire plaisir.<\/p>\n<ul>\n<li>Confectionn\u00e9 par mes soins, chaque pi\u00e8ce est unique ;<\/li>\n<li>Couleurs et pr\u00e9nom personnalisables ;<\/li>\n<li>Mati\u00e8res naturelles ;<\/li>\n<li>Tenue en main facile pour les petits b\u00e9b\u00e9s gr\u00e2ce \u00e0 l\u2019anneau en bois ;<\/li>\n<li>D\u00e9veloppe les sens de b\u00e9b\u00e9 (le toucher, la vision, l\u2019ou\u00efe) ;<\/li>\n<li>Textures diff\u00e9rentes qui stimulent le toucher ;<\/li>\n<li>Lavable en machine ;<\/li>\n<li>Envoi rapide.<\/li>\n<\/ul>\n","protected":false},"featured_media":2930,"comment_status":"open","ping_status":"closed","template":"","meta":[],"product_cat":[52],"product_tag":[101,100,105,119],"yoast_head":"<!-- This site is optimized with the Yoast SEO plugin v17.4 - https:\/\/yoast.com\/wordpress\/plugins\/seo\/ -->\n<title>Coffret cadeaux \u00e0 31 \u20ac - attache sucette et doudou - La Pause Tendresse<\/title>\n<meta name=\"robots\" content=\"index, follow, max-snippet:-1, max-image-preview:large, max-video-preview:-1\" \/>\n<link rel=\"canonical\" href=\"https:\/\/lapausetendresse.fr\/?product=coffret-cadeaux-a-25-e-attache-sucette-et-doudou\" \/>\n<meta property=\"og:locale\" content=\"fr_FR\" \/>\n<meta property=\"og:type\" content=\"article\" \/>\n<meta property=\"og:title\" content=\"Coffret cadeaux \u00e0 31 \u20ac - attache sucette et doudou - La Pause Tendresse\" \/>\n<meta property=\"og:description\" content=\"Coffret cadeau comprenant 2 articles :\u00a0   un attache doudou au crochet,  une attache sucette  Le cadeau parfait pour une naissance, anniversaire, no\u00ebl ou tout simplement pour faire ou se faire plaisir.   Confectionn\u00e9 par mes soins, chaque pi\u00e8ce est unique ;  Couleurs et pr\u00e9nom personnalisables ;  Mati\u00e8res naturelles ;  Tenue en main facile pour les petits b\u00e9b\u00e9s gr\u00e2ce \u00e0 l\u2019anneau en bois ;  D\u00e9veloppe les sens de b\u00e9b\u00e9 (le toucher, la vision, l\u2019ou\u00efe) ;  Textures diff\u00e9rentes qui stimulent le toucher ;  Lavable en machine ;  Envoi rapide.\" \/>\n<meta property=\"og:url\" content=\"https:\/\/lapausetendresse.fr\/?product=coffret-cadeaux-a-25-e-attache-sucette-et-doudou\" \/>\n<meta property=\"og:site_name\" content=\"La Pause Tendresse\" \/>\n<meta property=\"article:modified_time\" content=\"2024-08-25T09:50:09+00:00\" \/>\n<meta property=\"og:image\" content=\"http:\/\/lapausetendresse.fr\/wp-content\/uploads\/2023\/08\/IMG_1246-scaled.jpg\" \/>\n\t<meta property=\"og:image:width\" content=\"2560\" \/>\n\t<meta property=\"og:image:height\" content=\"2560\" \/>\n<meta name=\"twitter:card\" content=\"summary_large_image\" \/>\n<meta name=\"twitter:label1\" content=\"Dur\u00e9e de lecture est.\" \/>\n\t<meta name=\"twitter:data1\" content=\"2 minutes\" \/>\n<script type=\"application\/ld+json\" class=\"yoast-schema-graph\">{\"@context\":\"https:\/\/schema.org\",\"@graph\":[{\"@type\":\"WebSite\",\"@id\":\"http:\/\/lapausetendresse.fr\/#website\",\"url\":\"http:\/\/lapausetendresse.fr\/\",\"name\":\"La Pause Tendresse\",\"description\":\"Passionn\\u00e9e par le crochet et le monde des Petits\",\"potentialAction\":[{\"@type\":\"SearchAction\",\"target\":{\"@type\":\"EntryPoint\",\"urlTemplate\":\"http:\/\/lapausetendresse.fr\/?s={search_term_string}\"},\"query-input\":\"required name=search_term_string\"}],\"inLanguage\":\"fr-FR\"},{\"@type\":\"ImageObject\",\"@id\":\"https:\/\/lapausetendresse.fr\/?product=coffret-cadeaux-a-25-e-attache-sucette-et-doudou#primaryimage\",\"inLanguage\":\"fr-FR\",\"url\":\"https:\/\/lapausetendresse.fr\/wp-content\/uploads\/2023\/08\/IMG_1246-scaled.jpg\",\"contentUrl\":\"https:\/\/lapausetendresse.fr\/wp-content\/uploads\/2023\/08\/IMG_1246-scaled.jpg\",\"width\":2560,\"height\":2560},{\"@type\":\"WebPage\",\"@id\":\"https:\/\/lapausetendresse.fr\/?product=coffret-cadeaux-a-25-e-attache-sucette-et-doudou#webpage\",\"url\":\"https:\/\/lapausetendresse.fr\/?product=coffret-cadeaux-a-25-e-attache-sucette-et-doudou\",\"name\":\"Coffret cadeaux \\u00e0 31 \\u20ac - attache sucette et doudou - La Pause Tendresse\",\"isPartOf\":{\"@id\":\"http:\/\/lapausetendresse.fr\/#website\"},\"primaryImageOfPage\":{\"@id\":\"https:\/\/lapausetendresse.fr\/?product=coffret-cadeaux-a-25-e-attache-sucette-et-doudou#primaryimage\"},\"datePublished\":\"2022-02-27T12:03:46+00:00\",\"dateModified\":\"2024-08-25T09:50:09+00:00\",\"breadcrumb\":{\"@id\":\"https:\/\/lapausetendresse.fr\/?product=coffret-cadeaux-a-25-e-attache-sucette-et-doudou#breadcrumb\"},\"inLanguage\":\"fr-FR\",\"potentialAction\":[{\"@type\":\"ReadAction\",\"target\":[\"https:\/\/lapausetendresse.fr\/?product=coffret-cadeaux-a-25-e-attache-sucette-et-doudou\"]}]},{\"@type\":\"BreadcrumbList\",\"@id\":\"https:\/\/lapausetendresse.fr\/?product=coffret-cadeaux-a-25-e-attache-sucette-et-doudou#breadcrumb\",\"itemListElement\":[{\"@type\":\"ListItem\",\"position\":1,\"name\":\"Accueil\",\"item\":\"http:\/\/lapausetendresse.fr\/\"},{\"@type\":\"ListItem\",\"position\":2,\"name\":\"Mes Cr\\u00e9ations\",\"item\":\"https:\/\/lapausetendresse.fr\/?page_id=452\"},{\"@type\":\"ListItem\",\"position\":3,\"name\":\"Coffret cadeaux \\u00e0 31 \\u20ac &#8211; attache sucette et doudou\"}]}]}<\/script>\n<!-- \/ Yoast SEO plugin. -->","yoast_head_json":{"title":"Coffret cadeaux \u00e0 31 \u20ac - attache sucette et doudou - La Pause Tendresse","robots":{"index":"index","follow":"follow","max-snippet":"max-snippet:-1","max-image-preview":"max-image-preview:large","max-video-preview":"max-video-preview:-1"},"canonical":"https:\/\/lapausetendresse.fr\/?product=coffret-cadeaux-a-25-e-attache-sucette-et-doudou","og_locale":"fr_FR","og_type":"article","og_title":"Coffret cadeaux \u00e0 31 \u20ac - attache sucette et doudou - La Pause Tendresse","og_description":"Coffret cadeau comprenant 2 articles :\u00a0   un attache doudou au crochet,  une attache sucette  Le cadeau parfait pour une naissance, anniversaire, no\u00ebl ou tout simplement pour faire ou se faire plaisir.   Confectionn\u00e9 par mes soins, chaque pi\u00e8ce est unique ;  Couleurs et pr\u00e9nom personnalisables ;  Mati\u00e8res naturelles ;  Tenue en main facile pour les petits b\u00e9b\u00e9s gr\u00e2ce \u00e0 l\u2019anneau en bois ;  D\u00e9veloppe les sens de b\u00e9b\u00e9 (le toucher, la vision, l\u2019ou\u00efe) ;  Textures diff\u00e9rentes qui stimulent le toucher ;  Lavable en machine ;  Envoi rapide.","og_url":"https:\/\/lapausetendresse.fr\/?product=coffret-cadeaux-a-25-e-attache-sucette-et-doudou","og_site_name":"La Pause Tendresse","article_modified_time":"2024-08-25T09:50:09+00:00","og_image":[{"width":2560,"height":2560,"url":"http:\/\/lapausetendresse.fr\/wp-content\/uploads\/2023\/08\/IMG_1246-scaled.jpg","type":"image\/jpeg"}],"twitter_card":"summary_large_image","twitter_misc":{"Dur\u00e9e de lecture est.":"2 minutes"},"schema":{"@context":"https:\/\/schema.org","@graph":[{"@type":"WebSite","@id":"http:\/\/lapausetendresse.fr\/#website","url":"http:\/\/lapausetendresse.fr\/","name":"La Pause Tendresse","description":"Passionn\u00e9e par le crochet et le monde des Petits","potentialAction":[{"@type":"SearchAction","target":{"@type":"EntryPoint","urlTemplate":"http:\/\/lapausetendresse.fr\/?s={search_term_string}"},"query-input":"required name=search_term_string"}],"inLanguage":"fr-FR"},{"@type":"ImageObject","@id":"https:\/\/lapausetendresse.fr\/?product=coffret-cadeaux-a-25-e-attache-sucette-et-doudou#primaryimage","inLanguage":"fr-FR","url":"https:\/\/lapausetendresse.fr\/wp-content\/uploads\/2023\/08\/IMG_1246-scaled.jpg","contentUrl":"https:\/\/lapausetendresse.fr\/wp-content\/uploads\/2023\/08\/IMG_1246-scaled.jpg","width":2560,"height":2560},{"@type":"WebPage","@id":"https:\/\/lapausetendresse.fr\/?product=coffret-cadeaux-a-25-e-attache-sucette-et-doudou#webpage","url":"https:\/\/lapausetendresse.fr\/?product=coffret-cadeaux-a-25-e-attache-sucette-et-doudou","name":"Coffret cadeaux \u00e0 31 \u20ac - attache sucette et doudou - La Pause Tendresse","isPartOf":{"@id":"http:\/\/lapausetendresse.fr\/#website"},"primaryImageOfPage":{"@id":"https:\/\/lapausetendresse.fr\/?product=coffret-cadeaux-a-25-e-attache-sucette-et-doudou#primaryimage"},"datePublished":"2022-02-27T12:03:46+00:00","dateModified":"2024-08-25T09:50:09+00:00","breadcrumb":{"@id":"https:\/\/lapausetendresse.fr\/?product=coffret-cadeaux-a-25-e-attache-sucette-et-doudou#breadcrumb"},"inLanguage":"fr-FR","potentialAction":[{"@type":"ReadAction","target":["https:\/\/lapausetendresse.fr\/?product=coffret-cadeaux-a-25-e-attache-sucette-et-doudou"]}]},{"@type":"BreadcrumbList","@id":"https:\/\/lapausetendresse.fr\/?product=coffret-cadeaux-a-25-e-attache-sucette-et-doudou#breadcrumb","itemListElement":[{"@type":"ListItem","position":1,"name":"Accueil","item":"http:\/\/lapausetendresse.fr\/"},{"@type":"ListItem","position":2,"name":"Mes Cr\u00e9ations","item":"https:\/\/lapausetendresse.fr\/?page_id=452"},{"@type":"ListItem","position":3,"name":"Coffret cadeaux \u00e0 31 \u20ac &#8211; attache sucette et doudou"}]}]}},"_links":{"self":[{"href":"https:\/\/lapausetendresse.fr\/index.php?rest_route=\/wp\/v2\/product\/1874"}],"collection":[{"href":"https:\/\/lapausetendresse.fr\/index.php?rest_route=\/wp\/v2\/product"}],"about":[{"href":"https:\/\/lapausetendresse.fr\/index.php?rest_route=\/wp\/v2\/types\/product"}],"replies":[{"embeddable":true,"href":"https:\/\/lapausetendresse.fr\/index.php?rest_route=%2Fwp%2Fv2%2Fcomments&post=1874"}],"wp:featuredmedia":[{"embeddable":true,"href":"https:\/\/lapausetendresse.fr\/index.php?rest_route=\/wp\/v2\/media\/2930"}],"wp:attachment":[{"href":"https:\/\/lapausetendresse.fr\/index.php?rest_route=%2Fwp%2Fv2%2Fmedia&parent=1874"}],"wp:term":[{"taxonomy":"product_cat","embeddable":true,"href":"https:\/\/lapausetendresse.fr\/index.php?rest_route=%2Fwp%2Fv2%2Fproduct_cat&post=1874"},{"taxonomy":"product_tag","embeddable":true,"href":"https:\/\/lapausetendresse.fr\/index.php?rest_route=%2Fwp%2Fv2%2Fproduct_tag&post=1874"}],"curies":[{"name":"wp","href":"https:\/\/api.w.org\/{rel}","templated":true}]}}