{"id":1904,"date":"2022-04-15T12:16:35","date_gmt":"2022-04-15T10:16:35","guid":{"rendered":"https:\/\/lapausetendresse.fr\/?post_type=product&#038;p=1904"},"modified":"2025-09-24T20:34:09","modified_gmt":"2025-09-24T18:34:09","slug":"brosse-a-cheveux-bebe-personnalise","status":"publish","type":"product","link":"https:\/\/lapausetendresse.fr\/?product=brosse-a-cheveux-bebe-personnalise","title":{"rendered":"Brosse \u00e0 cheveux b\u00e9b\u00e9 personnalis\u00e9"},"content":{"rendered":"<p>Fait de mat\u00e9riaux de premi\u00e8re qualit\u00e9, naturel, sain et non toxique, s\u00fbr \u00e0 utiliser.<\/p>\n<p>La brosse mesure 15 cm.<\/p>\n<p>Les poils sont fabriqu\u00e9s \u00e0 partir de poils de ch\u00e8vre naturels, doux et n&rsquo;ont aucune irritation pour la peau et le cuir chevelu de b\u00e9b\u00e9.<\/p>\n<p>Le manche ergonomique en bois est lisse et moelleux, confortable \u00e0 saisir pour les mamans.<\/p>\n<p>&nbsp;<\/p>\n<h2>N\u2019oubliez pas de m\u2019informer lors de la commande :<\/h2>\n<ul>\n<li>le pr\u00e9nom \u00e0 inscrire<\/li>\n<li>la couleur de l&rsquo;\u00e9criture (blanche ou marron)<\/li>\n<li>si vous ne souhaitez pas de coeur sur le manche. (car sans indication il sera pr\u00e9sent)<\/li>\n<\/ul>\n<p><img loading=\"lazy\" class=\"size-full wp-image-1300 aligncenter\" src=\"http:\/\/lapausetendresse.fr\/wp-content\/uploads\/2021\/10\/Cre%CC%81e%CC%81s-en-Provence-200x200-1.png\" sizes=\"(max-width: 200px) 100vw, 200px\" srcset=\"https:\/\/lapausetendresse.fr\/wp-content\/uploads\/2021\/10\/Cre\u0301e\u0301s-en-Provence-200x200-1.png 200w, https:\/\/lapausetendresse.fr\/wp-content\/uploads\/2021\/10\/Cre\u0301e\u0301s-en-Provence-200x200-1-150x150.png 150w, https:\/\/lapausetendresse.fr\/wp-content\/uploads\/2021\/10\/Cre\u0301e\u0301s-en-Provence-200x200-1-60x60.png 60w\" alt=\"\" width=\"200\" height=\"200\" \/><\/p>\n","protected":false},"excerpt":{"rendered":"<p>Petite brosse \u00e0 cheveux pour b\u00e9b\u00e9 en bois. Tr\u00e8s douce elle prot\u00e8ge le cuir chevelu des b\u00e9b\u00e9s m\u00eames ceux aux peaux tr\u00e8s sensibles.<\/p>\n<p>La brosse de massage aide \u00e0 d\u00e9m\u00ealer les cheveux, stimuler le cuir chevelu et augmenter la circulation sanguine tout en relaxant votre b\u00e9b\u00e9.<\/p>\n<p>Parfait pour un cadeau de naissance, bapt\u00eame ou anniversaire.<\/p>\n<p>Possibilit\u00e9 de le combiner avec d&rsquo;autres cr\u00e9ations pour un coffret cadeau complet personnalis\u00e9.<\/p>\n<p>&nbsp;<\/p>\n<div class=\"woocommerce-product-details__short-description\">\n<ul>\n<li>Confectionn\u00e9 par mes soins, chaque pi\u00e8ce est unique ;<\/li>\n<li>Couleurs personnalisables (marron ou blanc);<\/li>\n<li>Mati\u00e8res naturelles ;<\/li>\n<li>Envoi rapide.<\/li>\n<\/ul>\n<\/div>\n","protected":false},"featured_media":2811,"comment_status":"open","ping_status":"closed","template":"","meta":[],"product_cat":[112],"product_tag":[129,131,124,130],"yoast_head":"<!-- This site is optimized with the Yoast SEO plugin v17.4 - https:\/\/yoast.com\/wordpress\/plugins\/seo\/ -->\n<title>Brosse \u00e0 cheveux b\u00e9b\u00e9 personnalis\u00e9 - La Pause Tendresse<\/title>\n<meta name=\"robots\" content=\"index, follow, max-snippet:-1, max-image-preview:large, max-video-preview:-1\" \/>\n<link rel=\"canonical\" href=\"https:\/\/lapausetendresse.fr\/?product=brosse-a-cheveux-bebe-personnalise\" \/>\n<meta property=\"og:locale\" content=\"fr_FR\" \/>\n<meta property=\"og:type\" content=\"article\" \/>\n<meta property=\"og:title\" content=\"Brosse \u00e0 cheveux b\u00e9b\u00e9 personnalis\u00e9 - La Pause Tendresse\" \/>\n<meta property=\"og:description\" content=\"Petite brosse \u00e0 cheveux pour b\u00e9b\u00e9 en bois. Tr\u00e8s douce elle prot\u00e8ge le cuir chevelu des b\u00e9b\u00e9s m\u00eames ceux aux peaux tr\u00e8s sensibles.  La brosse de massage aide \u00e0 d\u00e9m\u00ealer les cheveux, stimuler le cuir chevelu et augmenter la circulation sanguine tout en relaxant votre b\u00e9b\u00e9.  Parfait pour un cadeau de naissance, bapt\u00eame ou anniversaire.  Possibilit\u00e9 de le combiner avec d&#039;autres cr\u00e9ations pour un coffret cadeau complet personnalis\u00e9.  &nbsp;    Confectionn\u00e9 par mes soins, chaque pi\u00e8ce est unique ;  Couleurs personnalisables (marron ou blanc);  Mati\u00e8res naturelles ;  Envoi rapide.\" \/>\n<meta property=\"og:url\" content=\"https:\/\/lapausetendresse.fr\/?product=brosse-a-cheveux-bebe-personnalise\" \/>\n<meta property=\"og:site_name\" content=\"La Pause Tendresse\" \/>\n<meta property=\"article:modified_time\" content=\"2025-09-24T18:34:09+00:00\" \/>\n<meta property=\"og:image\" content=\"https:\/\/lapausetendresse.fr\/wp-content\/uploads\/2023\/07\/Cat-brosse-scaled.jpg\" \/>\n\t<meta property=\"og:image:width\" content=\"2560\" \/>\n\t<meta property=\"og:image:height\" content=\"2560\" \/>\n<meta name=\"twitter:card\" content=\"summary_large_image\" \/>\n<meta name=\"twitter:label1\" content=\"Dur\u00e9e de lecture est.\" \/>\n\t<meta name=\"twitter:data1\" content=\"1 minute\" \/>\n<script type=\"application\/ld+json\" class=\"yoast-schema-graph\">{\"@context\":\"https:\/\/schema.org\",\"@graph\":[{\"@type\":\"WebSite\",\"@id\":\"http:\/\/lapausetendresse.fr\/#website\",\"url\":\"http:\/\/lapausetendresse.fr\/\",\"name\":\"La Pause Tendresse\",\"description\":\"Passionn\\u00e9e par le crochet et le monde des Petits\",\"potentialAction\":[{\"@type\":\"SearchAction\",\"target\":{\"@type\":\"EntryPoint\",\"urlTemplate\":\"http:\/\/lapausetendresse.fr\/?s={search_term_string}\"},\"query-input\":\"required name=search_term_string\"}],\"inLanguage\":\"fr-FR\"},{\"@type\":\"ImageObject\",\"@id\":\"https:\/\/lapausetendresse.fr\/?product=brosse-a-cheveux-bebe-personnalise#primaryimage\",\"inLanguage\":\"fr-FR\",\"url\":\"https:\/\/lapausetendresse.fr\/wp-content\/uploads\/2023\/07\/Cat-brosse-scaled.jpg\",\"contentUrl\":\"https:\/\/lapausetendresse.fr\/wp-content\/uploads\/2023\/07\/Cat-brosse-scaled.jpg\",\"width\":2560,\"height\":2560},{\"@type\":\"WebPage\",\"@id\":\"https:\/\/lapausetendresse.fr\/?product=brosse-a-cheveux-bebe-personnalise#webpage\",\"url\":\"https:\/\/lapausetendresse.fr\/?product=brosse-a-cheveux-bebe-personnalise\",\"name\":\"Brosse \\u00e0 cheveux b\\u00e9b\\u00e9 personnalis\\u00e9 - La Pause Tendresse\",\"isPartOf\":{\"@id\":\"http:\/\/lapausetendresse.fr\/#website\"},\"primaryImageOfPage\":{\"@id\":\"https:\/\/lapausetendresse.fr\/?product=brosse-a-cheveux-bebe-personnalise#primaryimage\"},\"datePublished\":\"2022-04-15T10:16:35+00:00\",\"dateModified\":\"2025-09-24T18:34:09+00:00\",\"breadcrumb\":{\"@id\":\"https:\/\/lapausetendresse.fr\/?product=brosse-a-cheveux-bebe-personnalise#breadcrumb\"},\"inLanguage\":\"fr-FR\",\"potentialAction\":[{\"@type\":\"ReadAction\",\"target\":[\"https:\/\/lapausetendresse.fr\/?product=brosse-a-cheveux-bebe-personnalise\"]}]},{\"@type\":\"BreadcrumbList\",\"@id\":\"https:\/\/lapausetendresse.fr\/?product=brosse-a-cheveux-bebe-personnalise#breadcrumb\",\"itemListElement\":[{\"@type\":\"ListItem\",\"position\":1,\"name\":\"Accueil\",\"item\":\"http:\/\/lapausetendresse.fr\/\"},{\"@type\":\"ListItem\",\"position\":2,\"name\":\"Mes Cr\\u00e9ations\",\"item\":\"https:\/\/lapausetendresse.fr\/?page_id=452\"},{\"@type\":\"ListItem\",\"position\":3,\"name\":\"Brosse \\u00e0 cheveux b\\u00e9b\\u00e9 personnalis\\u00e9\"}]}]}<\/script>\n<!-- \/ Yoast SEO plugin. -->","yoast_head_json":{"title":"Brosse \u00e0 cheveux b\u00e9b\u00e9 personnalis\u00e9 - La Pause Tendresse","robots":{"index":"index","follow":"follow","max-snippet":"max-snippet:-1","max-image-preview":"max-image-preview:large","max-video-preview":"max-video-preview:-1"},"canonical":"https:\/\/lapausetendresse.fr\/?product=brosse-a-cheveux-bebe-personnalise","og_locale":"fr_FR","og_type":"article","og_title":"Brosse \u00e0 cheveux b\u00e9b\u00e9 personnalis\u00e9 - La Pause Tendresse","og_description":"Petite brosse \u00e0 cheveux pour b\u00e9b\u00e9 en bois. Tr\u00e8s douce elle prot\u00e8ge le cuir chevelu des b\u00e9b\u00e9s m\u00eames ceux aux peaux tr\u00e8s sensibles.  La brosse de massage aide \u00e0 d\u00e9m\u00ealer les cheveux, stimuler le cuir chevelu et augmenter la circulation sanguine tout en relaxant votre b\u00e9b\u00e9.  Parfait pour un cadeau de naissance, bapt\u00eame ou anniversaire.  Possibilit\u00e9 de le combiner avec d'autres cr\u00e9ations pour un coffret cadeau complet personnalis\u00e9.  &nbsp;    Confectionn\u00e9 par mes soins, chaque pi\u00e8ce est unique ;  Couleurs personnalisables (marron ou blanc);  Mati\u00e8res naturelles ;  Envoi rapide.","og_url":"https:\/\/lapausetendresse.fr\/?product=brosse-a-cheveux-bebe-personnalise","og_site_name":"La Pause Tendresse","article_modified_time":"2025-09-24T18:34:09+00:00","og_image":[{"width":2560,"height":2560,"url":"https:\/\/lapausetendresse.fr\/wp-content\/uploads\/2023\/07\/Cat-brosse-scaled.jpg","type":"image\/jpeg"}],"twitter_card":"summary_large_image","twitter_misc":{"Dur\u00e9e de lecture est.":"1 minute"},"schema":{"@context":"https:\/\/schema.org","@graph":[{"@type":"WebSite","@id":"http:\/\/lapausetendresse.fr\/#website","url":"http:\/\/lapausetendresse.fr\/","name":"La Pause Tendresse","description":"Passionn\u00e9e par le crochet et le monde des Petits","potentialAction":[{"@type":"SearchAction","target":{"@type":"EntryPoint","urlTemplate":"http:\/\/lapausetendresse.fr\/?s={search_term_string}"},"query-input":"required name=search_term_string"}],"inLanguage":"fr-FR"},{"@type":"ImageObject","@id":"https:\/\/lapausetendresse.fr\/?product=brosse-a-cheveux-bebe-personnalise#primaryimage","inLanguage":"fr-FR","url":"https:\/\/lapausetendresse.fr\/wp-content\/uploads\/2023\/07\/Cat-brosse-scaled.jpg","contentUrl":"https:\/\/lapausetendresse.fr\/wp-content\/uploads\/2023\/07\/Cat-brosse-scaled.jpg","width":2560,"height":2560},{"@type":"WebPage","@id":"https:\/\/lapausetendresse.fr\/?product=brosse-a-cheveux-bebe-personnalise#webpage","url":"https:\/\/lapausetendresse.fr\/?product=brosse-a-cheveux-bebe-personnalise","name":"Brosse \u00e0 cheveux b\u00e9b\u00e9 personnalis\u00e9 - La Pause Tendresse","isPartOf":{"@id":"http:\/\/lapausetendresse.fr\/#website"},"primaryImageOfPage":{"@id":"https:\/\/lapausetendresse.fr\/?product=brosse-a-cheveux-bebe-personnalise#primaryimage"},"datePublished":"2022-04-15T10:16:35+00:00","dateModified":"2025-09-24T18:34:09+00:00","breadcrumb":{"@id":"https:\/\/lapausetendresse.fr\/?product=brosse-a-cheveux-bebe-personnalise#breadcrumb"},"inLanguage":"fr-FR","potentialAction":[{"@type":"ReadAction","target":["https:\/\/lapausetendresse.fr\/?product=brosse-a-cheveux-bebe-personnalise"]}]},{"@type":"BreadcrumbList","@id":"https:\/\/lapausetendresse.fr\/?product=brosse-a-cheveux-bebe-personnalise#breadcrumb","itemListElement":[{"@type":"ListItem","position":1,"name":"Accueil","item":"http:\/\/lapausetendresse.fr\/"},{"@type":"ListItem","position":2,"name":"Mes Cr\u00e9ations","item":"https:\/\/lapausetendresse.fr\/?page_id=452"},{"@type":"ListItem","position":3,"name":"Brosse \u00e0 cheveux b\u00e9b\u00e9 personnalis\u00e9"}]}]}},"_links":{"self":[{"href":"https:\/\/lapausetendresse.fr\/index.php?rest_route=\/wp\/v2\/product\/1904"}],"collection":[{"href":"https:\/\/lapausetendresse.fr\/index.php?rest_route=\/wp\/v2\/product"}],"about":[{"href":"https:\/\/lapausetendresse.fr\/index.php?rest_route=\/wp\/v2\/types\/product"}],"replies":[{"embeddable":true,"href":"https:\/\/lapausetendresse.fr\/index.php?rest_route=%2Fwp%2Fv2%2Fcomments&post=1904"}],"wp:featuredmedia":[{"embeddable":true,"href":"https:\/\/lapausetendresse.fr\/index.php?rest_route=\/wp\/v2\/media\/2811"}],"wp:attachment":[{"href":"https:\/\/lapausetendresse.fr\/index.php?rest_route=%2Fwp%2Fv2%2Fmedia&parent=1904"}],"wp:term":[{"taxonomy":"product_cat","embeddable":true,"href":"https:\/\/lapausetendresse.fr\/index.php?rest_route=%2Fwp%2Fv2%2Fproduct_cat&post=1904"},{"taxonomy":"product_tag","embeddable":true,"href":"https:\/\/lapausetendresse.fr\/index.php?rest_route=%2Fwp%2Fv2%2Fproduct_tag&post=1904"}],"curies":[{"name":"wp","href":"https:\/\/api.w.org\/{rel}","templated":true}]}}