{"id":1942,"date":"2022-04-22T12:17:03","date_gmt":"2022-04-22T10:17:03","guid":{"rendered":"https:\/\/lapausetendresse.fr\/?post_type=product&#038;p=1942"},"modified":"2025-09-24T19:31:20","modified_gmt":"2025-09-24T17:31:20","slug":"bouteille-sensorielle-personnalisee-rose","status":"publish","type":"product","link":"https:\/\/lapausetendresse.fr\/?product=bouteille-sensorielle-personnalisee-rose","title":{"rendered":"Bouteille sensorielle &#8211; personnalis\u00e9e Rose"},"content":{"rendered":"<p><u>Mat\u00e9riaux utilis\u00e9s :<\/u> bouteille en plastique qui contient 110 ml, bouchon \u00e0 vis en aluminium . diff\u00e9rents objets dans les tons rose (paillettes, strass, petite et grande \u00e9toile argent\u00e9, boutons, pompons, sequins\u2026).<\/p>\n<p><u>Dimension :<\/u>\u00a0mesure environ 15 cm de long pour 3,5 cm de large.<\/p>\n<p>Pour plus de s\u00e9curit\u00e9, les bouchons sont coll\u00e9s.<\/p>\n<p>&nbsp;<\/p>\n<p>Le prix indiqu\u00e9 est pour 1 bouteille.<\/p>\n<p>Article fabriqu\u00e9, emball\u00e9 puis exp\u00e9di\u00e9 sous 2 jours ouvr\u00e9s.<\/p>\n<p><u>Plusieurs mod\u00e8les disponible :<\/u> riz color\u00e9 2 couleurs, oc\u00e9an, neige, rose paillettes, coquillage , riz arc-en-ciel, coccinelles, pompons, aquarium, Halloween et Fond marin<\/p>\n<p>Si vous ne souhaitez pas personnalis\u00e9 la bouteille, je vous appliquerait une r\u00e9duction d&rsquo;1 \u20ac.<\/p>\n<h2>N\u2019oubliez pas de m\u2019informer lors de la commande :<\/h2>\n<ul>\n<li>Le pr\u00e9nom de l&rsquo;enfant (si personnalisation)<\/li>\n<\/ul>\n<p>&nbsp;<\/p>\n<p><img loading=\"lazy\" class=\"size-full wp-image-1300 aligncenter\" src=\"http:\/\/lapausetendresse.fr\/wp-content\/uploads\/2021\/10\/Cre%CC%81e%CC%81s-en-Provence-200x200-1.png\" sizes=\"(max-width: 200px) 100vw, 200px\" srcset=\"https:\/\/lapausetendresse.fr\/wp-content\/uploads\/2021\/10\/Cre\u0301e\u0301s-en-Provence-200x200-1.png 200w, https:\/\/lapausetendresse.fr\/wp-content\/uploads\/2021\/10\/Cre\u0301e\u0301s-en-Provence-200x200-1-150x150.png 150w, https:\/\/lapausetendresse.fr\/wp-content\/uploads\/2021\/10\/Cre\u0301e\u0301s-en-Provence-200x200-1-60x60.png 60w\" alt=\"\" width=\"200\" height=\"200\" \/><\/p>\n","protected":false},"excerpt":{"rendered":"<p class=\"p1\"><span class=\"s1\"><b>Les bouteilles (inspir\u00e9s de la p\u00e9dagogie Montessori) sont con\u00e7ues dans le but de<\/b>\u00a0<b>stimuler le d\u00e9veloppement des sens des b\u00e9b\u00e9s<\/b>\u00a0(principalement la vue et l\u2019ou\u00efe). (Des 4 mois). Les tout-petits adorent les attraper, les mettre \u00e0 la bouche, les secouer, les soupeser, les renverser\u2026 Leur attention se fixera sur le liquide et les petits objets qui se trouvent \u00e0 l\u2019int\u00e9rieur. Certains flottent, d\u2019autres coulent, il y a de jolies couleurs\u2026 C\u2019est passionnant \u00e0 regarder ! C\u2019est aussi un objet qui a tendance \u00e0 apaiser les enfants.<span class=\"Apple-converted-space\">\u00a0<\/span><\/span><\/p>\n<p class=\"p1\"><span class=\"s1\">Lorsqu\u2019une bouteille sensorielle\u00a0contient des objets qui bougent lentement, les enfants (et les adultes) sont souvent comme \u201chypnotis\u00e9s\u201d en observant leur lente descente\u2026\u00a0 Leur respiration se calme, et cela les aide \u00e0 se r\u00e9guler et \u00e0 contr\u00f4ler leurs \u00e9motions.<\/span><\/p>\n<p>prix unitaire.<\/p>\n<ul>\n<li>Confectionn\u00e9 par mes soins, chaque pi\u00e8ce est unique ;<\/li>\n<li>Tenue en main facile pour les petits b\u00e9b\u00e9s ;<\/li>\n<li>D\u00e9veloppe les sens de b\u00e9b\u00e9 ;<\/li>\n<li>Facile \u00e0 nettoyer ;<\/li>\n<li>Envoi rapide.<\/li>\n<\/ul>\n","protected":false},"featured_media":1943,"comment_status":"open","ping_status":"closed","template":"","meta":[],"product_cat":[50],"product_tag":[125,134,127,128,126],"yoast_head":"<!-- This site is optimized with the Yoast SEO plugin v17.4 - https:\/\/yoast.com\/wordpress\/plugins\/seo\/ -->\n<title>Bouteille sensorielle - personnalis\u00e9e Rose - La Pause Tendresse<\/title>\n<meta name=\"robots\" content=\"index, follow, max-snippet:-1, max-image-preview:large, max-video-preview:-1\" \/>\n<link rel=\"canonical\" href=\"https:\/\/lapausetendresse.fr\/?product=bouteille-sensorielle-personnalisee-rose\" \/>\n<meta property=\"og:locale\" content=\"fr_FR\" \/>\n<meta property=\"og:type\" content=\"article\" \/>\n<meta property=\"og:title\" content=\"Bouteille sensorielle - personnalis\u00e9e Rose - La Pause Tendresse\" \/>\n<meta property=\"og:description\" content=\"Les bouteilles (inspir\u00e9s de la p\u00e9dagogie Montessori) sont con\u00e7ues dans le but de\u00a0stimuler le d\u00e9veloppement des sens des b\u00e9b\u00e9s\u00a0(principalement la vue et l\u2019ou\u00efe). (Des 4 mois). Les tout-petits adorent les attraper, les mettre \u00e0 la bouche, les secouer, les soupeser, les renverser\u2026 Leur attention se fixera sur le liquide et les petits objets qui se trouvent \u00e0 l\u2019int\u00e9rieur. Certains flottent, d\u2019autres coulent, il y a de jolies couleurs\u2026 C\u2019est passionnant \u00e0 regarder ! C\u2019est aussi un objet qui a tendance \u00e0 apaiser les enfants.\u00a0 Lorsqu\u2019une bouteille sensorielle\u00a0contient des objets qui bougent lentement, les enfants (et les adultes) sont souvent comme \u201chypnotis\u00e9s\u201d en observant leur lente descente\u2026\u00a0 Leur respiration se calme, et cela les aide \u00e0 se r\u00e9guler et \u00e0 contr\u00f4ler leurs \u00e9motions. prix unitaire.   Confectionn\u00e9 par mes soins, chaque pi\u00e8ce est unique ;  Tenue en main facile pour les petits b\u00e9b\u00e9s ;  D\u00e9veloppe les sens de b\u00e9b\u00e9 ;  Facile \u00e0 nettoyer ;  Envoi rapide.\" \/>\n<meta property=\"og:url\" content=\"https:\/\/lapausetendresse.fr\/?product=bouteille-sensorielle-personnalisee-rose\" \/>\n<meta property=\"og:site_name\" content=\"La Pause Tendresse\" \/>\n<meta property=\"article:modified_time\" content=\"2025-09-24T17:31:20+00:00\" \/>\n<meta property=\"og:image\" content=\"https:\/\/lapausetendresse.fr\/wp-content\/uploads\/2022\/04\/FB34B3E4-5EDA-4CFE-90BA-C664238081B6.jpg\" \/>\n\t<meta property=\"og:image:width\" content=\"1440\" \/>\n\t<meta property=\"og:image:height\" content=\"1440\" \/>\n<meta name=\"twitter:card\" content=\"summary_large_image\" \/>\n<meta name=\"twitter:label1\" content=\"Dur\u00e9e de lecture est.\" \/>\n\t<meta name=\"twitter:data1\" content=\"1 minute\" \/>\n<script type=\"application\/ld+json\" class=\"yoast-schema-graph\">{\"@context\":\"https:\/\/schema.org\",\"@graph\":[{\"@type\":\"WebSite\",\"@id\":\"http:\/\/lapausetendresse.fr\/#website\",\"url\":\"http:\/\/lapausetendresse.fr\/\",\"name\":\"La Pause Tendresse\",\"description\":\"Passionn\\u00e9e par le crochet et le monde des Petits\",\"potentialAction\":[{\"@type\":\"SearchAction\",\"target\":{\"@type\":\"EntryPoint\",\"urlTemplate\":\"http:\/\/lapausetendresse.fr\/?s={search_term_string}\"},\"query-input\":\"required name=search_term_string\"}],\"inLanguage\":\"fr-FR\"},{\"@type\":\"ImageObject\",\"@id\":\"https:\/\/lapausetendresse.fr\/?product=bouteille-sensorielle-personnalisee-rose#primaryimage\",\"inLanguage\":\"fr-FR\",\"url\":\"https:\/\/lapausetendresse.fr\/wp-content\/uploads\/2022\/04\/FB34B3E4-5EDA-4CFE-90BA-C664238081B6.jpg\",\"contentUrl\":\"https:\/\/lapausetendresse.fr\/wp-content\/uploads\/2022\/04\/FB34B3E4-5EDA-4CFE-90BA-C664238081B6.jpg\",\"width\":1440,\"height\":1440},{\"@type\":\"WebPage\",\"@id\":\"https:\/\/lapausetendresse.fr\/?product=bouteille-sensorielle-personnalisee-rose#webpage\",\"url\":\"https:\/\/lapausetendresse.fr\/?product=bouteille-sensorielle-personnalisee-rose\",\"name\":\"Bouteille sensorielle - personnalis\\u00e9e Rose - La Pause Tendresse\",\"isPartOf\":{\"@id\":\"http:\/\/lapausetendresse.fr\/#website\"},\"primaryImageOfPage\":{\"@id\":\"https:\/\/lapausetendresse.fr\/?product=bouteille-sensorielle-personnalisee-rose#primaryimage\"},\"datePublished\":\"2022-04-22T10:17:03+00:00\",\"dateModified\":\"2025-09-24T17:31:20+00:00\",\"breadcrumb\":{\"@id\":\"https:\/\/lapausetendresse.fr\/?product=bouteille-sensorielle-personnalisee-rose#breadcrumb\"},\"inLanguage\":\"fr-FR\",\"potentialAction\":[{\"@type\":\"ReadAction\",\"target\":[\"https:\/\/lapausetendresse.fr\/?product=bouteille-sensorielle-personnalisee-rose\"]}]},{\"@type\":\"BreadcrumbList\",\"@id\":\"https:\/\/lapausetendresse.fr\/?product=bouteille-sensorielle-personnalisee-rose#breadcrumb\",\"itemListElement\":[{\"@type\":\"ListItem\",\"position\":1,\"name\":\"Accueil\",\"item\":\"http:\/\/lapausetendresse.fr\/\"},{\"@type\":\"ListItem\",\"position\":2,\"name\":\"Mes Cr\\u00e9ations\",\"item\":\"https:\/\/lapausetendresse.fr\/?page_id=452\"},{\"@type\":\"ListItem\",\"position\":3,\"name\":\"Bouteille sensorielle &#8211; personnalis\\u00e9e Rose\"}]}]}<\/script>\n<!-- \/ Yoast SEO plugin. -->","yoast_head_json":{"title":"Bouteille sensorielle - personnalis\u00e9e Rose - La Pause Tendresse","robots":{"index":"index","follow":"follow","max-snippet":"max-snippet:-1","max-image-preview":"max-image-preview:large","max-video-preview":"max-video-preview:-1"},"canonical":"https:\/\/lapausetendresse.fr\/?product=bouteille-sensorielle-personnalisee-rose","og_locale":"fr_FR","og_type":"article","og_title":"Bouteille sensorielle - personnalis\u00e9e Rose - La Pause Tendresse","og_description":"Les bouteilles (inspir\u00e9s de la p\u00e9dagogie Montessori) sont con\u00e7ues dans le but de\u00a0stimuler le d\u00e9veloppement des sens des b\u00e9b\u00e9s\u00a0(principalement la vue et l\u2019ou\u00efe). (Des 4 mois). Les tout-petits adorent les attraper, les mettre \u00e0 la bouche, les secouer, les soupeser, les renverser\u2026 Leur attention se fixera sur le liquide et les petits objets qui se trouvent \u00e0 l\u2019int\u00e9rieur. Certains flottent, d\u2019autres coulent, il y a de jolies couleurs\u2026 C\u2019est passionnant \u00e0 regarder ! C\u2019est aussi un objet qui a tendance \u00e0 apaiser les enfants.\u00a0 Lorsqu\u2019une bouteille sensorielle\u00a0contient des objets qui bougent lentement, les enfants (et les adultes) sont souvent comme \u201chypnotis\u00e9s\u201d en observant leur lente descente\u2026\u00a0 Leur respiration se calme, et cela les aide \u00e0 se r\u00e9guler et \u00e0 contr\u00f4ler leurs \u00e9motions. prix unitaire.   Confectionn\u00e9 par mes soins, chaque pi\u00e8ce est unique ;  Tenue en main facile pour les petits b\u00e9b\u00e9s ;  D\u00e9veloppe les sens de b\u00e9b\u00e9 ;  Facile \u00e0 nettoyer ;  Envoi rapide.","og_url":"https:\/\/lapausetendresse.fr\/?product=bouteille-sensorielle-personnalisee-rose","og_site_name":"La Pause Tendresse","article_modified_time":"2025-09-24T17:31:20+00:00","og_image":[{"width":1440,"height":1440,"url":"https:\/\/lapausetendresse.fr\/wp-content\/uploads\/2022\/04\/FB34B3E4-5EDA-4CFE-90BA-C664238081B6.jpg","type":"image\/jpeg"}],"twitter_card":"summary_large_image","twitter_misc":{"Dur\u00e9e de lecture est.":"1 minute"},"schema":{"@context":"https:\/\/schema.org","@graph":[{"@type":"WebSite","@id":"http:\/\/lapausetendresse.fr\/#website","url":"http:\/\/lapausetendresse.fr\/","name":"La Pause Tendresse","description":"Passionn\u00e9e par le crochet et le monde des Petits","potentialAction":[{"@type":"SearchAction","target":{"@type":"EntryPoint","urlTemplate":"http:\/\/lapausetendresse.fr\/?s={search_term_string}"},"query-input":"required name=search_term_string"}],"inLanguage":"fr-FR"},{"@type":"ImageObject","@id":"https:\/\/lapausetendresse.fr\/?product=bouteille-sensorielle-personnalisee-rose#primaryimage","inLanguage":"fr-FR","url":"https:\/\/lapausetendresse.fr\/wp-content\/uploads\/2022\/04\/FB34B3E4-5EDA-4CFE-90BA-C664238081B6.jpg","contentUrl":"https:\/\/lapausetendresse.fr\/wp-content\/uploads\/2022\/04\/FB34B3E4-5EDA-4CFE-90BA-C664238081B6.jpg","width":1440,"height":1440},{"@type":"WebPage","@id":"https:\/\/lapausetendresse.fr\/?product=bouteille-sensorielle-personnalisee-rose#webpage","url":"https:\/\/lapausetendresse.fr\/?product=bouteille-sensorielle-personnalisee-rose","name":"Bouteille sensorielle - personnalis\u00e9e Rose - La Pause Tendresse","isPartOf":{"@id":"http:\/\/lapausetendresse.fr\/#website"},"primaryImageOfPage":{"@id":"https:\/\/lapausetendresse.fr\/?product=bouteille-sensorielle-personnalisee-rose#primaryimage"},"datePublished":"2022-04-22T10:17:03+00:00","dateModified":"2025-09-24T17:31:20+00:00","breadcrumb":{"@id":"https:\/\/lapausetendresse.fr\/?product=bouteille-sensorielle-personnalisee-rose#breadcrumb"},"inLanguage":"fr-FR","potentialAction":[{"@type":"ReadAction","target":["https:\/\/lapausetendresse.fr\/?product=bouteille-sensorielle-personnalisee-rose"]}]},{"@type":"BreadcrumbList","@id":"https:\/\/lapausetendresse.fr\/?product=bouteille-sensorielle-personnalisee-rose#breadcrumb","itemListElement":[{"@type":"ListItem","position":1,"name":"Accueil","item":"http:\/\/lapausetendresse.fr\/"},{"@type":"ListItem","position":2,"name":"Mes Cr\u00e9ations","item":"https:\/\/lapausetendresse.fr\/?page_id=452"},{"@type":"ListItem","position":3,"name":"Bouteille sensorielle &#8211; personnalis\u00e9e Rose"}]}]}},"_links":{"self":[{"href":"https:\/\/lapausetendresse.fr\/index.php?rest_route=\/wp\/v2\/product\/1942"}],"collection":[{"href":"https:\/\/lapausetendresse.fr\/index.php?rest_route=\/wp\/v2\/product"}],"about":[{"href":"https:\/\/lapausetendresse.fr\/index.php?rest_route=\/wp\/v2\/types\/product"}],"replies":[{"embeddable":true,"href":"https:\/\/lapausetendresse.fr\/index.php?rest_route=%2Fwp%2Fv2%2Fcomments&post=1942"}],"wp:featuredmedia":[{"embeddable":true,"href":"https:\/\/lapausetendresse.fr\/index.php?rest_route=\/wp\/v2\/media\/1943"}],"wp:attachment":[{"href":"https:\/\/lapausetendresse.fr\/index.php?rest_route=%2Fwp%2Fv2%2Fmedia&parent=1942"}],"wp:term":[{"taxonomy":"product_cat","embeddable":true,"href":"https:\/\/lapausetendresse.fr\/index.php?rest_route=%2Fwp%2Fv2%2Fproduct_cat&post=1942"},{"taxonomy":"product_tag","embeddable":true,"href":"https:\/\/lapausetendresse.fr\/index.php?rest_route=%2Fwp%2Fv2%2Fproduct_tag&post=1942"}],"curies":[{"name":"wp","href":"https:\/\/api.w.org\/{rel}","templated":true}]}}