{"id":2009,"date":"2022-05-29T15:18:42","date_gmt":"2022-05-29T13:18:42","guid":{"rendered":"https:\/\/lapausetendresse.fr\/?post_type=product&#038;p=2009"},"modified":"2024-08-28T10:05:24","modified_gmt":"2024-08-28T08:05:24","slug":"couronne-prenom-de-la-mer","status":"publish","type":"product","link":"https:\/\/lapausetendresse.fr\/?product=couronne-prenom-de-la-mer","title":{"rendered":"Couronne Pr\u00e9nom &#8211; Sous l&rsquo;oc\u00e9an"},"content":{"rendered":"<p><u>Description\u00a0<\/u>: inscription r\u00e9alis\u00e9 au tricotin et les autres \u00e9l\u00e9ments (pieuvre, coraux, \u00e9toile de mer) sont r\u00e9alis\u00e9 au crochet. Le tout fix\u00e9 sur une couronne en bois. Tout est confectionn\u00e9 par mes soins.<\/p>\n<p>\u00c0 vous de choisir la couleur et le mot ou pr\u00e9nom \u00e0 inscrire.<\/p>\n<p>Attention, les couleurs peuvent \u00eatre l\u00e9g\u00e8rement diff\u00e9rentes en fonction des \u00e9crans. N\u2019h\u00e9sitez pas \u00e0 me contacter en cas de doute.<\/p>\n<p>&nbsp;<\/p>\n<p><u>Mat\u00e9riaux utilis\u00e9s :<\/u>\u00a0laine 100% coton (<a href=\"https:\/\/www.phildar.fr\/\">Phildar<\/a>\u00a0et\u00a0<a href=\"https:\/\/www.scheepjes.com\/en\/yarn\/\">Scheepjes<\/a>), fil d\u2019aluminium de 2,5 mm d\u2019\u00e9paisseur,<\/p>\n<p><u>Dimension :\u00a0<\/u><\/p>\n<p>La couronne en bois mesure 30 cm de diam\u00e8tre. La taille des lettres varie en fonction de la longueur du pr\u00e9nom. Selon la longueur, le pr\u00e9nom d\u00e9passera plus ou moins du cercle.<\/p>\n<div>sur la photo, les couleurs utilis\u00e9s sont:<\/div>\n<div>pr\u00e9nom : jaune safran ; \u00e9toile de mer : blanc ; coraux : corail; pieuvre : rose poudr\u00e9 et blanc+ \u00e9toile de mer sur la t\u00eate : oc\u00e9an<\/div>\n<div><\/div>\n<div>d&rsquo;apr\u00e8s le patron de la pieuvre de @socroch<\/div>\n<p>Le d\u00e9lais de fabrication peuvent varier, contactez moi pour plus d\u2019information.<\/p>\n<p>Attention, ceci est une d\u00e9coration. Ne la laissez pas \u00e0 la port\u00e9e des petites mains.<\/p>\n<p>patron pieuvre :\u00a0<a class=\"x1i10hfl xjbqb8w x6umtig x1b1mbwd xaqea5y xav7gou x9f619 x1ypdohk xt0psk2 xe8uvvx xdj266r x11i5rnm xat24cr x1mh8g0r xexx8yu x4uap5 x18d9i69 xkhd6sd x16tdsg8 x1hl2dhg xggy1nq x1a2a7pz notranslate _a6hd\" tabindex=\"0\" role=\"link\" href=\"https:\/\/www.instagram.com\/socroch\/?hl=fr\">@socroch<\/a><br \/>\n\u00e9toile de mer :\u00a0<a class=\"x1i10hfl xjbqb8w x6umtig x1b1mbwd xaqea5y xav7gou x9f619 x1ypdohk xt0psk2 xe8uvvx xdj266r x11i5rnm xat24cr x1mh8g0r xexx8yu x4uap5 x18d9i69 xkhd6sd x16tdsg8 x1hl2dhg xggy1nq x1a2a7pz notranslate _a6hd\" tabindex=\"0\" role=\"link\" href=\"https:\/\/www.instagram.com\/tisanecrochet\/?hl=fr\">@tisanecrochet<\/a><\/p>\n<h2><strong>N\u2019oubliez pas de m\u2019informer lors de la commande :<\/strong><\/h2>\n<ul>\n<li>le pr\u00e9nom ou mot \u00e0 inscrire<\/li>\n<li>les couleurs d\u00e9sir\u00e9 (pour le pr\u00e9nom et les \u00e9l\u00e9ments de d\u00e9coration)<\/li>\n<\/ul>\n<p>&nbsp;<\/p>\n<p><img loading=\"lazy\" class=\"size-full wp-image-1300 aligncenter\" src=\"http:\/\/lapausetendresse.fr\/wp-content\/uploads\/2021\/10\/Cre%CC%81e%CC%81s-en-Provence-200x200-1.png\" sizes=\"(max-width: 200px) 100vw, 200px\" srcset=\"https:\/\/lapausetendresse.fr\/wp-content\/uploads\/2021\/10\/Cre\u0301e\u0301s-en-Provence-200x200-1.png 200w, https:\/\/lapausetendresse.fr\/wp-content\/uploads\/2021\/10\/Cre\u0301e\u0301s-en-Provence-200x200-1-150x150.png 150w, https:\/\/lapausetendresse.fr\/wp-content\/uploads\/2021\/10\/Cre\u0301e\u0301s-en-Provence-200x200-1-60x60.png 60w\" alt=\"\" width=\"200\" height=\"200\" \/><\/p>\n","protected":false},"excerpt":{"rendered":"<p>Vous recherchez un cadeau de naissance, d\u2019anniversaire unique et original ? Vous souhaitez juste apporter une touche d\u00e9co sur un mur ou une porte ?<br \/>\nCette couronne de pr\u00e9nom est personnalisable par le choix des couleurs et du pr\u00e9nom ou mot \u00e0 inscrire.<br \/>\nDes simples clous permettent sa fixation.<\/p>\n<ul>\n<li>Confectionn\u00e9 par mes soins ;<\/li>\n<li>Chaque pi\u00e8ce est unique ;<\/li>\n<li>Couleurs et pr\u00e9nom personnalisables ;<\/li>\n<li>Mati\u00e8res naturelles.<\/li>\n<\/ul>\n","protected":false},"featured_media":2010,"comment_status":"open","ping_status":"closed","template":"","meta":[],"product_cat":[31],"product_tag":[46,135,138],"yoast_head":"<!-- This site is optimized with the Yoast SEO plugin v17.4 - https:\/\/yoast.com\/wordpress\/plugins\/seo\/ -->\n<title>Couronne Pr\u00e9nom - Sous l&#039;oc\u00e9an - La Pause Tendresse<\/title>\n<meta name=\"robots\" content=\"index, follow, max-snippet:-1, max-image-preview:large, max-video-preview:-1\" \/>\n<link rel=\"canonical\" href=\"http:\/\/lapausetendresse.fr\/?product=couronne-prenom-de-la-mer\" \/>\n<meta property=\"og:locale\" content=\"fr_FR\" \/>\n<meta property=\"og:type\" content=\"article\" \/>\n<meta property=\"og:title\" content=\"Couronne Pr\u00e9nom - Sous l&#039;oc\u00e9an - La Pause Tendresse\" \/>\n<meta property=\"og:description\" content=\"Vous recherchez un cadeau de naissance, d\u2019anniversaire unique et original ? Vous souhaitez juste apporter une touche d\u00e9co sur un mur ou une porte ? Cette couronne de pr\u00e9nom est personnalisable par le choix des couleurs et du pr\u00e9nom ou mot \u00e0 inscrire. Des simples clous permettent sa fixation.   Confectionn\u00e9 par mes soins ;  Chaque pi\u00e8ce est unique ;  Couleurs et pr\u00e9nom personnalisables ;  Mati\u00e8res naturelles.\" \/>\n<meta property=\"og:url\" content=\"http:\/\/lapausetendresse.fr\/?product=couronne-prenom-de-la-mer\" \/>\n<meta property=\"og:site_name\" content=\"La Pause Tendresse\" \/>\n<meta property=\"article:modified_time\" content=\"2024-08-28T08:05:24+00:00\" \/>\n<meta property=\"og:image\" content=\"https:\/\/lapausetendresse.fr\/wp-content\/uploads\/2022\/05\/IMG_3806-scaled.jpg\" \/>\n\t<meta property=\"og:image:width\" content=\"2560\" \/>\n\t<meta property=\"og:image:height\" content=\"2560\" \/>\n<meta name=\"twitter:card\" content=\"summary_large_image\" \/>\n<meta name=\"twitter:label1\" content=\"Dur\u00e9e de lecture est.\" \/>\n\t<meta name=\"twitter:data1\" content=\"2 minutes\" \/>\n<script type=\"application\/ld+json\" class=\"yoast-schema-graph\">{\"@context\":\"https:\/\/schema.org\",\"@graph\":[{\"@type\":\"WebSite\",\"@id\":\"http:\/\/lapausetendresse.fr\/#website\",\"url\":\"http:\/\/lapausetendresse.fr\/\",\"name\":\"La Pause Tendresse\",\"description\":\"Passionn\\u00e9e par le crochet et le monde des Petits\",\"potentialAction\":[{\"@type\":\"SearchAction\",\"target\":{\"@type\":\"EntryPoint\",\"urlTemplate\":\"http:\/\/lapausetendresse.fr\/?s={search_term_string}\"},\"query-input\":\"required name=search_term_string\"}],\"inLanguage\":\"fr-FR\"},{\"@type\":\"ImageObject\",\"@id\":\"http:\/\/lapausetendresse.fr\/?product=couronne-prenom-de-la-mer#primaryimage\",\"inLanguage\":\"fr-FR\",\"url\":\"https:\/\/lapausetendresse.fr\/wp-content\/uploads\/2022\/05\/IMG_3806-scaled.jpg\",\"contentUrl\":\"https:\/\/lapausetendresse.fr\/wp-content\/uploads\/2022\/05\/IMG_3806-scaled.jpg\",\"width\":2560,\"height\":2560},{\"@type\":\"WebPage\",\"@id\":\"http:\/\/lapausetendresse.fr\/?product=couronne-prenom-de-la-mer#webpage\",\"url\":\"http:\/\/lapausetendresse.fr\/?product=couronne-prenom-de-la-mer\",\"name\":\"Couronne Pr\\u00e9nom - Sous l'oc\\u00e9an - La Pause Tendresse\",\"isPartOf\":{\"@id\":\"http:\/\/lapausetendresse.fr\/#website\"},\"primaryImageOfPage\":{\"@id\":\"http:\/\/lapausetendresse.fr\/?product=couronne-prenom-de-la-mer#primaryimage\"},\"datePublished\":\"2022-05-29T13:18:42+00:00\",\"dateModified\":\"2024-08-28T08:05:24+00:00\",\"breadcrumb\":{\"@id\":\"http:\/\/lapausetendresse.fr\/?product=couronne-prenom-de-la-mer#breadcrumb\"},\"inLanguage\":\"fr-FR\",\"potentialAction\":[{\"@type\":\"ReadAction\",\"target\":[\"http:\/\/lapausetendresse.fr\/?product=couronne-prenom-de-la-mer\"]}]},{\"@type\":\"BreadcrumbList\",\"@id\":\"http:\/\/lapausetendresse.fr\/?product=couronne-prenom-de-la-mer#breadcrumb\",\"itemListElement\":[{\"@type\":\"ListItem\",\"position\":1,\"name\":\"Accueil\",\"item\":\"http:\/\/lapausetendresse.fr\/\"},{\"@type\":\"ListItem\",\"position\":2,\"name\":\"Mes Cr\\u00e9ations\",\"item\":\"https:\/\/lapausetendresse.fr\/?page_id=452\"},{\"@type\":\"ListItem\",\"position\":3,\"name\":\"Couronne Pr\\u00e9nom &#8211; Sous l&rsquo;oc\\u00e9an\"}]}]}<\/script>\n<!-- \/ Yoast SEO plugin. -->","yoast_head_json":{"title":"Couronne Pr\u00e9nom - Sous l'oc\u00e9an - La Pause Tendresse","robots":{"index":"index","follow":"follow","max-snippet":"max-snippet:-1","max-image-preview":"max-image-preview:large","max-video-preview":"max-video-preview:-1"},"canonical":"http:\/\/lapausetendresse.fr\/?product=couronne-prenom-de-la-mer","og_locale":"fr_FR","og_type":"article","og_title":"Couronne Pr\u00e9nom - Sous l'oc\u00e9an - La Pause Tendresse","og_description":"Vous recherchez un cadeau de naissance, d\u2019anniversaire unique et original ? Vous souhaitez juste apporter une touche d\u00e9co sur un mur ou une porte ? Cette couronne de pr\u00e9nom est personnalisable par le choix des couleurs et du pr\u00e9nom ou mot \u00e0 inscrire. Des simples clous permettent sa fixation.   Confectionn\u00e9 par mes soins ;  Chaque pi\u00e8ce est unique ;  Couleurs et pr\u00e9nom personnalisables ;  Mati\u00e8res naturelles.","og_url":"http:\/\/lapausetendresse.fr\/?product=couronne-prenom-de-la-mer","og_site_name":"La Pause Tendresse","article_modified_time":"2024-08-28T08:05:24+00:00","og_image":[{"width":2560,"height":2560,"url":"https:\/\/lapausetendresse.fr\/wp-content\/uploads\/2022\/05\/IMG_3806-scaled.jpg","type":"image\/jpeg"}],"twitter_card":"summary_large_image","twitter_misc":{"Dur\u00e9e de lecture est.":"2 minutes"},"schema":{"@context":"https:\/\/schema.org","@graph":[{"@type":"WebSite","@id":"http:\/\/lapausetendresse.fr\/#website","url":"http:\/\/lapausetendresse.fr\/","name":"La Pause Tendresse","description":"Passionn\u00e9e par le crochet et le monde des Petits","potentialAction":[{"@type":"SearchAction","target":{"@type":"EntryPoint","urlTemplate":"http:\/\/lapausetendresse.fr\/?s={search_term_string}"},"query-input":"required name=search_term_string"}],"inLanguage":"fr-FR"},{"@type":"ImageObject","@id":"http:\/\/lapausetendresse.fr\/?product=couronne-prenom-de-la-mer#primaryimage","inLanguage":"fr-FR","url":"https:\/\/lapausetendresse.fr\/wp-content\/uploads\/2022\/05\/IMG_3806-scaled.jpg","contentUrl":"https:\/\/lapausetendresse.fr\/wp-content\/uploads\/2022\/05\/IMG_3806-scaled.jpg","width":2560,"height":2560},{"@type":"WebPage","@id":"http:\/\/lapausetendresse.fr\/?product=couronne-prenom-de-la-mer#webpage","url":"http:\/\/lapausetendresse.fr\/?product=couronne-prenom-de-la-mer","name":"Couronne Pr\u00e9nom - Sous l'oc\u00e9an - La Pause Tendresse","isPartOf":{"@id":"http:\/\/lapausetendresse.fr\/#website"},"primaryImageOfPage":{"@id":"http:\/\/lapausetendresse.fr\/?product=couronne-prenom-de-la-mer#primaryimage"},"datePublished":"2022-05-29T13:18:42+00:00","dateModified":"2024-08-28T08:05:24+00:00","breadcrumb":{"@id":"http:\/\/lapausetendresse.fr\/?product=couronne-prenom-de-la-mer#breadcrumb"},"inLanguage":"fr-FR","potentialAction":[{"@type":"ReadAction","target":["http:\/\/lapausetendresse.fr\/?product=couronne-prenom-de-la-mer"]}]},{"@type":"BreadcrumbList","@id":"http:\/\/lapausetendresse.fr\/?product=couronne-prenom-de-la-mer#breadcrumb","itemListElement":[{"@type":"ListItem","position":1,"name":"Accueil","item":"http:\/\/lapausetendresse.fr\/"},{"@type":"ListItem","position":2,"name":"Mes Cr\u00e9ations","item":"https:\/\/lapausetendresse.fr\/?page_id=452"},{"@type":"ListItem","position":3,"name":"Couronne Pr\u00e9nom &#8211; Sous l&rsquo;oc\u00e9an"}]}]}},"_links":{"self":[{"href":"https:\/\/lapausetendresse.fr\/index.php?rest_route=\/wp\/v2\/product\/2009"}],"collection":[{"href":"https:\/\/lapausetendresse.fr\/index.php?rest_route=\/wp\/v2\/product"}],"about":[{"href":"https:\/\/lapausetendresse.fr\/index.php?rest_route=\/wp\/v2\/types\/product"}],"replies":[{"embeddable":true,"href":"https:\/\/lapausetendresse.fr\/index.php?rest_route=%2Fwp%2Fv2%2Fcomments&post=2009"}],"wp:featuredmedia":[{"embeddable":true,"href":"https:\/\/lapausetendresse.fr\/index.php?rest_route=\/wp\/v2\/media\/2010"}],"wp:attachment":[{"href":"https:\/\/lapausetendresse.fr\/index.php?rest_route=%2Fwp%2Fv2%2Fmedia&parent=2009"}],"wp:term":[{"taxonomy":"product_cat","embeddable":true,"href":"https:\/\/lapausetendresse.fr\/index.php?rest_route=%2Fwp%2Fv2%2Fproduct_cat&post=2009"},{"taxonomy":"product_tag","embeddable":true,"href":"https:\/\/lapausetendresse.fr\/index.php?rest_route=%2Fwp%2Fv2%2Fproduct_tag&post=2009"}],"curies":[{"name":"wp","href":"https:\/\/api.w.org\/{rel}","templated":true}]}}