{"id":2029,"date":"2022-05-29T16:13:02","date_gmt":"2022-05-29T14:13:02","guid":{"rendered":"https:\/\/lapausetendresse.fr\/?post_type=product&#038;p=2029"},"modified":"2025-09-24T19:12:10","modified_gmt":"2025-09-24T17:12:10","slug":"attache-doudou-personnalise","status":"publish","type":"product","link":"https:\/\/lapausetendresse.fr\/?product=attache-doudou-personnalise","title":{"rendered":"Attache doudou personnalis\u00e9"},"content":{"rendered":"<p><u>Mat\u00e9riaux utilis\u00e9s :<\/u> perles en bois et silicone, un anneau personnalis\u00e9 par la premi\u00e8re lettre du pr\u00e9nom de b\u00e9b\u00e9 en silicone ; 2 clips en bois de h\u00eatre sans BPA,<\/p>\n<p><u>Dimension <\/u>: environ 27 cm de long (clips compris).<\/p>\n<p><u>Conseil de lavage : <\/u>A nettoyer \u00e0 l&rsquo;eau savonneuse.<\/p>\n<p>Article fabriqu\u00e9, emball\u00e9 puis exp\u00e9di\u00e9 sous 2 jours ouvr\u00e9s.<\/p>\n<p>&nbsp;<\/p>\n<p><strong>Couleurs personnalisables sur demande.<\/strong><\/p>\n<p>&nbsp;<\/p>\n<p>&nbsp;<\/p>\n<h2>N&rsquo;oubliez pas de m&rsquo;informer lors de la commande :<\/h2>\n<ul>\n<li>la couleur d\u00e9sir\u00e9 que vous souhaitez apporter \u00e0 l&rsquo;attache doudou.<\/li>\n<\/ul>\n<p><img loading=\"lazy\" class=\"size-full wp-image-1300 aligncenter\" src=\"http:\/\/lapausetendresse.fr\/wp-content\/uploads\/2021\/10\/Cre%CC%81e%CC%81s-en-Provence-200x200-1.png\" sizes=\"(max-width: 200px) 100vw, 200px\" srcset=\"https:\/\/lapausetendresse.fr\/wp-content\/uploads\/2021\/10\/Cre\u0301e\u0301s-en-Provence-200x200-1.png 200w, https:\/\/lapausetendresse.fr\/wp-content\/uploads\/2021\/10\/Cre\u0301e\u0301s-en-Provence-200x200-1-150x150.png 150w, https:\/\/lapausetendresse.fr\/wp-content\/uploads\/2021\/10\/Cre\u0301e\u0301s-en-Provence-200x200-1-60x60.png 60w\" alt=\"\" width=\"200\" height=\"200\" \/><\/p>\n","protected":false},"excerpt":{"rendered":"<p>D&rsquo;un c\u00f4t\u00e9 on attache le doudou ou un jouet, et de l&rsquo;autre on attache le clip au v\u00eatement de B\u00e9b\u00e9.<\/p>\n<p>Le doudou doit lui aussi ne pas tomber. (Combien de fois moi-m\u00eame j&rsquo;ai vu le doudou de ma fille tout juste lav\u00e9 tomber par terre sur un sol entre poussi\u00e8re et terre).<\/p>\n<ul>\n<li>Confectionn\u00e9 par mes soins, chaque pi\u00e8ce est unique ;<\/li>\n<li>Couleur personnalisable ;<\/li>\n<li>Mati\u00e8res naturelles ;<\/li>\n<li>Envoi rapide.<\/li>\n<\/ul>\n","protected":false},"featured_media":2025,"comment_status":"open","ping_status":"closed","template":"","meta":[],"product_cat":[112,27],"product_tag":[],"yoast_head":"<!-- This site is optimized with the Yoast SEO plugin v17.4 - https:\/\/yoast.com\/wordpress\/plugins\/seo\/ -->\n<title>Attache doudou personnalis\u00e9 - La Pause Tendresse<\/title>\n<meta name=\"robots\" content=\"index, follow, max-snippet:-1, max-image-preview:large, max-video-preview:-1\" \/>\n<link rel=\"canonical\" href=\"https:\/\/lapausetendresse.fr\/?product=attache-doudou-personnalise\" \/>\n<meta property=\"og:locale\" content=\"fr_FR\" \/>\n<meta property=\"og:type\" content=\"article\" \/>\n<meta property=\"og:title\" content=\"Attache doudou personnalis\u00e9 - La Pause Tendresse\" \/>\n<meta property=\"og:description\" content=\"D&#039;un c\u00f4t\u00e9 on attache le doudou ou un jouet, et de l&#039;autre on attache le clip au v\u00eatement de B\u00e9b\u00e9.  Le doudou doit lui aussi ne pas tomber. (Combien de fois moi-m\u00eame j&#039;ai vu le doudou de ma fille tout juste lav\u00e9 tomber par terre sur un sol entre poussi\u00e8re et terre).   Confectionn\u00e9 par mes soins, chaque pi\u00e8ce est unique ;  Couleur personnalisable ;  Mati\u00e8res naturelles ;  Envoi rapide.\" \/>\n<meta property=\"og:url\" content=\"https:\/\/lapausetendresse.fr\/?product=attache-doudou-personnalise\" \/>\n<meta property=\"og:site_name\" content=\"La Pause Tendresse\" \/>\n<meta property=\"article:modified_time\" content=\"2025-09-24T17:12:10+00:00\" \/>\n<meta property=\"og:image\" content=\"https:\/\/lapausetendresse.fr\/wp-content\/uploads\/2022\/05\/IMG_3192-scaled.jpg\" \/>\n\t<meta property=\"og:image:width\" content=\"2560\" \/>\n\t<meta property=\"og:image:height\" content=\"2560\" \/>\n<meta name=\"twitter:card\" content=\"summary_large_image\" \/>\n<script type=\"application\/ld+json\" class=\"yoast-schema-graph\">{\"@context\":\"https:\/\/schema.org\",\"@graph\":[{\"@type\":\"WebSite\",\"@id\":\"http:\/\/lapausetendresse.fr\/#website\",\"url\":\"http:\/\/lapausetendresse.fr\/\",\"name\":\"La Pause Tendresse\",\"description\":\"Passionn\\u00e9e par le crochet et le monde des Petits\",\"potentialAction\":[{\"@type\":\"SearchAction\",\"target\":{\"@type\":\"EntryPoint\",\"urlTemplate\":\"http:\/\/lapausetendresse.fr\/?s={search_term_string}\"},\"query-input\":\"required name=search_term_string\"}],\"inLanguage\":\"fr-FR\"},{\"@type\":\"ImageObject\",\"@id\":\"https:\/\/lapausetendresse.fr\/?product=attache-doudou-personnalise#primaryimage\",\"inLanguage\":\"fr-FR\",\"url\":\"https:\/\/lapausetendresse.fr\/wp-content\/uploads\/2022\/05\/IMG_3192-scaled.jpg\",\"contentUrl\":\"https:\/\/lapausetendresse.fr\/wp-content\/uploads\/2022\/05\/IMG_3192-scaled.jpg\",\"width\":2560,\"height\":2560},{\"@type\":\"WebPage\",\"@id\":\"https:\/\/lapausetendresse.fr\/?product=attache-doudou-personnalise#webpage\",\"url\":\"https:\/\/lapausetendresse.fr\/?product=attache-doudou-personnalise\",\"name\":\"Attache doudou personnalis\\u00e9 - La Pause Tendresse\",\"isPartOf\":{\"@id\":\"http:\/\/lapausetendresse.fr\/#website\"},\"primaryImageOfPage\":{\"@id\":\"https:\/\/lapausetendresse.fr\/?product=attache-doudou-personnalise#primaryimage\"},\"datePublished\":\"2022-05-29T14:13:02+00:00\",\"dateModified\":\"2025-09-24T17:12:10+00:00\",\"breadcrumb\":{\"@id\":\"https:\/\/lapausetendresse.fr\/?product=attache-doudou-personnalise#breadcrumb\"},\"inLanguage\":\"fr-FR\",\"potentialAction\":[{\"@type\":\"ReadAction\",\"target\":[\"https:\/\/lapausetendresse.fr\/?product=attache-doudou-personnalise\"]}]},{\"@type\":\"BreadcrumbList\",\"@id\":\"https:\/\/lapausetendresse.fr\/?product=attache-doudou-personnalise#breadcrumb\",\"itemListElement\":[{\"@type\":\"ListItem\",\"position\":1,\"name\":\"Accueil\",\"item\":\"http:\/\/lapausetendresse.fr\/\"},{\"@type\":\"ListItem\",\"position\":2,\"name\":\"Mes Cr\\u00e9ations\",\"item\":\"https:\/\/lapausetendresse.fr\/?page_id=452\"},{\"@type\":\"ListItem\",\"position\":3,\"name\":\"Attache doudou personnalis\\u00e9\"}]}]}<\/script>\n<!-- \/ Yoast SEO plugin. -->","yoast_head_json":{"title":"Attache doudou personnalis\u00e9 - La Pause Tendresse","robots":{"index":"index","follow":"follow","max-snippet":"max-snippet:-1","max-image-preview":"max-image-preview:large","max-video-preview":"max-video-preview:-1"},"canonical":"https:\/\/lapausetendresse.fr\/?product=attache-doudou-personnalise","og_locale":"fr_FR","og_type":"article","og_title":"Attache doudou personnalis\u00e9 - La Pause Tendresse","og_description":"D'un c\u00f4t\u00e9 on attache le doudou ou un jouet, et de l'autre on attache le clip au v\u00eatement de B\u00e9b\u00e9.  Le doudou doit lui aussi ne pas tomber. (Combien de fois moi-m\u00eame j'ai vu le doudou de ma fille tout juste lav\u00e9 tomber par terre sur un sol entre poussi\u00e8re et terre).   Confectionn\u00e9 par mes soins, chaque pi\u00e8ce est unique ;  Couleur personnalisable ;  Mati\u00e8res naturelles ;  Envoi rapide.","og_url":"https:\/\/lapausetendresse.fr\/?product=attache-doudou-personnalise","og_site_name":"La Pause Tendresse","article_modified_time":"2025-09-24T17:12:10+00:00","og_image":[{"width":2560,"height":2560,"url":"https:\/\/lapausetendresse.fr\/wp-content\/uploads\/2022\/05\/IMG_3192-scaled.jpg","type":"image\/jpeg"}],"twitter_card":"summary_large_image","schema":{"@context":"https:\/\/schema.org","@graph":[{"@type":"WebSite","@id":"http:\/\/lapausetendresse.fr\/#website","url":"http:\/\/lapausetendresse.fr\/","name":"La Pause Tendresse","description":"Passionn\u00e9e par le crochet et le monde des Petits","potentialAction":[{"@type":"SearchAction","target":{"@type":"EntryPoint","urlTemplate":"http:\/\/lapausetendresse.fr\/?s={search_term_string}"},"query-input":"required name=search_term_string"}],"inLanguage":"fr-FR"},{"@type":"ImageObject","@id":"https:\/\/lapausetendresse.fr\/?product=attache-doudou-personnalise#primaryimage","inLanguage":"fr-FR","url":"https:\/\/lapausetendresse.fr\/wp-content\/uploads\/2022\/05\/IMG_3192-scaled.jpg","contentUrl":"https:\/\/lapausetendresse.fr\/wp-content\/uploads\/2022\/05\/IMG_3192-scaled.jpg","width":2560,"height":2560},{"@type":"WebPage","@id":"https:\/\/lapausetendresse.fr\/?product=attache-doudou-personnalise#webpage","url":"https:\/\/lapausetendresse.fr\/?product=attache-doudou-personnalise","name":"Attache doudou personnalis\u00e9 - La Pause Tendresse","isPartOf":{"@id":"http:\/\/lapausetendresse.fr\/#website"},"primaryImageOfPage":{"@id":"https:\/\/lapausetendresse.fr\/?product=attache-doudou-personnalise#primaryimage"},"datePublished":"2022-05-29T14:13:02+00:00","dateModified":"2025-09-24T17:12:10+00:00","breadcrumb":{"@id":"https:\/\/lapausetendresse.fr\/?product=attache-doudou-personnalise#breadcrumb"},"inLanguage":"fr-FR","potentialAction":[{"@type":"ReadAction","target":["https:\/\/lapausetendresse.fr\/?product=attache-doudou-personnalise"]}]},{"@type":"BreadcrumbList","@id":"https:\/\/lapausetendresse.fr\/?product=attache-doudou-personnalise#breadcrumb","itemListElement":[{"@type":"ListItem","position":1,"name":"Accueil","item":"http:\/\/lapausetendresse.fr\/"},{"@type":"ListItem","position":2,"name":"Mes Cr\u00e9ations","item":"https:\/\/lapausetendresse.fr\/?page_id=452"},{"@type":"ListItem","position":3,"name":"Attache doudou personnalis\u00e9"}]}]}},"_links":{"self":[{"href":"https:\/\/lapausetendresse.fr\/index.php?rest_route=\/wp\/v2\/product\/2029"}],"collection":[{"href":"https:\/\/lapausetendresse.fr\/index.php?rest_route=\/wp\/v2\/product"}],"about":[{"href":"https:\/\/lapausetendresse.fr\/index.php?rest_route=\/wp\/v2\/types\/product"}],"replies":[{"embeddable":true,"href":"https:\/\/lapausetendresse.fr\/index.php?rest_route=%2Fwp%2Fv2%2Fcomments&post=2029"}],"wp:featuredmedia":[{"embeddable":true,"href":"https:\/\/lapausetendresse.fr\/index.php?rest_route=\/wp\/v2\/media\/2025"}],"wp:attachment":[{"href":"https:\/\/lapausetendresse.fr\/index.php?rest_route=%2Fwp%2Fv2%2Fmedia&parent=2029"}],"wp:term":[{"taxonomy":"product_cat","embeddable":true,"href":"https:\/\/lapausetendresse.fr\/index.php?rest_route=%2Fwp%2Fv2%2Fproduct_cat&post=2029"},{"taxonomy":"product_tag","embeddable":true,"href":"https:\/\/lapausetendresse.fr\/index.php?rest_route=%2Fwp%2Fv2%2Fproduct_tag&post=2029"}],"curies":[{"name":"wp","href":"https:\/\/api.w.org\/{rel}","templated":true}]}}