{"id":2058,"date":"2022-06-30T09:09:48","date_gmt":"2022-06-30T07:09:48","guid":{"rendered":"https:\/\/lapausetendresse.fr\/?post_type=product&#038;p=2058"},"modified":"2024-08-29T09:01:40","modified_gmt":"2024-08-29T07:01:40","slug":"gourde-gobelet-tasse-a-eau-personnalisee","status":"publish","type":"product","link":"https:\/\/lapausetendresse.fr\/?product=gourde-gobelet-tasse-a-eau-personnalisee","title":{"rendered":"Gourde \/ Gobelet \/ Tasse \u00e0 eau personnalis\u00e9e"},"content":{"rendered":"<p>Fabriqu\u00e9 \u00e0 partir de mat\u00e9riaux de haute qualit\u00e9, sans BPA, il est s\u00fbr et sans danger pour les b\u00e9b\u00e9s.<\/p>\n<p>La boule de gravit\u00e9 \u00e0 360 degr\u00e9s est sp\u00e9cialement con\u00e7ue pour la compr\u00e9hension des enfants.<\/p>\n<p>La conception de la paille peut efficacement emp\u00eacher les fuites et l&rsquo;\u00e9touffement, et elle ne fuit pas lorsqu&rsquo;elle se tient \u00e0 l&rsquo;envers.<\/p>\n<p>Le pr\u00e9nom est r\u00e9alis\u00e9 avec un vinyle permanent blanc ou noir (que j&rsquo;ai pu tester au quotidien avec ma fille).<\/p>\n<ul class=\"a-unordered-list a-vertical\">\n<li><span class=\"a-list-item\">Gobelet avec paille pour b\u00e9b\u00e9s d\u00e8s 6 mois<\/span><\/li>\n<li><span class=\"a-list-item\">Paille en silicone souple douce pour les gencives<\/span><\/li>\n<li><span class=\"a-list-item\">Possibilit\u00e9 de boire dans toutes les positions<\/span><\/li>\n<li><span class=\"a-list-item\">Herm\u00e9tique gr\u00e2ce au couvercle coulissant<\/span><\/li>\n<li><span class=\"a-list-item\">Poign\u00e9es antid\u00e9rapantes ergonomiques<\/span><\/li>\n<li><span class=\"a-list-item\">Capacit\u00e9 : 330 ml<\/span><\/li>\n<li><span class=\"a-list-item\">Couleur : Rose ou bleu<\/span><\/li>\n<\/ul>\n<p>Si la paille devient trop sale, ou s&rsquo;abime (si b\u00e9b\u00e9 m\u00e2chouille la paille), je poss\u00e8de des pailles de remplacement -&gt; \u00e0 voir dans l&rsquo;onglet accessoires<\/p>\n<h2>N\u2019oubliez pas de m\u2019informer lors de la commande :<\/h2>\n<ul>\n<li>le pr\u00e9nom de l&rsquo;enfant<\/li>\n<li>la couleur de la gourde (rose ou bleu\/vert)<\/li>\n<li>la couleur de l&rsquo;\u00e9criture (blanche ou noir)<\/li>\n<li>si vous souhaitez un dessin (panda, \u00e9l\u00e9phant, coeur, ou autre)<\/li>\n<li>Si vous voulez choisir la police d&rsquo;\u00e9criture (je vous enverrai un rendu de plusieurs styles)<\/li>\n<\/ul>\n<p>&nbsp;<\/p>\n<p><img loading=\"lazy\" class=\"size-full wp-image-1300 aligncenter\" src=\"http:\/\/lapausetendresse.fr\/wp-content\/uploads\/2021\/10\/Cre%CC%81e%CC%81s-en-Provence-200x200-1.png\" sizes=\"(max-width: 200px) 100vw, 200px\" srcset=\"https:\/\/lapausetendresse.fr\/wp-content\/uploads\/2021\/10\/Cre\u0301e\u0301s-en-Provence-200x200-1.png 200w, https:\/\/lapausetendresse.fr\/wp-content\/uploads\/2021\/10\/Cre\u0301e\u0301s-en-Provence-200x200-1-150x150.png 150w, https:\/\/lapausetendresse.fr\/wp-content\/uploads\/2021\/10\/Cre\u0301e\u0301s-en-Provence-200x200-1-60x60.png 60w\" alt=\"\" width=\"200\" height=\"200\" \/><\/p>\n","protected":false},"excerpt":{"rendered":"<p>Gobelet avec paille de 330 ml<\/p>\n<p>Tr\u00e8s pratique avec sa paille flotteur. Elle suit non seulement tous les mouvements de votre enfant, mais lui permet \u00e9galement de boire dans toutes les positions.<\/p>\n<p>Etanche, anti-goute.<\/p>\n<p>Parfait pour toutes vos sorties et \u00e0 la maison.<\/p>\n<p>Le petit plus, personnalis\u00e9 cette gourde avec le pr\u00e9nom de l&rsquo;enfant.<\/p>\n","protected":false},"featured_media":2270,"comment_status":"open","ping_status":"closed","template":"","meta":[],"product_cat":[112],"product_tag":[170,168,169],"yoast_head":"<!-- This site is optimized with the Yoast SEO plugin v17.4 - https:\/\/yoast.com\/wordpress\/plugins\/seo\/ -->\n<title>Gourde \/ Gobelet \/ Tasse \u00e0 eau personnalis\u00e9e - La Pause Tendresse<\/title>\n<meta name=\"robots\" content=\"index, follow, max-snippet:-1, max-image-preview:large, max-video-preview:-1\" \/>\n<link rel=\"canonical\" href=\"http:\/\/lapausetendresse.fr\/?product=gourde-gobelet-tasse-a-eau-personnalisee\" \/>\n<meta property=\"og:locale\" content=\"fr_FR\" \/>\n<meta property=\"og:type\" content=\"article\" \/>\n<meta property=\"og:title\" content=\"Gourde \/ Gobelet \/ Tasse \u00e0 eau personnalis\u00e9e - La Pause Tendresse\" \/>\n<meta property=\"og:description\" content=\"Gobelet avec paille de 330 ml  Tr\u00e8s pratique avec sa paille flotteur. Elle suit non seulement tous les mouvements de votre enfant, mais lui permet \u00e9galement de boire dans toutes les positions.  Etanche, anti-goute.  Parfait pour toutes vos sorties et \u00e0 la maison.  Le petit plus, personnalis\u00e9 cette gourde avec le pr\u00e9nom de l&#039;enfant.\" \/>\n<meta property=\"og:url\" content=\"http:\/\/lapausetendresse.fr\/?product=gourde-gobelet-tasse-a-eau-personnalisee\" \/>\n<meta property=\"og:site_name\" content=\"La Pause Tendresse\" \/>\n<meta property=\"article:modified_time\" content=\"2024-08-29T07:01:40+00:00\" \/>\n<meta property=\"og:image\" content=\"https:\/\/lapausetendresse.fr\/wp-content\/uploads\/2022\/06\/IMG_5639-scaled.jpg\" \/>\n\t<meta property=\"og:image:width\" content=\"2560\" \/>\n\t<meta property=\"og:image:height\" content=\"2560\" \/>\n<meta name=\"twitter:card\" content=\"summary_large_image\" \/>\n<meta name=\"twitter:label1\" content=\"Dur\u00e9e de lecture est.\" \/>\n\t<meta name=\"twitter:data1\" content=\"1 minute\" \/>\n<script type=\"application\/ld+json\" class=\"yoast-schema-graph\">{\"@context\":\"https:\/\/schema.org\",\"@graph\":[{\"@type\":\"WebSite\",\"@id\":\"http:\/\/lapausetendresse.fr\/#website\",\"url\":\"http:\/\/lapausetendresse.fr\/\",\"name\":\"La Pause Tendresse\",\"description\":\"Passionn\\u00e9e par le crochet et le monde des Petits\",\"potentialAction\":[{\"@type\":\"SearchAction\",\"target\":{\"@type\":\"EntryPoint\",\"urlTemplate\":\"http:\/\/lapausetendresse.fr\/?s={search_term_string}\"},\"query-input\":\"required name=search_term_string\"}],\"inLanguage\":\"fr-FR\"},{\"@type\":\"ImageObject\",\"@id\":\"http:\/\/lapausetendresse.fr\/?product=gourde-gobelet-tasse-a-eau-personnalisee#primaryimage\",\"inLanguage\":\"fr-FR\",\"url\":\"https:\/\/lapausetendresse.fr\/wp-content\/uploads\/2022\/06\/IMG_5639-scaled.jpg\",\"contentUrl\":\"https:\/\/lapausetendresse.fr\/wp-content\/uploads\/2022\/06\/IMG_5639-scaled.jpg\",\"width\":2560,\"height\":2560},{\"@type\":\"WebPage\",\"@id\":\"http:\/\/lapausetendresse.fr\/?product=gourde-gobelet-tasse-a-eau-personnalisee#webpage\",\"url\":\"http:\/\/lapausetendresse.fr\/?product=gourde-gobelet-tasse-a-eau-personnalisee\",\"name\":\"Gourde \/ Gobelet \/ Tasse \\u00e0 eau personnalis\\u00e9e - La Pause Tendresse\",\"isPartOf\":{\"@id\":\"http:\/\/lapausetendresse.fr\/#website\"},\"primaryImageOfPage\":{\"@id\":\"http:\/\/lapausetendresse.fr\/?product=gourde-gobelet-tasse-a-eau-personnalisee#primaryimage\"},\"datePublished\":\"2022-06-30T07:09:48+00:00\",\"dateModified\":\"2024-08-29T07:01:40+00:00\",\"breadcrumb\":{\"@id\":\"http:\/\/lapausetendresse.fr\/?product=gourde-gobelet-tasse-a-eau-personnalisee#breadcrumb\"},\"inLanguage\":\"fr-FR\",\"potentialAction\":[{\"@type\":\"ReadAction\",\"target\":[\"http:\/\/lapausetendresse.fr\/?product=gourde-gobelet-tasse-a-eau-personnalisee\"]}]},{\"@type\":\"BreadcrumbList\",\"@id\":\"http:\/\/lapausetendresse.fr\/?product=gourde-gobelet-tasse-a-eau-personnalisee#breadcrumb\",\"itemListElement\":[{\"@type\":\"ListItem\",\"position\":1,\"name\":\"Accueil\",\"item\":\"http:\/\/lapausetendresse.fr\/\"},{\"@type\":\"ListItem\",\"position\":2,\"name\":\"Mes Cr\\u00e9ations\",\"item\":\"https:\/\/lapausetendresse.fr\/?page_id=452\"},{\"@type\":\"ListItem\",\"position\":3,\"name\":\"Gourde \/ Gobelet \/ Tasse \\u00e0 eau personnalis\\u00e9e\"}]}]}<\/script>\n<!-- \/ Yoast SEO plugin. -->","yoast_head_json":{"title":"Gourde \/ Gobelet \/ Tasse \u00e0 eau personnalis\u00e9e - La Pause Tendresse","robots":{"index":"index","follow":"follow","max-snippet":"max-snippet:-1","max-image-preview":"max-image-preview:large","max-video-preview":"max-video-preview:-1"},"canonical":"http:\/\/lapausetendresse.fr\/?product=gourde-gobelet-tasse-a-eau-personnalisee","og_locale":"fr_FR","og_type":"article","og_title":"Gourde \/ Gobelet \/ Tasse \u00e0 eau personnalis\u00e9e - La Pause Tendresse","og_description":"Gobelet avec paille de 330 ml  Tr\u00e8s pratique avec sa paille flotteur. Elle suit non seulement tous les mouvements de votre enfant, mais lui permet \u00e9galement de boire dans toutes les positions.  Etanche, anti-goute.  Parfait pour toutes vos sorties et \u00e0 la maison.  Le petit plus, personnalis\u00e9 cette gourde avec le pr\u00e9nom de l'enfant.","og_url":"http:\/\/lapausetendresse.fr\/?product=gourde-gobelet-tasse-a-eau-personnalisee","og_site_name":"La Pause Tendresse","article_modified_time":"2024-08-29T07:01:40+00:00","og_image":[{"width":2560,"height":2560,"url":"https:\/\/lapausetendresse.fr\/wp-content\/uploads\/2022\/06\/IMG_5639-scaled.jpg","type":"image\/jpeg"}],"twitter_card":"summary_large_image","twitter_misc":{"Dur\u00e9e de lecture est.":"1 minute"},"schema":{"@context":"https:\/\/schema.org","@graph":[{"@type":"WebSite","@id":"http:\/\/lapausetendresse.fr\/#website","url":"http:\/\/lapausetendresse.fr\/","name":"La Pause Tendresse","description":"Passionn\u00e9e par le crochet et le monde des Petits","potentialAction":[{"@type":"SearchAction","target":{"@type":"EntryPoint","urlTemplate":"http:\/\/lapausetendresse.fr\/?s={search_term_string}"},"query-input":"required name=search_term_string"}],"inLanguage":"fr-FR"},{"@type":"ImageObject","@id":"http:\/\/lapausetendresse.fr\/?product=gourde-gobelet-tasse-a-eau-personnalisee#primaryimage","inLanguage":"fr-FR","url":"https:\/\/lapausetendresse.fr\/wp-content\/uploads\/2022\/06\/IMG_5639-scaled.jpg","contentUrl":"https:\/\/lapausetendresse.fr\/wp-content\/uploads\/2022\/06\/IMG_5639-scaled.jpg","width":2560,"height":2560},{"@type":"WebPage","@id":"http:\/\/lapausetendresse.fr\/?product=gourde-gobelet-tasse-a-eau-personnalisee#webpage","url":"http:\/\/lapausetendresse.fr\/?product=gourde-gobelet-tasse-a-eau-personnalisee","name":"Gourde \/ Gobelet \/ Tasse \u00e0 eau personnalis\u00e9e - La Pause Tendresse","isPartOf":{"@id":"http:\/\/lapausetendresse.fr\/#website"},"primaryImageOfPage":{"@id":"http:\/\/lapausetendresse.fr\/?product=gourde-gobelet-tasse-a-eau-personnalisee#primaryimage"},"datePublished":"2022-06-30T07:09:48+00:00","dateModified":"2024-08-29T07:01:40+00:00","breadcrumb":{"@id":"http:\/\/lapausetendresse.fr\/?product=gourde-gobelet-tasse-a-eau-personnalisee#breadcrumb"},"inLanguage":"fr-FR","potentialAction":[{"@type":"ReadAction","target":["http:\/\/lapausetendresse.fr\/?product=gourde-gobelet-tasse-a-eau-personnalisee"]}]},{"@type":"BreadcrumbList","@id":"http:\/\/lapausetendresse.fr\/?product=gourde-gobelet-tasse-a-eau-personnalisee#breadcrumb","itemListElement":[{"@type":"ListItem","position":1,"name":"Accueil","item":"http:\/\/lapausetendresse.fr\/"},{"@type":"ListItem","position":2,"name":"Mes Cr\u00e9ations","item":"https:\/\/lapausetendresse.fr\/?page_id=452"},{"@type":"ListItem","position":3,"name":"Gourde \/ Gobelet \/ Tasse \u00e0 eau personnalis\u00e9e"}]}]}},"_links":{"self":[{"href":"https:\/\/lapausetendresse.fr\/index.php?rest_route=\/wp\/v2\/product\/2058"}],"collection":[{"href":"https:\/\/lapausetendresse.fr\/index.php?rest_route=\/wp\/v2\/product"}],"about":[{"href":"https:\/\/lapausetendresse.fr\/index.php?rest_route=\/wp\/v2\/types\/product"}],"replies":[{"embeddable":true,"href":"https:\/\/lapausetendresse.fr\/index.php?rest_route=%2Fwp%2Fv2%2Fcomments&post=2058"}],"wp:featuredmedia":[{"embeddable":true,"href":"https:\/\/lapausetendresse.fr\/index.php?rest_route=\/wp\/v2\/media\/2270"}],"wp:attachment":[{"href":"https:\/\/lapausetendresse.fr\/index.php?rest_route=%2Fwp%2Fv2%2Fmedia&parent=2058"}],"wp:term":[{"taxonomy":"product_cat","embeddable":true,"href":"https:\/\/lapausetendresse.fr\/index.php?rest_route=%2Fwp%2Fv2%2Fproduct_cat&post=2058"},{"taxonomy":"product_tag","embeddable":true,"href":"https:\/\/lapausetendresse.fr\/index.php?rest_route=%2Fwp%2Fv2%2Fproduct_tag&post=2058"}],"curies":[{"name":"wp","href":"https:\/\/api.w.org\/{rel}","templated":true}]}}