{"id":2110,"date":"2022-09-06T14:21:54","date_gmt":"2022-09-06T12:21:54","guid":{"rendered":"https:\/\/lapausetendresse.fr\/?post_type=product&#038;p=2110"},"modified":"2025-09-24T20:27:57","modified_gmt":"2025-09-24T18:27:57","slug":"coffret-cadeaux-a-25-e","status":"publish","type":"product","link":"https:\/\/lapausetendresse.fr\/?product=coffret-cadeaux-a-25-e","title":{"rendered":"Coffret cadeaux \u00e0 27 \u20ac &#8211; attache sucette + anneau de dentition"},"content":{"rendered":"<p>A l&rsquo;int\u00e9rieur du coffret<\/p>\n<ul>\n<li>une attache sucette simple<\/li>\n<li>un anneau de dentition<\/li>\n<\/ul>\n<p>Article fabriqu\u00e9, emball\u00e9 puis exp\u00e9di\u00e9 sous 6-8 jours ouvr\u00e9s.<\/p>\n<p>couleurs personnalisables.<\/p>\n<p>&nbsp;<\/p>\n<p><strong><u>Description de l&rsquo;anneau de dentition :\u00a0<\/u><\/strong><\/p>\n<p><span class=\"a-list-item\">Anneau de dentition qui soulage les douleurs dentaires.\u00a0<\/span><\/p>\n<p>Il est \u00e0 la fois un hochet et un jouet de dentition.<\/p>\n<p><span class=\"a-list-item\">Le meilleur compagnon pour b\u00e9b\u00e9: mignon anneau de dentition en couleur, son apparence attire l\u2019attention de l\u2019enfant et peut l\u2019apaiser. Les perles color\u00e9es peuvent stimuler la vision et le sens du toucher des enfants, entra\u00eener la coordination des yeux et des mains de l\u2019enfant. une clochette stimulera l\u2019ou\u00efe de l\u2019enfant.<\/span><\/p>\n<p><u>Dimension :<\/u> mesure environ 9 cm de diam\u00e8tre.<\/p>\n<p>&nbsp;<\/p>\n<p><strong><u>Description des attaches sucettes :<\/u><\/strong><\/p>\n<p>Contient des petites pi\u00e8ces. \u00c0 utiliser sous la surveillance d\u2019un adulte.<\/p>\n<p><u>Mat\u00e9riaux utilis\u00e9s :<\/u> perle en bois naturel et\/ou en silicone, perle alphabet en bois ou silicone sans BPA, clip en bois de h\u00eatre sans BPA et cordon satin soie int\u00e9rieur nylon.<\/p>\n<p><u>Dimension :<\/u> mesure environ 23 \u00e0 25 cm. La longueur d\u00e9pend du nombre de lettre \u00e0 inscrire et du mod\u00e8le.<\/p>\n<p>&nbsp;<\/p>\n<p>Possibilit\u00e9 d&rsquo;ajouter \u00e0 votre panier un adaptateur en silicone transparent universel (pour attacher vos sucettes qui n\u2019auraient pas d\u2019anneau d\u2019accroche) \u2013\u00a0<u>tarif\u00a0<\/u>: 1\u20ac (\u00e0 retrouver dans l&rsquo;onglet accessoires)<\/p>\n<h2>N\u2019oubliez pas de m\u2019informer lors de la commande :<\/h2>\n<ul>\n<li>le pr\u00e9nom<\/li>\n<li>les couleurs.<\/li>\n<\/ul>\n<p><img loading=\"lazy\" class=\"size-full wp-image-1300 aligncenter\" src=\"http:\/\/lapausetendresse.fr\/wp-content\/uploads\/2021\/10\/Cre%CC%81e%CC%81s-en-Provence-200x200-1.png\" sizes=\"(max-width: 200px) 100vw, 200px\" srcset=\"https:\/\/lapausetendresse.fr\/wp-content\/uploads\/2021\/10\/Cre\u0301e\u0301s-en-Provence-200x200-1.png 200w, https:\/\/lapausetendresse.fr\/wp-content\/uploads\/2021\/10\/Cre\u0301e\u0301s-en-Provence-200x200-1-150x150.png 150w, https:\/\/lapausetendresse.fr\/wp-content\/uploads\/2021\/10\/Cre\u0301e\u0301s-en-Provence-200x200-1-60x60.png 60w\" alt=\"\" width=\"200\" height=\"200\" \/><\/p>\n","protected":false},"excerpt":{"rendered":"<p><strong>Coffret cadeau comprenant 2 articles :\u00a0<\/strong>Le tout gliss\u00e9 \u00e0 l\u2019int\u00e9rieur d\u2019un petit coffret cadeau simple.<\/p>\n<ul>\n<li>une attache sucette<\/li>\n<li>un anneau de dentition.<\/li>\n<\/ul>\n<p>Le cadeau parfait pour une naissance, anniversaire, no\u00ebl ou tout simplement pour faire ou se plaisir.<\/p>\n<ul>\n<li>Confectionn\u00e9 par mes soins,<\/li>\n<li>Chaque pi\u00e8ce est unique ;<\/li>\n<li>Couleurs personnalisables ;<\/li>\n<li>Tenue en main facile ;<\/li>\n<li>D\u00e9veloppe les sens de b\u00e9b\u00e9 (le toucher, la vision, l\u2019ou\u00efe) ;<\/li>\n<li>Envoi rapide.<\/li>\n<\/ul>\n","protected":false},"featured_media":2751,"comment_status":"open","ping_status":"closed","template":"","meta":[],"product_cat":[52],"product_tag":[101,100],"yoast_head":"<!-- This site is optimized with the Yoast SEO plugin v17.4 - https:\/\/yoast.com\/wordpress\/plugins\/seo\/ -->\n<title>Coffret cadeaux \u00e0 27 \u20ac - attache sucette + anneau de dentition - La Pause Tendresse<\/title>\n<meta name=\"robots\" content=\"index, follow, max-snippet:-1, max-image-preview:large, max-video-preview:-1\" \/>\n<link rel=\"canonical\" href=\"https:\/\/lapausetendresse.fr\/?product=coffret-cadeaux-a-25-e\" \/>\n<meta property=\"og:locale\" content=\"fr_FR\" \/>\n<meta property=\"og:type\" content=\"article\" \/>\n<meta property=\"og:title\" content=\"Coffret cadeaux \u00e0 27 \u20ac - attache sucette + anneau de dentition - La Pause Tendresse\" \/>\n<meta property=\"og:description\" content=\"Coffret cadeau comprenant 2 articles :\u00a0Le tout gliss\u00e9 \u00e0 l\u2019int\u00e9rieur d\u2019un petit coffret cadeau simple.   une attache sucette  un anneau de dentition.  Le cadeau parfait pour une naissance, anniversaire, no\u00ebl ou tout simplement pour faire ou se plaisir.   Confectionn\u00e9 par mes soins,  Chaque pi\u00e8ce est unique ;  Couleurs personnalisables ;  Tenue en main facile ;  D\u00e9veloppe les sens de b\u00e9b\u00e9 (le toucher, la vision, l\u2019ou\u00efe) ;  Envoi rapide.\" \/>\n<meta property=\"og:url\" content=\"https:\/\/lapausetendresse.fr\/?product=coffret-cadeaux-a-25-e\" \/>\n<meta property=\"og:site_name\" content=\"La Pause Tendresse\" \/>\n<meta property=\"article:modified_time\" content=\"2025-09-24T18:27:57+00:00\" \/>\n<meta property=\"og:image\" content=\"http:\/\/lapausetendresse.fr\/wp-content\/uploads\/2022\/09\/IMG_5683-scaled.jpg\" \/>\n\t<meta property=\"og:image:width\" content=\"2560\" \/>\n\t<meta property=\"og:image:height\" content=\"2560\" \/>\n<meta name=\"twitter:card\" content=\"summary_large_image\" \/>\n<meta name=\"twitter:label1\" content=\"Dur\u00e9e de lecture est.\" \/>\n\t<meta name=\"twitter:data1\" content=\"2 minutes\" \/>\n<script type=\"application\/ld+json\" class=\"yoast-schema-graph\">{\"@context\":\"https:\/\/schema.org\",\"@graph\":[{\"@type\":\"WebSite\",\"@id\":\"http:\/\/lapausetendresse.fr\/#website\",\"url\":\"http:\/\/lapausetendresse.fr\/\",\"name\":\"La Pause Tendresse\",\"description\":\"Passionn\\u00e9e par le crochet et le monde des Petits\",\"potentialAction\":[{\"@type\":\"SearchAction\",\"target\":{\"@type\":\"EntryPoint\",\"urlTemplate\":\"http:\/\/lapausetendresse.fr\/?s={search_term_string}\"},\"query-input\":\"required name=search_term_string\"}],\"inLanguage\":\"fr-FR\"},{\"@type\":\"ImageObject\",\"@id\":\"https:\/\/lapausetendresse.fr\/?product=coffret-cadeaux-a-25-e#primaryimage\",\"inLanguage\":\"fr-FR\",\"url\":\"https:\/\/lapausetendresse.fr\/wp-content\/uploads\/2022\/09\/IMG_5683-scaled.jpg\",\"contentUrl\":\"https:\/\/lapausetendresse.fr\/wp-content\/uploads\/2022\/09\/IMG_5683-scaled.jpg\",\"width\":2560,\"height\":2560},{\"@type\":\"WebPage\",\"@id\":\"https:\/\/lapausetendresse.fr\/?product=coffret-cadeaux-a-25-e#webpage\",\"url\":\"https:\/\/lapausetendresse.fr\/?product=coffret-cadeaux-a-25-e\",\"name\":\"Coffret cadeaux \\u00e0 27 \\u20ac - attache sucette + anneau de dentition - La Pause Tendresse\",\"isPartOf\":{\"@id\":\"http:\/\/lapausetendresse.fr\/#website\"},\"primaryImageOfPage\":{\"@id\":\"https:\/\/lapausetendresse.fr\/?product=coffret-cadeaux-a-25-e#primaryimage\"},\"datePublished\":\"2022-09-06T12:21:54+00:00\",\"dateModified\":\"2025-09-24T18:27:57+00:00\",\"breadcrumb\":{\"@id\":\"https:\/\/lapausetendresse.fr\/?product=coffret-cadeaux-a-25-e#breadcrumb\"},\"inLanguage\":\"fr-FR\",\"potentialAction\":[{\"@type\":\"ReadAction\",\"target\":[\"https:\/\/lapausetendresse.fr\/?product=coffret-cadeaux-a-25-e\"]}]},{\"@type\":\"BreadcrumbList\",\"@id\":\"https:\/\/lapausetendresse.fr\/?product=coffret-cadeaux-a-25-e#breadcrumb\",\"itemListElement\":[{\"@type\":\"ListItem\",\"position\":1,\"name\":\"Accueil\",\"item\":\"http:\/\/lapausetendresse.fr\/\"},{\"@type\":\"ListItem\",\"position\":2,\"name\":\"Mes Cr\\u00e9ations\",\"item\":\"https:\/\/lapausetendresse.fr\/?page_id=452\"},{\"@type\":\"ListItem\",\"position\":3,\"name\":\"Coffret cadeaux \\u00e0 27 \\u20ac &#8211; attache sucette + anneau de dentition\"}]}]}<\/script>\n<!-- \/ Yoast SEO plugin. -->","yoast_head_json":{"title":"Coffret cadeaux \u00e0 27 \u20ac - attache sucette + anneau de dentition - La Pause Tendresse","robots":{"index":"index","follow":"follow","max-snippet":"max-snippet:-1","max-image-preview":"max-image-preview:large","max-video-preview":"max-video-preview:-1"},"canonical":"https:\/\/lapausetendresse.fr\/?product=coffret-cadeaux-a-25-e","og_locale":"fr_FR","og_type":"article","og_title":"Coffret cadeaux \u00e0 27 \u20ac - attache sucette + anneau de dentition - La Pause Tendresse","og_description":"Coffret cadeau comprenant 2 articles :\u00a0Le tout gliss\u00e9 \u00e0 l\u2019int\u00e9rieur d\u2019un petit coffret cadeau simple.   une attache sucette  un anneau de dentition.  Le cadeau parfait pour une naissance, anniversaire, no\u00ebl ou tout simplement pour faire ou se plaisir.   Confectionn\u00e9 par mes soins,  Chaque pi\u00e8ce est unique ;  Couleurs personnalisables ;  Tenue en main facile ;  D\u00e9veloppe les sens de b\u00e9b\u00e9 (le toucher, la vision, l\u2019ou\u00efe) ;  Envoi rapide.","og_url":"https:\/\/lapausetendresse.fr\/?product=coffret-cadeaux-a-25-e","og_site_name":"La Pause Tendresse","article_modified_time":"2025-09-24T18:27:57+00:00","og_image":[{"width":2560,"height":2560,"url":"http:\/\/lapausetendresse.fr\/wp-content\/uploads\/2022\/09\/IMG_5683-scaled.jpg","type":"image\/jpeg"}],"twitter_card":"summary_large_image","twitter_misc":{"Dur\u00e9e de lecture est.":"2 minutes"},"schema":{"@context":"https:\/\/schema.org","@graph":[{"@type":"WebSite","@id":"http:\/\/lapausetendresse.fr\/#website","url":"http:\/\/lapausetendresse.fr\/","name":"La Pause Tendresse","description":"Passionn\u00e9e par le crochet et le monde des Petits","potentialAction":[{"@type":"SearchAction","target":{"@type":"EntryPoint","urlTemplate":"http:\/\/lapausetendresse.fr\/?s={search_term_string}"},"query-input":"required name=search_term_string"}],"inLanguage":"fr-FR"},{"@type":"ImageObject","@id":"https:\/\/lapausetendresse.fr\/?product=coffret-cadeaux-a-25-e#primaryimage","inLanguage":"fr-FR","url":"https:\/\/lapausetendresse.fr\/wp-content\/uploads\/2022\/09\/IMG_5683-scaled.jpg","contentUrl":"https:\/\/lapausetendresse.fr\/wp-content\/uploads\/2022\/09\/IMG_5683-scaled.jpg","width":2560,"height":2560},{"@type":"WebPage","@id":"https:\/\/lapausetendresse.fr\/?product=coffret-cadeaux-a-25-e#webpage","url":"https:\/\/lapausetendresse.fr\/?product=coffret-cadeaux-a-25-e","name":"Coffret cadeaux \u00e0 27 \u20ac - attache sucette + anneau de dentition - La Pause Tendresse","isPartOf":{"@id":"http:\/\/lapausetendresse.fr\/#website"},"primaryImageOfPage":{"@id":"https:\/\/lapausetendresse.fr\/?product=coffret-cadeaux-a-25-e#primaryimage"},"datePublished":"2022-09-06T12:21:54+00:00","dateModified":"2025-09-24T18:27:57+00:00","breadcrumb":{"@id":"https:\/\/lapausetendresse.fr\/?product=coffret-cadeaux-a-25-e#breadcrumb"},"inLanguage":"fr-FR","potentialAction":[{"@type":"ReadAction","target":["https:\/\/lapausetendresse.fr\/?product=coffret-cadeaux-a-25-e"]}]},{"@type":"BreadcrumbList","@id":"https:\/\/lapausetendresse.fr\/?product=coffret-cadeaux-a-25-e#breadcrumb","itemListElement":[{"@type":"ListItem","position":1,"name":"Accueil","item":"http:\/\/lapausetendresse.fr\/"},{"@type":"ListItem","position":2,"name":"Mes Cr\u00e9ations","item":"https:\/\/lapausetendresse.fr\/?page_id=452"},{"@type":"ListItem","position":3,"name":"Coffret cadeaux \u00e0 27 \u20ac &#8211; attache sucette + anneau de dentition"}]}]}},"_links":{"self":[{"href":"https:\/\/lapausetendresse.fr\/index.php?rest_route=\/wp\/v2\/product\/2110"}],"collection":[{"href":"https:\/\/lapausetendresse.fr\/index.php?rest_route=\/wp\/v2\/product"}],"about":[{"href":"https:\/\/lapausetendresse.fr\/index.php?rest_route=\/wp\/v2\/types\/product"}],"replies":[{"embeddable":true,"href":"https:\/\/lapausetendresse.fr\/index.php?rest_route=%2Fwp%2Fv2%2Fcomments&post=2110"}],"wp:featuredmedia":[{"embeddable":true,"href":"https:\/\/lapausetendresse.fr\/index.php?rest_route=\/wp\/v2\/media\/2751"}],"wp:attachment":[{"href":"https:\/\/lapausetendresse.fr\/index.php?rest_route=%2Fwp%2Fv2%2Fmedia&parent=2110"}],"wp:term":[{"taxonomy":"product_cat","embeddable":true,"href":"https:\/\/lapausetendresse.fr\/index.php?rest_route=%2Fwp%2Fv2%2Fproduct_cat&post=2110"},{"taxonomy":"product_tag","embeddable":true,"href":"https:\/\/lapausetendresse.fr\/index.php?rest_route=%2Fwp%2Fv2%2Fproduct_tag&post=2110"}],"curies":[{"name":"wp","href":"https:\/\/api.w.org\/{rel}","templated":true}]}}