{"id":2134,"date":"2022-09-07T13:29:46","date_gmt":"2022-09-07T11:29:46","guid":{"rendered":"https:\/\/lapausetendresse.fr\/?post_type=product&#038;p=2134"},"modified":"2025-09-24T20:28:33","modified_gmt":"2025-09-24T18:28:33","slug":"coffret-cadeaux-a-35-e-hochet-brosse","status":"publish","type":"product","link":"https:\/\/lapausetendresse.fr\/?product=coffret-cadeaux-a-35-e-hochet-brosse","title":{"rendered":"Coffret cadeaux \u00e0 49 \u20ac \u2013 hochet + brosse"},"content":{"rendered":"<p><u>Mat\u00e9riaux utilis\u00e9s :<\/u>\u00a0laine 100% coton (<a href=\"https:\/\/www.phildar.fr\/\">Phildar<\/a>\u00a0et\u00a0<a href=\"https:\/\/www.scheepjes.com\/en\/yarn\/\">Scheepjes<\/a>), anneau en bois de 70 mm con\u00e7u sp\u00e9cialement pour la dentition des b\u00e9b\u00e9s, mousse de rembourrage 100% polyester,\u00a0 grelot.<\/p>\n<p>Article fabriqu\u00e9, emball\u00e9 puis exp\u00e9di\u00e9 sous 6-12 jours ouvr\u00e9s.<\/p>\n<p><u>Conseil de lavage :<\/u><\/p>\n<ul>\n<li>Lavage machine en programme d\u00e9licat \u00e0 max 30\u00b0c ;<\/li>\n<li>Privil\u00e9gier un cycle lavage court ;<\/li>\n<li>Essorage conseill\u00e9 \u00e0 800 tours ;<\/li>\n<li>Ne pas mettre au s\u00e8che-linge.<\/li>\n<\/ul>\n<p>&nbsp;<\/p>\n<p><strong><u>Description du hochet au crochet :<\/u><\/strong><\/p>\n<p>Le hochet est une fa\u00e7on amusante de d\u00e9velopper les sens de B\u00e9b\u00e9 par la stimulation visuelle, auditive et tactile.<\/p>\n<p>Il est \u00e0 la fois un hochet et un jouet de dentition. Tenue en main facile pour les petits b\u00e9b\u00e9s gr\u00e2ce \u00e0 l\u2019anneau en bois.<\/p>\n<p>A l\u2019int\u00e9rieur de la t\u00eate est ins\u00e9r\u00e9 un grelot qui \u00e9met un petit bruit lorsque l&rsquo;animal est agit\u00e9.<\/p>\n<p><u>Dimension :<\/u> mesure environ 22 cm du haut de la t\u00eate au bout de sa queue.<\/p>\n<p>&nbsp;<\/p>\n<p><strong><u>Description de la brosse personnalis\u00e9e :\u00a0<\/u><\/strong><\/p>\n<p>Petite brosse \u00e0 cheveux pour b\u00e9b\u00e9 en bois. Tr\u00e8s douce elle prot\u00e8ge le cuir chevelu des b\u00e9b\u00e9s m\u00eames ceux aux peaux tr\u00e8s sensibles.<\/p>\n<p>La brosse de massage aide \u00e0 d\u00e9m\u00ealer les cheveux, stimuler le cuir chevelu et augmenter la circulation sanguine tout en relaxant votre b\u00e9b\u00e9.<\/p>\n<p><u>Dimension :<\/u> mesure 15 cm.<\/p>\n<p>&nbsp;<\/p>\n<p>&nbsp;<\/p>\n<p>La boite n&rsquo;est pas fourni (suppl\u00e9ment de 4\u20ac). L&rsquo;ensemble sera fourni dans une boite blanche simple.<\/p>\n<h2>N\u2019oubliez pas de m\u2019informer lors de la commande :<\/h2>\n<ul>\n<li>le pr\u00e9nom de l\u2019enfant ;<\/li>\n<li>la couleur d&rsquo;\u00e9criture pour la brosse (blanche, marron ou noir).<\/li>\n<\/ul>\n<p>&nbsp;<\/p>\n<p><img loading=\"lazy\" class=\"size-full wp-image-1300 aligncenter\" src=\"http:\/\/lapausetendresse.fr\/wp-content\/uploads\/2021\/10\/Cre%CC%81e%CC%81s-en-Provence-200x200-1.png\" sizes=\"(max-width: 200px) 100vw, 200px\" srcset=\"https:\/\/lapausetendresse.fr\/wp-content\/uploads\/2021\/10\/Cre\u0301e\u0301s-en-Provence-200x200-1.png 200w, https:\/\/lapausetendresse.fr\/wp-content\/uploads\/2021\/10\/Cre\u0301e\u0301s-en-Provence-200x200-1-150x150.png 150w, https:\/\/lapausetendresse.fr\/wp-content\/uploads\/2021\/10\/Cre\u0301e\u0301s-en-Provence-200x200-1-60x60.png 60w\" alt=\"\" width=\"200\" height=\"200\" \/><\/p>\n","protected":false},"excerpt":{"rendered":"<p><strong>Coffret cadeau comprenant 2 articles :\u00a0<\/strong><\/p>\n<ul>\n<li>un hochet panda roux<\/li>\n<li>une brosse personnalis\u00e9e.<\/li>\n<\/ul>\n<p>Le cadeau parfait pour une naissance, anniversaire, no\u00ebl ou tout simplement pour faire ou se faire plaisir.<\/p>\n<ul>\n<li>Confectionn\u00e9 par mes soins, chaque pi\u00e8ce est unique ;<\/li>\n<li>Couleurs et pr\u00e9nom personnalisables ;<\/li>\n<li>Mati\u00e8res naturelles ;<\/li>\n<li>Tenue en main facile pour les petits b\u00e9b\u00e9s gr\u00e2ce \u00e0 l\u2019anneau en bois ;<\/li>\n<li>D\u00e9veloppe les sens de b\u00e9b\u00e9 (le toucher, la vision, l\u2019ou\u00efe) ;<\/li>\n<li>Textures diff\u00e9rentes qui stimulent le toucher ;<\/li>\n<li>Lavable en machine ;<\/li>\n<li>Envoi rapide.<\/li>\n<\/ul>\n","protected":false},"featured_media":2138,"comment_status":"open","ping_status":"closed","template":"","meta":[],"product_cat":[52],"product_tag":[],"yoast_head":"<!-- This site is optimized with the Yoast SEO plugin v17.4 - https:\/\/yoast.com\/wordpress\/plugins\/seo\/ -->\n<title>Coffret cadeaux \u00e0 49 \u20ac \u2013 hochet + brosse - La Pause Tendresse<\/title>\n<meta name=\"robots\" content=\"index, follow, max-snippet:-1, max-image-preview:large, max-video-preview:-1\" \/>\n<link rel=\"canonical\" href=\"https:\/\/lapausetendresse.fr\/?product=coffret-cadeaux-a-35-e-hochet-brosse\" \/>\n<meta property=\"og:locale\" content=\"fr_FR\" \/>\n<meta property=\"og:type\" content=\"article\" \/>\n<meta property=\"og:title\" content=\"Coffret cadeaux \u00e0 49 \u20ac \u2013 hochet + brosse - La Pause Tendresse\" \/>\n<meta property=\"og:description\" content=\"Coffret cadeau comprenant 2 articles :\u00a0   un hochet panda roux  une brosse personnalis\u00e9e.  Le cadeau parfait pour une naissance, anniversaire, no\u00ebl ou tout simplement pour faire ou se faire plaisir.   Confectionn\u00e9 par mes soins, chaque pi\u00e8ce est unique ;  Couleurs et pr\u00e9nom personnalisables ;  Mati\u00e8res naturelles ;  Tenue en main facile pour les petits b\u00e9b\u00e9s gr\u00e2ce \u00e0 l\u2019anneau en bois ;  D\u00e9veloppe les sens de b\u00e9b\u00e9 (le toucher, la vision, l\u2019ou\u00efe) ;  Textures diff\u00e9rentes qui stimulent le toucher ;  Lavable en machine ;  Envoi rapide.\" \/>\n<meta property=\"og:url\" content=\"https:\/\/lapausetendresse.fr\/?product=coffret-cadeaux-a-35-e-hochet-brosse\" \/>\n<meta property=\"og:site_name\" content=\"La Pause Tendresse\" \/>\n<meta property=\"article:modified_time\" content=\"2025-09-24T18:28:33+00:00\" \/>\n<meta property=\"og:image\" content=\"http:\/\/lapausetendresse.fr\/wp-content\/uploads\/2022\/09\/IMG_1025-scaled.jpg\" \/>\n\t<meta property=\"og:image:width\" content=\"2560\" \/>\n\t<meta property=\"og:image:height\" content=\"2560\" \/>\n<meta name=\"twitter:card\" content=\"summary_large_image\" \/>\n<meta name=\"twitter:label1\" content=\"Dur\u00e9e de lecture est.\" \/>\n\t<meta name=\"twitter:data1\" content=\"1 minute\" \/>\n<script type=\"application\/ld+json\" class=\"yoast-schema-graph\">{\"@context\":\"https:\/\/schema.org\",\"@graph\":[{\"@type\":\"WebSite\",\"@id\":\"http:\/\/lapausetendresse.fr\/#website\",\"url\":\"http:\/\/lapausetendresse.fr\/\",\"name\":\"La Pause Tendresse\",\"description\":\"Passionn\\u00e9e par le crochet et le monde des Petits\",\"potentialAction\":[{\"@type\":\"SearchAction\",\"target\":{\"@type\":\"EntryPoint\",\"urlTemplate\":\"http:\/\/lapausetendresse.fr\/?s={search_term_string}\"},\"query-input\":\"required name=search_term_string\"}],\"inLanguage\":\"fr-FR\"},{\"@type\":\"ImageObject\",\"@id\":\"https:\/\/lapausetendresse.fr\/?product=coffret-cadeaux-a-35-e-hochet-brosse#primaryimage\",\"inLanguage\":\"fr-FR\",\"url\":\"https:\/\/lapausetendresse.fr\/wp-content\/uploads\/2022\/09\/IMG_1025-scaled.jpg\",\"contentUrl\":\"https:\/\/lapausetendresse.fr\/wp-content\/uploads\/2022\/09\/IMG_1025-scaled.jpg\",\"width\":2560,\"height\":2560},{\"@type\":\"WebPage\",\"@id\":\"https:\/\/lapausetendresse.fr\/?product=coffret-cadeaux-a-35-e-hochet-brosse#webpage\",\"url\":\"https:\/\/lapausetendresse.fr\/?product=coffret-cadeaux-a-35-e-hochet-brosse\",\"name\":\"Coffret cadeaux \\u00e0 49 \\u20ac \\u2013 hochet + brosse - La Pause Tendresse\",\"isPartOf\":{\"@id\":\"http:\/\/lapausetendresse.fr\/#website\"},\"primaryImageOfPage\":{\"@id\":\"https:\/\/lapausetendresse.fr\/?product=coffret-cadeaux-a-35-e-hochet-brosse#primaryimage\"},\"datePublished\":\"2022-09-07T11:29:46+00:00\",\"dateModified\":\"2025-09-24T18:28:33+00:00\",\"breadcrumb\":{\"@id\":\"https:\/\/lapausetendresse.fr\/?product=coffret-cadeaux-a-35-e-hochet-brosse#breadcrumb\"},\"inLanguage\":\"fr-FR\",\"potentialAction\":[{\"@type\":\"ReadAction\",\"target\":[\"https:\/\/lapausetendresse.fr\/?product=coffret-cadeaux-a-35-e-hochet-brosse\"]}]},{\"@type\":\"BreadcrumbList\",\"@id\":\"https:\/\/lapausetendresse.fr\/?product=coffret-cadeaux-a-35-e-hochet-brosse#breadcrumb\",\"itemListElement\":[{\"@type\":\"ListItem\",\"position\":1,\"name\":\"Accueil\",\"item\":\"http:\/\/lapausetendresse.fr\/\"},{\"@type\":\"ListItem\",\"position\":2,\"name\":\"Mes Cr\\u00e9ations\",\"item\":\"https:\/\/lapausetendresse.fr\/?page_id=452\"},{\"@type\":\"ListItem\",\"position\":3,\"name\":\"Coffret cadeaux \\u00e0 49 \\u20ac \\u2013 hochet + brosse\"}]}]}<\/script>\n<!-- \/ Yoast SEO plugin. -->","yoast_head_json":{"title":"Coffret cadeaux \u00e0 49 \u20ac \u2013 hochet + brosse - La Pause Tendresse","robots":{"index":"index","follow":"follow","max-snippet":"max-snippet:-1","max-image-preview":"max-image-preview:large","max-video-preview":"max-video-preview:-1"},"canonical":"https:\/\/lapausetendresse.fr\/?product=coffret-cadeaux-a-35-e-hochet-brosse","og_locale":"fr_FR","og_type":"article","og_title":"Coffret cadeaux \u00e0 49 \u20ac \u2013 hochet + brosse - La Pause Tendresse","og_description":"Coffret cadeau comprenant 2 articles :\u00a0   un hochet panda roux  une brosse personnalis\u00e9e.  Le cadeau parfait pour une naissance, anniversaire, no\u00ebl ou tout simplement pour faire ou se faire plaisir.   Confectionn\u00e9 par mes soins, chaque pi\u00e8ce est unique ;  Couleurs et pr\u00e9nom personnalisables ;  Mati\u00e8res naturelles ;  Tenue en main facile pour les petits b\u00e9b\u00e9s gr\u00e2ce \u00e0 l\u2019anneau en bois ;  D\u00e9veloppe les sens de b\u00e9b\u00e9 (le toucher, la vision, l\u2019ou\u00efe) ;  Textures diff\u00e9rentes qui stimulent le toucher ;  Lavable en machine ;  Envoi rapide.","og_url":"https:\/\/lapausetendresse.fr\/?product=coffret-cadeaux-a-35-e-hochet-brosse","og_site_name":"La Pause Tendresse","article_modified_time":"2025-09-24T18:28:33+00:00","og_image":[{"width":2560,"height":2560,"url":"http:\/\/lapausetendresse.fr\/wp-content\/uploads\/2022\/09\/IMG_1025-scaled.jpg","type":"image\/jpeg"}],"twitter_card":"summary_large_image","twitter_misc":{"Dur\u00e9e de lecture est.":"1 minute"},"schema":{"@context":"https:\/\/schema.org","@graph":[{"@type":"WebSite","@id":"http:\/\/lapausetendresse.fr\/#website","url":"http:\/\/lapausetendresse.fr\/","name":"La Pause Tendresse","description":"Passionn\u00e9e par le crochet et le monde des Petits","potentialAction":[{"@type":"SearchAction","target":{"@type":"EntryPoint","urlTemplate":"http:\/\/lapausetendresse.fr\/?s={search_term_string}"},"query-input":"required name=search_term_string"}],"inLanguage":"fr-FR"},{"@type":"ImageObject","@id":"https:\/\/lapausetendresse.fr\/?product=coffret-cadeaux-a-35-e-hochet-brosse#primaryimage","inLanguage":"fr-FR","url":"https:\/\/lapausetendresse.fr\/wp-content\/uploads\/2022\/09\/IMG_1025-scaled.jpg","contentUrl":"https:\/\/lapausetendresse.fr\/wp-content\/uploads\/2022\/09\/IMG_1025-scaled.jpg","width":2560,"height":2560},{"@type":"WebPage","@id":"https:\/\/lapausetendresse.fr\/?product=coffret-cadeaux-a-35-e-hochet-brosse#webpage","url":"https:\/\/lapausetendresse.fr\/?product=coffret-cadeaux-a-35-e-hochet-brosse","name":"Coffret cadeaux \u00e0 49 \u20ac \u2013 hochet + brosse - La Pause Tendresse","isPartOf":{"@id":"http:\/\/lapausetendresse.fr\/#website"},"primaryImageOfPage":{"@id":"https:\/\/lapausetendresse.fr\/?product=coffret-cadeaux-a-35-e-hochet-brosse#primaryimage"},"datePublished":"2022-09-07T11:29:46+00:00","dateModified":"2025-09-24T18:28:33+00:00","breadcrumb":{"@id":"https:\/\/lapausetendresse.fr\/?product=coffret-cadeaux-a-35-e-hochet-brosse#breadcrumb"},"inLanguage":"fr-FR","potentialAction":[{"@type":"ReadAction","target":["https:\/\/lapausetendresse.fr\/?product=coffret-cadeaux-a-35-e-hochet-brosse"]}]},{"@type":"BreadcrumbList","@id":"https:\/\/lapausetendresse.fr\/?product=coffret-cadeaux-a-35-e-hochet-brosse#breadcrumb","itemListElement":[{"@type":"ListItem","position":1,"name":"Accueil","item":"http:\/\/lapausetendresse.fr\/"},{"@type":"ListItem","position":2,"name":"Mes Cr\u00e9ations","item":"https:\/\/lapausetendresse.fr\/?page_id=452"},{"@type":"ListItem","position":3,"name":"Coffret cadeaux \u00e0 49 \u20ac \u2013 hochet + brosse"}]}]}},"_links":{"self":[{"href":"https:\/\/lapausetendresse.fr\/index.php?rest_route=\/wp\/v2\/product\/2134"}],"collection":[{"href":"https:\/\/lapausetendresse.fr\/index.php?rest_route=\/wp\/v2\/product"}],"about":[{"href":"https:\/\/lapausetendresse.fr\/index.php?rest_route=\/wp\/v2\/types\/product"}],"replies":[{"embeddable":true,"href":"https:\/\/lapausetendresse.fr\/index.php?rest_route=%2Fwp%2Fv2%2Fcomments&post=2134"}],"wp:featuredmedia":[{"embeddable":true,"href":"https:\/\/lapausetendresse.fr\/index.php?rest_route=\/wp\/v2\/media\/2138"}],"wp:attachment":[{"href":"https:\/\/lapausetendresse.fr\/index.php?rest_route=%2Fwp%2Fv2%2Fmedia&parent=2134"}],"wp:term":[{"taxonomy":"product_cat","embeddable":true,"href":"https:\/\/lapausetendresse.fr\/index.php?rest_route=%2Fwp%2Fv2%2Fproduct_cat&post=2134"},{"taxonomy":"product_tag","embeddable":true,"href":"https:\/\/lapausetendresse.fr\/index.php?rest_route=%2Fwp%2Fv2%2Fproduct_tag&post=2134"}],"curies":[{"name":"wp","href":"https:\/\/api.w.org\/{rel}","templated":true}]}}