{"id":2150,"date":"2022-09-07T14:12:37","date_gmt":"2022-09-07T12:12:37","guid":{"rendered":"https:\/\/lapausetendresse.fr\/?post_type=product&#038;p=2150"},"modified":"2025-09-24T20:09:45","modified_gmt":"2025-09-24T18:09:45","slug":"anneau-de-dentition-en-bois-baleine","status":"publish","type":"product","link":"https:\/\/lapausetendresse.fr\/?product=anneau-de-dentition-en-bois-baleine","title":{"rendered":"Anneau de dentition en bois &#8211; baleine"},"content":{"rendered":"<p><u>Mat\u00e9riaux utilis\u00e9s :<\/u>\u00a0laine 100% coton (<a href=\"https:\/\/www.phildar.fr\/\">Phildar<\/a> et <a href=\"https:\/\/www.scheepjes.com\/en\/yarn\/\">Scheepjes<\/a>), perle en bois d&rsquo;\u00e9rable, et cordon satin soie int\u00e9rieur nylon.<\/p>\n<p><u>Dimension :<\/u> mesure environ 9,5 cm<\/p>\n<ul class=\"a-unordered-list a-vertical a-spacing-mini\">\n<li><span class=\"a-list-item\">Contrairement au silicone, le bois n&rsquo;attire pas la poussi\u00e8re.\u00a0<\/span><\/li>\n<li><span class=\"a-list-item\">Facile \u00e0 nettoyer : puisqu&rsquo;il s&rsquo;agit d&rsquo;un bois de h\u00eatre naturel, il suffit de les nettoyer avec un chiffon humide et de les laisser s\u00e9cher naturellement.\u00a0<\/span><\/li>\n<\/ul>\n<p>Contient des petites pi\u00e8ces. \u00c0\u00a0utiliser sous la surveillance d&rsquo;un adulte.<\/p>\n<p>Le d\u00e9lais de fabrication peuvent varier, contactez moi pour plus d&rsquo;information.<\/p>\n<h2>N&rsquo;oubliez pas de m&rsquo;informer lors de la commande :<\/h2>\n<ul>\n<li>les couleurs d\u00e9sir\u00e9s pour les perles crocheter,<\/li>\n<li>la forme de l&rsquo;anneau en bois d\u00e9sir\u00e9.<\/li>\n<\/ul>\n<p><img loading=\"lazy\" class=\"size-full wp-image-1300 aligncenter\" src=\"http:\/\/lapausetendresse.fr\/wp-content\/uploads\/2021\/10\/Cre\u0301e\u0301s-en-Provence-200x200-1.png\" alt=\"\" width=\"200\" height=\"200\" srcset=\"https:\/\/lapausetendresse.fr\/wp-content\/uploads\/2021\/10\/Cre\u0301e\u0301s-en-Provence-200x200-1.png 200w, https:\/\/lapausetendresse.fr\/wp-content\/uploads\/2021\/10\/Cre\u0301e\u0301s-en-Provence-200x200-1-150x150.png 150w, https:\/\/lapausetendresse.fr\/wp-content\/uploads\/2021\/10\/Cre\u0301e\u0301s-en-Provence-200x200-1-60x60.png 60w\" sizes=\"(max-width: 200px) 100vw, 200px\" \/><\/p>\n","protected":false},"excerpt":{"rendered":"<p><span class=\"a-list-item\">Anneau de dentition qui soulage les douleurs dentaires.\u00a0<\/span><\/p>\n<p>Il est \u00e0 la fois un hochet et un jouet de dentition.<\/p>\n<p><span class=\"a-list-item\">Le meilleur compagnon pour b\u00e9b\u00e9: mignon anneau de dentition en bois, son apparence attire l&rsquo;attention de l&rsquo;enfant et peut l&rsquo;apaiser. Les perles color\u00e9es peuvent stimuler la vision et le sens du toucher des enfants, entra\u00eener la coordination des yeux et des mains de l&rsquo;enfant. Le bois des anneaux et de l&rsquo;animal stimule l&rsquo;ou\u00efe lorsqu&rsquo;ils se touchent.\u00a0<\/span><\/p>\n<ul>\n<li>Confectionn\u00e9 par mes soins, chaque pi\u00e8ce est unique ;<\/li>\n<li>Couleurs personnalisables ;<\/li>\n<li>Mati\u00e8res naturelles ;<\/li>\n<li>Tenue en main facile pour les petits b\u00e9b\u00e9s ;<\/li>\n<li>D\u00e9veloppe les sens de b\u00e9b\u00e9 (le toucher, la vision, l&rsquo;ou\u00efe) ;<\/li>\n<li>Textures diff\u00e9rentes qui stimulent le toucher ;<\/li>\n<li>Facile \u00e0 nettoyer ;<\/li>\n<li>Envoi rapide.<\/li>\n<\/ul>\n","protected":false},"featured_media":2154,"comment_status":"open","ping_status":"closed","template":"","meta":[],"product_cat":[50],"product_tag":[117,116,41,48],"yoast_head":"<!-- This site is optimized with the Yoast SEO plugin v17.4 - https:\/\/yoast.com\/wordpress\/plugins\/seo\/ -->\n<title>Anneau de dentition en bois - baleine - La Pause Tendresse<\/title>\n<meta name=\"robots\" content=\"index, follow, max-snippet:-1, max-image-preview:large, max-video-preview:-1\" \/>\n<link rel=\"canonical\" href=\"http:\/\/lapausetendresse.fr\/?product=anneau-de-dentition-en-bois-baleine\" \/>\n<meta property=\"og:locale\" content=\"fr_FR\" \/>\n<meta property=\"og:type\" content=\"article\" \/>\n<meta property=\"og:title\" content=\"Anneau de dentition en bois - baleine - La Pause Tendresse\" \/>\n<meta property=\"og:description\" content=\"Anneau de dentition qui soulage les douleurs dentaires.\u00a0  Il est \u00e0 la fois un hochet et un jouet de dentition.  Le meilleur compagnon pour b\u00e9b\u00e9: mignon anneau de dentition en bois, son apparence attire l&#039;attention de l&#039;enfant et peut l&#039;apaiser. Les perles color\u00e9es peuvent stimuler la vision et le sens du toucher des enfants, entra\u00eener la coordination des yeux et des mains de l&#039;enfant. Le bois des anneaux et de l&#039;animal stimule l&#039;ou\u00efe lorsqu&#039;ils se touchent.\u00a0   Confectionn\u00e9 par mes soins, chaque pi\u00e8ce est unique ;  Couleurs personnalisables ;  Mati\u00e8res naturelles ;  Tenue en main facile pour les petits b\u00e9b\u00e9s ;  D\u00e9veloppe les sens de b\u00e9b\u00e9 (le toucher, la vision, l&#039;ou\u00efe) ;  Textures diff\u00e9rentes qui stimulent le toucher ;  Facile \u00e0 nettoyer ;  Envoi rapide.\" \/>\n<meta property=\"og:url\" content=\"http:\/\/lapausetendresse.fr\/?product=anneau-de-dentition-en-bois-baleine\" \/>\n<meta property=\"og:site_name\" content=\"La Pause Tendresse\" \/>\n<meta property=\"article:modified_time\" content=\"2025-09-24T18:09:45+00:00\" \/>\n<meta property=\"og:image\" content=\"http:\/\/lapausetendresse.fr\/wp-content\/uploads\/2022\/09\/IMG_6382.jpg\" \/>\n\t<meta property=\"og:image:width\" content=\"828\" \/>\n\t<meta property=\"og:image:height\" content=\"792\" \/>\n<meta name=\"twitter:card\" content=\"summary_large_image\" \/>\n<meta name=\"twitter:label1\" content=\"Dur\u00e9e de lecture est.\" \/>\n\t<meta name=\"twitter:data1\" content=\"1 minute\" \/>\n<script type=\"application\/ld+json\" class=\"yoast-schema-graph\">{\"@context\":\"https:\/\/schema.org\",\"@graph\":[{\"@type\":\"WebSite\",\"@id\":\"http:\/\/lapausetendresse.fr\/#website\",\"url\":\"http:\/\/lapausetendresse.fr\/\",\"name\":\"La Pause Tendresse\",\"description\":\"Passionn\\u00e9e par le crochet et le monde des Petits\",\"potentialAction\":[{\"@type\":\"SearchAction\",\"target\":{\"@type\":\"EntryPoint\",\"urlTemplate\":\"http:\/\/lapausetendresse.fr\/?s={search_term_string}\"},\"query-input\":\"required name=search_term_string\"}],\"inLanguage\":\"fr-FR\"},{\"@type\":\"ImageObject\",\"@id\":\"http:\/\/lapausetendresse.fr\/?product=anneau-de-dentition-en-bois-baleine#primaryimage\",\"inLanguage\":\"fr-FR\",\"url\":\"https:\/\/lapausetendresse.fr\/wp-content\/uploads\/2022\/09\/IMG_6382.jpg\",\"contentUrl\":\"https:\/\/lapausetendresse.fr\/wp-content\/uploads\/2022\/09\/IMG_6382.jpg\",\"width\":828,\"height\":792},{\"@type\":\"WebPage\",\"@id\":\"http:\/\/lapausetendresse.fr\/?product=anneau-de-dentition-en-bois-baleine#webpage\",\"url\":\"http:\/\/lapausetendresse.fr\/?product=anneau-de-dentition-en-bois-baleine\",\"name\":\"Anneau de dentition en bois - baleine - La Pause Tendresse\",\"isPartOf\":{\"@id\":\"http:\/\/lapausetendresse.fr\/#website\"},\"primaryImageOfPage\":{\"@id\":\"http:\/\/lapausetendresse.fr\/?product=anneau-de-dentition-en-bois-baleine#primaryimage\"},\"datePublished\":\"2022-09-07T12:12:37+00:00\",\"dateModified\":\"2025-09-24T18:09:45+00:00\",\"breadcrumb\":{\"@id\":\"http:\/\/lapausetendresse.fr\/?product=anneau-de-dentition-en-bois-baleine#breadcrumb\"},\"inLanguage\":\"fr-FR\",\"potentialAction\":[{\"@type\":\"ReadAction\",\"target\":[\"http:\/\/lapausetendresse.fr\/?product=anneau-de-dentition-en-bois-baleine\"]}]},{\"@type\":\"BreadcrumbList\",\"@id\":\"http:\/\/lapausetendresse.fr\/?product=anneau-de-dentition-en-bois-baleine#breadcrumb\",\"itemListElement\":[{\"@type\":\"ListItem\",\"position\":1,\"name\":\"Accueil\",\"item\":\"http:\/\/lapausetendresse.fr\/\"},{\"@type\":\"ListItem\",\"position\":2,\"name\":\"Mes Cr\\u00e9ations\",\"item\":\"https:\/\/lapausetendresse.fr\/?page_id=452\"},{\"@type\":\"ListItem\",\"position\":3,\"name\":\"Anneau de dentition en bois &#8211; baleine\"}]}]}<\/script>\n<!-- \/ Yoast SEO plugin. -->","yoast_head_json":{"title":"Anneau de dentition en bois - baleine - La Pause Tendresse","robots":{"index":"index","follow":"follow","max-snippet":"max-snippet:-1","max-image-preview":"max-image-preview:large","max-video-preview":"max-video-preview:-1"},"canonical":"http:\/\/lapausetendresse.fr\/?product=anneau-de-dentition-en-bois-baleine","og_locale":"fr_FR","og_type":"article","og_title":"Anneau de dentition en bois - baleine - La Pause Tendresse","og_description":"Anneau de dentition qui soulage les douleurs dentaires.\u00a0  Il est \u00e0 la fois un hochet et un jouet de dentition.  Le meilleur compagnon pour b\u00e9b\u00e9: mignon anneau de dentition en bois, son apparence attire l'attention de l'enfant et peut l'apaiser. Les perles color\u00e9es peuvent stimuler la vision et le sens du toucher des enfants, entra\u00eener la coordination des yeux et des mains de l'enfant. Le bois des anneaux et de l'animal stimule l'ou\u00efe lorsqu'ils se touchent.\u00a0   Confectionn\u00e9 par mes soins, chaque pi\u00e8ce est unique ;  Couleurs personnalisables ;  Mati\u00e8res naturelles ;  Tenue en main facile pour les petits b\u00e9b\u00e9s ;  D\u00e9veloppe les sens de b\u00e9b\u00e9 (le toucher, la vision, l'ou\u00efe) ;  Textures diff\u00e9rentes qui stimulent le toucher ;  Facile \u00e0 nettoyer ;  Envoi rapide.","og_url":"http:\/\/lapausetendresse.fr\/?product=anneau-de-dentition-en-bois-baleine","og_site_name":"La Pause Tendresse","article_modified_time":"2025-09-24T18:09:45+00:00","og_image":[{"width":828,"height":792,"url":"http:\/\/lapausetendresse.fr\/wp-content\/uploads\/2022\/09\/IMG_6382.jpg","type":"image\/jpeg"}],"twitter_card":"summary_large_image","twitter_misc":{"Dur\u00e9e de lecture est.":"1 minute"},"schema":{"@context":"https:\/\/schema.org","@graph":[{"@type":"WebSite","@id":"http:\/\/lapausetendresse.fr\/#website","url":"http:\/\/lapausetendresse.fr\/","name":"La Pause Tendresse","description":"Passionn\u00e9e par le crochet et le monde des Petits","potentialAction":[{"@type":"SearchAction","target":{"@type":"EntryPoint","urlTemplate":"http:\/\/lapausetendresse.fr\/?s={search_term_string}"},"query-input":"required name=search_term_string"}],"inLanguage":"fr-FR"},{"@type":"ImageObject","@id":"http:\/\/lapausetendresse.fr\/?product=anneau-de-dentition-en-bois-baleine#primaryimage","inLanguage":"fr-FR","url":"https:\/\/lapausetendresse.fr\/wp-content\/uploads\/2022\/09\/IMG_6382.jpg","contentUrl":"https:\/\/lapausetendresse.fr\/wp-content\/uploads\/2022\/09\/IMG_6382.jpg","width":828,"height":792},{"@type":"WebPage","@id":"http:\/\/lapausetendresse.fr\/?product=anneau-de-dentition-en-bois-baleine#webpage","url":"http:\/\/lapausetendresse.fr\/?product=anneau-de-dentition-en-bois-baleine","name":"Anneau de dentition en bois - baleine - La Pause Tendresse","isPartOf":{"@id":"http:\/\/lapausetendresse.fr\/#website"},"primaryImageOfPage":{"@id":"http:\/\/lapausetendresse.fr\/?product=anneau-de-dentition-en-bois-baleine#primaryimage"},"datePublished":"2022-09-07T12:12:37+00:00","dateModified":"2025-09-24T18:09:45+00:00","breadcrumb":{"@id":"http:\/\/lapausetendresse.fr\/?product=anneau-de-dentition-en-bois-baleine#breadcrumb"},"inLanguage":"fr-FR","potentialAction":[{"@type":"ReadAction","target":["http:\/\/lapausetendresse.fr\/?product=anneau-de-dentition-en-bois-baleine"]}]},{"@type":"BreadcrumbList","@id":"http:\/\/lapausetendresse.fr\/?product=anneau-de-dentition-en-bois-baleine#breadcrumb","itemListElement":[{"@type":"ListItem","position":1,"name":"Accueil","item":"http:\/\/lapausetendresse.fr\/"},{"@type":"ListItem","position":2,"name":"Mes Cr\u00e9ations","item":"https:\/\/lapausetendresse.fr\/?page_id=452"},{"@type":"ListItem","position":3,"name":"Anneau de dentition en bois &#8211; baleine"}]}]}},"_links":{"self":[{"href":"https:\/\/lapausetendresse.fr\/index.php?rest_route=\/wp\/v2\/product\/2150"}],"collection":[{"href":"https:\/\/lapausetendresse.fr\/index.php?rest_route=\/wp\/v2\/product"}],"about":[{"href":"https:\/\/lapausetendresse.fr\/index.php?rest_route=\/wp\/v2\/types\/product"}],"replies":[{"embeddable":true,"href":"https:\/\/lapausetendresse.fr\/index.php?rest_route=%2Fwp%2Fv2%2Fcomments&post=2150"}],"wp:featuredmedia":[{"embeddable":true,"href":"https:\/\/lapausetendresse.fr\/index.php?rest_route=\/wp\/v2\/media\/2154"}],"wp:attachment":[{"href":"https:\/\/lapausetendresse.fr\/index.php?rest_route=%2Fwp%2Fv2%2Fmedia&parent=2150"}],"wp:term":[{"taxonomy":"product_cat","embeddable":true,"href":"https:\/\/lapausetendresse.fr\/index.php?rest_route=%2Fwp%2Fv2%2Fproduct_cat&post=2150"},{"taxonomy":"product_tag","embeddable":true,"href":"https:\/\/lapausetendresse.fr\/index.php?rest_route=%2Fwp%2Fv2%2Fproduct_tag&post=2150"}],"curies":[{"name":"wp","href":"https:\/\/api.w.org\/{rel}","templated":true}]}}