{"id":2257,"date":"2022-11-15T11:09:34","date_gmt":"2022-11-15T10:09:34","guid":{"rendered":"https:\/\/lapausetendresse.fr\/?post_type=product&#038;p=2257"},"modified":"2025-09-24T19:26:14","modified_gmt":"2025-09-24T17:26:14","slug":"hochet-oreilles-de-lapin-en-tissus","status":"publish","type":"product","link":"https:\/\/lapausetendresse.fr\/?product=hochet-oreilles-de-lapin-en-tissus","title":{"rendered":"hochet tissus &#8211; oreilles de lapin"},"content":{"rendered":"<p>A vous de choisir vos 2 tissus (Oeko-Tex) N&rsquo;h\u00e9sitez pas \u00e0 me contacter.<\/p>\n<p>Anneau en bois de h\u00eatre naturel, non vernis, b\u00e9b\u00e9 pourra le mordiller en toute s\u00e9curit\u00e9.<\/p>\n<p>Les oreilles mesurent 15 cm cm de hauteur et l\u2019anneau 7 cm<\/p>\n<p>Lavage \u00e0 30\u00b0 (d\u00e9faire l\u2019anneau en bois), s\u00e8che linge d\u00e9conseill\u00e9.<\/p>\n<p>*******************************************************<br \/>\nJoli cadeau naissance, il peut \u00eatre personnalis\u00e9 au pr\u00e9nom de l&rsquo;enfant avec du flex thermocollant possibilit\u00e9 de choisir la police d&rsquo;\u00e9criture<\/p>\n<p>&nbsp;<\/p>\n<p>Tarif :<\/p>\n<p>sans personnalisation : 16\u20ac<\/p>\n<p>avec personnalisation : 20\u20ac<\/p>\n<p>&nbsp;<\/p>\n<p>Peut \u00eatre envoy\u00e9 en lettre suivi pour 3\u20ac<\/p>\n","protected":false},"excerpt":{"rendered":"<p>Id\u00e9al pour soulager b\u00e9b\u00e9 lors des pouss\u00e9es dentaires, un anneau de dentition oreilles de lapin !<\/p>\n<p>Cet anneau de dentition est inspir\u00e9 de la m\u00e9thode Montessori, il permet une exploration sensorielle et am\u00e9liore la dext\u00e9rit\u00e9 des tous petits.<\/p>\n","protected":false},"featured_media":2260,"comment_status":"open","ping_status":"closed","template":"","meta":[],"product_cat":[50],"product_tag":[116,48,111,39,185,183,184],"yoast_head":"<!-- This site is optimized with the Yoast SEO plugin v17.4 - https:\/\/yoast.com\/wordpress\/plugins\/seo\/ -->\n<title>hochet tissus - oreilles de lapin - La Pause Tendresse<\/title>\n<meta name=\"robots\" content=\"index, follow, max-snippet:-1, max-image-preview:large, max-video-preview:-1\" \/>\n<link rel=\"canonical\" href=\"https:\/\/lapausetendresse.fr\/?product=hochet-oreilles-de-lapin-en-tissus\" \/>\n<meta property=\"og:locale\" content=\"fr_FR\" \/>\n<meta property=\"og:type\" content=\"article\" \/>\n<meta property=\"og:title\" content=\"hochet tissus - oreilles de lapin - La Pause Tendresse\" \/>\n<meta property=\"og:description\" content=\"Id\u00e9al pour soulager b\u00e9b\u00e9 lors des pouss\u00e9es dentaires, un anneau de dentition oreilles de lapin !  Cet anneau de dentition est inspir\u00e9 de la m\u00e9thode Montessori, il permet une exploration sensorielle et am\u00e9liore la dext\u00e9rit\u00e9 des tous petits.\" \/>\n<meta property=\"og:url\" content=\"https:\/\/lapausetendresse.fr\/?product=hochet-oreilles-de-lapin-en-tissus\" \/>\n<meta property=\"og:site_name\" content=\"La Pause Tendresse\" \/>\n<meta property=\"article:modified_time\" content=\"2025-09-24T17:26:14+00:00\" \/>\n<meta property=\"og:image\" content=\"http:\/\/lapausetendresse.fr\/wp-content\/uploads\/2022\/11\/IMG_6286-scaled.jpg\" \/>\n\t<meta property=\"og:image:width\" content=\"2560\" \/>\n\t<meta property=\"og:image:height\" content=\"2560\" \/>\n<meta name=\"twitter:card\" content=\"summary_large_image\" \/>\n<script type=\"application\/ld+json\" class=\"yoast-schema-graph\">{\"@context\":\"https:\/\/schema.org\",\"@graph\":[{\"@type\":\"WebSite\",\"@id\":\"http:\/\/lapausetendresse.fr\/#website\",\"url\":\"http:\/\/lapausetendresse.fr\/\",\"name\":\"La Pause Tendresse\",\"description\":\"Passionn\\u00e9e par le crochet et le monde des Petits\",\"potentialAction\":[{\"@type\":\"SearchAction\",\"target\":{\"@type\":\"EntryPoint\",\"urlTemplate\":\"http:\/\/lapausetendresse.fr\/?s={search_term_string}\"},\"query-input\":\"required name=search_term_string\"}],\"inLanguage\":\"fr-FR\"},{\"@type\":\"ImageObject\",\"@id\":\"https:\/\/lapausetendresse.fr\/?product=hochet-oreilles-de-lapin-en-tissus#primaryimage\",\"inLanguage\":\"fr-FR\",\"url\":\"https:\/\/lapausetendresse.fr\/wp-content\/uploads\/2022\/11\/IMG_6286-scaled.jpg\",\"contentUrl\":\"https:\/\/lapausetendresse.fr\/wp-content\/uploads\/2022\/11\/IMG_6286-scaled.jpg\",\"width\":2560,\"height\":2560},{\"@type\":\"WebPage\",\"@id\":\"https:\/\/lapausetendresse.fr\/?product=hochet-oreilles-de-lapin-en-tissus#webpage\",\"url\":\"https:\/\/lapausetendresse.fr\/?product=hochet-oreilles-de-lapin-en-tissus\",\"name\":\"hochet tissus - oreilles de lapin - La Pause Tendresse\",\"isPartOf\":{\"@id\":\"http:\/\/lapausetendresse.fr\/#website\"},\"primaryImageOfPage\":{\"@id\":\"https:\/\/lapausetendresse.fr\/?product=hochet-oreilles-de-lapin-en-tissus#primaryimage\"},\"datePublished\":\"2022-11-15T10:09:34+00:00\",\"dateModified\":\"2025-09-24T17:26:14+00:00\",\"breadcrumb\":{\"@id\":\"https:\/\/lapausetendresse.fr\/?product=hochet-oreilles-de-lapin-en-tissus#breadcrumb\"},\"inLanguage\":\"fr-FR\",\"potentialAction\":[{\"@type\":\"ReadAction\",\"target\":[\"https:\/\/lapausetendresse.fr\/?product=hochet-oreilles-de-lapin-en-tissus\"]}]},{\"@type\":\"BreadcrumbList\",\"@id\":\"https:\/\/lapausetendresse.fr\/?product=hochet-oreilles-de-lapin-en-tissus#breadcrumb\",\"itemListElement\":[{\"@type\":\"ListItem\",\"position\":1,\"name\":\"Accueil\",\"item\":\"http:\/\/lapausetendresse.fr\/\"},{\"@type\":\"ListItem\",\"position\":2,\"name\":\"Mes Cr\\u00e9ations\",\"item\":\"https:\/\/lapausetendresse.fr\/?page_id=452\"},{\"@type\":\"ListItem\",\"position\":3,\"name\":\"hochet tissus &#8211; oreilles de lapin\"}]}]}<\/script>\n<!-- \/ Yoast SEO plugin. -->","yoast_head_json":{"title":"hochet tissus - oreilles de lapin - La Pause Tendresse","robots":{"index":"index","follow":"follow","max-snippet":"max-snippet:-1","max-image-preview":"max-image-preview:large","max-video-preview":"max-video-preview:-1"},"canonical":"https:\/\/lapausetendresse.fr\/?product=hochet-oreilles-de-lapin-en-tissus","og_locale":"fr_FR","og_type":"article","og_title":"hochet tissus - oreilles de lapin - La Pause Tendresse","og_description":"Id\u00e9al pour soulager b\u00e9b\u00e9 lors des pouss\u00e9es dentaires, un anneau de dentition oreilles de lapin !  Cet anneau de dentition est inspir\u00e9 de la m\u00e9thode Montessori, il permet une exploration sensorielle et am\u00e9liore la dext\u00e9rit\u00e9 des tous petits.","og_url":"https:\/\/lapausetendresse.fr\/?product=hochet-oreilles-de-lapin-en-tissus","og_site_name":"La Pause Tendresse","article_modified_time":"2025-09-24T17:26:14+00:00","og_image":[{"width":2560,"height":2560,"url":"http:\/\/lapausetendresse.fr\/wp-content\/uploads\/2022\/11\/IMG_6286-scaled.jpg","type":"image\/jpeg"}],"twitter_card":"summary_large_image","schema":{"@context":"https:\/\/schema.org","@graph":[{"@type":"WebSite","@id":"http:\/\/lapausetendresse.fr\/#website","url":"http:\/\/lapausetendresse.fr\/","name":"La Pause Tendresse","description":"Passionn\u00e9e par le crochet et le monde des Petits","potentialAction":[{"@type":"SearchAction","target":{"@type":"EntryPoint","urlTemplate":"http:\/\/lapausetendresse.fr\/?s={search_term_string}"},"query-input":"required name=search_term_string"}],"inLanguage":"fr-FR"},{"@type":"ImageObject","@id":"https:\/\/lapausetendresse.fr\/?product=hochet-oreilles-de-lapin-en-tissus#primaryimage","inLanguage":"fr-FR","url":"https:\/\/lapausetendresse.fr\/wp-content\/uploads\/2022\/11\/IMG_6286-scaled.jpg","contentUrl":"https:\/\/lapausetendresse.fr\/wp-content\/uploads\/2022\/11\/IMG_6286-scaled.jpg","width":2560,"height":2560},{"@type":"WebPage","@id":"https:\/\/lapausetendresse.fr\/?product=hochet-oreilles-de-lapin-en-tissus#webpage","url":"https:\/\/lapausetendresse.fr\/?product=hochet-oreilles-de-lapin-en-tissus","name":"hochet tissus - oreilles de lapin - La Pause Tendresse","isPartOf":{"@id":"http:\/\/lapausetendresse.fr\/#website"},"primaryImageOfPage":{"@id":"https:\/\/lapausetendresse.fr\/?product=hochet-oreilles-de-lapin-en-tissus#primaryimage"},"datePublished":"2022-11-15T10:09:34+00:00","dateModified":"2025-09-24T17:26:14+00:00","breadcrumb":{"@id":"https:\/\/lapausetendresse.fr\/?product=hochet-oreilles-de-lapin-en-tissus#breadcrumb"},"inLanguage":"fr-FR","potentialAction":[{"@type":"ReadAction","target":["https:\/\/lapausetendresse.fr\/?product=hochet-oreilles-de-lapin-en-tissus"]}]},{"@type":"BreadcrumbList","@id":"https:\/\/lapausetendresse.fr\/?product=hochet-oreilles-de-lapin-en-tissus#breadcrumb","itemListElement":[{"@type":"ListItem","position":1,"name":"Accueil","item":"http:\/\/lapausetendresse.fr\/"},{"@type":"ListItem","position":2,"name":"Mes Cr\u00e9ations","item":"https:\/\/lapausetendresse.fr\/?page_id=452"},{"@type":"ListItem","position":3,"name":"hochet tissus &#8211; oreilles de lapin"}]}]}},"_links":{"self":[{"href":"https:\/\/lapausetendresse.fr\/index.php?rest_route=\/wp\/v2\/product\/2257"}],"collection":[{"href":"https:\/\/lapausetendresse.fr\/index.php?rest_route=\/wp\/v2\/product"}],"about":[{"href":"https:\/\/lapausetendresse.fr\/index.php?rest_route=\/wp\/v2\/types\/product"}],"replies":[{"embeddable":true,"href":"https:\/\/lapausetendresse.fr\/index.php?rest_route=%2Fwp%2Fv2%2Fcomments&post=2257"}],"wp:featuredmedia":[{"embeddable":true,"href":"https:\/\/lapausetendresse.fr\/index.php?rest_route=\/wp\/v2\/media\/2260"}],"wp:attachment":[{"href":"https:\/\/lapausetendresse.fr\/index.php?rest_route=%2Fwp%2Fv2%2Fmedia&parent=2257"}],"wp:term":[{"taxonomy":"product_cat","embeddable":true,"href":"https:\/\/lapausetendresse.fr\/index.php?rest_route=%2Fwp%2Fv2%2Fproduct_cat&post=2257"},{"taxonomy":"product_tag","embeddable":true,"href":"https:\/\/lapausetendresse.fr\/index.php?rest_route=%2Fwp%2Fv2%2Fproduct_tag&post=2257"}],"curies":[{"name":"wp","href":"https:\/\/api.w.org\/{rel}","templated":true}]}}