{"id":2398,"date":"2022-11-15T15:32:25","date_gmt":"2022-11-15T14:32:25","guid":{"rendered":"https:\/\/lapausetendresse.fr\/?post_type=product&#038;p=2398"},"modified":"2025-09-24T20:29:33","modified_gmt":"2025-09-24T18:29:33","slug":"coffret-naissance-personnalise-brosse-body","status":"publish","type":"product","link":"https:\/\/lapausetendresse.fr\/?product=coffret-naissance-personnalise-brosse-body","title":{"rendered":"Coffret cadeaux \u00e0 33 \u20ac \u2013 (brosse + body)"},"content":{"rendered":"<p>Les d\u00e9lais de fabrication peuvent varier, contactez moi pour plus d\u2019information.<\/p>\n<p><u>Conseil de lavage :<\/u><\/p>\n<ul>\n<li>Lavage machine \u00e0 30\u00b0c ;<\/li>\n<li>Ne pas mettre au s\u00e8che-linge.<\/li>\n<\/ul>\n<p>&nbsp;<\/p>\n<p><strong><u>Description du body :<\/u><\/strong><\/p>\n<p>Body personnalisable<br \/>\nColoris blanc, manches courtes ou manches longues<\/p>\n<p>Personnalisable : ajoutez le pr\u00e9nom ou le mot \u00e0 personnaliser lors de la commande.<\/p>\n<p>Disponible dans plusieurs tailles. N&rsquo;h\u00e9sitez pas \u00e0 me contacter.<\/p>\n<p>&nbsp;<\/p>\n<p><strong><u>Description de la brosse personnalis\u00e9e :\u00a0<\/u><\/strong><\/p>\n<p>Petite brosse \u00e0 cheveux pour b\u00e9b\u00e9 en bois. Tr\u00e8s douce elle prot\u00e8ge le cuir chevelu des b\u00e9b\u00e9s m\u00eames ceux aux peaux tr\u00e8s sensibles.<\/p>\n<p>La brosse de massage aide \u00e0 d\u00e9m\u00ealer les cheveux, stimuler le cuir chevelu et augmenter la circulation sanguine tout en relaxant votre b\u00e9b\u00e9.<\/p>\n<p><u>Dimension :<\/u>\u00a0mesure 15 cm.<\/p>\n<p>&nbsp;<\/p>\n<h2>N\u2019oubliez pas de m\u2019informer lors de la commande :<\/h2>\n<ul>\n<li>Toute remarque particuli\u00e8re. Ce que vous souhaitez inscrire sur le body.<\/li>\n<li>le pr\u00e9nom de l\u2019enfant ;<\/li>\n<li>la couleur de l&rsquo;\u00e9criture pour la brosse (blanche ou marron).<\/li>\n<\/ul>\n<p>&nbsp;<\/p>\n<p><img loading=\"lazy\" class=\"size-full wp-image-1300 aligncenter\" src=\"http:\/\/lapausetendresse.fr\/wp-content\/uploads\/2021\/10\/Cre%CC%81e%CC%81s-en-Provence-200x200-1.png\" sizes=\"(max-width: 200px) 100vw, 200px\" srcset=\"https:\/\/lapausetendresse.fr\/wp-content\/uploads\/2021\/10\/Cre\u0301e\u0301s-en-Provence-200x200-1.png 200w, https:\/\/lapausetendresse.fr\/wp-content\/uploads\/2021\/10\/Cre\u0301e\u0301s-en-Provence-200x200-1-150x150.png 150w, https:\/\/lapausetendresse.fr\/wp-content\/uploads\/2021\/10\/Cre\u0301e\u0301s-en-Provence-200x200-1-60x60.png 60w\" alt=\"\" width=\"200\" height=\"200\" \/><\/p>\n","protected":false},"excerpt":{"rendered":"<p><strong>Coffret cadeau naissance comprenant 2 articles :\u00a0<\/strong><\/p>\n<ul>\n<li>un body personnalis\u00e9,<\/li>\n<li>une brosse personnalis\u00e9e.<\/li>\n<\/ul>\n<p>Le cadeau parfait pour une naissance, anniversaire, no\u00ebl ou tout simplement pour faire ou se faire plaisir.<\/p>\n<ul>\n<li>Confectionn\u00e9 par mes soins, chaque pi\u00e8ce est unique ;<\/li>\n<li>Couleurs et pr\u00e9nom personnalisables ;<\/li>\n<li>Lavable en machine ;<\/li>\n<\/ul>\n","protected":false},"featured_media":2388,"comment_status":"open","ping_status":"closed","template":"","meta":[],"product_cat":[52],"product_tag":[143,129,101,100,132],"yoast_head":"<!-- This site is optimized with the Yoast SEO plugin v17.4 - https:\/\/yoast.com\/wordpress\/plugins\/seo\/ -->\n<title>Coffret cadeaux \u00e0 33 \u20ac \u2013 (brosse + body) - La Pause Tendresse<\/title>\n<meta name=\"robots\" content=\"index, follow, max-snippet:-1, max-image-preview:large, max-video-preview:-1\" \/>\n<link rel=\"canonical\" href=\"https:\/\/lapausetendresse.fr\/?product=coffret-naissance-personnalise-brosse-body\" \/>\n<meta property=\"og:locale\" content=\"fr_FR\" \/>\n<meta property=\"og:type\" content=\"article\" \/>\n<meta property=\"og:title\" content=\"Coffret cadeaux \u00e0 33 \u20ac \u2013 (brosse + body) - La Pause Tendresse\" \/>\n<meta property=\"og:description\" content=\"Coffret cadeau naissance comprenant 2 articles :\u00a0   un body personnalis\u00e9,  une brosse personnalis\u00e9e.  Le cadeau parfait pour une naissance, anniversaire, no\u00ebl ou tout simplement pour faire ou se faire plaisir.   Confectionn\u00e9 par mes soins, chaque pi\u00e8ce est unique ;  Couleurs et pr\u00e9nom personnalisables ;  Lavable en machine ;\" \/>\n<meta property=\"og:url\" content=\"https:\/\/lapausetendresse.fr\/?product=coffret-naissance-personnalise-brosse-body\" \/>\n<meta property=\"og:site_name\" content=\"La Pause Tendresse\" \/>\n<meta property=\"article:modified_time\" content=\"2025-09-24T18:29:33+00:00\" \/>\n<meta property=\"og:image\" content=\"https:\/\/lapausetendresse.fr\/wp-content\/uploads\/2022\/11\/IMG_1900-scaled.jpg\" \/>\n\t<meta property=\"og:image:width\" content=\"2560\" \/>\n\t<meta property=\"og:image:height\" content=\"2560\" \/>\n<meta name=\"twitter:card\" content=\"summary_large_image\" \/>\n<meta name=\"twitter:label1\" content=\"Dur\u00e9e de lecture est.\" \/>\n\t<meta name=\"twitter:data1\" content=\"1 minute\" \/>\n<script type=\"application\/ld+json\" class=\"yoast-schema-graph\">{\"@context\":\"https:\/\/schema.org\",\"@graph\":[{\"@type\":\"WebSite\",\"@id\":\"http:\/\/lapausetendresse.fr\/#website\",\"url\":\"http:\/\/lapausetendresse.fr\/\",\"name\":\"La Pause Tendresse\",\"description\":\"Passionn\\u00e9e par le crochet et le monde des Petits\",\"potentialAction\":[{\"@type\":\"SearchAction\",\"target\":{\"@type\":\"EntryPoint\",\"urlTemplate\":\"http:\/\/lapausetendresse.fr\/?s={search_term_string}\"},\"query-input\":\"required name=search_term_string\"}],\"inLanguage\":\"fr-FR\"},{\"@type\":\"ImageObject\",\"@id\":\"https:\/\/lapausetendresse.fr\/?product=coffret-naissance-personnalise-brosse-body#primaryimage\",\"inLanguage\":\"fr-FR\",\"url\":\"https:\/\/lapausetendresse.fr\/wp-content\/uploads\/2022\/11\/IMG_1900-scaled.jpg\",\"contentUrl\":\"https:\/\/lapausetendresse.fr\/wp-content\/uploads\/2022\/11\/IMG_1900-scaled.jpg\",\"width\":2560,\"height\":2560},{\"@type\":\"WebPage\",\"@id\":\"https:\/\/lapausetendresse.fr\/?product=coffret-naissance-personnalise-brosse-body#webpage\",\"url\":\"https:\/\/lapausetendresse.fr\/?product=coffret-naissance-personnalise-brosse-body\",\"name\":\"Coffret cadeaux \\u00e0 33 \\u20ac \\u2013 (brosse + body) - La Pause Tendresse\",\"isPartOf\":{\"@id\":\"http:\/\/lapausetendresse.fr\/#website\"},\"primaryImageOfPage\":{\"@id\":\"https:\/\/lapausetendresse.fr\/?product=coffret-naissance-personnalise-brosse-body#primaryimage\"},\"datePublished\":\"2022-11-15T14:32:25+00:00\",\"dateModified\":\"2025-09-24T18:29:33+00:00\",\"breadcrumb\":{\"@id\":\"https:\/\/lapausetendresse.fr\/?product=coffret-naissance-personnalise-brosse-body#breadcrumb\"},\"inLanguage\":\"fr-FR\",\"potentialAction\":[{\"@type\":\"ReadAction\",\"target\":[\"https:\/\/lapausetendresse.fr\/?product=coffret-naissance-personnalise-brosse-body\"]}]},{\"@type\":\"BreadcrumbList\",\"@id\":\"https:\/\/lapausetendresse.fr\/?product=coffret-naissance-personnalise-brosse-body#breadcrumb\",\"itemListElement\":[{\"@type\":\"ListItem\",\"position\":1,\"name\":\"Accueil\",\"item\":\"http:\/\/lapausetendresse.fr\/\"},{\"@type\":\"ListItem\",\"position\":2,\"name\":\"Mes Cr\\u00e9ations\",\"item\":\"https:\/\/lapausetendresse.fr\/?page_id=452\"},{\"@type\":\"ListItem\",\"position\":3,\"name\":\"Coffret cadeaux \\u00e0 33 \\u20ac \\u2013 (brosse + body)\"}]}]}<\/script>\n<!-- \/ Yoast SEO plugin. -->","yoast_head_json":{"title":"Coffret cadeaux \u00e0 33 \u20ac \u2013 (brosse + body) - La Pause Tendresse","robots":{"index":"index","follow":"follow","max-snippet":"max-snippet:-1","max-image-preview":"max-image-preview:large","max-video-preview":"max-video-preview:-1"},"canonical":"https:\/\/lapausetendresse.fr\/?product=coffret-naissance-personnalise-brosse-body","og_locale":"fr_FR","og_type":"article","og_title":"Coffret cadeaux \u00e0 33 \u20ac \u2013 (brosse + body) - La Pause Tendresse","og_description":"Coffret cadeau naissance comprenant 2 articles :\u00a0   un body personnalis\u00e9,  une brosse personnalis\u00e9e.  Le cadeau parfait pour une naissance, anniversaire, no\u00ebl ou tout simplement pour faire ou se faire plaisir.   Confectionn\u00e9 par mes soins, chaque pi\u00e8ce est unique ;  Couleurs et pr\u00e9nom personnalisables ;  Lavable en machine ;","og_url":"https:\/\/lapausetendresse.fr\/?product=coffret-naissance-personnalise-brosse-body","og_site_name":"La Pause Tendresse","article_modified_time":"2025-09-24T18:29:33+00:00","og_image":[{"width":2560,"height":2560,"url":"https:\/\/lapausetendresse.fr\/wp-content\/uploads\/2022\/11\/IMG_1900-scaled.jpg","type":"image\/jpeg"}],"twitter_card":"summary_large_image","twitter_misc":{"Dur\u00e9e de lecture est.":"1 minute"},"schema":{"@context":"https:\/\/schema.org","@graph":[{"@type":"WebSite","@id":"http:\/\/lapausetendresse.fr\/#website","url":"http:\/\/lapausetendresse.fr\/","name":"La Pause Tendresse","description":"Passionn\u00e9e par le crochet et le monde des Petits","potentialAction":[{"@type":"SearchAction","target":{"@type":"EntryPoint","urlTemplate":"http:\/\/lapausetendresse.fr\/?s={search_term_string}"},"query-input":"required name=search_term_string"}],"inLanguage":"fr-FR"},{"@type":"ImageObject","@id":"https:\/\/lapausetendresse.fr\/?product=coffret-naissance-personnalise-brosse-body#primaryimage","inLanguage":"fr-FR","url":"https:\/\/lapausetendresse.fr\/wp-content\/uploads\/2022\/11\/IMG_1900-scaled.jpg","contentUrl":"https:\/\/lapausetendresse.fr\/wp-content\/uploads\/2022\/11\/IMG_1900-scaled.jpg","width":2560,"height":2560},{"@type":"WebPage","@id":"https:\/\/lapausetendresse.fr\/?product=coffret-naissance-personnalise-brosse-body#webpage","url":"https:\/\/lapausetendresse.fr\/?product=coffret-naissance-personnalise-brosse-body","name":"Coffret cadeaux \u00e0 33 \u20ac \u2013 (brosse + body) - La Pause Tendresse","isPartOf":{"@id":"http:\/\/lapausetendresse.fr\/#website"},"primaryImageOfPage":{"@id":"https:\/\/lapausetendresse.fr\/?product=coffret-naissance-personnalise-brosse-body#primaryimage"},"datePublished":"2022-11-15T14:32:25+00:00","dateModified":"2025-09-24T18:29:33+00:00","breadcrumb":{"@id":"https:\/\/lapausetendresse.fr\/?product=coffret-naissance-personnalise-brosse-body#breadcrumb"},"inLanguage":"fr-FR","potentialAction":[{"@type":"ReadAction","target":["https:\/\/lapausetendresse.fr\/?product=coffret-naissance-personnalise-brosse-body"]}]},{"@type":"BreadcrumbList","@id":"https:\/\/lapausetendresse.fr\/?product=coffret-naissance-personnalise-brosse-body#breadcrumb","itemListElement":[{"@type":"ListItem","position":1,"name":"Accueil","item":"http:\/\/lapausetendresse.fr\/"},{"@type":"ListItem","position":2,"name":"Mes Cr\u00e9ations","item":"https:\/\/lapausetendresse.fr\/?page_id=452"},{"@type":"ListItem","position":3,"name":"Coffret cadeaux \u00e0 33 \u20ac \u2013 (brosse + body)"}]}]}},"_links":{"self":[{"href":"https:\/\/lapausetendresse.fr\/index.php?rest_route=\/wp\/v2\/product\/2398"}],"collection":[{"href":"https:\/\/lapausetendresse.fr\/index.php?rest_route=\/wp\/v2\/product"}],"about":[{"href":"https:\/\/lapausetendresse.fr\/index.php?rest_route=\/wp\/v2\/types\/product"}],"replies":[{"embeddable":true,"href":"https:\/\/lapausetendresse.fr\/index.php?rest_route=%2Fwp%2Fv2%2Fcomments&post=2398"}],"wp:featuredmedia":[{"embeddable":true,"href":"https:\/\/lapausetendresse.fr\/index.php?rest_route=\/wp\/v2\/media\/2388"}],"wp:attachment":[{"href":"https:\/\/lapausetendresse.fr\/index.php?rest_route=%2Fwp%2Fv2%2Fmedia&parent=2398"}],"wp:term":[{"taxonomy":"product_cat","embeddable":true,"href":"https:\/\/lapausetendresse.fr\/index.php?rest_route=%2Fwp%2Fv2%2Fproduct_cat&post=2398"},{"taxonomy":"product_tag","embeddable":true,"href":"https:\/\/lapausetendresse.fr\/index.php?rest_route=%2Fwp%2Fv2%2Fproduct_tag&post=2398"}],"curies":[{"name":"wp","href":"https:\/\/api.w.org\/{rel}","templated":true}]}}