{"id":2408,"date":"2022-11-17T19:08:03","date_gmt":"2022-11-17T18:08:03","guid":{"rendered":"https:\/\/lapausetendresse.fr\/?post_type=product&#038;p=2408"},"modified":"2025-09-24T20:37:36","modified_gmt":"2025-09-24T18:37:36","slug":"pochette-a-couches","status":"publish","type":"product","link":"https:\/\/lapausetendresse.fr\/?product=pochette-a-couches","title":{"rendered":"Pochette \u00e0 couches"},"content":{"rendered":"<p>Fabriqu\u00e9 en coton de haute qualit\u00e9, doux, inodore, respectueux de l&rsquo;environnement, s\u00fbr et durable \u00e0 utiliser.<\/p>\n<p>Convient aux couches, sucettes, anneaux de dentition, lingettes pour b\u00e9b\u00e9, couches ou petits jouets et plus encore.<\/p>\n<p>Pour le moment, je ne dispose que ce coloris.<\/p>\n<p><u>Tissus : <\/u>\u00a0Gaze de coton<\/p>\n<p><u>Dimension :\u00a0<\/u>20 x 25 cm,<\/p>\n<p>Ces sacs ont un bouton-pression, facile \u00e0 ouvrir et \u00e0 fermer.<\/p>\n<p>Taille compacte, l\u00e9ger, facile \u00e0 transporter et \u00e0 ranger.<\/p>\n<p>Il est \u00e9galement id\u00e9al pour les voyages, le maquillage, les cosm\u00e9tiques, l&rsquo;organisation d&rsquo;articles de toilette, etc.<\/p>\n<h2><strong>N&rsquo;oubliez pas de m&rsquo;informer lors de la commande :<\/strong><\/h2>\n<ul>\n<li>la couleur d\u00e9sir\u00e9 pour la pochette (\u00e9cru arc en ciel, vert d&rsquo;eau ou terracotta)<\/li>\n<li>le pr\u00e9nom de l&rsquo;enfant,<\/li>\n<li>la couleur du pr\u00e9nom (blanc ou noir)<\/li>\n<li>si vous souhaitez un coeur ou autre forme \u00e0 cot\u00e9 du pr\u00e9nom<\/li>\n<\/ul>\n<p><img loading=\"lazy\" class=\"size-full wp-image-1300 aligncenter\" src=\"http:\/\/lapausetendresse.fr\/wp-content\/uploads\/2021\/10\/Cre%CC%81e%CC%81s-en-Provence-200x200-1.png\" sizes=\"(max-width: 200px) 100vw, 200px\" srcset=\"https:\/\/lapausetendresse.fr\/wp-content\/uploads\/2021\/10\/Cre\u0301e\u0301s-en-Provence-200x200-1.png 200w, https:\/\/lapausetendresse.fr\/wp-content\/uploads\/2021\/10\/Cre\u0301e\u0301s-en-Provence-200x200-1-150x150.png 150w, https:\/\/lapausetendresse.fr\/wp-content\/uploads\/2021\/10\/Cre\u0301e\u0301s-en-Provence-200x200-1-60x60.png 60w\" alt=\"\" width=\"200\" height=\"200\" \/><\/p>\n","protected":false},"excerpt":{"rendered":"<p>Pochette \u00e0 couches de transport. A personnaliser au pr\u00e9nom de b\u00e9b\u00e9 (pour y ranger : couches, n\u00e9cessaire de toilette, doudou, sucette, mini trousse \u00e0 pharmacie\u2026)<\/p>\n<p>Grace \u00e0 sa languette avec bouton pression, il est facile de l&rsquo;accrocher partout : poussette, lit, sac \u00e0 langer, appuie t\u00eate de voiture. Vous l&rsquo;aurez toujours \u00e0 porter de main.<\/p>\n<p>&nbsp;<\/p>\n","protected":false},"featured_media":2446,"comment_status":"open","ping_status":"closed","template":"","meta":[],"product_cat":[112],"product_tag":[198,199,141,197,201,200],"yoast_head":"<!-- This site is optimized with the Yoast SEO plugin v17.4 - https:\/\/yoast.com\/wordpress\/plugins\/seo\/ -->\n<title>Pochette \u00e0 couches - La Pause Tendresse<\/title>\n<meta name=\"robots\" content=\"index, follow, max-snippet:-1, max-image-preview:large, max-video-preview:-1\" \/>\n<link rel=\"canonical\" href=\"https:\/\/lapausetendresse.fr\/?product=pochette-a-couches\" \/>\n<meta property=\"og:locale\" content=\"fr_FR\" \/>\n<meta property=\"og:type\" content=\"article\" \/>\n<meta property=\"og:title\" content=\"Pochette \u00e0 couches - La Pause Tendresse\" \/>\n<meta property=\"og:description\" content=\"Pochette \u00e0 couches de transport. A personnaliser au pr\u00e9nom de b\u00e9b\u00e9 (pour y ranger : couches, n\u00e9cessaire de toilette, doudou, sucette, mini trousse \u00e0 pharmacie\u2026)  Grace \u00e0 sa languette avec bouton pression, il est facile de l&#039;accrocher partout : poussette, lit, sac \u00e0 langer, appuie t\u00eate de voiture. Vous l&#039;aurez toujours \u00e0 porter de main.  &nbsp;\" \/>\n<meta property=\"og:url\" content=\"https:\/\/lapausetendresse.fr\/?product=pochette-a-couches\" \/>\n<meta property=\"og:site_name\" content=\"La Pause Tendresse\" \/>\n<meta property=\"article:modified_time\" content=\"2025-09-24T18:37:36+00:00\" \/>\n<meta property=\"og:image\" content=\"https:\/\/lapausetendresse.fr\/wp-content\/uploads\/2022\/11\/IMG_3911-scaled.jpg\" \/>\n\t<meta property=\"og:image:width\" content=\"2560\" \/>\n\t<meta property=\"og:image:height\" content=\"2560\" \/>\n<meta name=\"twitter:card\" content=\"summary_large_image\" \/>\n<meta name=\"twitter:label1\" content=\"Dur\u00e9e de lecture est.\" \/>\n\t<meta name=\"twitter:data1\" content=\"1 minute\" \/>\n<script type=\"application\/ld+json\" class=\"yoast-schema-graph\">{\"@context\":\"https:\/\/schema.org\",\"@graph\":[{\"@type\":\"WebSite\",\"@id\":\"http:\/\/lapausetendresse.fr\/#website\",\"url\":\"http:\/\/lapausetendresse.fr\/\",\"name\":\"La Pause Tendresse\",\"description\":\"Passionn\\u00e9e par le crochet et le monde des Petits\",\"potentialAction\":[{\"@type\":\"SearchAction\",\"target\":{\"@type\":\"EntryPoint\",\"urlTemplate\":\"http:\/\/lapausetendresse.fr\/?s={search_term_string}\"},\"query-input\":\"required name=search_term_string\"}],\"inLanguage\":\"fr-FR\"},{\"@type\":\"ImageObject\",\"@id\":\"https:\/\/lapausetendresse.fr\/?product=pochette-a-couches#primaryimage\",\"inLanguage\":\"fr-FR\",\"url\":\"https:\/\/lapausetendresse.fr\/wp-content\/uploads\/2022\/11\/IMG_3911-scaled.jpg\",\"contentUrl\":\"https:\/\/lapausetendresse.fr\/wp-content\/uploads\/2022\/11\/IMG_3911-scaled.jpg\",\"width\":2560,\"height\":2560},{\"@type\":\"WebPage\",\"@id\":\"https:\/\/lapausetendresse.fr\/?product=pochette-a-couches#webpage\",\"url\":\"https:\/\/lapausetendresse.fr\/?product=pochette-a-couches\",\"name\":\"Pochette \\u00e0 couches - La Pause Tendresse\",\"isPartOf\":{\"@id\":\"http:\/\/lapausetendresse.fr\/#website\"},\"primaryImageOfPage\":{\"@id\":\"https:\/\/lapausetendresse.fr\/?product=pochette-a-couches#primaryimage\"},\"datePublished\":\"2022-11-17T18:08:03+00:00\",\"dateModified\":\"2025-09-24T18:37:36+00:00\",\"breadcrumb\":{\"@id\":\"https:\/\/lapausetendresse.fr\/?product=pochette-a-couches#breadcrumb\"},\"inLanguage\":\"fr-FR\",\"potentialAction\":[{\"@type\":\"ReadAction\",\"target\":[\"https:\/\/lapausetendresse.fr\/?product=pochette-a-couches\"]}]},{\"@type\":\"BreadcrumbList\",\"@id\":\"https:\/\/lapausetendresse.fr\/?product=pochette-a-couches#breadcrumb\",\"itemListElement\":[{\"@type\":\"ListItem\",\"position\":1,\"name\":\"Accueil\",\"item\":\"http:\/\/lapausetendresse.fr\/\"},{\"@type\":\"ListItem\",\"position\":2,\"name\":\"Mes Cr\\u00e9ations\",\"item\":\"https:\/\/lapausetendresse.fr\/?page_id=452\"},{\"@type\":\"ListItem\",\"position\":3,\"name\":\"Pochette \\u00e0 couches\"}]}]}<\/script>\n<!-- \/ Yoast SEO plugin. -->","yoast_head_json":{"title":"Pochette \u00e0 couches - La Pause Tendresse","robots":{"index":"index","follow":"follow","max-snippet":"max-snippet:-1","max-image-preview":"max-image-preview:large","max-video-preview":"max-video-preview:-1"},"canonical":"https:\/\/lapausetendresse.fr\/?product=pochette-a-couches","og_locale":"fr_FR","og_type":"article","og_title":"Pochette \u00e0 couches - La Pause Tendresse","og_description":"Pochette \u00e0 couches de transport. A personnaliser au pr\u00e9nom de b\u00e9b\u00e9 (pour y ranger : couches, n\u00e9cessaire de toilette, doudou, sucette, mini trousse \u00e0 pharmacie\u2026)  Grace \u00e0 sa languette avec bouton pression, il est facile de l'accrocher partout : poussette, lit, sac \u00e0 langer, appuie t\u00eate de voiture. Vous l'aurez toujours \u00e0 porter de main.  &nbsp;","og_url":"https:\/\/lapausetendresse.fr\/?product=pochette-a-couches","og_site_name":"La Pause Tendresse","article_modified_time":"2025-09-24T18:37:36+00:00","og_image":[{"width":2560,"height":2560,"url":"https:\/\/lapausetendresse.fr\/wp-content\/uploads\/2022\/11\/IMG_3911-scaled.jpg","type":"image\/jpeg"}],"twitter_card":"summary_large_image","twitter_misc":{"Dur\u00e9e de lecture est.":"1 minute"},"schema":{"@context":"https:\/\/schema.org","@graph":[{"@type":"WebSite","@id":"http:\/\/lapausetendresse.fr\/#website","url":"http:\/\/lapausetendresse.fr\/","name":"La Pause Tendresse","description":"Passionn\u00e9e par le crochet et le monde des Petits","potentialAction":[{"@type":"SearchAction","target":{"@type":"EntryPoint","urlTemplate":"http:\/\/lapausetendresse.fr\/?s={search_term_string}"},"query-input":"required name=search_term_string"}],"inLanguage":"fr-FR"},{"@type":"ImageObject","@id":"https:\/\/lapausetendresse.fr\/?product=pochette-a-couches#primaryimage","inLanguage":"fr-FR","url":"https:\/\/lapausetendresse.fr\/wp-content\/uploads\/2022\/11\/IMG_3911-scaled.jpg","contentUrl":"https:\/\/lapausetendresse.fr\/wp-content\/uploads\/2022\/11\/IMG_3911-scaled.jpg","width":2560,"height":2560},{"@type":"WebPage","@id":"https:\/\/lapausetendresse.fr\/?product=pochette-a-couches#webpage","url":"https:\/\/lapausetendresse.fr\/?product=pochette-a-couches","name":"Pochette \u00e0 couches - La Pause Tendresse","isPartOf":{"@id":"http:\/\/lapausetendresse.fr\/#website"},"primaryImageOfPage":{"@id":"https:\/\/lapausetendresse.fr\/?product=pochette-a-couches#primaryimage"},"datePublished":"2022-11-17T18:08:03+00:00","dateModified":"2025-09-24T18:37:36+00:00","breadcrumb":{"@id":"https:\/\/lapausetendresse.fr\/?product=pochette-a-couches#breadcrumb"},"inLanguage":"fr-FR","potentialAction":[{"@type":"ReadAction","target":["https:\/\/lapausetendresse.fr\/?product=pochette-a-couches"]}]},{"@type":"BreadcrumbList","@id":"https:\/\/lapausetendresse.fr\/?product=pochette-a-couches#breadcrumb","itemListElement":[{"@type":"ListItem","position":1,"name":"Accueil","item":"http:\/\/lapausetendresse.fr\/"},{"@type":"ListItem","position":2,"name":"Mes Cr\u00e9ations","item":"https:\/\/lapausetendresse.fr\/?page_id=452"},{"@type":"ListItem","position":3,"name":"Pochette \u00e0 couches"}]}]}},"_links":{"self":[{"href":"https:\/\/lapausetendresse.fr\/index.php?rest_route=\/wp\/v2\/product\/2408"}],"collection":[{"href":"https:\/\/lapausetendresse.fr\/index.php?rest_route=\/wp\/v2\/product"}],"about":[{"href":"https:\/\/lapausetendresse.fr\/index.php?rest_route=\/wp\/v2\/types\/product"}],"replies":[{"embeddable":true,"href":"https:\/\/lapausetendresse.fr\/index.php?rest_route=%2Fwp%2Fv2%2Fcomments&post=2408"}],"wp:featuredmedia":[{"embeddable":true,"href":"https:\/\/lapausetendresse.fr\/index.php?rest_route=\/wp\/v2\/media\/2446"}],"wp:attachment":[{"href":"https:\/\/lapausetendresse.fr\/index.php?rest_route=%2Fwp%2Fv2%2Fmedia&parent=2408"}],"wp:term":[{"taxonomy":"product_cat","embeddable":true,"href":"https:\/\/lapausetendresse.fr\/index.php?rest_route=%2Fwp%2Fv2%2Fproduct_cat&post=2408"},{"taxonomy":"product_tag","embeddable":true,"href":"https:\/\/lapausetendresse.fr\/index.php?rest_route=%2Fwp%2Fv2%2Fproduct_tag&post=2408"}],"curies":[{"name":"wp","href":"https:\/\/api.w.org\/{rel}","templated":true}]}}