{"id":2414,"date":"2022-11-22T11:34:32","date_gmt":"2022-11-22T10:34:32","guid":{"rendered":"https:\/\/lapausetendresse.fr\/?post_type=product&#038;p=2414"},"modified":"2025-09-24T20:37:19","modified_gmt":"2025-09-24T18:37:19","slug":"boule-de-noel-personnalisee","status":"publish","type":"product","link":"https:\/\/lapausetendresse.fr\/?product=boule-de-noel-personnalisee","title":{"rendered":"Boule de no\u00ebl personnalis\u00e9e"},"content":{"rendered":"<p>Dimension : 6 cm de diam\u00e8tre<\/p>\n<p>Boule en plastique.<\/p>\n<p>Diff\u00e9rents coloris de boules : voir photos pour d\u00e9couvrir les diff\u00e9rents coloris de boules que je vous propose. Il ne faudra pas oublier de me renseigner la \u00ab\u00a0lettre\u00a0\u00bb choisie.<\/p>\n<p>La boule de Jade est la couleur F<\/p>\n<p>La boule de Mila est la couleur N<\/p>\n<p>&nbsp;<\/p>\n<p>Possibilit\u00e9 d&rsquo;\u00e9crire : pr\u00e9nom, mon premier no\u00ebl, b\u00e9b\u00e9 pour 2023, Joyeux no\u00ebl maitresse, papi, mamie, nounou&#8230;.<\/p>\n<p>&nbsp;<\/p>\n<p><img loading=\"lazy\" class=\"size-full wp-image-1300 aligncenter\" src=\"http:\/\/lapausetendresse.fr\/wp-content\/uploads\/2021\/10\/Cre%CC%81e%CC%81s-en-Provence-200x200-1.png\" sizes=\"(max-width: 200px) 100vw, 200px\" srcset=\"https:\/\/lapausetendresse.fr\/wp-content\/uploads\/2021\/10\/Cre\u0301e\u0301s-en-Provence-200x200-1.png 200w, https:\/\/lapausetendresse.fr\/wp-content\/uploads\/2021\/10\/Cre\u0301e\u0301s-en-Provence-200x200-1-150x150.png 150w, https:\/\/lapausetendresse.fr\/wp-content\/uploads\/2021\/10\/Cre\u0301e\u0301s-en-Provence-200x200-1-60x60.png 60w\" alt=\"\" width=\"200\" height=\"200\" \/><\/p>\n","protected":false},"excerpt":{"rendered":"<p>Pour faire ou se faire plaisir.<\/p>\n<p>Id\u00e9e de cadeau originale, faites sensation avec un produit unique personnalis\u00e9, que vous pourrez r\u00e9utiliser chaque ann\u00e9e !<\/p>\n<p>A compl\u00e9ter (si besoin) avec la boite cadeau (petit format).<\/p>\n","protected":false},"featured_media":2427,"comment_status":"open","ping_status":"closed","template":"","meta":[],"product_cat":[112],"product_tag":[202,204,93,203,205],"yoast_head":"<!-- This site is optimized with the Yoast SEO plugin v17.4 - https:\/\/yoast.com\/wordpress\/plugins\/seo\/ -->\n<title>Boule de no\u00ebl personnalis\u00e9e - La Pause Tendresse<\/title>\n<meta name=\"robots\" content=\"index, follow, max-snippet:-1, max-image-preview:large, max-video-preview:-1\" \/>\n<link rel=\"canonical\" href=\"https:\/\/lapausetendresse.fr\/?product=boule-de-noel-personnalisee\" \/>\n<meta property=\"og:locale\" content=\"fr_FR\" \/>\n<meta property=\"og:type\" content=\"article\" \/>\n<meta property=\"og:title\" content=\"Boule de no\u00ebl personnalis\u00e9e - La Pause Tendresse\" \/>\n<meta property=\"og:description\" content=\"Pour faire ou se faire plaisir.  Id\u00e9e de cadeau originale, faites sensation avec un produit unique personnalis\u00e9, que vous pourrez r\u00e9utiliser chaque ann\u00e9e !  A compl\u00e9ter (si besoin) avec la boite cadeau (petit format).\" \/>\n<meta property=\"og:url\" content=\"https:\/\/lapausetendresse.fr\/?product=boule-de-noel-personnalisee\" \/>\n<meta property=\"og:site_name\" content=\"La Pause Tendresse\" \/>\n<meta property=\"article:modified_time\" content=\"2025-09-24T18:37:19+00:00\" \/>\n<meta property=\"og:image\" content=\"https:\/\/lapausetendresse.fr\/wp-content\/uploads\/2022\/11\/IMG_2568-scaled.jpg\" \/>\n\t<meta property=\"og:image:width\" content=\"2560\" \/>\n\t<meta property=\"og:image:height\" content=\"2560\" \/>\n<meta name=\"twitter:card\" content=\"summary_large_image\" \/>\n<meta name=\"twitter:label1\" content=\"Dur\u00e9e de lecture est.\" \/>\n\t<meta name=\"twitter:data1\" content=\"1 minute\" \/>\n<script type=\"application\/ld+json\" class=\"yoast-schema-graph\">{\"@context\":\"https:\/\/schema.org\",\"@graph\":[{\"@type\":\"WebSite\",\"@id\":\"http:\/\/lapausetendresse.fr\/#website\",\"url\":\"http:\/\/lapausetendresse.fr\/\",\"name\":\"La Pause Tendresse\",\"description\":\"Passionn\\u00e9e par le crochet et le monde des Petits\",\"potentialAction\":[{\"@type\":\"SearchAction\",\"target\":{\"@type\":\"EntryPoint\",\"urlTemplate\":\"http:\/\/lapausetendresse.fr\/?s={search_term_string}\"},\"query-input\":\"required name=search_term_string\"}],\"inLanguage\":\"fr-FR\"},{\"@type\":\"ImageObject\",\"@id\":\"https:\/\/lapausetendresse.fr\/?product=boule-de-noel-personnalisee#primaryimage\",\"inLanguage\":\"fr-FR\",\"url\":\"https:\/\/lapausetendresse.fr\/wp-content\/uploads\/2022\/11\/IMG_2568-scaled.jpg\",\"contentUrl\":\"https:\/\/lapausetendresse.fr\/wp-content\/uploads\/2022\/11\/IMG_2568-scaled.jpg\",\"width\":2560,\"height\":2560},{\"@type\":\"WebPage\",\"@id\":\"https:\/\/lapausetendresse.fr\/?product=boule-de-noel-personnalisee#webpage\",\"url\":\"https:\/\/lapausetendresse.fr\/?product=boule-de-noel-personnalisee\",\"name\":\"Boule de no\\u00ebl personnalis\\u00e9e - La Pause Tendresse\",\"isPartOf\":{\"@id\":\"http:\/\/lapausetendresse.fr\/#website\"},\"primaryImageOfPage\":{\"@id\":\"https:\/\/lapausetendresse.fr\/?product=boule-de-noel-personnalisee#primaryimage\"},\"datePublished\":\"2022-11-22T10:34:32+00:00\",\"dateModified\":\"2025-09-24T18:37:19+00:00\",\"breadcrumb\":{\"@id\":\"https:\/\/lapausetendresse.fr\/?product=boule-de-noel-personnalisee#breadcrumb\"},\"inLanguage\":\"fr-FR\",\"potentialAction\":[{\"@type\":\"ReadAction\",\"target\":[\"https:\/\/lapausetendresse.fr\/?product=boule-de-noel-personnalisee\"]}]},{\"@type\":\"BreadcrumbList\",\"@id\":\"https:\/\/lapausetendresse.fr\/?product=boule-de-noel-personnalisee#breadcrumb\",\"itemListElement\":[{\"@type\":\"ListItem\",\"position\":1,\"name\":\"Accueil\",\"item\":\"http:\/\/lapausetendresse.fr\/\"},{\"@type\":\"ListItem\",\"position\":2,\"name\":\"Mes Cr\\u00e9ations\",\"item\":\"https:\/\/lapausetendresse.fr\/?page_id=452\"},{\"@type\":\"ListItem\",\"position\":3,\"name\":\"Boule de no\\u00ebl personnalis\\u00e9e\"}]}]}<\/script>\n<!-- \/ Yoast SEO plugin. -->","yoast_head_json":{"title":"Boule de no\u00ebl personnalis\u00e9e - La Pause Tendresse","robots":{"index":"index","follow":"follow","max-snippet":"max-snippet:-1","max-image-preview":"max-image-preview:large","max-video-preview":"max-video-preview:-1"},"canonical":"https:\/\/lapausetendresse.fr\/?product=boule-de-noel-personnalisee","og_locale":"fr_FR","og_type":"article","og_title":"Boule de no\u00ebl personnalis\u00e9e - La Pause Tendresse","og_description":"Pour faire ou se faire plaisir.  Id\u00e9e de cadeau originale, faites sensation avec un produit unique personnalis\u00e9, que vous pourrez r\u00e9utiliser chaque ann\u00e9e !  A compl\u00e9ter (si besoin) avec la boite cadeau (petit format).","og_url":"https:\/\/lapausetendresse.fr\/?product=boule-de-noel-personnalisee","og_site_name":"La Pause Tendresse","article_modified_time":"2025-09-24T18:37:19+00:00","og_image":[{"width":2560,"height":2560,"url":"https:\/\/lapausetendresse.fr\/wp-content\/uploads\/2022\/11\/IMG_2568-scaled.jpg","type":"image\/jpeg"}],"twitter_card":"summary_large_image","twitter_misc":{"Dur\u00e9e de lecture est.":"1 minute"},"schema":{"@context":"https:\/\/schema.org","@graph":[{"@type":"WebSite","@id":"http:\/\/lapausetendresse.fr\/#website","url":"http:\/\/lapausetendresse.fr\/","name":"La Pause Tendresse","description":"Passionn\u00e9e par le crochet et le monde des Petits","potentialAction":[{"@type":"SearchAction","target":{"@type":"EntryPoint","urlTemplate":"http:\/\/lapausetendresse.fr\/?s={search_term_string}"},"query-input":"required name=search_term_string"}],"inLanguage":"fr-FR"},{"@type":"ImageObject","@id":"https:\/\/lapausetendresse.fr\/?product=boule-de-noel-personnalisee#primaryimage","inLanguage":"fr-FR","url":"https:\/\/lapausetendresse.fr\/wp-content\/uploads\/2022\/11\/IMG_2568-scaled.jpg","contentUrl":"https:\/\/lapausetendresse.fr\/wp-content\/uploads\/2022\/11\/IMG_2568-scaled.jpg","width":2560,"height":2560},{"@type":"WebPage","@id":"https:\/\/lapausetendresse.fr\/?product=boule-de-noel-personnalisee#webpage","url":"https:\/\/lapausetendresse.fr\/?product=boule-de-noel-personnalisee","name":"Boule de no\u00ebl personnalis\u00e9e - La Pause Tendresse","isPartOf":{"@id":"http:\/\/lapausetendresse.fr\/#website"},"primaryImageOfPage":{"@id":"https:\/\/lapausetendresse.fr\/?product=boule-de-noel-personnalisee#primaryimage"},"datePublished":"2022-11-22T10:34:32+00:00","dateModified":"2025-09-24T18:37:19+00:00","breadcrumb":{"@id":"https:\/\/lapausetendresse.fr\/?product=boule-de-noel-personnalisee#breadcrumb"},"inLanguage":"fr-FR","potentialAction":[{"@type":"ReadAction","target":["https:\/\/lapausetendresse.fr\/?product=boule-de-noel-personnalisee"]}]},{"@type":"BreadcrumbList","@id":"https:\/\/lapausetendresse.fr\/?product=boule-de-noel-personnalisee#breadcrumb","itemListElement":[{"@type":"ListItem","position":1,"name":"Accueil","item":"http:\/\/lapausetendresse.fr\/"},{"@type":"ListItem","position":2,"name":"Mes Cr\u00e9ations","item":"https:\/\/lapausetendresse.fr\/?page_id=452"},{"@type":"ListItem","position":3,"name":"Boule de no\u00ebl personnalis\u00e9e"}]}]}},"_links":{"self":[{"href":"https:\/\/lapausetendresse.fr\/index.php?rest_route=\/wp\/v2\/product\/2414"}],"collection":[{"href":"https:\/\/lapausetendresse.fr\/index.php?rest_route=\/wp\/v2\/product"}],"about":[{"href":"https:\/\/lapausetendresse.fr\/index.php?rest_route=\/wp\/v2\/types\/product"}],"replies":[{"embeddable":true,"href":"https:\/\/lapausetendresse.fr\/index.php?rest_route=%2Fwp%2Fv2%2Fcomments&post=2414"}],"wp:featuredmedia":[{"embeddable":true,"href":"https:\/\/lapausetendresse.fr\/index.php?rest_route=\/wp\/v2\/media\/2427"}],"wp:attachment":[{"href":"https:\/\/lapausetendresse.fr\/index.php?rest_route=%2Fwp%2Fv2%2Fmedia&parent=2414"}],"wp:term":[{"taxonomy":"product_cat","embeddable":true,"href":"https:\/\/lapausetendresse.fr\/index.php?rest_route=%2Fwp%2Fv2%2Fproduct_cat&post=2414"},{"taxonomy":"product_tag","embeddable":true,"href":"https:\/\/lapausetendresse.fr\/index.php?rest_route=%2Fwp%2Fv2%2Fproduct_tag&post=2414"}],"curies":[{"name":"wp","href":"https:\/\/api.w.org\/{rel}","templated":true}]}}