{"id":2472,"date":"2023-02-05T12:16:55","date_gmt":"2023-02-05T11:16:55","guid":{"rendered":"https:\/\/lapausetendresse.fr\/?post_type=product&#038;p=2472"},"modified":"2025-09-24T20:19:42","modified_gmt":"2025-09-24T18:19:42","slug":"hochet-helicoptere-suspendu","status":"publish","type":"product","link":"https:\/\/lapausetendresse.fr\/?product=hochet-helicoptere-suspendu","title":{"rendered":"Hochet suspendu &#8211; h\u00e9licopt\u00e8re"},"content":{"rendered":"<p>\u00c0 l\u2019int\u00e9rieur de l&rsquo;h\u00e9licopt\u00e8re est ins\u00e9r\u00e9 un grelot qui \u00e9met un petit bruit lorsque celui-ci est agit\u00e9.<\/p>\n<p>et un papier bruissant se situe dans le nuage.<\/p>\n<p><u>Mat\u00e9riaux utilis\u00e9s :<\/u>\u00a0laine 100% coton (<a href=\"https:\/\/www.phildar.fr\/\">Phildar<\/a>\u00a0et\u00a0<a href=\"https:\/\/www.scheepjes.com\/en\/yarn\/\">Scheepjes<\/a>), anneau en bois de 70mm con\u00e7u sp\u00e9cialement pour la dentition des b\u00e9b\u00e9s, grelot et mousse de rembourrage 100% polyester, clip en bois<\/p>\n<p><u>Dimension :<\/u> environ 12 cm pour l&rsquo;h\u00e9licopt\u00e8re.<\/p>\n<p>Article fabriqu\u00e9, emball\u00e9 puis exp\u00e9di\u00e9 sous 4-8 jours ouvr\u00e9s.<\/p>\n<p>&nbsp;<\/p>\n<h2>N\u2019oubliez pas de m\u2019informer lors de la commande :<\/h2>\n<ul>\n<li>les couleurs d\u00e9sir\u00e9s si diff\u00e9rentes.<\/li>\n<\/ul>\n<p>&nbsp;<\/p>\n<p>&nbsp;<\/p>\n<p><img loading=\"lazy\" class=\"size-full wp-image-1300 aligncenter\" src=\"http:\/\/lapausetendresse.fr\/wp-content\/uploads\/2021\/10\/Cre%CC%81e%CC%81s-en-Provence-200x200-1.png\" sizes=\"(max-width: 200px) 100vw, 200px\" srcset=\"https:\/\/lapausetendresse.fr\/wp-content\/uploads\/2021\/10\/Cre\u0301e\u0301s-en-Provence-200x200-1.png 200w, https:\/\/lapausetendresse.fr\/wp-content\/uploads\/2021\/10\/Cre\u0301e\u0301s-en-Provence-200x200-1-150x150.png 150w, https:\/\/lapausetendresse.fr\/wp-content\/uploads\/2021\/10\/Cre\u0301e\u0301s-en-Provence-200x200-1-60x60.png 60w\" alt=\"\" width=\"200\" height=\"200\" \/><\/p>\n","protected":false},"excerpt":{"rendered":"<p>Le hochet est une fa\u00e7on amusante de d\u00e9velopper les sens de B\u00e9b\u00e9 par la stimulation visuelle, auditive et tactile.<\/p>\n<p>Il est \u00e0 la fois un hochet et un jouet de dentition.<\/p>\n<p>Possibilit\u00e9 de l\u2019accrocher partout gr\u00e2ce au clip en bois.<\/p>\n<ul>\n<li>Confectionn\u00e9 par mes soins, chaque pi\u00e8ce est unique ;<\/li>\n<li>Couleurs personnalisables ;<\/li>\n<li>Mati\u00e8res naturelles ;<\/li>\n<li>Tenue en main facile pour les petits b\u00e9b\u00e9s gr\u00e2ce \u00e0 l\u2019anneau en bois,<\/li>\n<li>D\u00e9veloppe les sens de b\u00e9b\u00e9 (le toucher, la vision, l\u2019ou\u00efe) ;<\/li>\n<li>Lavable en machine<\/li>\n<li>Envoi rapide.<\/li>\n<\/ul>\n","protected":false},"featured_media":2473,"comment_status":"open","ping_status":"closed","template":"","meta":[],"product_cat":[50],"product_tag":[214,111,215,212,216],"yoast_head":"<!-- This site is optimized with the Yoast SEO plugin v17.4 - https:\/\/yoast.com\/wordpress\/plugins\/seo\/ -->\n<title>Hochet suspendu - h\u00e9licopt\u00e8re - La Pause Tendresse<\/title>\n<meta name=\"robots\" content=\"index, follow, max-snippet:-1, max-image-preview:large, max-video-preview:-1\" \/>\n<link rel=\"canonical\" href=\"https:\/\/lapausetendresse.fr\/?product=hochet-helicoptere-suspendu\" \/>\n<meta property=\"og:locale\" content=\"fr_FR\" \/>\n<meta property=\"og:type\" content=\"article\" \/>\n<meta property=\"og:title\" content=\"Hochet suspendu - h\u00e9licopt\u00e8re - La Pause Tendresse\" \/>\n<meta property=\"og:description\" content=\"Le hochet est une fa\u00e7on amusante de d\u00e9velopper les sens de B\u00e9b\u00e9 par la stimulation visuelle, auditive et tactile.  Il est \u00e0 la fois un hochet et un jouet de dentition.  Possibilit\u00e9 de l\u2019accrocher partout gr\u00e2ce au clip en bois.   Confectionn\u00e9 par mes soins, chaque pi\u00e8ce est unique ;  Couleurs personnalisables ;  Mati\u00e8res naturelles ;  Tenue en main facile pour les petits b\u00e9b\u00e9s gr\u00e2ce \u00e0 l\u2019anneau en bois,  D\u00e9veloppe les sens de b\u00e9b\u00e9 (le toucher, la vision, l\u2019ou\u00efe) ;  Lavable en machine  Envoi rapide.\" \/>\n<meta property=\"og:url\" content=\"https:\/\/lapausetendresse.fr\/?product=hochet-helicoptere-suspendu\" \/>\n<meta property=\"og:site_name\" content=\"La Pause Tendresse\" \/>\n<meta property=\"article:modified_time\" content=\"2025-09-24T18:19:42+00:00\" \/>\n<meta property=\"og:image\" content=\"https:\/\/lapausetendresse.fr\/wp-content\/uploads\/2023\/02\/EB5F1BCD-D61E-40E7-932A-BFA1283E22E3.jpg\" \/>\n\t<meta property=\"og:image:width\" content=\"1440\" \/>\n\t<meta property=\"og:image:height\" content=\"1440\" \/>\n<meta name=\"twitter:card\" content=\"summary_large_image\" \/>\n<meta name=\"twitter:label1\" content=\"Dur\u00e9e de lecture est.\" \/>\n\t<meta name=\"twitter:data1\" content=\"1 minute\" \/>\n<script type=\"application\/ld+json\" class=\"yoast-schema-graph\">{\"@context\":\"https:\/\/schema.org\",\"@graph\":[{\"@type\":\"WebSite\",\"@id\":\"http:\/\/lapausetendresse.fr\/#website\",\"url\":\"http:\/\/lapausetendresse.fr\/\",\"name\":\"La Pause Tendresse\",\"description\":\"Passionn\\u00e9e par le crochet et le monde des Petits\",\"potentialAction\":[{\"@type\":\"SearchAction\",\"target\":{\"@type\":\"EntryPoint\",\"urlTemplate\":\"http:\/\/lapausetendresse.fr\/?s={search_term_string}\"},\"query-input\":\"required name=search_term_string\"}],\"inLanguage\":\"fr-FR\"},{\"@type\":\"ImageObject\",\"@id\":\"https:\/\/lapausetendresse.fr\/?product=hochet-helicoptere-suspendu#primaryimage\",\"inLanguage\":\"fr-FR\",\"url\":\"https:\/\/lapausetendresse.fr\/wp-content\/uploads\/2023\/02\/EB5F1BCD-D61E-40E7-932A-BFA1283E22E3.jpg\",\"contentUrl\":\"https:\/\/lapausetendresse.fr\/wp-content\/uploads\/2023\/02\/EB5F1BCD-D61E-40E7-932A-BFA1283E22E3.jpg\",\"width\":1440,\"height\":1440},{\"@type\":\"WebPage\",\"@id\":\"https:\/\/lapausetendresse.fr\/?product=hochet-helicoptere-suspendu#webpage\",\"url\":\"https:\/\/lapausetendresse.fr\/?product=hochet-helicoptere-suspendu\",\"name\":\"Hochet suspendu - h\\u00e9licopt\\u00e8re - La Pause Tendresse\",\"isPartOf\":{\"@id\":\"http:\/\/lapausetendresse.fr\/#website\"},\"primaryImageOfPage\":{\"@id\":\"https:\/\/lapausetendresse.fr\/?product=hochet-helicoptere-suspendu#primaryimage\"},\"datePublished\":\"2023-02-05T11:16:55+00:00\",\"dateModified\":\"2025-09-24T18:19:42+00:00\",\"breadcrumb\":{\"@id\":\"https:\/\/lapausetendresse.fr\/?product=hochet-helicoptere-suspendu#breadcrumb\"},\"inLanguage\":\"fr-FR\",\"potentialAction\":[{\"@type\":\"ReadAction\",\"target\":[\"https:\/\/lapausetendresse.fr\/?product=hochet-helicoptere-suspendu\"]}]},{\"@type\":\"BreadcrumbList\",\"@id\":\"https:\/\/lapausetendresse.fr\/?product=hochet-helicoptere-suspendu#breadcrumb\",\"itemListElement\":[{\"@type\":\"ListItem\",\"position\":1,\"name\":\"Accueil\",\"item\":\"http:\/\/lapausetendresse.fr\/\"},{\"@type\":\"ListItem\",\"position\":2,\"name\":\"Mes Cr\\u00e9ations\",\"item\":\"https:\/\/lapausetendresse.fr\/?page_id=452\"},{\"@type\":\"ListItem\",\"position\":3,\"name\":\"Hochet suspendu &#8211; h\\u00e9licopt\\u00e8re\"}]}]}<\/script>\n<!-- \/ Yoast SEO plugin. -->","yoast_head_json":{"title":"Hochet suspendu - h\u00e9licopt\u00e8re - La Pause Tendresse","robots":{"index":"index","follow":"follow","max-snippet":"max-snippet:-1","max-image-preview":"max-image-preview:large","max-video-preview":"max-video-preview:-1"},"canonical":"https:\/\/lapausetendresse.fr\/?product=hochet-helicoptere-suspendu","og_locale":"fr_FR","og_type":"article","og_title":"Hochet suspendu - h\u00e9licopt\u00e8re - La Pause Tendresse","og_description":"Le hochet est une fa\u00e7on amusante de d\u00e9velopper les sens de B\u00e9b\u00e9 par la stimulation visuelle, auditive et tactile.  Il est \u00e0 la fois un hochet et un jouet de dentition.  Possibilit\u00e9 de l\u2019accrocher partout gr\u00e2ce au clip en bois.   Confectionn\u00e9 par mes soins, chaque pi\u00e8ce est unique ;  Couleurs personnalisables ;  Mati\u00e8res naturelles ;  Tenue en main facile pour les petits b\u00e9b\u00e9s gr\u00e2ce \u00e0 l\u2019anneau en bois,  D\u00e9veloppe les sens de b\u00e9b\u00e9 (le toucher, la vision, l\u2019ou\u00efe) ;  Lavable en machine  Envoi rapide.","og_url":"https:\/\/lapausetendresse.fr\/?product=hochet-helicoptere-suspendu","og_site_name":"La Pause Tendresse","article_modified_time":"2025-09-24T18:19:42+00:00","og_image":[{"width":1440,"height":1440,"url":"https:\/\/lapausetendresse.fr\/wp-content\/uploads\/2023\/02\/EB5F1BCD-D61E-40E7-932A-BFA1283E22E3.jpg","type":"image\/jpeg"}],"twitter_card":"summary_large_image","twitter_misc":{"Dur\u00e9e de lecture est.":"1 minute"},"schema":{"@context":"https:\/\/schema.org","@graph":[{"@type":"WebSite","@id":"http:\/\/lapausetendresse.fr\/#website","url":"http:\/\/lapausetendresse.fr\/","name":"La Pause Tendresse","description":"Passionn\u00e9e par le crochet et le monde des Petits","potentialAction":[{"@type":"SearchAction","target":{"@type":"EntryPoint","urlTemplate":"http:\/\/lapausetendresse.fr\/?s={search_term_string}"},"query-input":"required name=search_term_string"}],"inLanguage":"fr-FR"},{"@type":"ImageObject","@id":"https:\/\/lapausetendresse.fr\/?product=hochet-helicoptere-suspendu#primaryimage","inLanguage":"fr-FR","url":"https:\/\/lapausetendresse.fr\/wp-content\/uploads\/2023\/02\/EB5F1BCD-D61E-40E7-932A-BFA1283E22E3.jpg","contentUrl":"https:\/\/lapausetendresse.fr\/wp-content\/uploads\/2023\/02\/EB5F1BCD-D61E-40E7-932A-BFA1283E22E3.jpg","width":1440,"height":1440},{"@type":"WebPage","@id":"https:\/\/lapausetendresse.fr\/?product=hochet-helicoptere-suspendu#webpage","url":"https:\/\/lapausetendresse.fr\/?product=hochet-helicoptere-suspendu","name":"Hochet suspendu - h\u00e9licopt\u00e8re - La Pause Tendresse","isPartOf":{"@id":"http:\/\/lapausetendresse.fr\/#website"},"primaryImageOfPage":{"@id":"https:\/\/lapausetendresse.fr\/?product=hochet-helicoptere-suspendu#primaryimage"},"datePublished":"2023-02-05T11:16:55+00:00","dateModified":"2025-09-24T18:19:42+00:00","breadcrumb":{"@id":"https:\/\/lapausetendresse.fr\/?product=hochet-helicoptere-suspendu#breadcrumb"},"inLanguage":"fr-FR","potentialAction":[{"@type":"ReadAction","target":["https:\/\/lapausetendresse.fr\/?product=hochet-helicoptere-suspendu"]}]},{"@type":"BreadcrumbList","@id":"https:\/\/lapausetendresse.fr\/?product=hochet-helicoptere-suspendu#breadcrumb","itemListElement":[{"@type":"ListItem","position":1,"name":"Accueil","item":"http:\/\/lapausetendresse.fr\/"},{"@type":"ListItem","position":2,"name":"Mes Cr\u00e9ations","item":"https:\/\/lapausetendresse.fr\/?page_id=452"},{"@type":"ListItem","position":3,"name":"Hochet suspendu &#8211; h\u00e9licopt\u00e8re"}]}]}},"_links":{"self":[{"href":"https:\/\/lapausetendresse.fr\/index.php?rest_route=\/wp\/v2\/product\/2472"}],"collection":[{"href":"https:\/\/lapausetendresse.fr\/index.php?rest_route=\/wp\/v2\/product"}],"about":[{"href":"https:\/\/lapausetendresse.fr\/index.php?rest_route=\/wp\/v2\/types\/product"}],"replies":[{"embeddable":true,"href":"https:\/\/lapausetendresse.fr\/index.php?rest_route=%2Fwp%2Fv2%2Fcomments&post=2472"}],"wp:featuredmedia":[{"embeddable":true,"href":"https:\/\/lapausetendresse.fr\/index.php?rest_route=\/wp\/v2\/media\/2473"}],"wp:attachment":[{"href":"https:\/\/lapausetendresse.fr\/index.php?rest_route=%2Fwp%2Fv2%2Fmedia&parent=2472"}],"wp:term":[{"taxonomy":"product_cat","embeddable":true,"href":"https:\/\/lapausetendresse.fr\/index.php?rest_route=%2Fwp%2Fv2%2Fproduct_cat&post=2472"},{"taxonomy":"product_tag","embeddable":true,"href":"https:\/\/lapausetendresse.fr\/index.php?rest_route=%2Fwp%2Fv2%2Fproduct_tag&post=2472"}],"curies":[{"name":"wp","href":"https:\/\/api.w.org\/{rel}","templated":true}]}}