{"id":2503,"date":"2023-02-05T13:21:04","date_gmt":"2023-02-05T12:21:04","guid":{"rendered":"https:\/\/lapausetendresse.fr\/?post_type=product&#038;p=2503"},"modified":"2025-09-24T19:09:55","modified_gmt":"2025-09-24T17:09:55","slug":"attache-sucette-olaf","status":"publish","type":"product","link":"https:\/\/lapausetendresse.fr\/?product=attache-sucette-olaf","title":{"rendered":"Attache sucette Olaf"},"content":{"rendered":"<p>Contient des petites pi\u00e8ces. \u00c0\u00a0utiliser sous la surveillance d&rsquo;un adulte.<\/p>\n<p>Article fabriqu\u00e9, emball\u00e9 puis exp\u00e9di\u00e9 sous 3-4 jours ouvr\u00e9s.<\/p>\n<p><u>Mat\u00e9riaux utilis\u00e9s :<\/u> laine 100% coton (<a href=\"https:\/\/www.phildar.fr\/\">Phildar<\/a> et <a href=\"https:\/\/www.scheepjes.com\/en\/yarn\/\">Scheepjes<\/a>), perle en bois naturel, mousse de rembourrage 100% polyester, clip en bois de h\u00eatre sans BPA et cordon satin soie int\u00e9rieur nylon.<\/p>\n<p><u>Dimension :<\/u> mesure environ 25 cm du haut de la t\u00eate \u00e0 la derni\u00e8re perle.<\/p>\n<p><u>Conseil de lavage :<\/u><\/p>\n<ul>\n<li>Lavage machine en programme d\u00e9licat \u00e0 max 30\u00b0c ;<\/li>\n<li>Privil\u00e9gier un cycle lavage court ;<\/li>\n<li>Essorage conseill\u00e9 \u00e0 800 tours ;<\/li>\n<li>Ne pas mettre au s\u00e8che-linge.<\/li>\n<\/ul>\n<p>&nbsp;<\/p>\n<p>Possibilit\u00e9 d\u2019ajouter \u00e0 votre panier un adaptateur en silicone transparent universel (pour attacher vos sucettes qui n\u2019auraient pas d\u2019anneau d\u2019accroche) \u2013\u00a0<u>tarif\u00a0<\/u>: 1\u20ac (\u00e0 retrouver dans l\u2019onglet accessoires)<\/p>\n<p>&nbsp;<\/p>\n<h2><strong>N&rsquo;oubliez pas de m&rsquo;informer lors de la commande :<\/strong><\/h2>\n<ul>\n<li>le pr\u00e9nom de l&rsquo;enfant<\/li>\n<\/ul>\n<p>&nbsp;<\/p>\n<p><img loading=\"lazy\" class=\"size-full wp-image-1300 aligncenter\" src=\"http:\/\/lapausetendresse.fr\/wp-content\/uploads\/2021\/10\/Cre\u0301e\u0301s-en-Provence-200x200-1.png\" alt=\"\" width=\"200\" height=\"200\" srcset=\"https:\/\/lapausetendresse.fr\/wp-content\/uploads\/2021\/10\/Cre\u0301e\u0301s-en-Provence-200x200-1.png 200w, https:\/\/lapausetendresse.fr\/wp-content\/uploads\/2021\/10\/Cre\u0301e\u0301s-en-Provence-200x200-1-150x150.png 150w, https:\/\/lapausetendresse.fr\/wp-content\/uploads\/2021\/10\/Cre\u0301e\u0301s-en-Provence-200x200-1-60x60.png 60w\" sizes=\"(max-width: 200px) 100vw, 200px\" \/><\/p>\n","protected":false},"excerpt":{"rendered":"<p>D\u2019un c\u00f4t\u00e9 on attache la t\u00e9tine ou le jouet, et de l\u2019autre on attache le clip au v\u00eatement de B\u00e9b\u00e9.<\/p>\n<p>Sur la photo il s&rsquo;agit d&rsquo;un porte cl\u00e9 mais tout \u00e0 fait r\u00e9alisable en version attache sucette (comme mes autres mod\u00e8le)<\/p>\n<ul>\n<li>Confectionn\u00e9 par mes soins, chaque pi\u00e8ce est unique ;<\/li>\n<li>Couleurs et pr\u00e9nom personnalisables ;<\/li>\n<li>Mati\u00e8res naturelles ;<\/li>\n<li>Textures diff\u00e9rentes qui stimulent le toucher ;<\/li>\n<li>Lavable en machine ;<\/li>\n<li>Envoi rapide.<\/li>\n<\/ul>\n","protected":false},"featured_media":2504,"comment_status":"open","ping_status":"closed","template":"","meta":[],"product_cat":[27],"product_tag":[191,228,187,189],"yoast_head":"<!-- This site is optimized with the Yoast SEO plugin v17.4 - https:\/\/yoast.com\/wordpress\/plugins\/seo\/ -->\n<title>Attache sucette Olaf - La Pause Tendresse<\/title>\n<meta name=\"robots\" content=\"index, follow, max-snippet:-1, max-image-preview:large, max-video-preview:-1\" \/>\n<link rel=\"canonical\" href=\"https:\/\/lapausetendresse.fr\/?product=attache-sucette-olaf\" \/>\n<meta property=\"og:locale\" content=\"fr_FR\" \/>\n<meta property=\"og:type\" content=\"article\" \/>\n<meta property=\"og:title\" content=\"Attache sucette Olaf - La Pause Tendresse\" \/>\n<meta property=\"og:description\" content=\"D\u2019un c\u00f4t\u00e9 on attache la t\u00e9tine ou le jouet, et de l\u2019autre on attache le clip au v\u00eatement de B\u00e9b\u00e9.  Sur la photo il s&#039;agit d&#039;un porte cl\u00e9 mais tout \u00e0 fait r\u00e9alisable en version attache sucette (comme mes autres mod\u00e8le)   Confectionn\u00e9 par mes soins, chaque pi\u00e8ce est unique ;  Couleurs et pr\u00e9nom personnalisables ;  Mati\u00e8res naturelles ;  Textures diff\u00e9rentes qui stimulent le toucher ;  Lavable en machine ;  Envoi rapide.\" \/>\n<meta property=\"og:url\" content=\"https:\/\/lapausetendresse.fr\/?product=attache-sucette-olaf\" \/>\n<meta property=\"og:site_name\" content=\"La Pause Tendresse\" \/>\n<meta property=\"article:modified_time\" content=\"2025-09-24T17:09:55+00:00\" \/>\n<meta property=\"og:image\" content=\"https:\/\/lapausetendresse.fr\/wp-content\/uploads\/2023\/02\/IMG_1923-2-scaled.jpg\" \/>\n\t<meta property=\"og:image:width\" content=\"2560\" \/>\n\t<meta property=\"og:image:height\" content=\"2560\" \/>\n<meta name=\"twitter:card\" content=\"summary_large_image\" \/>\n<meta name=\"twitter:label1\" content=\"Dur\u00e9e de lecture est.\" \/>\n\t<meta name=\"twitter:data1\" content=\"1 minute\" \/>\n<script type=\"application\/ld+json\" class=\"yoast-schema-graph\">{\"@context\":\"https:\/\/schema.org\",\"@graph\":[{\"@type\":\"WebSite\",\"@id\":\"http:\/\/lapausetendresse.fr\/#website\",\"url\":\"http:\/\/lapausetendresse.fr\/\",\"name\":\"La Pause Tendresse\",\"description\":\"Passionn\\u00e9e par le crochet et le monde des Petits\",\"potentialAction\":[{\"@type\":\"SearchAction\",\"target\":{\"@type\":\"EntryPoint\",\"urlTemplate\":\"http:\/\/lapausetendresse.fr\/?s={search_term_string}\"},\"query-input\":\"required name=search_term_string\"}],\"inLanguage\":\"fr-FR\"},{\"@type\":\"ImageObject\",\"@id\":\"https:\/\/lapausetendresse.fr\/?product=attache-sucette-olaf#primaryimage\",\"inLanguage\":\"fr-FR\",\"url\":\"https:\/\/lapausetendresse.fr\/wp-content\/uploads\/2023\/02\/IMG_1923-2-scaled.jpg\",\"contentUrl\":\"https:\/\/lapausetendresse.fr\/wp-content\/uploads\/2023\/02\/IMG_1923-2-scaled.jpg\",\"width\":2560,\"height\":2560},{\"@type\":\"WebPage\",\"@id\":\"https:\/\/lapausetendresse.fr\/?product=attache-sucette-olaf#webpage\",\"url\":\"https:\/\/lapausetendresse.fr\/?product=attache-sucette-olaf\",\"name\":\"Attache sucette Olaf - La Pause Tendresse\",\"isPartOf\":{\"@id\":\"http:\/\/lapausetendresse.fr\/#website\"},\"primaryImageOfPage\":{\"@id\":\"https:\/\/lapausetendresse.fr\/?product=attache-sucette-olaf#primaryimage\"},\"datePublished\":\"2023-02-05T12:21:04+00:00\",\"dateModified\":\"2025-09-24T17:09:55+00:00\",\"breadcrumb\":{\"@id\":\"https:\/\/lapausetendresse.fr\/?product=attache-sucette-olaf#breadcrumb\"},\"inLanguage\":\"fr-FR\",\"potentialAction\":[{\"@type\":\"ReadAction\",\"target\":[\"https:\/\/lapausetendresse.fr\/?product=attache-sucette-olaf\"]}]},{\"@type\":\"BreadcrumbList\",\"@id\":\"https:\/\/lapausetendresse.fr\/?product=attache-sucette-olaf#breadcrumb\",\"itemListElement\":[{\"@type\":\"ListItem\",\"position\":1,\"name\":\"Accueil\",\"item\":\"http:\/\/lapausetendresse.fr\/\"},{\"@type\":\"ListItem\",\"position\":2,\"name\":\"Mes Cr\\u00e9ations\",\"item\":\"https:\/\/lapausetendresse.fr\/?page_id=452\"},{\"@type\":\"ListItem\",\"position\":3,\"name\":\"Attache sucette Olaf\"}]}]}<\/script>\n<!-- \/ Yoast SEO plugin. -->","yoast_head_json":{"title":"Attache sucette Olaf - La Pause Tendresse","robots":{"index":"index","follow":"follow","max-snippet":"max-snippet:-1","max-image-preview":"max-image-preview:large","max-video-preview":"max-video-preview:-1"},"canonical":"https:\/\/lapausetendresse.fr\/?product=attache-sucette-olaf","og_locale":"fr_FR","og_type":"article","og_title":"Attache sucette Olaf - La Pause Tendresse","og_description":"D\u2019un c\u00f4t\u00e9 on attache la t\u00e9tine ou le jouet, et de l\u2019autre on attache le clip au v\u00eatement de B\u00e9b\u00e9.  Sur la photo il s'agit d'un porte cl\u00e9 mais tout \u00e0 fait r\u00e9alisable en version attache sucette (comme mes autres mod\u00e8le)   Confectionn\u00e9 par mes soins, chaque pi\u00e8ce est unique ;  Couleurs et pr\u00e9nom personnalisables ;  Mati\u00e8res naturelles ;  Textures diff\u00e9rentes qui stimulent le toucher ;  Lavable en machine ;  Envoi rapide.","og_url":"https:\/\/lapausetendresse.fr\/?product=attache-sucette-olaf","og_site_name":"La Pause Tendresse","article_modified_time":"2025-09-24T17:09:55+00:00","og_image":[{"width":2560,"height":2560,"url":"https:\/\/lapausetendresse.fr\/wp-content\/uploads\/2023\/02\/IMG_1923-2-scaled.jpg","type":"image\/jpeg"}],"twitter_card":"summary_large_image","twitter_misc":{"Dur\u00e9e de lecture est.":"1 minute"},"schema":{"@context":"https:\/\/schema.org","@graph":[{"@type":"WebSite","@id":"http:\/\/lapausetendresse.fr\/#website","url":"http:\/\/lapausetendresse.fr\/","name":"La Pause Tendresse","description":"Passionn\u00e9e par le crochet et le monde des Petits","potentialAction":[{"@type":"SearchAction","target":{"@type":"EntryPoint","urlTemplate":"http:\/\/lapausetendresse.fr\/?s={search_term_string}"},"query-input":"required name=search_term_string"}],"inLanguage":"fr-FR"},{"@type":"ImageObject","@id":"https:\/\/lapausetendresse.fr\/?product=attache-sucette-olaf#primaryimage","inLanguage":"fr-FR","url":"https:\/\/lapausetendresse.fr\/wp-content\/uploads\/2023\/02\/IMG_1923-2-scaled.jpg","contentUrl":"https:\/\/lapausetendresse.fr\/wp-content\/uploads\/2023\/02\/IMG_1923-2-scaled.jpg","width":2560,"height":2560},{"@type":"WebPage","@id":"https:\/\/lapausetendresse.fr\/?product=attache-sucette-olaf#webpage","url":"https:\/\/lapausetendresse.fr\/?product=attache-sucette-olaf","name":"Attache sucette Olaf - La Pause Tendresse","isPartOf":{"@id":"http:\/\/lapausetendresse.fr\/#website"},"primaryImageOfPage":{"@id":"https:\/\/lapausetendresse.fr\/?product=attache-sucette-olaf#primaryimage"},"datePublished":"2023-02-05T12:21:04+00:00","dateModified":"2025-09-24T17:09:55+00:00","breadcrumb":{"@id":"https:\/\/lapausetendresse.fr\/?product=attache-sucette-olaf#breadcrumb"},"inLanguage":"fr-FR","potentialAction":[{"@type":"ReadAction","target":["https:\/\/lapausetendresse.fr\/?product=attache-sucette-olaf"]}]},{"@type":"BreadcrumbList","@id":"https:\/\/lapausetendresse.fr\/?product=attache-sucette-olaf#breadcrumb","itemListElement":[{"@type":"ListItem","position":1,"name":"Accueil","item":"http:\/\/lapausetendresse.fr\/"},{"@type":"ListItem","position":2,"name":"Mes Cr\u00e9ations","item":"https:\/\/lapausetendresse.fr\/?page_id=452"},{"@type":"ListItem","position":3,"name":"Attache sucette Olaf"}]}]}},"_links":{"self":[{"href":"https:\/\/lapausetendresse.fr\/index.php?rest_route=\/wp\/v2\/product\/2503"}],"collection":[{"href":"https:\/\/lapausetendresse.fr\/index.php?rest_route=\/wp\/v2\/product"}],"about":[{"href":"https:\/\/lapausetendresse.fr\/index.php?rest_route=\/wp\/v2\/types\/product"}],"replies":[{"embeddable":true,"href":"https:\/\/lapausetendresse.fr\/index.php?rest_route=%2Fwp%2Fv2%2Fcomments&post=2503"}],"wp:featuredmedia":[{"embeddable":true,"href":"https:\/\/lapausetendresse.fr\/index.php?rest_route=\/wp\/v2\/media\/2504"}],"wp:attachment":[{"href":"https:\/\/lapausetendresse.fr\/index.php?rest_route=%2Fwp%2Fv2%2Fmedia&parent=2503"}],"wp:term":[{"taxonomy":"product_cat","embeddable":true,"href":"https:\/\/lapausetendresse.fr\/index.php?rest_route=%2Fwp%2Fv2%2Fproduct_cat&post=2503"},{"taxonomy":"product_tag","embeddable":true,"href":"https:\/\/lapausetendresse.fr\/index.php?rest_route=%2Fwp%2Fv2%2Fproduct_tag&post=2503"}],"curies":[{"name":"wp","href":"https:\/\/api.w.org\/{rel}","templated":true}]}}