{"id":2569,"date":"2023-02-05T15:17:57","date_gmt":"2023-02-05T14:17:57","guid":{"rendered":"https:\/\/lapausetendresse.fr\/?post_type=product&#038;p=2569"},"modified":"2023-07-07T12:06:03","modified_gmt":"2023-07-07T10:06:03","slug":"doudou-lange-hibou","status":"publish","type":"product","link":"https:\/\/lapausetendresse.fr\/?product=doudou-lange-hibou","title":{"rendered":"Doudou lange hibou"},"content":{"rendered":"<p><u>Mat\u00e9riaux utilis\u00e9s :<\/u>\u00a0laine 100% coton (<a href=\"https:\/\/www.phildar.fr\/\">Phildar<\/a>\u00a0et\u00a0<a href=\"https:\/\/www.scheepjes.com\/en\/yarn\/\">Scheepjes<\/a>), mousse de rembourrage 100% polyester et tissus de qualit\u00e9 okeo-tex (minky et double gaze) au choix parmi plusieurs couleurs<\/p>\n<p><u>Dimension :<\/u>\u00a0le carr\u00e9 de tissus mesure 25 cm.<\/p>\n<p>L&rsquo;animal mesure environ 13 cm de hauteur.<\/p>\n<p>couleurs du tissus de l\u2019annonce : tissus minky moka et double gaze blanc \u00e0 pois dor\u00e9<\/p>\n<p>&nbsp;<\/p>\n<p>Article fabriqu\u00e9, emball\u00e9 puis exp\u00e9di\u00e9 sous 6-8\u00a0 jours ouvr\u00e9s.<\/p>\n<p><u>Conseil d\u2019entretien :<\/u><\/p>\n<p>Possibilit\u00e9 de le passer en machine, en cycle d\u00e9licat, \u00e0 30 degr\u00e9.<br \/>\nEssorage doux.<br \/>\nPas de s\u00e8che linge.<\/p>\n<p>Pensez aux attaches doudous -&gt; disponible dans l&rsquo;onglet \u00ab\u00a0Accessoires\u00a0\u00bb ainsi b\u00e9b\u00e9 ne perdra plus son doudou ou ne sera plus sali.<\/p>\n<p>&nbsp;<\/p>\n<p>Possibilit\u00e9 de personnaliser le doudou au pr\u00e9nom de l\u2019enfant avec soit du flex thermocollant ou de la broderie (fait main) \u2013 voir d\u2019autre photos d\u2019annonces pour voir le rendu.<\/p>\n<h2>N\u2019oubliez pas de m\u2019informer lors de la commande :<\/h2>\n<ul>\n<li>les couleurs de tissus ou animal (si diff\u00e9rente)<\/li>\n<li>Si vous souhaitez une personnalisation du pr\u00e9nom (5\u20ac suppl\u00e9mentaire)<\/li>\n<\/ul>\n<p>&nbsp;<\/p>\n<p><img loading=\"lazy\" class=\"size-full wp-image-1300 aligncenter\" src=\"http:\/\/lapausetendresse.fr\/wp-content\/uploads\/2021\/10\/Cre%CC%81e%CC%81s-en-Provence-200x200-1.png\" sizes=\"(max-width: 200px) 100vw, 200px\" srcset=\"https:\/\/lapausetendresse.fr\/wp-content\/uploads\/2021\/10\/Cre\u0301e\u0301s-en-Provence-200x200-1.png 200w, https:\/\/lapausetendresse.fr\/wp-content\/uploads\/2021\/10\/Cre\u0301e\u0301s-en-Provence-200x200-1-150x150.png 150w, https:\/\/lapausetendresse.fr\/wp-content\/uploads\/2021\/10\/Cre\u0301e\u0301s-en-Provence-200x200-1-60x60.png 60w\" alt=\"\" width=\"200\" height=\"200\" \/><\/p>\n","protected":false},"excerpt":{"rendered":"<p>Des mati\u00e8res et couleurs toutes douces pour le confort de b\u00e9b\u00e9.<br \/>\nLe compagnon id\u00e9al pour que b\u00e9b\u00e9 se sente rassur\u00e9.<\/p>\n<p>Pensez aux attaches doudous -&gt; disponible dans l&rsquo;onglet \u00ab\u00a0Accessoires\u00a0\u00bb ainsi b\u00e9b\u00e9 ne perdra plus son doudou ou ne sera plus sali.<\/p>\n<ul>\n<li>Confectionn\u00e9 par mes soins, chaque pi\u00e8ce est unique ;<\/li>\n<li>Couleurs personnalisables ;<\/li>\n<li>Mati\u00e8res naturelles ;<\/li>\n<li>Textures diff\u00e9rentes qui stimulent le toucher ;<\/li>\n<li>Envoi rapide.<\/li>\n<\/ul>\n","protected":false},"featured_media":2572,"comment_status":"open","ping_status":"closed","template":"","meta":[],"product_cat":[23],"product_tag":[235,106,36,110],"yoast_head":"<!-- This site is optimized with the Yoast SEO plugin v17.4 - https:\/\/yoast.com\/wordpress\/plugins\/seo\/ -->\n<title>Doudou lange hibou - La Pause Tendresse<\/title>\n<meta name=\"robots\" content=\"index, follow, max-snippet:-1, max-image-preview:large, max-video-preview:-1\" \/>\n<link rel=\"canonical\" href=\"http:\/\/lapausetendresse.fr\/?product=doudou-lange-hibou\" \/>\n<meta property=\"og:locale\" content=\"fr_FR\" \/>\n<meta property=\"og:type\" content=\"article\" \/>\n<meta property=\"og:title\" content=\"Doudou lange hibou - La Pause Tendresse\" \/>\n<meta property=\"og:description\" content=\"Des mati\u00e8res et couleurs toutes douces pour le confort de b\u00e9b\u00e9. Le compagnon id\u00e9al pour que b\u00e9b\u00e9 se sente rassur\u00e9.  Pensez aux attaches doudous -&gt; disponible dans l&#039;onglet &quot;Accessoires&quot; ainsi b\u00e9b\u00e9 ne perdra plus son doudou ou ne sera plus sali.   Confectionn\u00e9 par mes soins, chaque pi\u00e8ce est unique ;  Couleurs personnalisables ;  Mati\u00e8res naturelles ;  Textures diff\u00e9rentes qui stimulent le toucher ;  Envoi rapide.\" \/>\n<meta property=\"og:url\" content=\"http:\/\/lapausetendresse.fr\/?product=doudou-lange-hibou\" \/>\n<meta property=\"og:site_name\" content=\"La Pause Tendresse\" \/>\n<meta property=\"article:modified_time\" content=\"2023-07-07T10:06:03+00:00\" \/>\n<meta property=\"og:image\" content=\"https:\/\/lapausetendresse.fr\/wp-content\/uploads\/2023\/02\/IMG_3877-scaled.jpg\" \/>\n\t<meta property=\"og:image:width\" content=\"2560\" \/>\n\t<meta property=\"og:image:height\" content=\"2560\" \/>\n<meta name=\"twitter:card\" content=\"summary_large_image\" \/>\n<meta name=\"twitter:label1\" content=\"Dur\u00e9e de lecture est.\" \/>\n\t<meta name=\"twitter:data1\" content=\"1 minute\" \/>\n<script type=\"application\/ld+json\" class=\"yoast-schema-graph\">{\"@context\":\"https:\/\/schema.org\",\"@graph\":[{\"@type\":\"WebSite\",\"@id\":\"http:\/\/lapausetendresse.fr\/#website\",\"url\":\"http:\/\/lapausetendresse.fr\/\",\"name\":\"La Pause Tendresse\",\"description\":\"Passionn\\u00e9e par le crochet et le monde des Petits\",\"potentialAction\":[{\"@type\":\"SearchAction\",\"target\":{\"@type\":\"EntryPoint\",\"urlTemplate\":\"http:\/\/lapausetendresse.fr\/?s={search_term_string}\"},\"query-input\":\"required name=search_term_string\"}],\"inLanguage\":\"fr-FR\"},{\"@type\":\"ImageObject\",\"@id\":\"http:\/\/lapausetendresse.fr\/?product=doudou-lange-hibou#primaryimage\",\"inLanguage\":\"fr-FR\",\"url\":\"https:\/\/lapausetendresse.fr\/wp-content\/uploads\/2023\/02\/IMG_3877-scaled.jpg\",\"contentUrl\":\"https:\/\/lapausetendresse.fr\/wp-content\/uploads\/2023\/02\/IMG_3877-scaled.jpg\",\"width\":2560,\"height\":2560},{\"@type\":\"WebPage\",\"@id\":\"http:\/\/lapausetendresse.fr\/?product=doudou-lange-hibou#webpage\",\"url\":\"http:\/\/lapausetendresse.fr\/?product=doudou-lange-hibou\",\"name\":\"Doudou lange hibou - La Pause Tendresse\",\"isPartOf\":{\"@id\":\"http:\/\/lapausetendresse.fr\/#website\"},\"primaryImageOfPage\":{\"@id\":\"http:\/\/lapausetendresse.fr\/?product=doudou-lange-hibou#primaryimage\"},\"datePublished\":\"2023-02-05T14:17:57+00:00\",\"dateModified\":\"2023-07-07T10:06:03+00:00\",\"breadcrumb\":{\"@id\":\"http:\/\/lapausetendresse.fr\/?product=doudou-lange-hibou#breadcrumb\"},\"inLanguage\":\"fr-FR\",\"potentialAction\":[{\"@type\":\"ReadAction\",\"target\":[\"http:\/\/lapausetendresse.fr\/?product=doudou-lange-hibou\"]}]},{\"@type\":\"BreadcrumbList\",\"@id\":\"http:\/\/lapausetendresse.fr\/?product=doudou-lange-hibou#breadcrumb\",\"itemListElement\":[{\"@type\":\"ListItem\",\"position\":1,\"name\":\"Accueil\",\"item\":\"http:\/\/lapausetendresse.fr\/\"},{\"@type\":\"ListItem\",\"position\":2,\"name\":\"Mes Cr\\u00e9ations\",\"item\":\"https:\/\/lapausetendresse.fr\/?page_id=452\"},{\"@type\":\"ListItem\",\"position\":3,\"name\":\"Doudou lange hibou\"}]}]}<\/script>\n<!-- \/ Yoast SEO plugin. -->","yoast_head_json":{"title":"Doudou lange hibou - La Pause Tendresse","robots":{"index":"index","follow":"follow","max-snippet":"max-snippet:-1","max-image-preview":"max-image-preview:large","max-video-preview":"max-video-preview:-1"},"canonical":"http:\/\/lapausetendresse.fr\/?product=doudou-lange-hibou","og_locale":"fr_FR","og_type":"article","og_title":"Doudou lange hibou - La Pause Tendresse","og_description":"Des mati\u00e8res et couleurs toutes douces pour le confort de b\u00e9b\u00e9. Le compagnon id\u00e9al pour que b\u00e9b\u00e9 se sente rassur\u00e9.  Pensez aux attaches doudous -&gt; disponible dans l'onglet \"Accessoires\" ainsi b\u00e9b\u00e9 ne perdra plus son doudou ou ne sera plus sali.   Confectionn\u00e9 par mes soins, chaque pi\u00e8ce est unique ;  Couleurs personnalisables ;  Mati\u00e8res naturelles ;  Textures diff\u00e9rentes qui stimulent le toucher ;  Envoi rapide.","og_url":"http:\/\/lapausetendresse.fr\/?product=doudou-lange-hibou","og_site_name":"La Pause Tendresse","article_modified_time":"2023-07-07T10:06:03+00:00","og_image":[{"width":2560,"height":2560,"url":"https:\/\/lapausetendresse.fr\/wp-content\/uploads\/2023\/02\/IMG_3877-scaled.jpg","type":"image\/jpeg"}],"twitter_card":"summary_large_image","twitter_misc":{"Dur\u00e9e de lecture est.":"1 minute"},"schema":{"@context":"https:\/\/schema.org","@graph":[{"@type":"WebSite","@id":"http:\/\/lapausetendresse.fr\/#website","url":"http:\/\/lapausetendresse.fr\/","name":"La Pause Tendresse","description":"Passionn\u00e9e par le crochet et le monde des Petits","potentialAction":[{"@type":"SearchAction","target":{"@type":"EntryPoint","urlTemplate":"http:\/\/lapausetendresse.fr\/?s={search_term_string}"},"query-input":"required name=search_term_string"}],"inLanguage":"fr-FR"},{"@type":"ImageObject","@id":"http:\/\/lapausetendresse.fr\/?product=doudou-lange-hibou#primaryimage","inLanguage":"fr-FR","url":"https:\/\/lapausetendresse.fr\/wp-content\/uploads\/2023\/02\/IMG_3877-scaled.jpg","contentUrl":"https:\/\/lapausetendresse.fr\/wp-content\/uploads\/2023\/02\/IMG_3877-scaled.jpg","width":2560,"height":2560},{"@type":"WebPage","@id":"http:\/\/lapausetendresse.fr\/?product=doudou-lange-hibou#webpage","url":"http:\/\/lapausetendresse.fr\/?product=doudou-lange-hibou","name":"Doudou lange hibou - La Pause Tendresse","isPartOf":{"@id":"http:\/\/lapausetendresse.fr\/#website"},"primaryImageOfPage":{"@id":"http:\/\/lapausetendresse.fr\/?product=doudou-lange-hibou#primaryimage"},"datePublished":"2023-02-05T14:17:57+00:00","dateModified":"2023-07-07T10:06:03+00:00","breadcrumb":{"@id":"http:\/\/lapausetendresse.fr\/?product=doudou-lange-hibou#breadcrumb"},"inLanguage":"fr-FR","potentialAction":[{"@type":"ReadAction","target":["http:\/\/lapausetendresse.fr\/?product=doudou-lange-hibou"]}]},{"@type":"BreadcrumbList","@id":"http:\/\/lapausetendresse.fr\/?product=doudou-lange-hibou#breadcrumb","itemListElement":[{"@type":"ListItem","position":1,"name":"Accueil","item":"http:\/\/lapausetendresse.fr\/"},{"@type":"ListItem","position":2,"name":"Mes Cr\u00e9ations","item":"https:\/\/lapausetendresse.fr\/?page_id=452"},{"@type":"ListItem","position":3,"name":"Doudou lange hibou"}]}]}},"_links":{"self":[{"href":"https:\/\/lapausetendresse.fr\/index.php?rest_route=\/wp\/v2\/product\/2569"}],"collection":[{"href":"https:\/\/lapausetendresse.fr\/index.php?rest_route=\/wp\/v2\/product"}],"about":[{"href":"https:\/\/lapausetendresse.fr\/index.php?rest_route=\/wp\/v2\/types\/product"}],"replies":[{"embeddable":true,"href":"https:\/\/lapausetendresse.fr\/index.php?rest_route=%2Fwp%2Fv2%2Fcomments&post=2569"}],"wp:featuredmedia":[{"embeddable":true,"href":"https:\/\/lapausetendresse.fr\/index.php?rest_route=\/wp\/v2\/media\/2572"}],"wp:attachment":[{"href":"https:\/\/lapausetendresse.fr\/index.php?rest_route=%2Fwp%2Fv2%2Fmedia&parent=2569"}],"wp:term":[{"taxonomy":"product_cat","embeddable":true,"href":"https:\/\/lapausetendresse.fr\/index.php?rest_route=%2Fwp%2Fv2%2Fproduct_cat&post=2569"},{"taxonomy":"product_tag","embeddable":true,"href":"https:\/\/lapausetendresse.fr\/index.php?rest_route=%2Fwp%2Fv2%2Fproduct_tag&post=2569"}],"curies":[{"name":"wp","href":"https:\/\/api.w.org\/{rel}","templated":true}]}}