{"id":2579,"date":"2023-02-05T16:15:31","date_gmt":"2023-02-05T15:15:31","guid":{"rendered":"https:\/\/lapausetendresse.fr\/?post_type=product&#038;p=2579"},"modified":"2023-02-05T16:16:52","modified_gmt":"2023-02-05T15:16:52","slug":"paille-pour-gourde","status":"publish","type":"product","link":"https:\/\/lapausetendresse.fr\/?product=paille-pour-gourde","title":{"rendered":"Paille pour gourde (remplacement)"},"content":{"rendered":"<p>paille en silicone avec\u00a0boule de gravit\u00e9 \u00e0 360 degr\u00e9s<\/p>\n","protected":false},"excerpt":{"rendered":"<p>Accessoire pour gourde.<\/p>\n<p>Si vous avez besoin de remplacer la paille de la gourde personnalis\u00e9 (achet\u00e9 aupr\u00e8s de moi) car trop us\u00e9 ou jaunit par la nourriture de b\u00e9b\u00e9.<\/p>\n","protected":false},"featured_media":2580,"comment_status":"open","ping_status":"closed","template":"","meta":[],"product_cat":[112],"product_tag":[168,236,237],"yoast_head":"<!-- This site is optimized with the Yoast SEO plugin v17.4 - https:\/\/yoast.com\/wordpress\/plugins\/seo\/ -->\n<title>Paille pour gourde (remplacement) - La Pause Tendresse<\/title>\n<meta name=\"robots\" content=\"index, follow, max-snippet:-1, max-image-preview:large, max-video-preview:-1\" \/>\n<link rel=\"canonical\" href=\"https:\/\/lapausetendresse.fr\/?product=paille-pour-gourde\" \/>\n<meta property=\"og:locale\" content=\"fr_FR\" \/>\n<meta property=\"og:type\" content=\"article\" \/>\n<meta property=\"og:title\" content=\"Paille pour gourde (remplacement) - La Pause Tendresse\" \/>\n<meta property=\"og:description\" content=\"Accessoire pour gourde.  Si vous avez besoin de remplacer la paille de la gourde personnalis\u00e9 (achet\u00e9 aupr\u00e8s de moi) car trop us\u00e9 ou jaunit par la nourriture de b\u00e9b\u00e9.\" \/>\n<meta property=\"og:url\" content=\"https:\/\/lapausetendresse.fr\/?product=paille-pour-gourde\" \/>\n<meta property=\"og:site_name\" content=\"La Pause Tendresse\" \/>\n<meta property=\"article:modified_time\" content=\"2023-02-05T15:16:52+00:00\" \/>\n<meta property=\"og:image\" content=\"https:\/\/lapausetendresse.fr\/wp-content\/uploads\/2023\/02\/IMG_2605-scaled.jpg\" \/>\n\t<meta property=\"og:image:width\" content=\"1920\" \/>\n\t<meta property=\"og:image:height\" content=\"2560\" \/>\n<meta name=\"twitter:card\" content=\"summary_large_image\" \/>\n<script type=\"application\/ld+json\" class=\"yoast-schema-graph\">{\"@context\":\"https:\/\/schema.org\",\"@graph\":[{\"@type\":\"WebSite\",\"@id\":\"http:\/\/lapausetendresse.fr\/#website\",\"url\":\"http:\/\/lapausetendresse.fr\/\",\"name\":\"La Pause Tendresse\",\"description\":\"Passionn\\u00e9e par le crochet et le monde des Petits\",\"potentialAction\":[{\"@type\":\"SearchAction\",\"target\":{\"@type\":\"EntryPoint\",\"urlTemplate\":\"http:\/\/lapausetendresse.fr\/?s={search_term_string}\"},\"query-input\":\"required name=search_term_string\"}],\"inLanguage\":\"fr-FR\"},{\"@type\":\"ImageObject\",\"@id\":\"https:\/\/lapausetendresse.fr\/?product=paille-pour-gourde#primaryimage\",\"inLanguage\":\"fr-FR\",\"url\":\"https:\/\/lapausetendresse.fr\/wp-content\/uploads\/2023\/02\/IMG_2605-scaled.jpg\",\"contentUrl\":\"https:\/\/lapausetendresse.fr\/wp-content\/uploads\/2023\/02\/IMG_2605-scaled.jpg\",\"width\":1920,\"height\":2560},{\"@type\":\"WebPage\",\"@id\":\"https:\/\/lapausetendresse.fr\/?product=paille-pour-gourde#webpage\",\"url\":\"https:\/\/lapausetendresse.fr\/?product=paille-pour-gourde\",\"name\":\"Paille pour gourde (remplacement) - La Pause Tendresse\",\"isPartOf\":{\"@id\":\"http:\/\/lapausetendresse.fr\/#website\"},\"primaryImageOfPage\":{\"@id\":\"https:\/\/lapausetendresse.fr\/?product=paille-pour-gourde#primaryimage\"},\"datePublished\":\"2023-02-05T15:15:31+00:00\",\"dateModified\":\"2023-02-05T15:16:52+00:00\",\"breadcrumb\":{\"@id\":\"https:\/\/lapausetendresse.fr\/?product=paille-pour-gourde#breadcrumb\"},\"inLanguage\":\"fr-FR\",\"potentialAction\":[{\"@type\":\"ReadAction\",\"target\":[\"https:\/\/lapausetendresse.fr\/?product=paille-pour-gourde\"]}]},{\"@type\":\"BreadcrumbList\",\"@id\":\"https:\/\/lapausetendresse.fr\/?product=paille-pour-gourde#breadcrumb\",\"itemListElement\":[{\"@type\":\"ListItem\",\"position\":1,\"name\":\"Accueil\",\"item\":\"http:\/\/lapausetendresse.fr\/\"},{\"@type\":\"ListItem\",\"position\":2,\"name\":\"Mes Cr\\u00e9ations\",\"item\":\"https:\/\/lapausetendresse.fr\/?page_id=452\"},{\"@type\":\"ListItem\",\"position\":3,\"name\":\"Paille pour gourde (remplacement)\"}]}]}<\/script>\n<!-- \/ Yoast SEO plugin. -->","yoast_head_json":{"title":"Paille pour gourde (remplacement) - La Pause Tendresse","robots":{"index":"index","follow":"follow","max-snippet":"max-snippet:-1","max-image-preview":"max-image-preview:large","max-video-preview":"max-video-preview:-1"},"canonical":"https:\/\/lapausetendresse.fr\/?product=paille-pour-gourde","og_locale":"fr_FR","og_type":"article","og_title":"Paille pour gourde (remplacement) - La Pause Tendresse","og_description":"Accessoire pour gourde.  Si vous avez besoin de remplacer la paille de la gourde personnalis\u00e9 (achet\u00e9 aupr\u00e8s de moi) car trop us\u00e9 ou jaunit par la nourriture de b\u00e9b\u00e9.","og_url":"https:\/\/lapausetendresse.fr\/?product=paille-pour-gourde","og_site_name":"La Pause Tendresse","article_modified_time":"2023-02-05T15:16:52+00:00","og_image":[{"width":1920,"height":2560,"url":"https:\/\/lapausetendresse.fr\/wp-content\/uploads\/2023\/02\/IMG_2605-scaled.jpg","type":"image\/jpeg"}],"twitter_card":"summary_large_image","schema":{"@context":"https:\/\/schema.org","@graph":[{"@type":"WebSite","@id":"http:\/\/lapausetendresse.fr\/#website","url":"http:\/\/lapausetendresse.fr\/","name":"La Pause Tendresse","description":"Passionn\u00e9e par le crochet et le monde des Petits","potentialAction":[{"@type":"SearchAction","target":{"@type":"EntryPoint","urlTemplate":"http:\/\/lapausetendresse.fr\/?s={search_term_string}"},"query-input":"required name=search_term_string"}],"inLanguage":"fr-FR"},{"@type":"ImageObject","@id":"https:\/\/lapausetendresse.fr\/?product=paille-pour-gourde#primaryimage","inLanguage":"fr-FR","url":"https:\/\/lapausetendresse.fr\/wp-content\/uploads\/2023\/02\/IMG_2605-scaled.jpg","contentUrl":"https:\/\/lapausetendresse.fr\/wp-content\/uploads\/2023\/02\/IMG_2605-scaled.jpg","width":1920,"height":2560},{"@type":"WebPage","@id":"https:\/\/lapausetendresse.fr\/?product=paille-pour-gourde#webpage","url":"https:\/\/lapausetendresse.fr\/?product=paille-pour-gourde","name":"Paille pour gourde (remplacement) - La Pause Tendresse","isPartOf":{"@id":"http:\/\/lapausetendresse.fr\/#website"},"primaryImageOfPage":{"@id":"https:\/\/lapausetendresse.fr\/?product=paille-pour-gourde#primaryimage"},"datePublished":"2023-02-05T15:15:31+00:00","dateModified":"2023-02-05T15:16:52+00:00","breadcrumb":{"@id":"https:\/\/lapausetendresse.fr\/?product=paille-pour-gourde#breadcrumb"},"inLanguage":"fr-FR","potentialAction":[{"@type":"ReadAction","target":["https:\/\/lapausetendresse.fr\/?product=paille-pour-gourde"]}]},{"@type":"BreadcrumbList","@id":"https:\/\/lapausetendresse.fr\/?product=paille-pour-gourde#breadcrumb","itemListElement":[{"@type":"ListItem","position":1,"name":"Accueil","item":"http:\/\/lapausetendresse.fr\/"},{"@type":"ListItem","position":2,"name":"Mes Cr\u00e9ations","item":"https:\/\/lapausetendresse.fr\/?page_id=452"},{"@type":"ListItem","position":3,"name":"Paille pour gourde (remplacement)"}]}]}},"_links":{"self":[{"href":"https:\/\/lapausetendresse.fr\/index.php?rest_route=\/wp\/v2\/product\/2579"}],"collection":[{"href":"https:\/\/lapausetendresse.fr\/index.php?rest_route=\/wp\/v2\/product"}],"about":[{"href":"https:\/\/lapausetendresse.fr\/index.php?rest_route=\/wp\/v2\/types\/product"}],"replies":[{"embeddable":true,"href":"https:\/\/lapausetendresse.fr\/index.php?rest_route=%2Fwp%2Fv2%2Fcomments&post=2579"}],"wp:featuredmedia":[{"embeddable":true,"href":"https:\/\/lapausetendresse.fr\/index.php?rest_route=\/wp\/v2\/media\/2580"}],"wp:attachment":[{"href":"https:\/\/lapausetendresse.fr\/index.php?rest_route=%2Fwp%2Fv2%2Fmedia&parent=2579"}],"wp:term":[{"taxonomy":"product_cat","embeddable":true,"href":"https:\/\/lapausetendresse.fr\/index.php?rest_route=%2Fwp%2Fv2%2Fproduct_cat&post=2579"},{"taxonomy":"product_tag","embeddable":true,"href":"https:\/\/lapausetendresse.fr\/index.php?rest_route=%2Fwp%2Fv2%2Fproduct_tag&post=2579"}],"curies":[{"name":"wp","href":"https:\/\/api.w.org\/{rel}","templated":true}]}}