{"id":2582,"date":"2023-02-05T16:55:53","date_gmt":"2023-02-05T15:55:53","guid":{"rendered":"https:\/\/lapausetendresse.fr\/?post_type=product&#038;p=2582"},"modified":"2024-08-25T11:39:58","modified_gmt":"2024-08-25T09:39:58","slug":"coffret-cadeaux-a-62-e-doudou-et-attache-sucette-faon","status":"publish","type":"product","link":"https:\/\/lapausetendresse.fr\/?product=coffret-cadeaux-a-62-e-doudou-et-attache-sucette-faon","title":{"rendered":"Coffret cadeaux \u00e0 62 \u20ac \u2013 Doudou et attache sucette faon"},"content":{"rendered":"<p><u>Mat\u00e9riaux utilis\u00e9s :<\/u>\u00a0laine 100% coton (<a href=\"https:\/\/www.phildar.fr\/\">Phildar<\/a>\u00a0et\u00a0<a href=\"https:\/\/www.scheepjes.com\/en\/yarn\/\">Scheepjes<\/a>), mousse de rembourrage 100% polyester, perles en bois d\u2019\u00e9rable,\u00a0 clip en bois de h\u00eatre sans BPA et cordon satin soie int\u00e9rieur nylon, tissus minky et\/ou double gaze.<\/p>\n<p>&nbsp;<\/p>\n<p>Article fabriqu\u00e9, emball\u00e9 puis exp\u00e9di\u00e9 sous 8-12 jours ouvr\u00e9s.<\/p>\n<p><u>Conseil de lavage :<\/u><\/p>\n<ul>\n<li>Lavage machine en programme d\u00e9licat \u00e0 max 30\u00b0c ;<\/li>\n<li>Privil\u00e9gier un cycle lavage court ;<\/li>\n<li>Essorage conseill\u00e9 \u00e0 800 tours ;<\/li>\n<li>Ne pas mettre au s\u00e8che-linge.<\/li>\n<\/ul>\n<p>&nbsp;<\/p>\n<p><strong><u>Description de l\u2019attache sucette au crochet :<\/u><\/strong><\/p>\n<p>D\u2019un c\u00f4t\u00e9 on attache la sucette, et de l\u2019autre on attache le clip au v\u00eatement de B\u00e9b\u00e9.<\/p>\n<p><u>Dimension\u00a0<\/u>: environ 23 cm de long.<\/p>\n<p>&nbsp;<\/p>\n<p>Possibilit\u00e9 d\u2019ajouter \u00e0 votre panier un adaptateur en silicone transparent universel (pour attacher vos sucettes qui n\u2019auraient pas d\u2019anneau d\u2019accroche) \u2013\u00a0<u>tarif\u00a0<\/u>: 1\u20ac (\u00e0 retrouver dans l\u2019onglet accessoires)<\/p>\n<p>&nbsp;<\/p>\n<p><strong><u>Description du doudou:\u00a0<\/u><\/strong><\/p>\n<p>une t\u00eate de faon et des feuilles sont r\u00e9alis\u00e9s au crochet par mes soins. Cousue sur un carr\u00e9 de tissus (minky et\/ou double gaze).<\/p>\n<p><u>Dimension :<\/u>\u00a0le carr\u00e9 de tissus mesure environ 25 cm de c\u00f4t\u00e9<\/p>\n<p>&nbsp;<\/p>\n<p>&nbsp;<\/p>\n<p>Possibilit\u00e9 de personnaliser le doudou au pr\u00e9nom de l\u2019enfant avec soit du flex thermocollant ou de la broderie (fait main) \u2013 voir d\u2019autre photos d\u2019annonces pour voir le rendu. -&gt; + 5\u20ac<\/p>\n<p>&nbsp;<\/p>\n<h2>N\u2019oubliez pas de m\u2019informer lors de la commande :<\/h2>\n<ul>\n<li>le pr\u00e9nom<\/li>\n<\/ul>\n<p>&nbsp;<\/p>\n<p><img loading=\"lazy\" class=\"size-full wp-image-1300 aligncenter\" src=\"http:\/\/lapausetendresse.fr\/wp-content\/uploads\/2021\/10\/Cre%CC%81e%CC%81s-en-Provence-200x200-1.png\" sizes=\"(max-width: 200px) 100vw, 200px\" srcset=\"https:\/\/lapausetendresse.fr\/wp-content\/uploads\/2021\/10\/Cre\u0301e\u0301s-en-Provence-200x200-1.png 200w, https:\/\/lapausetendresse.fr\/wp-content\/uploads\/2021\/10\/Cre\u0301e\u0301s-en-Provence-200x200-1-150x150.png 150w, https:\/\/lapausetendresse.fr\/wp-content\/uploads\/2021\/10\/Cre\u0301e\u0301s-en-Provence-200x200-1-60x60.png 60w\" alt=\"\" width=\"200\" height=\"200\" \/><\/p>\n","protected":false},"excerpt":{"rendered":"<p><strong>Coffret cadeau comprenant 2 articles :\u00a0<\/strong><\/p>\n<ul>\n<li>un doudou faon<\/li>\n<li>une attache sucette faon<\/li>\n<\/ul>\n<p>Le cadeau parfait pour une naissance, anniversaire, no\u00ebl ou tout simplement pour faire ou se faire plaisir.<\/p>\n<ul>\n<li>Confectionn\u00e9 par mes soins, chaque pi\u00e8ce est unique ;<\/li>\n<li>Couleurs personnalisables ;<\/li>\n<li>Mati\u00e8res naturelles ;<\/li>\n<li>Lavable en machine ;<\/li>\n<li>Envoi rapide.<\/li>\n<\/ul>\n","protected":false},"featured_media":2584,"comment_status":"open","ping_status":"closed","template":"","meta":[],"product_cat":[52],"product_tag":[107,101,108,100,238,109,132],"yoast_head":"<!-- This site is optimized with the Yoast SEO plugin v17.4 - https:\/\/yoast.com\/wordpress\/plugins\/seo\/ -->\n<title>Coffret cadeaux \u00e0 62 \u20ac \u2013 Doudou et attache sucette faon - La Pause Tendresse<\/title>\n<meta name=\"robots\" content=\"index, follow, max-snippet:-1, max-image-preview:large, max-video-preview:-1\" \/>\n<link rel=\"canonical\" href=\"https:\/\/lapausetendresse.fr\/?product=coffret-cadeaux-a-62-e-doudou-et-attache-sucette-faon\" \/>\n<meta property=\"og:locale\" content=\"fr_FR\" \/>\n<meta property=\"og:type\" content=\"article\" \/>\n<meta property=\"og:title\" content=\"Coffret cadeaux \u00e0 62 \u20ac \u2013 Doudou et attache sucette faon - La Pause Tendresse\" \/>\n<meta property=\"og:description\" content=\"Coffret cadeau comprenant 2 articles :\u00a0   un doudou faon  une attache sucette faon  Le cadeau parfait pour une naissance, anniversaire, no\u00ebl ou tout simplement pour faire ou se faire plaisir.   Confectionn\u00e9 par mes soins, chaque pi\u00e8ce est unique ;  Couleurs personnalisables ;  Mati\u00e8res naturelles ;  Lavable en machine ;  Envoi rapide.\" \/>\n<meta property=\"og:url\" content=\"https:\/\/lapausetendresse.fr\/?product=coffret-cadeaux-a-62-e-doudou-et-attache-sucette-faon\" \/>\n<meta property=\"og:site_name\" content=\"La Pause Tendresse\" \/>\n<meta property=\"article:modified_time\" content=\"2024-08-25T09:39:58+00:00\" \/>\n<meta property=\"og:image\" content=\"https:\/\/lapausetendresse.fr\/wp-content\/uploads\/2023\/02\/CCB87091-A7CE-458E-9B21-35D6E322BF9A.jpg\" \/>\n\t<meta property=\"og:image:width\" content=\"1440\" \/>\n\t<meta property=\"og:image:height\" content=\"1440\" \/>\n<meta name=\"twitter:card\" content=\"summary_large_image\" \/>\n<meta name=\"twitter:label1\" content=\"Dur\u00e9e de lecture est.\" \/>\n\t<meta name=\"twitter:data1\" content=\"1 minute\" \/>\n<script type=\"application\/ld+json\" class=\"yoast-schema-graph\">{\"@context\":\"https:\/\/schema.org\",\"@graph\":[{\"@type\":\"WebSite\",\"@id\":\"http:\/\/lapausetendresse.fr\/#website\",\"url\":\"http:\/\/lapausetendresse.fr\/\",\"name\":\"La Pause Tendresse\",\"description\":\"Passionn\\u00e9e par le crochet et le monde des Petits\",\"potentialAction\":[{\"@type\":\"SearchAction\",\"target\":{\"@type\":\"EntryPoint\",\"urlTemplate\":\"http:\/\/lapausetendresse.fr\/?s={search_term_string}\"},\"query-input\":\"required name=search_term_string\"}],\"inLanguage\":\"fr-FR\"},{\"@type\":\"ImageObject\",\"@id\":\"https:\/\/lapausetendresse.fr\/?product=coffret-cadeaux-a-62-e-doudou-et-attache-sucette-faon#primaryimage\",\"inLanguage\":\"fr-FR\",\"url\":\"https:\/\/lapausetendresse.fr\/wp-content\/uploads\/2023\/02\/CCB87091-A7CE-458E-9B21-35D6E322BF9A.jpg\",\"contentUrl\":\"https:\/\/lapausetendresse.fr\/wp-content\/uploads\/2023\/02\/CCB87091-A7CE-458E-9B21-35D6E322BF9A.jpg\",\"width\":1440,\"height\":1440},{\"@type\":\"WebPage\",\"@id\":\"https:\/\/lapausetendresse.fr\/?product=coffret-cadeaux-a-62-e-doudou-et-attache-sucette-faon#webpage\",\"url\":\"https:\/\/lapausetendresse.fr\/?product=coffret-cadeaux-a-62-e-doudou-et-attache-sucette-faon\",\"name\":\"Coffret cadeaux \\u00e0 62 \\u20ac \\u2013 Doudou et attache sucette faon - La Pause Tendresse\",\"isPartOf\":{\"@id\":\"http:\/\/lapausetendresse.fr\/#website\"},\"primaryImageOfPage\":{\"@id\":\"https:\/\/lapausetendresse.fr\/?product=coffret-cadeaux-a-62-e-doudou-et-attache-sucette-faon#primaryimage\"},\"datePublished\":\"2023-02-05T15:55:53+00:00\",\"dateModified\":\"2024-08-25T09:39:58+00:00\",\"breadcrumb\":{\"@id\":\"https:\/\/lapausetendresse.fr\/?product=coffret-cadeaux-a-62-e-doudou-et-attache-sucette-faon#breadcrumb\"},\"inLanguage\":\"fr-FR\",\"potentialAction\":[{\"@type\":\"ReadAction\",\"target\":[\"https:\/\/lapausetendresse.fr\/?product=coffret-cadeaux-a-62-e-doudou-et-attache-sucette-faon\"]}]},{\"@type\":\"BreadcrumbList\",\"@id\":\"https:\/\/lapausetendresse.fr\/?product=coffret-cadeaux-a-62-e-doudou-et-attache-sucette-faon#breadcrumb\",\"itemListElement\":[{\"@type\":\"ListItem\",\"position\":1,\"name\":\"Accueil\",\"item\":\"http:\/\/lapausetendresse.fr\/\"},{\"@type\":\"ListItem\",\"position\":2,\"name\":\"Mes Cr\\u00e9ations\",\"item\":\"https:\/\/lapausetendresse.fr\/?page_id=452\"},{\"@type\":\"ListItem\",\"position\":3,\"name\":\"Coffret cadeaux \\u00e0 62 \\u20ac \\u2013 Doudou et attache sucette faon\"}]}]}<\/script>\n<!-- \/ Yoast SEO plugin. -->","yoast_head_json":{"title":"Coffret cadeaux \u00e0 62 \u20ac \u2013 Doudou et attache sucette faon - La Pause Tendresse","robots":{"index":"index","follow":"follow","max-snippet":"max-snippet:-1","max-image-preview":"max-image-preview:large","max-video-preview":"max-video-preview:-1"},"canonical":"https:\/\/lapausetendresse.fr\/?product=coffret-cadeaux-a-62-e-doudou-et-attache-sucette-faon","og_locale":"fr_FR","og_type":"article","og_title":"Coffret cadeaux \u00e0 62 \u20ac \u2013 Doudou et attache sucette faon - La Pause Tendresse","og_description":"Coffret cadeau comprenant 2 articles :\u00a0   un doudou faon  une attache sucette faon  Le cadeau parfait pour une naissance, anniversaire, no\u00ebl ou tout simplement pour faire ou se faire plaisir.   Confectionn\u00e9 par mes soins, chaque pi\u00e8ce est unique ;  Couleurs personnalisables ;  Mati\u00e8res naturelles ;  Lavable en machine ;  Envoi rapide.","og_url":"https:\/\/lapausetendresse.fr\/?product=coffret-cadeaux-a-62-e-doudou-et-attache-sucette-faon","og_site_name":"La Pause Tendresse","article_modified_time":"2024-08-25T09:39:58+00:00","og_image":[{"width":1440,"height":1440,"url":"https:\/\/lapausetendresse.fr\/wp-content\/uploads\/2023\/02\/CCB87091-A7CE-458E-9B21-35D6E322BF9A.jpg","type":"image\/jpeg"}],"twitter_card":"summary_large_image","twitter_misc":{"Dur\u00e9e de lecture est.":"1 minute"},"schema":{"@context":"https:\/\/schema.org","@graph":[{"@type":"WebSite","@id":"http:\/\/lapausetendresse.fr\/#website","url":"http:\/\/lapausetendresse.fr\/","name":"La Pause Tendresse","description":"Passionn\u00e9e par le crochet et le monde des Petits","potentialAction":[{"@type":"SearchAction","target":{"@type":"EntryPoint","urlTemplate":"http:\/\/lapausetendresse.fr\/?s={search_term_string}"},"query-input":"required name=search_term_string"}],"inLanguage":"fr-FR"},{"@type":"ImageObject","@id":"https:\/\/lapausetendresse.fr\/?product=coffret-cadeaux-a-62-e-doudou-et-attache-sucette-faon#primaryimage","inLanguage":"fr-FR","url":"https:\/\/lapausetendresse.fr\/wp-content\/uploads\/2023\/02\/CCB87091-A7CE-458E-9B21-35D6E322BF9A.jpg","contentUrl":"https:\/\/lapausetendresse.fr\/wp-content\/uploads\/2023\/02\/CCB87091-A7CE-458E-9B21-35D6E322BF9A.jpg","width":1440,"height":1440},{"@type":"WebPage","@id":"https:\/\/lapausetendresse.fr\/?product=coffret-cadeaux-a-62-e-doudou-et-attache-sucette-faon#webpage","url":"https:\/\/lapausetendresse.fr\/?product=coffret-cadeaux-a-62-e-doudou-et-attache-sucette-faon","name":"Coffret cadeaux \u00e0 62 \u20ac \u2013 Doudou et attache sucette faon - La Pause Tendresse","isPartOf":{"@id":"http:\/\/lapausetendresse.fr\/#website"},"primaryImageOfPage":{"@id":"https:\/\/lapausetendresse.fr\/?product=coffret-cadeaux-a-62-e-doudou-et-attache-sucette-faon#primaryimage"},"datePublished":"2023-02-05T15:55:53+00:00","dateModified":"2024-08-25T09:39:58+00:00","breadcrumb":{"@id":"https:\/\/lapausetendresse.fr\/?product=coffret-cadeaux-a-62-e-doudou-et-attache-sucette-faon#breadcrumb"},"inLanguage":"fr-FR","potentialAction":[{"@type":"ReadAction","target":["https:\/\/lapausetendresse.fr\/?product=coffret-cadeaux-a-62-e-doudou-et-attache-sucette-faon"]}]},{"@type":"BreadcrumbList","@id":"https:\/\/lapausetendresse.fr\/?product=coffret-cadeaux-a-62-e-doudou-et-attache-sucette-faon#breadcrumb","itemListElement":[{"@type":"ListItem","position":1,"name":"Accueil","item":"http:\/\/lapausetendresse.fr\/"},{"@type":"ListItem","position":2,"name":"Mes Cr\u00e9ations","item":"https:\/\/lapausetendresse.fr\/?page_id=452"},{"@type":"ListItem","position":3,"name":"Coffret cadeaux \u00e0 62 \u20ac \u2013 Doudou et attache sucette faon"}]}]}},"_links":{"self":[{"href":"https:\/\/lapausetendresse.fr\/index.php?rest_route=\/wp\/v2\/product\/2582"}],"collection":[{"href":"https:\/\/lapausetendresse.fr\/index.php?rest_route=\/wp\/v2\/product"}],"about":[{"href":"https:\/\/lapausetendresse.fr\/index.php?rest_route=\/wp\/v2\/types\/product"}],"replies":[{"embeddable":true,"href":"https:\/\/lapausetendresse.fr\/index.php?rest_route=%2Fwp%2Fv2%2Fcomments&post=2582"}],"wp:featuredmedia":[{"embeddable":true,"href":"https:\/\/lapausetendresse.fr\/index.php?rest_route=\/wp\/v2\/media\/2584"}],"wp:attachment":[{"href":"https:\/\/lapausetendresse.fr\/index.php?rest_route=%2Fwp%2Fv2%2Fmedia&parent=2582"}],"wp:term":[{"taxonomy":"product_cat","embeddable":true,"href":"https:\/\/lapausetendresse.fr\/index.php?rest_route=%2Fwp%2Fv2%2Fproduct_cat&post=2582"},{"taxonomy":"product_tag","embeddable":true,"href":"https:\/\/lapausetendresse.fr\/index.php?rest_route=%2Fwp%2Fv2%2Fproduct_tag&post=2582"}],"curies":[{"name":"wp","href":"https:\/\/api.w.org\/{rel}","templated":true}]}}