{"id":2676,"date":"2023-03-29T19:37:52","date_gmt":"2023-03-29T17:37:52","guid":{"rendered":"https:\/\/lapausetendresse.fr\/?post_type=product&#038;p=2676"},"modified":"2025-09-24T19:56:39","modified_gmt":"2025-09-24T17:56:39","slug":"poupee-sac-de-couchage-pour-poupee-tutti-frutti","status":"publish","type":"product","link":"https:\/\/lapausetendresse.fr\/?product=poupee-sac-de-couchage-pour-poupee-tutti-frutti","title":{"rendered":"poup\u00e9e &#8211; sac de couchage pour poup\u00e9e Tutti frutti"},"content":{"rendered":"<p><u>Mat\u00e9riaux utilis\u00e9s :<\/u> laine 100% coton (<a href=\"https:\/\/www.phildar.fr\/\">Phildar<\/a> et <a href=\"https:\/\/www.scheepjes.com\/en\/yarn\/\">Scheepjes<\/a>), tissu,\u00a0 et mousse de rembourrage 100% polyester.<\/p>\n<p><u>Dimension :<\/u> Le sac de couchage mesure environ 16cm x 10 cm<\/p>\n<p><u>Conseil de lavage :<\/u><\/p>\n<ul>\n<li>Lavage machine en programme d\u00e9licat \u00e0 max 30\u00b0c ;<\/li>\n<li>Privil\u00e9gier un cycle lavage court ;<\/li>\n<li>Essorage conseill\u00e9 \u00e0 800 tours ;<\/li>\n<li>Ne pas mettre au s\u00e8che-linge.<\/li>\n<\/ul>\n<p>Il est possible de remplacer les couleurs. Dans ce cas, n&rsquo;oubliez pas de me le signaler lors de la commande.<\/p>\n<p>patron de @lulucompotine<\/p>\n<p>Article fabriqu\u00e9, emball\u00e9 puis exp\u00e9di\u00e9 sous 6-8 jours ouvr\u00e9s.<\/p>\n<h2>N\u2019oubliez pas de m\u2019informer lors de la commande :<\/h2>\n<ul>\n<li>la couleur d\u00e9sir\u00e9,<\/li>\n<\/ul>\n<p><img loading=\"lazy\" class=\"size-full wp-image-1300 aligncenter\" src=\"http:\/\/lapausetendresse.fr\/wp-content\/uploads\/2021\/10\/Cre\u0301e\u0301s-en-Provence-200x200-1.png\" alt=\"\" width=\"200\" height=\"200\" srcset=\"https:\/\/lapausetendresse.fr\/wp-content\/uploads\/2021\/10\/Cre\u0301e\u0301s-en-Provence-200x200-1.png 200w, https:\/\/lapausetendresse.fr\/wp-content\/uploads\/2021\/10\/Cre\u0301e\u0301s-en-Provence-200x200-1-150x150.png 150w, https:\/\/lapausetendresse.fr\/wp-content\/uploads\/2021\/10\/Cre\u0301e\u0301s-en-Provence-200x200-1-60x60.png 60w\" sizes=\"(max-width: 200px) 100vw, 200px\" \/><\/p>\n","protected":false},"excerpt":{"rendered":"<p>petit sac de couchage pour accompagn\u00e9 id\u00e9alement la poup\u00e9e Tutti frutti ou tout autre figurine de votre choix. Confectionn\u00e9 par mes soins \u00e0 partir d&rsquo;un tissus et d&rsquo;un carr\u00e9 granny au crochet.<\/p>\n<p>Poup\u00e9e non incluse, le tarif comprend uniquement le sac de couchage.<\/p>\n<ul>\n<li>Confectionn\u00e9 par mes soins, chaque pi\u00e8ce est unique ;<\/li>\n<li>Couleurs personnalisables ;<\/li>\n<li>Mati\u00e8res naturelles ;<\/li>\n<li>Lavable en machine ;<\/li>\n<li>Envoi rapide.<\/li>\n<\/ul>\n","protected":false},"featured_media":2677,"comment_status":"open","ping_status":"closed","template":"","meta":[],"product_cat":[50],"product_tag":[272,188,271,270],"yoast_head":"<!-- This site is optimized with the Yoast SEO plugin v17.4 - https:\/\/yoast.com\/wordpress\/plugins\/seo\/ -->\n<title>poup\u00e9e - sac de couchage pour poup\u00e9e Tutti frutti - La Pause Tendresse<\/title>\n<meta name=\"robots\" content=\"index, follow, max-snippet:-1, max-image-preview:large, max-video-preview:-1\" \/>\n<link rel=\"canonical\" href=\"http:\/\/lapausetendresse.fr\/?product=poupee-sac-de-couchage-pour-poupee-tutti-frutti\" \/>\n<meta property=\"og:locale\" content=\"fr_FR\" \/>\n<meta property=\"og:type\" content=\"article\" \/>\n<meta property=\"og:title\" content=\"poup\u00e9e - sac de couchage pour poup\u00e9e Tutti frutti - La Pause Tendresse\" \/>\n<meta property=\"og:description\" content=\"petit sac de couchage pour accompagn\u00e9 id\u00e9alement la poup\u00e9e Tutti frutti ou tout autre figurine de votre choix. Confectionn\u00e9 par mes soins \u00e0 partir d&#039;un tissus et d&#039;un carr\u00e9 granny au crochet.  Poup\u00e9e non incluse, le tarif comprend uniquement le sac de couchage.   Confectionn\u00e9 par mes soins, chaque pi\u00e8ce est unique ;  Couleurs personnalisables ;  Mati\u00e8res naturelles ;  Lavable en machine ;  Envoi rapide.\" \/>\n<meta property=\"og:url\" content=\"http:\/\/lapausetendresse.fr\/?product=poupee-sac-de-couchage-pour-poupee-tutti-frutti\" \/>\n<meta property=\"og:site_name\" content=\"La Pause Tendresse\" \/>\n<meta property=\"article:modified_time\" content=\"2025-09-24T17:56:39+00:00\" \/>\n<meta property=\"og:image\" content=\"https:\/\/lapausetendresse.fr\/wp-content\/uploads\/2023\/03\/IMG_6912-scaled.jpg\" \/>\n\t<meta property=\"og:image:width\" content=\"2560\" \/>\n\t<meta property=\"og:image:height\" content=\"2560\" \/>\n<meta name=\"twitter:card\" content=\"summary_large_image\" \/>\n<script type=\"application\/ld+json\" class=\"yoast-schema-graph\">{\"@context\":\"https:\/\/schema.org\",\"@graph\":[{\"@type\":\"WebSite\",\"@id\":\"http:\/\/lapausetendresse.fr\/#website\",\"url\":\"http:\/\/lapausetendresse.fr\/\",\"name\":\"La Pause Tendresse\",\"description\":\"Passionn\\u00e9e par le crochet et le monde des Petits\",\"potentialAction\":[{\"@type\":\"SearchAction\",\"target\":{\"@type\":\"EntryPoint\",\"urlTemplate\":\"http:\/\/lapausetendresse.fr\/?s={search_term_string}\"},\"query-input\":\"required name=search_term_string\"}],\"inLanguage\":\"fr-FR\"},{\"@type\":\"ImageObject\",\"@id\":\"http:\/\/lapausetendresse.fr\/?product=poupee-sac-de-couchage-pour-poupee-tutti-frutti#primaryimage\",\"inLanguage\":\"fr-FR\",\"url\":\"https:\/\/lapausetendresse.fr\/wp-content\/uploads\/2023\/03\/IMG_6912-scaled.jpg\",\"contentUrl\":\"https:\/\/lapausetendresse.fr\/wp-content\/uploads\/2023\/03\/IMG_6912-scaled.jpg\",\"width\":2560,\"height\":2560},{\"@type\":\"WebPage\",\"@id\":\"http:\/\/lapausetendresse.fr\/?product=poupee-sac-de-couchage-pour-poupee-tutti-frutti#webpage\",\"url\":\"http:\/\/lapausetendresse.fr\/?product=poupee-sac-de-couchage-pour-poupee-tutti-frutti\",\"name\":\"poup\\u00e9e - sac de couchage pour poup\\u00e9e Tutti frutti - La Pause Tendresse\",\"isPartOf\":{\"@id\":\"http:\/\/lapausetendresse.fr\/#website\"},\"primaryImageOfPage\":{\"@id\":\"http:\/\/lapausetendresse.fr\/?product=poupee-sac-de-couchage-pour-poupee-tutti-frutti#primaryimage\"},\"datePublished\":\"2023-03-29T17:37:52+00:00\",\"dateModified\":\"2025-09-24T17:56:39+00:00\",\"breadcrumb\":{\"@id\":\"http:\/\/lapausetendresse.fr\/?product=poupee-sac-de-couchage-pour-poupee-tutti-frutti#breadcrumb\"},\"inLanguage\":\"fr-FR\",\"potentialAction\":[{\"@type\":\"ReadAction\",\"target\":[\"http:\/\/lapausetendresse.fr\/?product=poupee-sac-de-couchage-pour-poupee-tutti-frutti\"]}]},{\"@type\":\"BreadcrumbList\",\"@id\":\"http:\/\/lapausetendresse.fr\/?product=poupee-sac-de-couchage-pour-poupee-tutti-frutti#breadcrumb\",\"itemListElement\":[{\"@type\":\"ListItem\",\"position\":1,\"name\":\"Accueil\",\"item\":\"http:\/\/lapausetendresse.fr\/\"},{\"@type\":\"ListItem\",\"position\":2,\"name\":\"Mes Cr\\u00e9ations\",\"item\":\"https:\/\/lapausetendresse.fr\/?page_id=452\"},{\"@type\":\"ListItem\",\"position\":3,\"name\":\"poup\\u00e9e &#8211; sac de couchage pour poup\\u00e9e Tutti frutti\"}]}]}<\/script>\n<!-- \/ Yoast SEO plugin. -->","yoast_head_json":{"title":"poup\u00e9e - sac de couchage pour poup\u00e9e Tutti frutti - La Pause Tendresse","robots":{"index":"index","follow":"follow","max-snippet":"max-snippet:-1","max-image-preview":"max-image-preview:large","max-video-preview":"max-video-preview:-1"},"canonical":"http:\/\/lapausetendresse.fr\/?product=poupee-sac-de-couchage-pour-poupee-tutti-frutti","og_locale":"fr_FR","og_type":"article","og_title":"poup\u00e9e - sac de couchage pour poup\u00e9e Tutti frutti - La Pause Tendresse","og_description":"petit sac de couchage pour accompagn\u00e9 id\u00e9alement la poup\u00e9e Tutti frutti ou tout autre figurine de votre choix. Confectionn\u00e9 par mes soins \u00e0 partir d'un tissus et d'un carr\u00e9 granny au crochet.  Poup\u00e9e non incluse, le tarif comprend uniquement le sac de couchage.   Confectionn\u00e9 par mes soins, chaque pi\u00e8ce est unique ;  Couleurs personnalisables ;  Mati\u00e8res naturelles ;  Lavable en machine ;  Envoi rapide.","og_url":"http:\/\/lapausetendresse.fr\/?product=poupee-sac-de-couchage-pour-poupee-tutti-frutti","og_site_name":"La Pause Tendresse","article_modified_time":"2025-09-24T17:56:39+00:00","og_image":[{"width":2560,"height":2560,"url":"https:\/\/lapausetendresse.fr\/wp-content\/uploads\/2023\/03\/IMG_6912-scaled.jpg","type":"image\/jpeg"}],"twitter_card":"summary_large_image","schema":{"@context":"https:\/\/schema.org","@graph":[{"@type":"WebSite","@id":"http:\/\/lapausetendresse.fr\/#website","url":"http:\/\/lapausetendresse.fr\/","name":"La Pause Tendresse","description":"Passionn\u00e9e par le crochet et le monde des Petits","potentialAction":[{"@type":"SearchAction","target":{"@type":"EntryPoint","urlTemplate":"http:\/\/lapausetendresse.fr\/?s={search_term_string}"},"query-input":"required name=search_term_string"}],"inLanguage":"fr-FR"},{"@type":"ImageObject","@id":"http:\/\/lapausetendresse.fr\/?product=poupee-sac-de-couchage-pour-poupee-tutti-frutti#primaryimage","inLanguage":"fr-FR","url":"https:\/\/lapausetendresse.fr\/wp-content\/uploads\/2023\/03\/IMG_6912-scaled.jpg","contentUrl":"https:\/\/lapausetendresse.fr\/wp-content\/uploads\/2023\/03\/IMG_6912-scaled.jpg","width":2560,"height":2560},{"@type":"WebPage","@id":"http:\/\/lapausetendresse.fr\/?product=poupee-sac-de-couchage-pour-poupee-tutti-frutti#webpage","url":"http:\/\/lapausetendresse.fr\/?product=poupee-sac-de-couchage-pour-poupee-tutti-frutti","name":"poup\u00e9e - sac de couchage pour poup\u00e9e Tutti frutti - La Pause Tendresse","isPartOf":{"@id":"http:\/\/lapausetendresse.fr\/#website"},"primaryImageOfPage":{"@id":"http:\/\/lapausetendresse.fr\/?product=poupee-sac-de-couchage-pour-poupee-tutti-frutti#primaryimage"},"datePublished":"2023-03-29T17:37:52+00:00","dateModified":"2025-09-24T17:56:39+00:00","breadcrumb":{"@id":"http:\/\/lapausetendresse.fr\/?product=poupee-sac-de-couchage-pour-poupee-tutti-frutti#breadcrumb"},"inLanguage":"fr-FR","potentialAction":[{"@type":"ReadAction","target":["http:\/\/lapausetendresse.fr\/?product=poupee-sac-de-couchage-pour-poupee-tutti-frutti"]}]},{"@type":"BreadcrumbList","@id":"http:\/\/lapausetendresse.fr\/?product=poupee-sac-de-couchage-pour-poupee-tutti-frutti#breadcrumb","itemListElement":[{"@type":"ListItem","position":1,"name":"Accueil","item":"http:\/\/lapausetendresse.fr\/"},{"@type":"ListItem","position":2,"name":"Mes Cr\u00e9ations","item":"https:\/\/lapausetendresse.fr\/?page_id=452"},{"@type":"ListItem","position":3,"name":"poup\u00e9e &#8211; sac de couchage pour poup\u00e9e Tutti frutti"}]}]}},"_links":{"self":[{"href":"https:\/\/lapausetendresse.fr\/index.php?rest_route=\/wp\/v2\/product\/2676"}],"collection":[{"href":"https:\/\/lapausetendresse.fr\/index.php?rest_route=\/wp\/v2\/product"}],"about":[{"href":"https:\/\/lapausetendresse.fr\/index.php?rest_route=\/wp\/v2\/types\/product"}],"replies":[{"embeddable":true,"href":"https:\/\/lapausetendresse.fr\/index.php?rest_route=%2Fwp%2Fv2%2Fcomments&post=2676"}],"wp:featuredmedia":[{"embeddable":true,"href":"https:\/\/lapausetendresse.fr\/index.php?rest_route=\/wp\/v2\/media\/2677"}],"wp:attachment":[{"href":"https:\/\/lapausetendresse.fr\/index.php?rest_route=%2Fwp%2Fv2%2Fmedia&parent=2676"}],"wp:term":[{"taxonomy":"product_cat","embeddable":true,"href":"https:\/\/lapausetendresse.fr\/index.php?rest_route=%2Fwp%2Fv2%2Fproduct_cat&post=2676"},{"taxonomy":"product_tag","embeddable":true,"href":"https:\/\/lapausetendresse.fr\/index.php?rest_route=%2Fwp%2Fv2%2Fproduct_tag&post=2676"}],"curies":[{"name":"wp","href":"https:\/\/api.w.org\/{rel}","templated":true}]}}