{"id":2706,"date":"2023-03-29T20:58:59","date_gmt":"2023-03-29T18:58:59","guid":{"rendered":"https:\/\/lapausetendresse.fr\/?post_type=product&#038;p=2706"},"modified":"2025-09-24T20:35:47","modified_gmt":"2025-09-24T18:35:47","slug":"chaussons-bebe-lapin","status":"publish","type":"product","link":"https:\/\/lapausetendresse.fr\/?product=chaussons-bebe-lapin","title":{"rendered":"Chaussons b\u00e9b\u00e9 lapin"},"content":{"rendered":"<p><u>Mat\u00e9riaux utilis\u00e9s :<\/u>\u00a0laine 100% coton (<a href=\"https:\/\/www.phildar.fr\/\">Phildar<\/a>\u00a0et\u00a0<a href=\"https:\/\/www.scheepjes.com\/en\/yarn\/\">Scheepjes<\/a>)<\/p>\n<p><u>Taille disponible :<\/u> \u00a00-3 mois ; 3-6 mois ; 6-9 mois et 9-12 mois<\/p>\n<p><u>Conseil de lavage :<\/u><\/p>\n<ul>\n<li>Lavage machine en programme d\u00e9licat \u00e0 max 30\u00b0c ;<\/li>\n<li>Privil\u00e9gier un cycle lavage court ;<\/li>\n<li>Essorage conseill\u00e9 \u00e0 800 tours ;<\/li>\n<li>Ne pas mettre au s\u00e8che-linge.<\/li>\n<\/ul>\n<p>Article fabriqu\u00e9, emball\u00e9 puis exp\u00e9di\u00e9 sous 4-6 jours ouvr\u00e9s.<\/p>\n<p>Couleurs personnalisables sur demande.<\/p>\n<p>Sur la photo il s&rsquo;agit des couleurs ros\u00e9e (clair) et vin ros\u00e9 (fonc\u00e9) en taille 9-12 mois<\/p>\n<p>id\u00e9al en coffret cadeau de naissance.<\/p>\n<p>&nbsp;<\/p>\n<p>patron de @CrochetStreetPattern<\/p>\n<p>&nbsp;<\/p>\n<h2>N\u2019oubliez pas de m\u2019informer lors de la commande :<\/h2>\n<ul>\n<li>les couleurs d\u00e9sir\u00e9s (2 maximum) voir nuancier photo ;<\/li>\n<li>si vous souhaitez un noeud sur les oreilles.<\/li>\n<\/ul>\n<p>&nbsp;<\/p>\n<p><img loading=\"lazy\" class=\"size-full wp-image-1300 aligncenter\" src=\"http:\/\/lapausetendresse.fr\/wp-content\/uploads\/2021\/10\/Cre%CC%81e%CC%81s-en-Provence-200x200-1.png\" sizes=\"(max-width: 200px) 100vw, 200px\" srcset=\"https:\/\/lapausetendresse.fr\/wp-content\/uploads\/2021\/10\/Cre\u0301e\u0301s-en-Provence-200x200-1.png 200w, https:\/\/lapausetendresse.fr\/wp-content\/uploads\/2021\/10\/Cre\u0301e\u0301s-en-Provence-200x200-1-150x150.png 150w, https:\/\/lapausetendresse.fr\/wp-content\/uploads\/2021\/10\/Cre\u0301e\u0301s-en-Provence-200x200-1-60x60.png 60w\" alt=\"\" width=\"200\" height=\"200\" \/><\/p>\n","protected":false},"excerpt":{"rendered":"<p>chaussons pour b\u00e9b\u00e9 en coton.<\/p>\n<p>Trop mignon avec ses oreilles de lapin. Vous pouvez choisir les couleurs (uni ou 2 couleurs)<\/p>\n<p>Ils existent en plusieurs taille : 0-3 mois ; 3-6 mois ; 6-9 mois et 9-12 mois<\/p>\n<p>&nbsp;<\/p>\n<ul>\n<li>Confectionn\u00e9 par mes soins, chaque pi\u00e8ce est unique ;<\/li>\n<li>Couleurs et pr\u00e9nom personnalisables ;<\/li>\n<li>Mati\u00e8res naturelles ;<\/li>\n<li>Lavable en machine ;<\/li>\n<li>Envoi rapide.<\/li>\n<\/ul>\n","protected":false},"featured_media":2707,"comment_status":"open","ping_status":"closed","template":"","meta":[],"product_cat":[112],"product_tag":[282,278,279,281,280,132],"yoast_head":"<!-- This site is optimized with the Yoast SEO plugin v17.4 - https:\/\/yoast.com\/wordpress\/plugins\/seo\/ -->\n<title>Chaussons b\u00e9b\u00e9 lapin - La Pause Tendresse<\/title>\n<meta name=\"robots\" content=\"index, follow, max-snippet:-1, max-image-preview:large, max-video-preview:-1\" \/>\n<link rel=\"canonical\" href=\"http:\/\/lapausetendresse.fr\/?product=chaussons-bebe-lapin\" \/>\n<meta property=\"og:locale\" content=\"fr_FR\" \/>\n<meta property=\"og:type\" content=\"article\" \/>\n<meta property=\"og:title\" content=\"Chaussons b\u00e9b\u00e9 lapin - La Pause Tendresse\" \/>\n<meta property=\"og:description\" content=\"chaussons pour b\u00e9b\u00e9 en coton.  Trop mignon avec ses oreilles de lapin. Vous pouvez choisir les couleurs (uni ou 2 couleurs)  Ils existent en plusieurs taille : 0-3 mois ; 3-6 mois ; 6-9 mois et 9-12 mois  &nbsp;   Confectionn\u00e9 par mes soins, chaque pi\u00e8ce est unique ;  Couleurs et pr\u00e9nom personnalisables ;  Mati\u00e8res naturelles ;  Lavable en machine ;  Envoi rapide.\" \/>\n<meta property=\"og:url\" content=\"http:\/\/lapausetendresse.fr\/?product=chaussons-bebe-lapin\" \/>\n<meta property=\"og:site_name\" content=\"La Pause Tendresse\" \/>\n<meta property=\"article:modified_time\" content=\"2025-09-24T18:35:47+00:00\" \/>\n<meta property=\"og:image\" content=\"https:\/\/lapausetendresse.fr\/wp-content\/uploads\/2023\/03\/IMG_7214-scaled.jpg\" \/>\n\t<meta property=\"og:image:width\" content=\"2560\" \/>\n\t<meta property=\"og:image:height\" content=\"2560\" \/>\n<meta name=\"twitter:card\" content=\"summary_large_image\" \/>\n<meta name=\"twitter:label1\" content=\"Dur\u00e9e de lecture est.\" \/>\n\t<meta name=\"twitter:data1\" content=\"1 minute\" \/>\n<script type=\"application\/ld+json\" class=\"yoast-schema-graph\">{\"@context\":\"https:\/\/schema.org\",\"@graph\":[{\"@type\":\"WebSite\",\"@id\":\"http:\/\/lapausetendresse.fr\/#website\",\"url\":\"http:\/\/lapausetendresse.fr\/\",\"name\":\"La Pause Tendresse\",\"description\":\"Passionn\\u00e9e par le crochet et le monde des Petits\",\"potentialAction\":[{\"@type\":\"SearchAction\",\"target\":{\"@type\":\"EntryPoint\",\"urlTemplate\":\"http:\/\/lapausetendresse.fr\/?s={search_term_string}\"},\"query-input\":\"required name=search_term_string\"}],\"inLanguage\":\"fr-FR\"},{\"@type\":\"ImageObject\",\"@id\":\"http:\/\/lapausetendresse.fr\/?product=chaussons-bebe-lapin#primaryimage\",\"inLanguage\":\"fr-FR\",\"url\":\"https:\/\/lapausetendresse.fr\/wp-content\/uploads\/2023\/03\/IMG_7214-scaled.jpg\",\"contentUrl\":\"https:\/\/lapausetendresse.fr\/wp-content\/uploads\/2023\/03\/IMG_7214-scaled.jpg\",\"width\":2560,\"height\":2560},{\"@type\":\"WebPage\",\"@id\":\"http:\/\/lapausetendresse.fr\/?product=chaussons-bebe-lapin#webpage\",\"url\":\"http:\/\/lapausetendresse.fr\/?product=chaussons-bebe-lapin\",\"name\":\"Chaussons b\\u00e9b\\u00e9 lapin - La Pause Tendresse\",\"isPartOf\":{\"@id\":\"http:\/\/lapausetendresse.fr\/#website\"},\"primaryImageOfPage\":{\"@id\":\"http:\/\/lapausetendresse.fr\/?product=chaussons-bebe-lapin#primaryimage\"},\"datePublished\":\"2023-03-29T18:58:59+00:00\",\"dateModified\":\"2025-09-24T18:35:47+00:00\",\"breadcrumb\":{\"@id\":\"http:\/\/lapausetendresse.fr\/?product=chaussons-bebe-lapin#breadcrumb\"},\"inLanguage\":\"fr-FR\",\"potentialAction\":[{\"@type\":\"ReadAction\",\"target\":[\"http:\/\/lapausetendresse.fr\/?product=chaussons-bebe-lapin\"]}]},{\"@type\":\"BreadcrumbList\",\"@id\":\"http:\/\/lapausetendresse.fr\/?product=chaussons-bebe-lapin#breadcrumb\",\"itemListElement\":[{\"@type\":\"ListItem\",\"position\":1,\"name\":\"Accueil\",\"item\":\"http:\/\/lapausetendresse.fr\/\"},{\"@type\":\"ListItem\",\"position\":2,\"name\":\"Mes Cr\\u00e9ations\",\"item\":\"https:\/\/lapausetendresse.fr\/?page_id=452\"},{\"@type\":\"ListItem\",\"position\":3,\"name\":\"Chaussons b\\u00e9b\\u00e9 lapin\"}]}]}<\/script>\n<!-- \/ Yoast SEO plugin. -->","yoast_head_json":{"title":"Chaussons b\u00e9b\u00e9 lapin - La Pause Tendresse","robots":{"index":"index","follow":"follow","max-snippet":"max-snippet:-1","max-image-preview":"max-image-preview:large","max-video-preview":"max-video-preview:-1"},"canonical":"http:\/\/lapausetendresse.fr\/?product=chaussons-bebe-lapin","og_locale":"fr_FR","og_type":"article","og_title":"Chaussons b\u00e9b\u00e9 lapin - La Pause Tendresse","og_description":"chaussons pour b\u00e9b\u00e9 en coton.  Trop mignon avec ses oreilles de lapin. Vous pouvez choisir les couleurs (uni ou 2 couleurs)  Ils existent en plusieurs taille : 0-3 mois ; 3-6 mois ; 6-9 mois et 9-12 mois  &nbsp;   Confectionn\u00e9 par mes soins, chaque pi\u00e8ce est unique ;  Couleurs et pr\u00e9nom personnalisables ;  Mati\u00e8res naturelles ;  Lavable en machine ;  Envoi rapide.","og_url":"http:\/\/lapausetendresse.fr\/?product=chaussons-bebe-lapin","og_site_name":"La Pause Tendresse","article_modified_time":"2025-09-24T18:35:47+00:00","og_image":[{"width":2560,"height":2560,"url":"https:\/\/lapausetendresse.fr\/wp-content\/uploads\/2023\/03\/IMG_7214-scaled.jpg","type":"image\/jpeg"}],"twitter_card":"summary_large_image","twitter_misc":{"Dur\u00e9e de lecture est.":"1 minute"},"schema":{"@context":"https:\/\/schema.org","@graph":[{"@type":"WebSite","@id":"http:\/\/lapausetendresse.fr\/#website","url":"http:\/\/lapausetendresse.fr\/","name":"La Pause Tendresse","description":"Passionn\u00e9e par le crochet et le monde des Petits","potentialAction":[{"@type":"SearchAction","target":{"@type":"EntryPoint","urlTemplate":"http:\/\/lapausetendresse.fr\/?s={search_term_string}"},"query-input":"required name=search_term_string"}],"inLanguage":"fr-FR"},{"@type":"ImageObject","@id":"http:\/\/lapausetendresse.fr\/?product=chaussons-bebe-lapin#primaryimage","inLanguage":"fr-FR","url":"https:\/\/lapausetendresse.fr\/wp-content\/uploads\/2023\/03\/IMG_7214-scaled.jpg","contentUrl":"https:\/\/lapausetendresse.fr\/wp-content\/uploads\/2023\/03\/IMG_7214-scaled.jpg","width":2560,"height":2560},{"@type":"WebPage","@id":"http:\/\/lapausetendresse.fr\/?product=chaussons-bebe-lapin#webpage","url":"http:\/\/lapausetendresse.fr\/?product=chaussons-bebe-lapin","name":"Chaussons b\u00e9b\u00e9 lapin - La Pause Tendresse","isPartOf":{"@id":"http:\/\/lapausetendresse.fr\/#website"},"primaryImageOfPage":{"@id":"http:\/\/lapausetendresse.fr\/?product=chaussons-bebe-lapin#primaryimage"},"datePublished":"2023-03-29T18:58:59+00:00","dateModified":"2025-09-24T18:35:47+00:00","breadcrumb":{"@id":"http:\/\/lapausetendresse.fr\/?product=chaussons-bebe-lapin#breadcrumb"},"inLanguage":"fr-FR","potentialAction":[{"@type":"ReadAction","target":["http:\/\/lapausetendresse.fr\/?product=chaussons-bebe-lapin"]}]},{"@type":"BreadcrumbList","@id":"http:\/\/lapausetendresse.fr\/?product=chaussons-bebe-lapin#breadcrumb","itemListElement":[{"@type":"ListItem","position":1,"name":"Accueil","item":"http:\/\/lapausetendresse.fr\/"},{"@type":"ListItem","position":2,"name":"Mes Cr\u00e9ations","item":"https:\/\/lapausetendresse.fr\/?page_id=452"},{"@type":"ListItem","position":3,"name":"Chaussons b\u00e9b\u00e9 lapin"}]}]}},"_links":{"self":[{"href":"https:\/\/lapausetendresse.fr\/index.php?rest_route=\/wp\/v2\/product\/2706"}],"collection":[{"href":"https:\/\/lapausetendresse.fr\/index.php?rest_route=\/wp\/v2\/product"}],"about":[{"href":"https:\/\/lapausetendresse.fr\/index.php?rest_route=\/wp\/v2\/types\/product"}],"replies":[{"embeddable":true,"href":"https:\/\/lapausetendresse.fr\/index.php?rest_route=%2Fwp%2Fv2%2Fcomments&post=2706"}],"wp:featuredmedia":[{"embeddable":true,"href":"https:\/\/lapausetendresse.fr\/index.php?rest_route=\/wp\/v2\/media\/2707"}],"wp:attachment":[{"href":"https:\/\/lapausetendresse.fr\/index.php?rest_route=%2Fwp%2Fv2%2Fmedia&parent=2706"}],"wp:term":[{"taxonomy":"product_cat","embeddable":true,"href":"https:\/\/lapausetendresse.fr\/index.php?rest_route=%2Fwp%2Fv2%2Fproduct_cat&post=2706"},{"taxonomy":"product_tag","embeddable":true,"href":"https:\/\/lapausetendresse.fr\/index.php?rest_route=%2Fwp%2Fv2%2Fproduct_tag&post=2706"}],"curies":[{"name":"wp","href":"https:\/\/api.w.org\/{rel}","templated":true}]}}