{"id":2732,"date":"2023-05-27T15:13:23","date_gmt":"2023-05-27T13:13:23","guid":{"rendered":"https:\/\/lapausetendresse.fr\/?post_type=product&#038;p=2732"},"modified":"2025-09-24T20:32:43","modified_gmt":"2025-09-24T18:32:43","slug":"coffret-cadeaux-a-27-e-hochet-baleine-attache-sucette","status":"publish","type":"product","link":"https:\/\/lapausetendresse.fr\/?product=coffret-cadeaux-a-27-e-hochet-baleine-attache-sucette","title":{"rendered":"Coffret cadeaux \u00e0 32 \u20ac \u2013 (hochet baleine + attache sucette)"},"content":{"rendered":"<p><u>Mat\u00e9riaux utilis\u00e9s :<\/u>\u00a0laine 100% coton (<a href=\"https:\/\/www.phildar.fr\/\">Phildar<\/a>\u00a0et\u00a0<a href=\"https:\/\/www.scheepjes.com\/en\/yarn\/\">Scheepjes<\/a>), mousse de rembourrage 100% polyester, grelot, perle en bois naturel et en silicone, perle alphabet en silicone sans BPA, clip en bois de h\u00eatre sans BPA et cordon satin soie int\u00e9rieur nylon.<\/p>\n<p>Article fabriqu\u00e9, emball\u00e9 puis exp\u00e9di\u00e9 sous 6-12 jours ouvr\u00e9s.<\/p>\n<p><u>Conseil de lavage :<\/u><\/p>\n<ul>\n<li>Lavage machine en programme d\u00e9licat \u00e0 max 30\u00b0c ;<\/li>\n<li>Privil\u00e9gier un cycle lavage court ;<\/li>\n<li>Essorage conseill\u00e9 \u00e0 800 tours ;<\/li>\n<li>Ne pas mettre au s\u00e8che-linge.<\/li>\n<\/ul>\n<p>&nbsp;<\/p>\n<p><strong><u>Description du hochet au crochet :<\/u><\/strong><\/p>\n<p>Le hochet est une fa\u00e7on amusante de d\u00e9velopper les sens de B\u00e9b\u00e9 par la stimulation visuelle, auditive et tactile.<\/p>\n<p>Tenue en main facile et leger pour les petites mains de b\u00e9b\u00e9s.<\/p>\n<p>A l\u2019int\u00e9rieur de la t\u00eate est ins\u00e9r\u00e9 un grelot qui \u00e9met un petit bruit lorsque l&rsquo;animal est agit\u00e9.<\/p>\n<p><u>Dimension :<\/u> mesure environ 7 cm.<\/p>\n<p>&nbsp;<\/p>\n<p><strong><u>Description des attaches sucettes :<\/u><\/strong><\/p>\n<p>Contient des petites pi\u00e8ces. \u00c0 utiliser sous la surveillance d\u2019un adulte.<\/p>\n<p><u>Dimension :<\/u> mesure environ 21 cm. La longueur d\u00e9pend du nombre de lettre \u00e0 inscrire et du mod\u00e8le.<\/p>\n<p>&nbsp;<\/p>\n<h2>N\u2019oubliez pas de m\u2019informer lors de la commande :<\/h2>\n<ul>\n<li>le pr\u00e9nom de l\u2019enfant ;<\/li>\n<li>la couleur pour la baleine et l&rsquo;attache sucette<\/li>\n<\/ul>\n<p>&nbsp;<\/p>\n<p><img loading=\"lazy\" class=\"size-full wp-image-1300 aligncenter\" src=\"http:\/\/lapausetendresse.fr\/wp-content\/uploads\/2021\/10\/Cre%CC%81e%CC%81s-en-Provence-200x200-1.png\" sizes=\"(max-width: 200px) 100vw, 200px\" srcset=\"https:\/\/lapausetendresse.fr\/wp-content\/uploads\/2021\/10\/Cre\u0301e\u0301s-en-Provence-200x200-1.png 200w, https:\/\/lapausetendresse.fr\/wp-content\/uploads\/2021\/10\/Cre\u0301e\u0301s-en-Provence-200x200-1-150x150.png 150w, https:\/\/lapausetendresse.fr\/wp-content\/uploads\/2021\/10\/Cre\u0301e\u0301s-en-Provence-200x200-1-60x60.png 60w\" alt=\"\" width=\"200\" height=\"200\" \/><\/p>\n","protected":false},"excerpt":{"rendered":"<p><strong>Coffret cadeau comprenant 2 articles :\u00a0<\/strong><\/p>\n<ul>\n<li>une attache sucette<\/li>\n<li>un hochet baleine<\/li>\n<\/ul>\n<p>Le cadeau parfait pour une naissance, anniversaire, no\u00ebl ou tout simplement pour faire ou se plaisir.<\/p>\n<ul>\n<li>Confectionn\u00e9 par mes soins,<\/li>\n<li>Chaque pi\u00e8ce est unique ;<\/li>\n<li>Couleurs personnalisables ;<\/li>\n<li>Tenue en main facile ;<\/li>\n<li>D\u00e9veloppe les sens de b\u00e9b\u00e9 (le toucher, la vision, l\u2019ou\u00efe) ;<\/li>\n<li>Envoi rapide.<\/li>\n<\/ul>\n","protected":false},"featured_media":2737,"comment_status":"open","ping_status":"closed","template":"","meta":[],"product_cat":[52],"product_tag":[41,101,100,132,187,189],"yoast_head":"<!-- This site is optimized with the Yoast SEO plugin v17.4 - https:\/\/yoast.com\/wordpress\/plugins\/seo\/ -->\n<title>Coffret cadeaux \u00e0 32 \u20ac \u2013 (hochet baleine + attache sucette) - La Pause Tendresse<\/title>\n<meta name=\"description\" content=\"Coffret cadeaux pour b\u00e9b\u00e9 fait main au crochet en Provence. Petit prix pour une cr\u00e9ation originale, artisanale et personnalis\u00e9e.\" \/>\n<meta name=\"robots\" content=\"index, follow, max-snippet:-1, max-image-preview:large, max-video-preview:-1\" \/>\n<link rel=\"canonical\" href=\"https:\/\/lapausetendresse.fr\/?product=coffret-cadeaux-a-27-e-hochet-baleine-attache-sucette\" \/>\n<meta property=\"og:locale\" content=\"fr_FR\" \/>\n<meta property=\"og:type\" content=\"article\" \/>\n<meta property=\"og:title\" content=\"Coffret cadeaux \u00e0 32 \u20ac \u2013 (hochet baleine + attache sucette) - La Pause Tendresse\" \/>\n<meta property=\"og:description\" content=\"Coffret cadeaux pour b\u00e9b\u00e9 fait main au crochet en Provence. Petit prix pour une cr\u00e9ation originale, artisanale et personnalis\u00e9e.\" \/>\n<meta property=\"og:url\" content=\"https:\/\/lapausetendresse.fr\/?product=coffret-cadeaux-a-27-e-hochet-baleine-attache-sucette\" \/>\n<meta property=\"og:site_name\" content=\"La Pause Tendresse\" \/>\n<meta property=\"article:modified_time\" content=\"2025-09-24T18:32:43+00:00\" \/>\n<meta property=\"og:image\" content=\"http:\/\/lapausetendresse.fr\/wp-content\/uploads\/2023\/05\/IMG_6205-scaled.jpg\" \/>\n\t<meta property=\"og:image:width\" content=\"2560\" \/>\n\t<meta property=\"og:image:height\" content=\"2560\" \/>\n<meta name=\"twitter:card\" content=\"summary_large_image\" \/>\n<meta name=\"twitter:label1\" content=\"Dur\u00e9e de lecture est.\" \/>\n\t<meta name=\"twitter:data1\" content=\"2 minutes\" \/>\n<script type=\"application\/ld+json\" class=\"yoast-schema-graph\">{\"@context\":\"https:\/\/schema.org\",\"@graph\":[{\"@type\":\"WebSite\",\"@id\":\"http:\/\/lapausetendresse.fr\/#website\",\"url\":\"http:\/\/lapausetendresse.fr\/\",\"name\":\"La Pause Tendresse\",\"description\":\"Passionn\\u00e9e par le crochet et le monde des Petits\",\"potentialAction\":[{\"@type\":\"SearchAction\",\"target\":{\"@type\":\"EntryPoint\",\"urlTemplate\":\"http:\/\/lapausetendresse.fr\/?s={search_term_string}\"},\"query-input\":\"required name=search_term_string\"}],\"inLanguage\":\"fr-FR\"},{\"@type\":\"ImageObject\",\"@id\":\"https:\/\/lapausetendresse.fr\/?product=coffret-cadeaux-a-27-e-hochet-baleine-attache-sucette#primaryimage\",\"inLanguage\":\"fr-FR\",\"url\":\"https:\/\/lapausetendresse.fr\/wp-content\/uploads\/2023\/05\/IMG_6205-scaled.jpg\",\"contentUrl\":\"https:\/\/lapausetendresse.fr\/wp-content\/uploads\/2023\/05\/IMG_6205-scaled.jpg\",\"width\":2560,\"height\":2560},{\"@type\":\"WebPage\",\"@id\":\"https:\/\/lapausetendresse.fr\/?product=coffret-cadeaux-a-27-e-hochet-baleine-attache-sucette#webpage\",\"url\":\"https:\/\/lapausetendresse.fr\/?product=coffret-cadeaux-a-27-e-hochet-baleine-attache-sucette\",\"name\":\"Coffret cadeaux \\u00e0 32 \\u20ac \\u2013 (hochet baleine + attache sucette) - La Pause Tendresse\",\"isPartOf\":{\"@id\":\"http:\/\/lapausetendresse.fr\/#website\"},\"primaryImageOfPage\":{\"@id\":\"https:\/\/lapausetendresse.fr\/?product=coffret-cadeaux-a-27-e-hochet-baleine-attache-sucette#primaryimage\"},\"datePublished\":\"2023-05-27T13:13:23+00:00\",\"dateModified\":\"2025-09-24T18:32:43+00:00\",\"description\":\"Coffret cadeaux pour b\\u00e9b\\u00e9 fait main au crochet en Provence. Petit prix pour une cr\\u00e9ation originale, artisanale et personnalis\\u00e9e.\",\"breadcrumb\":{\"@id\":\"https:\/\/lapausetendresse.fr\/?product=coffret-cadeaux-a-27-e-hochet-baleine-attache-sucette#breadcrumb\"},\"inLanguage\":\"fr-FR\",\"potentialAction\":[{\"@type\":\"ReadAction\",\"target\":[\"https:\/\/lapausetendresse.fr\/?product=coffret-cadeaux-a-27-e-hochet-baleine-attache-sucette\"]}]},{\"@type\":\"BreadcrumbList\",\"@id\":\"https:\/\/lapausetendresse.fr\/?product=coffret-cadeaux-a-27-e-hochet-baleine-attache-sucette#breadcrumb\",\"itemListElement\":[{\"@type\":\"ListItem\",\"position\":1,\"name\":\"Accueil\",\"item\":\"http:\/\/lapausetendresse.fr\/\"},{\"@type\":\"ListItem\",\"position\":2,\"name\":\"Mes Cr\\u00e9ations\",\"item\":\"https:\/\/lapausetendresse.fr\/?page_id=452\"},{\"@type\":\"ListItem\",\"position\":3,\"name\":\"Coffret cadeaux \\u00e0 32 \\u20ac \\u2013 (hochet baleine + attache sucette)\"}]}]}<\/script>\n<!-- \/ Yoast SEO plugin. -->","yoast_head_json":{"title":"Coffret cadeaux \u00e0 32 \u20ac \u2013 (hochet baleine + attache sucette) - La Pause Tendresse","description":"Coffret cadeaux pour b\u00e9b\u00e9 fait main au crochet en Provence. Petit prix pour une cr\u00e9ation originale, artisanale et personnalis\u00e9e.","robots":{"index":"index","follow":"follow","max-snippet":"max-snippet:-1","max-image-preview":"max-image-preview:large","max-video-preview":"max-video-preview:-1"},"canonical":"https:\/\/lapausetendresse.fr\/?product=coffret-cadeaux-a-27-e-hochet-baleine-attache-sucette","og_locale":"fr_FR","og_type":"article","og_title":"Coffret cadeaux \u00e0 32 \u20ac \u2013 (hochet baleine + attache sucette) - La Pause Tendresse","og_description":"Coffret cadeaux pour b\u00e9b\u00e9 fait main au crochet en Provence. Petit prix pour une cr\u00e9ation originale, artisanale et personnalis\u00e9e.","og_url":"https:\/\/lapausetendresse.fr\/?product=coffret-cadeaux-a-27-e-hochet-baleine-attache-sucette","og_site_name":"La Pause Tendresse","article_modified_time":"2025-09-24T18:32:43+00:00","og_image":[{"width":2560,"height":2560,"url":"http:\/\/lapausetendresse.fr\/wp-content\/uploads\/2023\/05\/IMG_6205-scaled.jpg","type":"image\/jpeg"}],"twitter_card":"summary_large_image","twitter_misc":{"Dur\u00e9e de lecture est.":"2 minutes"},"schema":{"@context":"https:\/\/schema.org","@graph":[{"@type":"WebSite","@id":"http:\/\/lapausetendresse.fr\/#website","url":"http:\/\/lapausetendresse.fr\/","name":"La Pause Tendresse","description":"Passionn\u00e9e par le crochet et le monde des Petits","potentialAction":[{"@type":"SearchAction","target":{"@type":"EntryPoint","urlTemplate":"http:\/\/lapausetendresse.fr\/?s={search_term_string}"},"query-input":"required name=search_term_string"}],"inLanguage":"fr-FR"},{"@type":"ImageObject","@id":"https:\/\/lapausetendresse.fr\/?product=coffret-cadeaux-a-27-e-hochet-baleine-attache-sucette#primaryimage","inLanguage":"fr-FR","url":"https:\/\/lapausetendresse.fr\/wp-content\/uploads\/2023\/05\/IMG_6205-scaled.jpg","contentUrl":"https:\/\/lapausetendresse.fr\/wp-content\/uploads\/2023\/05\/IMG_6205-scaled.jpg","width":2560,"height":2560},{"@type":"WebPage","@id":"https:\/\/lapausetendresse.fr\/?product=coffret-cadeaux-a-27-e-hochet-baleine-attache-sucette#webpage","url":"https:\/\/lapausetendresse.fr\/?product=coffret-cadeaux-a-27-e-hochet-baleine-attache-sucette","name":"Coffret cadeaux \u00e0 32 \u20ac \u2013 (hochet baleine + attache sucette) - La Pause Tendresse","isPartOf":{"@id":"http:\/\/lapausetendresse.fr\/#website"},"primaryImageOfPage":{"@id":"https:\/\/lapausetendresse.fr\/?product=coffret-cadeaux-a-27-e-hochet-baleine-attache-sucette#primaryimage"},"datePublished":"2023-05-27T13:13:23+00:00","dateModified":"2025-09-24T18:32:43+00:00","description":"Coffret cadeaux pour b\u00e9b\u00e9 fait main au crochet en Provence. Petit prix pour une cr\u00e9ation originale, artisanale et personnalis\u00e9e.","breadcrumb":{"@id":"https:\/\/lapausetendresse.fr\/?product=coffret-cadeaux-a-27-e-hochet-baleine-attache-sucette#breadcrumb"},"inLanguage":"fr-FR","potentialAction":[{"@type":"ReadAction","target":["https:\/\/lapausetendresse.fr\/?product=coffret-cadeaux-a-27-e-hochet-baleine-attache-sucette"]}]},{"@type":"BreadcrumbList","@id":"https:\/\/lapausetendresse.fr\/?product=coffret-cadeaux-a-27-e-hochet-baleine-attache-sucette#breadcrumb","itemListElement":[{"@type":"ListItem","position":1,"name":"Accueil","item":"http:\/\/lapausetendresse.fr\/"},{"@type":"ListItem","position":2,"name":"Mes Cr\u00e9ations","item":"https:\/\/lapausetendresse.fr\/?page_id=452"},{"@type":"ListItem","position":3,"name":"Coffret cadeaux \u00e0 32 \u20ac \u2013 (hochet baleine + attache sucette)"}]}]}},"_links":{"self":[{"href":"https:\/\/lapausetendresse.fr\/index.php?rest_route=\/wp\/v2\/product\/2732"}],"collection":[{"href":"https:\/\/lapausetendresse.fr\/index.php?rest_route=\/wp\/v2\/product"}],"about":[{"href":"https:\/\/lapausetendresse.fr\/index.php?rest_route=\/wp\/v2\/types\/product"}],"replies":[{"embeddable":true,"href":"https:\/\/lapausetendresse.fr\/index.php?rest_route=%2Fwp%2Fv2%2Fcomments&post=2732"}],"wp:featuredmedia":[{"embeddable":true,"href":"https:\/\/lapausetendresse.fr\/index.php?rest_route=\/wp\/v2\/media\/2737"}],"wp:attachment":[{"href":"https:\/\/lapausetendresse.fr\/index.php?rest_route=%2Fwp%2Fv2%2Fmedia&parent=2732"}],"wp:term":[{"taxonomy":"product_cat","embeddable":true,"href":"https:\/\/lapausetendresse.fr\/index.php?rest_route=%2Fwp%2Fv2%2Fproduct_cat&post=2732"},{"taxonomy":"product_tag","embeddable":true,"href":"https:\/\/lapausetendresse.fr\/index.php?rest_route=%2Fwp%2Fv2%2Fproduct_tag&post=2732"}],"curies":[{"name":"wp","href":"https:\/\/api.w.org\/{rel}","templated":true}]}}