{"id":2744,"date":"2023-05-27T15:54:02","date_gmt":"2023-05-27T13:54:02","guid":{"rendered":"https:\/\/lapausetendresse.fr\/?post_type=product&#038;p=2744"},"modified":"2025-04-08T18:29:14","modified_gmt":"2025-04-08T16:29:14","slug":"couronne-prenom-lapin-arc-en-ciel","status":"publish","type":"product","link":"https:\/\/lapausetendresse.fr\/?product=couronne-prenom-lapin-arc-en-ciel","title":{"rendered":"Couronne pr\u00e9nom lapin arc-en-ciel"},"content":{"rendered":"<p><u>Description\u00a0<\/u>: inscription r\u00e9alis\u00e9 au tricotin et les autres \u00e9l\u00e9ments (lapin, arc-en-ciel et papillon) sont r\u00e9alis\u00e9s au crochet. Le tout fix\u00e9 sur une couronne en bois. Tout est confectionn\u00e9 par mes soins.<\/p>\n<p>\u00c0 vous de choisir les couleurs (si diff\u00e9rentes) et le mot ou pr\u00e9nom \u00e0 inscrire.<\/p>\n<p><u>Mat\u00e9riaux utilis\u00e9s :<\/u>\u00a0laine 100% coton (<a href=\"https:\/\/www.phildar.fr\/\">Phildar<\/a>\u00a0et\u00a0<a href=\"https:\/\/www.scheepjes.com\/en\/yarn\/\">Scheepjes<\/a>), fil d\u2019aluminium de 2,5 mm d\u2019\u00e9paisseur,<\/p>\n<p><u>Dimension :\u00a0<\/u><\/p>\n<p>La couronne en bois mesure 30 cm de diam\u00e8tre. La taille des lettres varie en fonction de la longueur du pr\u00e9nom. Selon la longueur, le pr\u00e9nom d\u00e9passera plus ou moins du cercle.<\/p>\n<div><\/div>\n<p>Le d\u00e9lais de fabrication peut varier, contactez moi pour plus d\u2019information.<\/p>\n<p>Attention, ceci est une d\u00e9coration. Ne la laissez pas \u00e0 la port\u00e9e des petites mains.<\/p>\n<h2><strong>N\u2019oubliez pas de m\u2019informer lors de la commande :<\/strong><\/h2>\n<ul>\n<li>le pr\u00e9nom ou mot \u00e0 inscrire<\/li>\n<li>la couleur d\u00e9sir\u00e9 pour le pr\u00e9nom (ou mot) et des \u00e9l\u00e9ments si vous souhaitez les remplacer<\/li>\n<\/ul>\n<p>&nbsp;<\/p>\n<p><img loading=\"lazy\" class=\"size-full wp-image-1300 aligncenter\" src=\"http:\/\/lapausetendresse.fr\/wp-content\/uploads\/2021\/10\/Cre%CC%81e%CC%81s-en-Provence-200x200-1.png\" sizes=\"(max-width: 200px) 100vw, 200px\" srcset=\"https:\/\/lapausetendresse.fr\/wp-content\/uploads\/2021\/10\/Cre\u0301e\u0301s-en-Provence-200x200-1.png 200w, https:\/\/lapausetendresse.fr\/wp-content\/uploads\/2021\/10\/Cre\u0301e\u0301s-en-Provence-200x200-1-150x150.png 150w, https:\/\/lapausetendresse.fr\/wp-content\/uploads\/2021\/10\/Cre\u0301e\u0301s-en-Provence-200x200-1-60x60.png 60w\" alt=\"\" width=\"200\" height=\"200\" \/><\/p>\n","protected":false},"excerpt":{"rendered":"<p>Vous recherchez un cadeau de naissance, d\u2019anniversaire unique et original ? Vous souhaitez juste apporter une touche d\u00e9co sur un mur ou une porte ?<br \/>\nCette couronne de pr\u00e9nom est personnalisable par le choix des couleurs et du pr\u00e9nom ou mot \u00e0 inscrire.<br \/>\nDes simples clous permettent sa fixation.<\/p>\n<ul>\n<li>Confectionn\u00e9 par mes soins ;<\/li>\n<li>Chaque pi\u00e8ce est unique ;<\/li>\n<li>Couleurs et pr\u00e9nom personnalisables ;<\/li>\n<li>Mati\u00e8res naturelles.<\/li>\n<\/ul>\n","protected":false},"featured_media":2747,"comment_status":"open","ping_status":"closed","template":"","meta":[],"product_cat":[31],"product_tag":[153,94,91,93,39,154,90],"yoast_head":"<!-- This site is optimized with the Yoast SEO plugin v17.4 - https:\/\/yoast.com\/wordpress\/plugins\/seo\/ -->\n<title>Couronne pr\u00e9nom lapin arc-en-ciel - La Pause Tendresse<\/title>\n<meta name=\"description\" content=\"D\u00e9coration d&#039;une chambre. Couronne personnalis\u00e9e sur le th\u00e8me du lapin, arc-en-ciel. Tr\u00e8s doux et girly. Fait main au crochet en Provence.\" \/>\n<meta name=\"robots\" content=\"index, follow, max-snippet:-1, max-image-preview:large, max-video-preview:-1\" \/>\n<link rel=\"canonical\" href=\"https:\/\/lapausetendresse.fr\/?product=couronne-prenom-lapin-arc-en-ciel\" \/>\n<meta property=\"og:locale\" content=\"fr_FR\" \/>\n<meta property=\"og:type\" content=\"article\" \/>\n<meta property=\"og:title\" content=\"Couronne pr\u00e9nom lapin arc-en-ciel - La Pause Tendresse\" \/>\n<meta property=\"og:description\" content=\"D\u00e9coration d&#039;une chambre. Couronne personnalis\u00e9e sur le th\u00e8me du lapin, arc-en-ciel. Tr\u00e8s doux et girly. Fait main au crochet en Provence.\" \/>\n<meta property=\"og:url\" content=\"https:\/\/lapausetendresse.fr\/?product=couronne-prenom-lapin-arc-en-ciel\" \/>\n<meta property=\"og:site_name\" content=\"La Pause Tendresse\" \/>\n<meta property=\"article:modified_time\" content=\"2025-04-08T16:29:14+00:00\" \/>\n<meta property=\"og:image\" content=\"https:\/\/lapausetendresse.fr\/wp-content\/uploads\/2023\/05\/IMG_2952-scaled.jpg\" \/>\n\t<meta property=\"og:image:width\" content=\"2560\" \/>\n\t<meta property=\"og:image:height\" content=\"2560\" \/>\n<meta name=\"twitter:card\" content=\"summary_large_image\" \/>\n<meta name=\"twitter:label1\" content=\"Dur\u00e9e de lecture est.\" \/>\n\t<meta name=\"twitter:data1\" content=\"1 minute\" \/>\n<script type=\"application\/ld+json\" class=\"yoast-schema-graph\">{\"@context\":\"https:\/\/schema.org\",\"@graph\":[{\"@type\":\"WebSite\",\"@id\":\"http:\/\/lapausetendresse.fr\/#website\",\"url\":\"http:\/\/lapausetendresse.fr\/\",\"name\":\"La Pause Tendresse\",\"description\":\"Passionn\\u00e9e par le crochet et le monde des Petits\",\"potentialAction\":[{\"@type\":\"SearchAction\",\"target\":{\"@type\":\"EntryPoint\",\"urlTemplate\":\"http:\/\/lapausetendresse.fr\/?s={search_term_string}\"},\"query-input\":\"required name=search_term_string\"}],\"inLanguage\":\"fr-FR\"},{\"@type\":\"ImageObject\",\"@id\":\"https:\/\/lapausetendresse.fr\/?product=couronne-prenom-lapin-arc-en-ciel#primaryimage\",\"inLanguage\":\"fr-FR\",\"url\":\"https:\/\/lapausetendresse.fr\/wp-content\/uploads\/2023\/05\/IMG_2952-scaled.jpg\",\"contentUrl\":\"https:\/\/lapausetendresse.fr\/wp-content\/uploads\/2023\/05\/IMG_2952-scaled.jpg\",\"width\":2560,\"height\":2560},{\"@type\":\"WebPage\",\"@id\":\"https:\/\/lapausetendresse.fr\/?product=couronne-prenom-lapin-arc-en-ciel#webpage\",\"url\":\"https:\/\/lapausetendresse.fr\/?product=couronne-prenom-lapin-arc-en-ciel\",\"name\":\"Couronne pr\\u00e9nom lapin arc-en-ciel - La Pause Tendresse\",\"isPartOf\":{\"@id\":\"http:\/\/lapausetendresse.fr\/#website\"},\"primaryImageOfPage\":{\"@id\":\"https:\/\/lapausetendresse.fr\/?product=couronne-prenom-lapin-arc-en-ciel#primaryimage\"},\"datePublished\":\"2023-05-27T13:54:02+00:00\",\"dateModified\":\"2025-04-08T16:29:14+00:00\",\"description\":\"D\\u00e9coration d'une chambre. Couronne personnalis\\u00e9e sur le th\\u00e8me du lapin, arc-en-ciel. Tr\\u00e8s doux et girly. Fait main au crochet en Provence.\",\"breadcrumb\":{\"@id\":\"https:\/\/lapausetendresse.fr\/?product=couronne-prenom-lapin-arc-en-ciel#breadcrumb\"},\"inLanguage\":\"fr-FR\",\"potentialAction\":[{\"@type\":\"ReadAction\",\"target\":[\"https:\/\/lapausetendresse.fr\/?product=couronne-prenom-lapin-arc-en-ciel\"]}]},{\"@type\":\"BreadcrumbList\",\"@id\":\"https:\/\/lapausetendresse.fr\/?product=couronne-prenom-lapin-arc-en-ciel#breadcrumb\",\"itemListElement\":[{\"@type\":\"ListItem\",\"position\":1,\"name\":\"Accueil\",\"item\":\"http:\/\/lapausetendresse.fr\/\"},{\"@type\":\"ListItem\",\"position\":2,\"name\":\"Mes Cr\\u00e9ations\",\"item\":\"https:\/\/lapausetendresse.fr\/?page_id=452\"},{\"@type\":\"ListItem\",\"position\":3,\"name\":\"Couronne pr\\u00e9nom lapin arc-en-ciel\"}]}]}<\/script>\n<!-- \/ Yoast SEO plugin. -->","yoast_head_json":{"title":"Couronne pr\u00e9nom lapin arc-en-ciel - La Pause Tendresse","description":"D\u00e9coration d'une chambre. Couronne personnalis\u00e9e sur le th\u00e8me du lapin, arc-en-ciel. Tr\u00e8s doux et girly. Fait main au crochet en Provence.","robots":{"index":"index","follow":"follow","max-snippet":"max-snippet:-1","max-image-preview":"max-image-preview:large","max-video-preview":"max-video-preview:-1"},"canonical":"https:\/\/lapausetendresse.fr\/?product=couronne-prenom-lapin-arc-en-ciel","og_locale":"fr_FR","og_type":"article","og_title":"Couronne pr\u00e9nom lapin arc-en-ciel - La Pause Tendresse","og_description":"D\u00e9coration d'une chambre. Couronne personnalis\u00e9e sur le th\u00e8me du lapin, arc-en-ciel. Tr\u00e8s doux et girly. Fait main au crochet en Provence.","og_url":"https:\/\/lapausetendresse.fr\/?product=couronne-prenom-lapin-arc-en-ciel","og_site_name":"La Pause Tendresse","article_modified_time":"2025-04-08T16:29:14+00:00","og_image":[{"width":2560,"height":2560,"url":"https:\/\/lapausetendresse.fr\/wp-content\/uploads\/2023\/05\/IMG_2952-scaled.jpg","type":"image\/jpeg"}],"twitter_card":"summary_large_image","twitter_misc":{"Dur\u00e9e de lecture est.":"1 minute"},"schema":{"@context":"https:\/\/schema.org","@graph":[{"@type":"WebSite","@id":"http:\/\/lapausetendresse.fr\/#website","url":"http:\/\/lapausetendresse.fr\/","name":"La Pause Tendresse","description":"Passionn\u00e9e par le crochet et le monde des Petits","potentialAction":[{"@type":"SearchAction","target":{"@type":"EntryPoint","urlTemplate":"http:\/\/lapausetendresse.fr\/?s={search_term_string}"},"query-input":"required name=search_term_string"}],"inLanguage":"fr-FR"},{"@type":"ImageObject","@id":"https:\/\/lapausetendresse.fr\/?product=couronne-prenom-lapin-arc-en-ciel#primaryimage","inLanguage":"fr-FR","url":"https:\/\/lapausetendresse.fr\/wp-content\/uploads\/2023\/05\/IMG_2952-scaled.jpg","contentUrl":"https:\/\/lapausetendresse.fr\/wp-content\/uploads\/2023\/05\/IMG_2952-scaled.jpg","width":2560,"height":2560},{"@type":"WebPage","@id":"https:\/\/lapausetendresse.fr\/?product=couronne-prenom-lapin-arc-en-ciel#webpage","url":"https:\/\/lapausetendresse.fr\/?product=couronne-prenom-lapin-arc-en-ciel","name":"Couronne pr\u00e9nom lapin arc-en-ciel - La Pause Tendresse","isPartOf":{"@id":"http:\/\/lapausetendresse.fr\/#website"},"primaryImageOfPage":{"@id":"https:\/\/lapausetendresse.fr\/?product=couronne-prenom-lapin-arc-en-ciel#primaryimage"},"datePublished":"2023-05-27T13:54:02+00:00","dateModified":"2025-04-08T16:29:14+00:00","description":"D\u00e9coration d'une chambre. Couronne personnalis\u00e9e sur le th\u00e8me du lapin, arc-en-ciel. Tr\u00e8s doux et girly. Fait main au crochet en Provence.","breadcrumb":{"@id":"https:\/\/lapausetendresse.fr\/?product=couronne-prenom-lapin-arc-en-ciel#breadcrumb"},"inLanguage":"fr-FR","potentialAction":[{"@type":"ReadAction","target":["https:\/\/lapausetendresse.fr\/?product=couronne-prenom-lapin-arc-en-ciel"]}]},{"@type":"BreadcrumbList","@id":"https:\/\/lapausetendresse.fr\/?product=couronne-prenom-lapin-arc-en-ciel#breadcrumb","itemListElement":[{"@type":"ListItem","position":1,"name":"Accueil","item":"http:\/\/lapausetendresse.fr\/"},{"@type":"ListItem","position":2,"name":"Mes Cr\u00e9ations","item":"https:\/\/lapausetendresse.fr\/?page_id=452"},{"@type":"ListItem","position":3,"name":"Couronne pr\u00e9nom lapin arc-en-ciel"}]}]}},"_links":{"self":[{"href":"https:\/\/lapausetendresse.fr\/index.php?rest_route=\/wp\/v2\/product\/2744"}],"collection":[{"href":"https:\/\/lapausetendresse.fr\/index.php?rest_route=\/wp\/v2\/product"}],"about":[{"href":"https:\/\/lapausetendresse.fr\/index.php?rest_route=\/wp\/v2\/types\/product"}],"replies":[{"embeddable":true,"href":"https:\/\/lapausetendresse.fr\/index.php?rest_route=%2Fwp%2Fv2%2Fcomments&post=2744"}],"wp:featuredmedia":[{"embeddable":true,"href":"https:\/\/lapausetendresse.fr\/index.php?rest_route=\/wp\/v2\/media\/2747"}],"wp:attachment":[{"href":"https:\/\/lapausetendresse.fr\/index.php?rest_route=%2Fwp%2Fv2%2Fmedia&parent=2744"}],"wp:term":[{"taxonomy":"product_cat","embeddable":true,"href":"https:\/\/lapausetendresse.fr\/index.php?rest_route=%2Fwp%2Fv2%2Fproduct_cat&post=2744"},{"taxonomy":"product_tag","embeddable":true,"href":"https:\/\/lapausetendresse.fr\/index.php?rest_route=%2Fwp%2Fv2%2Fproduct_tag&post=2744"}],"curies":[{"name":"wp","href":"https:\/\/api.w.org\/{rel}","templated":true}]}}