{"id":3176,"date":"2023-08-28T09:36:27","date_gmt":"2023-08-28T07:36:27","guid":{"rendered":"https:\/\/lapausetendresse.fr\/?post_type=product&#038;p=3176"},"modified":"2025-09-24T20:25:44","modified_gmt":"2025-09-24T18:25:44","slug":"coffret-cadeaux-a-25-e-attache-sucette-collier-dallaitement","status":"publish","type":"product","link":"https:\/\/lapausetendresse.fr\/?product=coffret-cadeaux-a-25-e-attache-sucette-collier-dallaitement","title":{"rendered":"Coffret cadeaux \u00e0 30 \u20ac &#8211; attache sucette + collier d&rsquo;allaitement"},"content":{"rendered":"<p>A l&rsquo;int\u00e9rieur du coffret<\/p>\n<ul>\n<li>une attache sucette simple (\u00e0 12\u20ac) (au choix)<\/li>\n<li>un collier d&rsquo;allaitement (mod\u00e8le au choix)<\/li>\n<\/ul>\n<p>Article fabriqu\u00e9, emball\u00e9 puis exp\u00e9di\u00e9 sous 6-12 jours ouvr\u00e9s.<\/p>\n<p>couleurs personnalisables.<\/p>\n<p>&nbsp;<\/p>\n<p><strong><u>Description des attaches sucettes :<\/u><\/strong><\/p>\n<p>Contient des petites pi\u00e8ces. \u00c0 utiliser sous la surveillance d\u2019un adulte.<\/p>\n<p><u>Mat\u00e9riaux utilis\u00e9s :<\/u> perle en bois naturel et\/ou en silicone, perle alphabet en bois ou silicone sans BPA, clip en bois de h\u00eatre sans BPA et cordon satin soie int\u00e9rieur nylon.<\/p>\n<p><u>Dimension :<\/u> mesure environ 23 \u00e0 25 cm. La longueur d\u00e9pend du nombre de lettre \u00e0 inscrire et du mod\u00e8le.<\/p>\n<p>Possibilit\u00e9 d&rsquo;ajouter \u00e0 votre panier un adaptateur en silicone transparent universel (pour attacher vos sucettes qui n\u2019auraient pas d\u2019anneau d\u2019accroche) \u2013\u00a0<u>tarif\u00a0<\/u>: 1\u20ac (\u00e0 retrouver dans l&rsquo;onglet accessoires)<\/p>\n<p>&nbsp;<\/p>\n<p><strong><u>Description du collier d&rsquo;allaitement :\u00a0<\/u><\/strong><\/p>\n<p>Les petites mains de b\u00e9b\u00e9s sont curieuses et cherchent \u00e0 attraper tout ce qui est \u00e0 leur port\u00e9.<br \/>\nLe collier d\u2019allaitement ou de portage est un accessoire pour maman mais aussi pour b\u00e9b\u00e9. Il permet \u00e0 l\u2019enfant de stimuler sa motricit\u00e9 fine en touchant les diff\u00e9rentes mati\u00e8res comme le silicone et le bois. Il permet \u00e9galement \u00e0 b\u00e9b\u00e9 de faire ses dents dessus.<\/p>\n<p>&nbsp;<\/p>\n<h2>N\u2019oubliez pas de m\u2019informer lors de la commande :<\/h2>\n<ul>\n<li>les 2 mod\u00e8les que vous souhaitez<\/li>\n<li>les couleurs (si diff\u00e9rentes)<\/li>\n<\/ul>\n<p><img loading=\"lazy\" class=\"size-full wp-image-1300 aligncenter\" src=\"http:\/\/lapausetendresse.fr\/wp-content\/uploads\/2021\/10\/Cre%CC%81e%CC%81s-en-Provence-200x200-1.png\" sizes=\"(max-width: 200px) 100vw, 200px\" srcset=\"https:\/\/lapausetendresse.fr\/wp-content\/uploads\/2021\/10\/Cre\u0301e\u0301s-en-Provence-200x200-1.png 200w, https:\/\/lapausetendresse.fr\/wp-content\/uploads\/2021\/10\/Cre\u0301e\u0301s-en-Provence-200x200-1-150x150.png 150w, https:\/\/lapausetendresse.fr\/wp-content\/uploads\/2021\/10\/Cre\u0301e\u0301s-en-Provence-200x200-1-60x60.png 60w\" alt=\"\" width=\"200\" height=\"200\" \/><\/p>\n<p>&nbsp;<\/p>\n<p>&nbsp;<\/p>\n","protected":false},"excerpt":{"rendered":"<p><strong>Coffret cadeau comprenant 2 articles :\u00a0<\/strong>Le tout gliss\u00e9 \u00e0 l\u2019int\u00e9rieur d\u2019un petit coffret cadeau simple.<\/p>\n<ul>\n<li>une attache sucette<\/li>\n<li>un collier d&rsquo;allaitement (mod\u00e8le au choix)<\/li>\n<\/ul>\n<p>Le cadeau parfait pour une naissance, anniversaire, no\u00ebl ou tout simplement pour faire ou se plaisir.<\/p>\n<ul>\n<li>Confectionn\u00e9 par mes soins,<\/li>\n<li>Chaque pi\u00e8ce est unique ;<\/li>\n<li>Couleurs personnalisables ;<\/li>\n<li>Tenue en main facile ;<\/li>\n<li>Envoi rapide.<\/li>\n<\/ul>\n","protected":false},"featured_media":3049,"comment_status":"open","ping_status":"closed","template":"","meta":[],"product_cat":[52],"product_tag":[265,101,100,102,266,187,189],"yoast_head":"<!-- This site is optimized with the Yoast SEO plugin v17.4 - https:\/\/yoast.com\/wordpress\/plugins\/seo\/ -->\n<title>Coffret cadeaux \u00e0 30 \u20ac - attache sucette + collier d&#039;allaitement - La Pause Tendresse<\/title>\n<meta name=\"robots\" content=\"index, follow, max-snippet:-1, max-image-preview:large, max-video-preview:-1\" \/>\n<link rel=\"canonical\" href=\"https:\/\/lapausetendresse.fr\/?product=coffret-cadeaux-a-25-e-attache-sucette-collier-dallaitement\" \/>\n<meta property=\"og:locale\" content=\"fr_FR\" \/>\n<meta property=\"og:type\" content=\"article\" \/>\n<meta property=\"og:title\" content=\"Coffret cadeaux \u00e0 30 \u20ac - attache sucette + collier d&#039;allaitement - La Pause Tendresse\" \/>\n<meta property=\"og:description\" content=\"Coffret cadeau comprenant 2 articles :\u00a0Le tout gliss\u00e9 \u00e0 l\u2019int\u00e9rieur d\u2019un petit coffret cadeau simple.   une attache sucette  un collier d&#039;allaitement (mod\u00e8le au choix)  Le cadeau parfait pour une naissance, anniversaire, no\u00ebl ou tout simplement pour faire ou se plaisir.   Confectionn\u00e9 par mes soins,  Chaque pi\u00e8ce est unique ;  Couleurs personnalisables ;  Tenue en main facile ;  Envoi rapide.\" \/>\n<meta property=\"og:url\" content=\"https:\/\/lapausetendresse.fr\/?product=coffret-cadeaux-a-25-e-attache-sucette-collier-dallaitement\" \/>\n<meta property=\"og:site_name\" content=\"La Pause Tendresse\" \/>\n<meta property=\"article:modified_time\" content=\"2025-09-24T18:25:44+00:00\" \/>\n<meta property=\"og:image\" content=\"http:\/\/lapausetendresse.fr\/wp-content\/uploads\/2023\/08\/IMG_2952-scaled.jpg\" \/>\n\t<meta property=\"og:image:width\" content=\"2560\" \/>\n\t<meta property=\"og:image:height\" content=\"2560\" \/>\n<meta name=\"twitter:card\" content=\"summary_large_image\" \/>\n<meta name=\"twitter:label1\" content=\"Dur\u00e9e de lecture est.\" \/>\n\t<meta name=\"twitter:data1\" content=\"1 minute\" \/>\n<script type=\"application\/ld+json\" class=\"yoast-schema-graph\">{\"@context\":\"https:\/\/schema.org\",\"@graph\":[{\"@type\":\"WebSite\",\"@id\":\"http:\/\/lapausetendresse.fr\/#website\",\"url\":\"http:\/\/lapausetendresse.fr\/\",\"name\":\"La Pause Tendresse\",\"description\":\"Passionn\\u00e9e par le crochet et le monde des Petits\",\"potentialAction\":[{\"@type\":\"SearchAction\",\"target\":{\"@type\":\"EntryPoint\",\"urlTemplate\":\"http:\/\/lapausetendresse.fr\/?s={search_term_string}\"},\"query-input\":\"required name=search_term_string\"}],\"inLanguage\":\"fr-FR\"},{\"@type\":\"ImageObject\",\"@id\":\"https:\/\/lapausetendresse.fr\/?product=coffret-cadeaux-a-25-e-attache-sucette-collier-dallaitement#primaryimage\",\"inLanguage\":\"fr-FR\",\"url\":\"https:\/\/lapausetendresse.fr\/wp-content\/uploads\/2023\/08\/IMG_2952-scaled.jpg\",\"contentUrl\":\"https:\/\/lapausetendresse.fr\/wp-content\/uploads\/2023\/08\/IMG_2952-scaled.jpg\",\"width\":2560,\"height\":2560},{\"@type\":\"WebPage\",\"@id\":\"https:\/\/lapausetendresse.fr\/?product=coffret-cadeaux-a-25-e-attache-sucette-collier-dallaitement#webpage\",\"url\":\"https:\/\/lapausetendresse.fr\/?product=coffret-cadeaux-a-25-e-attache-sucette-collier-dallaitement\",\"name\":\"Coffret cadeaux \\u00e0 30 \\u20ac - attache sucette + collier d'allaitement - La Pause Tendresse\",\"isPartOf\":{\"@id\":\"http:\/\/lapausetendresse.fr\/#website\"},\"primaryImageOfPage\":{\"@id\":\"https:\/\/lapausetendresse.fr\/?product=coffret-cadeaux-a-25-e-attache-sucette-collier-dallaitement#primaryimage\"},\"datePublished\":\"2023-08-28T07:36:27+00:00\",\"dateModified\":\"2025-09-24T18:25:44+00:00\",\"breadcrumb\":{\"@id\":\"https:\/\/lapausetendresse.fr\/?product=coffret-cadeaux-a-25-e-attache-sucette-collier-dallaitement#breadcrumb\"},\"inLanguage\":\"fr-FR\",\"potentialAction\":[{\"@type\":\"ReadAction\",\"target\":[\"https:\/\/lapausetendresse.fr\/?product=coffret-cadeaux-a-25-e-attache-sucette-collier-dallaitement\"]}]},{\"@type\":\"BreadcrumbList\",\"@id\":\"https:\/\/lapausetendresse.fr\/?product=coffret-cadeaux-a-25-e-attache-sucette-collier-dallaitement#breadcrumb\",\"itemListElement\":[{\"@type\":\"ListItem\",\"position\":1,\"name\":\"Accueil\",\"item\":\"http:\/\/lapausetendresse.fr\/\"},{\"@type\":\"ListItem\",\"position\":2,\"name\":\"Mes Cr\\u00e9ations\",\"item\":\"https:\/\/lapausetendresse.fr\/?page_id=452\"},{\"@type\":\"ListItem\",\"position\":3,\"name\":\"Coffret cadeaux \\u00e0 30 \\u20ac &#8211; attache sucette + collier d&rsquo;allaitement\"}]}]}<\/script>\n<!-- \/ Yoast SEO plugin. -->","yoast_head_json":{"title":"Coffret cadeaux \u00e0 30 \u20ac - attache sucette + collier d'allaitement - La Pause Tendresse","robots":{"index":"index","follow":"follow","max-snippet":"max-snippet:-1","max-image-preview":"max-image-preview:large","max-video-preview":"max-video-preview:-1"},"canonical":"https:\/\/lapausetendresse.fr\/?product=coffret-cadeaux-a-25-e-attache-sucette-collier-dallaitement","og_locale":"fr_FR","og_type":"article","og_title":"Coffret cadeaux \u00e0 30 \u20ac - attache sucette + collier d'allaitement - La Pause Tendresse","og_description":"Coffret cadeau comprenant 2 articles :\u00a0Le tout gliss\u00e9 \u00e0 l\u2019int\u00e9rieur d\u2019un petit coffret cadeau simple.   une attache sucette  un collier d'allaitement (mod\u00e8le au choix)  Le cadeau parfait pour une naissance, anniversaire, no\u00ebl ou tout simplement pour faire ou se plaisir.   Confectionn\u00e9 par mes soins,  Chaque pi\u00e8ce est unique ;  Couleurs personnalisables ;  Tenue en main facile ;  Envoi rapide.","og_url":"https:\/\/lapausetendresse.fr\/?product=coffret-cadeaux-a-25-e-attache-sucette-collier-dallaitement","og_site_name":"La Pause Tendresse","article_modified_time":"2025-09-24T18:25:44+00:00","og_image":[{"width":2560,"height":2560,"url":"http:\/\/lapausetendresse.fr\/wp-content\/uploads\/2023\/08\/IMG_2952-scaled.jpg","type":"image\/jpeg"}],"twitter_card":"summary_large_image","twitter_misc":{"Dur\u00e9e de lecture est.":"1 minute"},"schema":{"@context":"https:\/\/schema.org","@graph":[{"@type":"WebSite","@id":"http:\/\/lapausetendresse.fr\/#website","url":"http:\/\/lapausetendresse.fr\/","name":"La Pause Tendresse","description":"Passionn\u00e9e par le crochet et le monde des Petits","potentialAction":[{"@type":"SearchAction","target":{"@type":"EntryPoint","urlTemplate":"http:\/\/lapausetendresse.fr\/?s={search_term_string}"},"query-input":"required name=search_term_string"}],"inLanguage":"fr-FR"},{"@type":"ImageObject","@id":"https:\/\/lapausetendresse.fr\/?product=coffret-cadeaux-a-25-e-attache-sucette-collier-dallaitement#primaryimage","inLanguage":"fr-FR","url":"https:\/\/lapausetendresse.fr\/wp-content\/uploads\/2023\/08\/IMG_2952-scaled.jpg","contentUrl":"https:\/\/lapausetendresse.fr\/wp-content\/uploads\/2023\/08\/IMG_2952-scaled.jpg","width":2560,"height":2560},{"@type":"WebPage","@id":"https:\/\/lapausetendresse.fr\/?product=coffret-cadeaux-a-25-e-attache-sucette-collier-dallaitement#webpage","url":"https:\/\/lapausetendresse.fr\/?product=coffret-cadeaux-a-25-e-attache-sucette-collier-dallaitement","name":"Coffret cadeaux \u00e0 30 \u20ac - attache sucette + collier d'allaitement - La Pause Tendresse","isPartOf":{"@id":"http:\/\/lapausetendresse.fr\/#website"},"primaryImageOfPage":{"@id":"https:\/\/lapausetendresse.fr\/?product=coffret-cadeaux-a-25-e-attache-sucette-collier-dallaitement#primaryimage"},"datePublished":"2023-08-28T07:36:27+00:00","dateModified":"2025-09-24T18:25:44+00:00","breadcrumb":{"@id":"https:\/\/lapausetendresse.fr\/?product=coffret-cadeaux-a-25-e-attache-sucette-collier-dallaitement#breadcrumb"},"inLanguage":"fr-FR","potentialAction":[{"@type":"ReadAction","target":["https:\/\/lapausetendresse.fr\/?product=coffret-cadeaux-a-25-e-attache-sucette-collier-dallaitement"]}]},{"@type":"BreadcrumbList","@id":"https:\/\/lapausetendresse.fr\/?product=coffret-cadeaux-a-25-e-attache-sucette-collier-dallaitement#breadcrumb","itemListElement":[{"@type":"ListItem","position":1,"name":"Accueil","item":"http:\/\/lapausetendresse.fr\/"},{"@type":"ListItem","position":2,"name":"Mes Cr\u00e9ations","item":"https:\/\/lapausetendresse.fr\/?page_id=452"},{"@type":"ListItem","position":3,"name":"Coffret cadeaux \u00e0 30 \u20ac &#8211; attache sucette + collier d&rsquo;allaitement"}]}]}},"_links":{"self":[{"href":"https:\/\/lapausetendresse.fr\/index.php?rest_route=\/wp\/v2\/product\/3176"}],"collection":[{"href":"https:\/\/lapausetendresse.fr\/index.php?rest_route=\/wp\/v2\/product"}],"about":[{"href":"https:\/\/lapausetendresse.fr\/index.php?rest_route=\/wp\/v2\/types\/product"}],"replies":[{"embeddable":true,"href":"https:\/\/lapausetendresse.fr\/index.php?rest_route=%2Fwp%2Fv2%2Fcomments&post=3176"}],"wp:featuredmedia":[{"embeddable":true,"href":"https:\/\/lapausetendresse.fr\/index.php?rest_route=\/wp\/v2\/media\/3049"}],"wp:attachment":[{"href":"https:\/\/lapausetendresse.fr\/index.php?rest_route=%2Fwp%2Fv2%2Fmedia&parent=3176"}],"wp:term":[{"taxonomy":"product_cat","embeddable":true,"href":"https:\/\/lapausetendresse.fr\/index.php?rest_route=%2Fwp%2Fv2%2Fproduct_cat&post=3176"},{"taxonomy":"product_tag","embeddable":true,"href":"https:\/\/lapausetendresse.fr\/index.php?rest_route=%2Fwp%2Fv2%2Fproduct_tag&post=3176"}],"curies":[{"name":"wp","href":"https:\/\/api.w.org\/{rel}","templated":true}]}}