{"id":3200,"date":"2024-03-17T11:55:49","date_gmt":"2024-03-17T10:55:49","guid":{"rendered":"https:\/\/lapausetendresse.fr\/?post_type=product&#038;p=3200"},"modified":"2024-08-25T12:20:01","modified_gmt":"2024-08-25T10:20:01","slug":"cadre-de-naissance-personnalise-biche","status":"publish","type":"product","link":"https:\/\/lapausetendresse.fr\/?product=cadre-de-naissance-personnalise-biche","title":{"rendered":"Cadre de naissance personnalis\u00e9 \u2013 Biche"},"content":{"rendered":"<p><u>Description\u00a0<\/u>: cadre de naissance 3D \u00e0 poser ou \u00e0 accrocher au mur. Tout est confectionn\u00e9 par mes soins.<\/p>\n<p>La biche et les ballons sont r\u00e9alis\u00e9 au crochet.<\/p>\n<p>Les inscriptions de naissance sont du vinyle brillant d\u00e9coup\u00e9 et coll\u00e9 sur la vitre du cadre.\u00a0 Vous pourrez par la suite changer sans probl\u00e8me le fond du cadre si vous souhaitez changer de couleurs pour l\u2019adapter \u00e0 la chambre de b\u00e9b\u00e9.<\/p>\n<p>&nbsp;<\/p>\n<p><u>Mat\u00e9riaux utilis\u00e9s :<\/u>\u00a0laine 100% coton (<a href=\"https:\/\/www.phildar.fr\/\">Phildar<\/a>\u00a0et\u00a0<a href=\"https:\/\/www.scheepjes.com\/en\/yarn\/\">Scheepjes<\/a>), cadre en bois blanc, vinyle noir brillant<\/p>\n<p><u>Dimension : <\/u>Le cadre mesure\u00a0 27 x 27 cm<\/p>\n<div><\/div>\n<p>Le d\u00e9lais de fabrication peuvent varier, contactez moi pour plus d\u2019information.<\/p>\n<p>Attention, ceci est une d\u00e9coration. Ne la laissez pas \u00e0 la port\u00e9e des petites mains.<\/p>\n<h2><strong>N\u2019oubliez pas de m\u2019informer lors de la commande :<\/strong><\/h2>\n<ul>\n<li>le pr\u00e9nom et les informations de naissance<\/li>\n<li>la couleur d\u00e9sir\u00e9s pour les ballons et la biche si diff\u00e9rentes du mod\u00e8le.<\/li>\n<\/ul>\n<p>&nbsp;<\/p>\n<p><img loading=\"lazy\" class=\"size-full wp-image-1300 aligncenter\" src=\"http:\/\/lapausetendresse.fr\/wp-content\/uploads\/2021\/10\/Cre%CC%81e%CC%81s-en-Provence-200x200-1.png\" sizes=\"(max-width: 200px) 100vw, 200px\" srcset=\"https:\/\/lapausetendresse.fr\/wp-content\/uploads\/2021\/10\/Cre\u0301e\u0301s-en-Provence-200x200-1.png 200w, https:\/\/lapausetendresse.fr\/wp-content\/uploads\/2021\/10\/Cre\u0301e\u0301s-en-Provence-200x200-1-150x150.png 150w, https:\/\/lapausetendresse.fr\/wp-content\/uploads\/2021\/10\/Cre\u0301e\u0301s-en-Provence-200x200-1-60x60.png 60w\" alt=\"\" width=\"200\" height=\"200\" \/><\/p>\n","protected":false},"excerpt":{"rendered":"<p>Vous recherchez un cadeau de naissance, d\u2019anniversaire unique et original ? Vous souhaitez juste apporter une touche d\u00e9co sur un mur ou une commode ?<br \/>\nCe cadre naissance est personnalisable par le choix des couleurs\u00a0des ballons et de la biche et bien \u00e9videmment le pr\u00e9nom et les informations de naissance.<\/p>\n<p>possibilit\u00e9 de remplacer l&rsquo;animal par un autre.<\/p>\n<ul>\n<li>Confectionn\u00e9 par mes soins ;<\/li>\n<li>Chaque pi\u00e8ce est unique ;<\/li>\n<li>Couleurs, pr\u00e9nom et infos de naissance personnalisables.<\/li>\n<\/ul>\n","protected":false},"featured_media":3195,"comment_status":"open","ping_status":"closed","template":"","meta":[],"product_cat":[31],"product_tag":[107,133,93,132],"yoast_head":"<!-- This site is optimized with the Yoast SEO plugin v17.4 - https:\/\/yoast.com\/wordpress\/plugins\/seo\/ -->\n<title>Cadre de naissance personnalis\u00e9 \u2013 Biche - La Pause Tendresse<\/title>\n<meta name=\"description\" content=\"Cadre de naissance biche pour d\u00e9corer une chambre de b\u00e9b\u00e9. Tout est personnalisable. Confectionn\u00e9 mains au crochet en Provence\" \/>\n<meta name=\"robots\" content=\"index, follow, max-snippet:-1, max-image-preview:large, max-video-preview:-1\" \/>\n<link rel=\"canonical\" href=\"http:\/\/lapausetendresse.fr\/?product=cadre-de-naissance-personnalise-biche\" \/>\n<meta property=\"og:locale\" content=\"fr_FR\" \/>\n<meta property=\"og:type\" content=\"article\" \/>\n<meta property=\"og:title\" content=\"Cadre de naissance personnalis\u00e9 \u2013 Biche - La Pause Tendresse\" \/>\n<meta property=\"og:description\" content=\"Cadre de naissance biche pour d\u00e9corer une chambre de b\u00e9b\u00e9. Tout est personnalisable. Confectionn\u00e9 mains au crochet en Provence\" \/>\n<meta property=\"og:url\" content=\"http:\/\/lapausetendresse.fr\/?product=cadre-de-naissance-personnalise-biche\" \/>\n<meta property=\"og:site_name\" content=\"La Pause Tendresse\" \/>\n<meta property=\"article:modified_time\" content=\"2024-08-25T10:20:01+00:00\" \/>\n<meta property=\"og:image\" content=\"https:\/\/lapausetendresse.fr\/wp-content\/uploads\/2024\/03\/IMG_5809-scaled.jpg\" \/>\n\t<meta property=\"og:image:width\" content=\"2560\" \/>\n\t<meta property=\"og:image:height\" content=\"2560\" \/>\n<meta name=\"twitter:card\" content=\"summary_large_image\" \/>\n<meta name=\"twitter:label1\" content=\"Dur\u00e9e de lecture est.\" \/>\n\t<meta name=\"twitter:data1\" content=\"1 minute\" \/>\n<script type=\"application\/ld+json\" class=\"yoast-schema-graph\">{\"@context\":\"https:\/\/schema.org\",\"@graph\":[{\"@type\":\"WebSite\",\"@id\":\"http:\/\/lapausetendresse.fr\/#website\",\"url\":\"http:\/\/lapausetendresse.fr\/\",\"name\":\"La Pause Tendresse\",\"description\":\"Passionn\\u00e9e par le crochet et le monde des Petits\",\"potentialAction\":[{\"@type\":\"SearchAction\",\"target\":{\"@type\":\"EntryPoint\",\"urlTemplate\":\"http:\/\/lapausetendresse.fr\/?s={search_term_string}\"},\"query-input\":\"required name=search_term_string\"}],\"inLanguage\":\"fr-FR\"},{\"@type\":\"ImageObject\",\"@id\":\"http:\/\/lapausetendresse.fr\/?product=cadre-de-naissance-personnalise-biche#primaryimage\",\"inLanguage\":\"fr-FR\",\"url\":\"https:\/\/lapausetendresse.fr\/wp-content\/uploads\/2024\/03\/IMG_5809-scaled.jpg\",\"contentUrl\":\"https:\/\/lapausetendresse.fr\/wp-content\/uploads\/2024\/03\/IMG_5809-scaled.jpg\",\"width\":2560,\"height\":2560},{\"@type\":\"WebPage\",\"@id\":\"http:\/\/lapausetendresse.fr\/?product=cadre-de-naissance-personnalise-biche#webpage\",\"url\":\"http:\/\/lapausetendresse.fr\/?product=cadre-de-naissance-personnalise-biche\",\"name\":\"Cadre de naissance personnalis\\u00e9 \\u2013 Biche - La Pause Tendresse\",\"isPartOf\":{\"@id\":\"http:\/\/lapausetendresse.fr\/#website\"},\"primaryImageOfPage\":{\"@id\":\"http:\/\/lapausetendresse.fr\/?product=cadre-de-naissance-personnalise-biche#primaryimage\"},\"datePublished\":\"2024-03-17T10:55:49+00:00\",\"dateModified\":\"2024-08-25T10:20:01+00:00\",\"description\":\"Cadre de naissance biche pour d\\u00e9corer une chambre de b\\u00e9b\\u00e9. Tout est personnalisable. Confectionn\\u00e9 mains au crochet en Provence\",\"breadcrumb\":{\"@id\":\"http:\/\/lapausetendresse.fr\/?product=cadre-de-naissance-personnalise-biche#breadcrumb\"},\"inLanguage\":\"fr-FR\",\"potentialAction\":[{\"@type\":\"ReadAction\",\"target\":[\"http:\/\/lapausetendresse.fr\/?product=cadre-de-naissance-personnalise-biche\"]}]},{\"@type\":\"BreadcrumbList\",\"@id\":\"http:\/\/lapausetendresse.fr\/?product=cadre-de-naissance-personnalise-biche#breadcrumb\",\"itemListElement\":[{\"@type\":\"ListItem\",\"position\":1,\"name\":\"Accueil\",\"item\":\"http:\/\/lapausetendresse.fr\/\"},{\"@type\":\"ListItem\",\"position\":2,\"name\":\"Mes Cr\\u00e9ations\",\"item\":\"https:\/\/lapausetendresse.fr\/?page_id=452\"},{\"@type\":\"ListItem\",\"position\":3,\"name\":\"Cadre de naissance personnalis\\u00e9 \\u2013 Biche\"}]}]}<\/script>\n<!-- \/ Yoast SEO plugin. -->","yoast_head_json":{"title":"Cadre de naissance personnalis\u00e9 \u2013 Biche - La Pause Tendresse","description":"Cadre de naissance biche pour d\u00e9corer une chambre de b\u00e9b\u00e9. Tout est personnalisable. Confectionn\u00e9 mains au crochet en Provence","robots":{"index":"index","follow":"follow","max-snippet":"max-snippet:-1","max-image-preview":"max-image-preview:large","max-video-preview":"max-video-preview:-1"},"canonical":"http:\/\/lapausetendresse.fr\/?product=cadre-de-naissance-personnalise-biche","og_locale":"fr_FR","og_type":"article","og_title":"Cadre de naissance personnalis\u00e9 \u2013 Biche - La Pause Tendresse","og_description":"Cadre de naissance biche pour d\u00e9corer une chambre de b\u00e9b\u00e9. Tout est personnalisable. Confectionn\u00e9 mains au crochet en Provence","og_url":"http:\/\/lapausetendresse.fr\/?product=cadre-de-naissance-personnalise-biche","og_site_name":"La Pause Tendresse","article_modified_time":"2024-08-25T10:20:01+00:00","og_image":[{"width":2560,"height":2560,"url":"https:\/\/lapausetendresse.fr\/wp-content\/uploads\/2024\/03\/IMG_5809-scaled.jpg","type":"image\/jpeg"}],"twitter_card":"summary_large_image","twitter_misc":{"Dur\u00e9e de lecture est.":"1 minute"},"schema":{"@context":"https:\/\/schema.org","@graph":[{"@type":"WebSite","@id":"http:\/\/lapausetendresse.fr\/#website","url":"http:\/\/lapausetendresse.fr\/","name":"La Pause Tendresse","description":"Passionn\u00e9e par le crochet et le monde des Petits","potentialAction":[{"@type":"SearchAction","target":{"@type":"EntryPoint","urlTemplate":"http:\/\/lapausetendresse.fr\/?s={search_term_string}"},"query-input":"required name=search_term_string"}],"inLanguage":"fr-FR"},{"@type":"ImageObject","@id":"http:\/\/lapausetendresse.fr\/?product=cadre-de-naissance-personnalise-biche#primaryimage","inLanguage":"fr-FR","url":"https:\/\/lapausetendresse.fr\/wp-content\/uploads\/2024\/03\/IMG_5809-scaled.jpg","contentUrl":"https:\/\/lapausetendresse.fr\/wp-content\/uploads\/2024\/03\/IMG_5809-scaled.jpg","width":2560,"height":2560},{"@type":"WebPage","@id":"http:\/\/lapausetendresse.fr\/?product=cadre-de-naissance-personnalise-biche#webpage","url":"http:\/\/lapausetendresse.fr\/?product=cadre-de-naissance-personnalise-biche","name":"Cadre de naissance personnalis\u00e9 \u2013 Biche - La Pause Tendresse","isPartOf":{"@id":"http:\/\/lapausetendresse.fr\/#website"},"primaryImageOfPage":{"@id":"http:\/\/lapausetendresse.fr\/?product=cadre-de-naissance-personnalise-biche#primaryimage"},"datePublished":"2024-03-17T10:55:49+00:00","dateModified":"2024-08-25T10:20:01+00:00","description":"Cadre de naissance biche pour d\u00e9corer une chambre de b\u00e9b\u00e9. Tout est personnalisable. Confectionn\u00e9 mains au crochet en Provence","breadcrumb":{"@id":"http:\/\/lapausetendresse.fr\/?product=cadre-de-naissance-personnalise-biche#breadcrumb"},"inLanguage":"fr-FR","potentialAction":[{"@type":"ReadAction","target":["http:\/\/lapausetendresse.fr\/?product=cadre-de-naissance-personnalise-biche"]}]},{"@type":"BreadcrumbList","@id":"http:\/\/lapausetendresse.fr\/?product=cadre-de-naissance-personnalise-biche#breadcrumb","itemListElement":[{"@type":"ListItem","position":1,"name":"Accueil","item":"http:\/\/lapausetendresse.fr\/"},{"@type":"ListItem","position":2,"name":"Mes Cr\u00e9ations","item":"https:\/\/lapausetendresse.fr\/?page_id=452"},{"@type":"ListItem","position":3,"name":"Cadre de naissance personnalis\u00e9 \u2013 Biche"}]}]}},"_links":{"self":[{"href":"https:\/\/lapausetendresse.fr\/index.php?rest_route=\/wp\/v2\/product\/3200"}],"collection":[{"href":"https:\/\/lapausetendresse.fr\/index.php?rest_route=\/wp\/v2\/product"}],"about":[{"href":"https:\/\/lapausetendresse.fr\/index.php?rest_route=\/wp\/v2\/types\/product"}],"replies":[{"embeddable":true,"href":"https:\/\/lapausetendresse.fr\/index.php?rest_route=%2Fwp%2Fv2%2Fcomments&post=3200"}],"wp:featuredmedia":[{"embeddable":true,"href":"https:\/\/lapausetendresse.fr\/index.php?rest_route=\/wp\/v2\/media\/3195"}],"wp:attachment":[{"href":"https:\/\/lapausetendresse.fr\/index.php?rest_route=%2Fwp%2Fv2%2Fmedia&parent=3200"}],"wp:term":[{"taxonomy":"product_cat","embeddable":true,"href":"https:\/\/lapausetendresse.fr\/index.php?rest_route=%2Fwp%2Fv2%2Fproduct_cat&post=3200"},{"taxonomy":"product_tag","embeddable":true,"href":"https:\/\/lapausetendresse.fr\/index.php?rest_route=%2Fwp%2Fv2%2Fproduct_tag&post=3200"}],"curies":[{"name":"wp","href":"https:\/\/api.w.org\/{rel}","templated":true}]}}