{"id":3222,"date":"2024-03-17T12:35:51","date_gmt":"2024-03-17T11:35:51","guid":{"rendered":"https:\/\/lapausetendresse.fr\/?post_type=product&#038;p=3222"},"modified":"2024-08-25T11:06:10","modified_gmt":"2024-08-25T09:06:10","slug":"petits-poussins-et-coq-de-paques","status":"publish","type":"product","link":"https:\/\/lapausetendresse.fr\/?product=petits-poussins-et-coq-de-paques","title":{"rendered":"Petits poussins et coq de p\u00e2ques"},"content":{"rendered":"<p>Possibilit\u00e9 d&rsquo;ins\u00e9rer \u00e0 l\u2019int\u00e9rieur des poussin\/ coq un grelot qui \u00e9met un petit bruit lorsque celle-ci est agit\u00e9e.<\/p>\n<p><u>Mat\u00e9riaux utilis\u00e9s :<\/u>\u00a0laine 100% coton (<a href=\"https:\/\/www.phildar.fr\/\">Phildar<\/a>\u00a0et\u00a0<a href=\"https:\/\/www.scheepjes.com\/en\/yarn\/\">Scheepjes<\/a>), grelot (si demand\u00e9) et mousse de rembourrage 100% polyester.<\/p>\n<p><u>Dimension :<\/u> mesure environ 5 cm (la taille d&rsquo;un oeuf).<\/p>\n<p>Couleurs personnalisable<\/p>\n<p>couleur des mod\u00e8les photo :<\/p>\n<p>bleu : azur<\/p>\n<p>blanc : \u00e9cru C<\/p>\n<p>Vert : amande<\/p>\n<p>jaune : Limonade<\/p>\n<p>&nbsp;<\/p>\n<p><u>Conseil de lavage :<\/u><\/p>\n<ul>\n<li>Lavage machine en programme d\u00e9licat \u00e0 max 30\u00b0c ;<\/li>\n<li>Privil\u00e9gier un cycle lavage court ;<\/li>\n<li>Essorage conseill\u00e9 \u00e0 800 tours ;<\/li>\n<li>Ne pas mettre au s\u00e8che-linge.<\/li>\n<\/ul>\n<p>Article fabriqu\u00e9, emball\u00e9 puis exp\u00e9di\u00e9 sous 4-6 jours ouvr\u00e9s.<\/p>\n<h2>N\u2019oubliez pas de m\u2019informer lors de la commande :<\/h2>\n<ul>\n<li>la couleur d\u00e9sir\u00e9<\/li>\n<\/ul>\n<p>&nbsp;<\/p>\n<p><img loading=\"lazy\" class=\"size-full wp-image-1300 aligncenter\" src=\"http:\/\/lapausetendresse.fr\/wp-content\/uploads\/2021\/10\/Cre%CC%81e%CC%81s-en-Provence-200x200-1.png\" sizes=\"(max-width: 200px) 100vw, 200px\" srcset=\"https:\/\/lapausetendresse.fr\/wp-content\/uploads\/2021\/10\/Cre\u0301e\u0301s-en-Provence-200x200-1.png 200w, https:\/\/lapausetendresse.fr\/wp-content\/uploads\/2021\/10\/Cre\u0301e\u0301s-en-Provence-200x200-1-150x150.png 150w, https:\/\/lapausetendresse.fr\/wp-content\/uploads\/2021\/10\/Cre\u0301e\u0301s-en-Provence-200x200-1-60x60.png 60w\" alt=\"\" width=\"200\" height=\"200\" \/><\/p>\n","protected":false},"excerpt":{"rendered":"<p>Petit poussin et\/ou coq de P\u00e2ques<\/p>\n<p>Vendu \u00e0 l&rsquo;unit\u00e9<\/p>\n<p>&nbsp;<\/p>\n<ul>\n<li>Confectionn\u00e9 par mes soins, chaque pi\u00e8ce est unique ;<\/li>\n<li>Couleurs personnalisables ;<\/li>\n<li>Mati\u00e8res naturelles ;<\/li>\n<li>Tenue en main facile pour les petits b\u00e9b\u00e9s ;<\/li>\n<li>D\u00e9veloppe les sens de b\u00e9b\u00e9 (le toucher, la vision, l\u2019ou\u00efe si grelot) ;<\/li>\n<li>Lavable en machine ;<\/li>\n<li>Envoie rapide.<\/li>\n<\/ul>\n","protected":false},"featured_media":3209,"comment_status":"open","ping_status":"closed","template":"","meta":[],"product_cat":[50],"product_tag":[312,111,215,268,311,287],"yoast_head":"<!-- This site is optimized with the Yoast SEO plugin v17.4 - https:\/\/yoast.com\/wordpress\/plugins\/seo\/ -->\n<title>Petits poussins et coq de p\u00e2ques - La Pause Tendresse<\/title>\n<meta name=\"description\" content=\"petit poussin et coq de p\u00e2ques en forme et taille d&#039;oeuf. Id\u00e9al en petit cadeau pour P\u00e2ques \u00e0 cacher dans le jardin. Fait main en Provence.\" \/>\n<meta name=\"robots\" content=\"index, follow, max-snippet:-1, max-image-preview:large, max-video-preview:-1\" \/>\n<link rel=\"canonical\" href=\"https:\/\/lapausetendresse.fr\/?product=petits-poussins-et-coq-de-paques\" \/>\n<meta property=\"og:locale\" content=\"fr_FR\" \/>\n<meta property=\"og:type\" content=\"article\" \/>\n<meta property=\"og:title\" content=\"Petits poussins et coq de p\u00e2ques - La Pause Tendresse\" \/>\n<meta property=\"og:description\" content=\"petit poussin et coq de p\u00e2ques en forme et taille d&#039;oeuf. Id\u00e9al en petit cadeau pour P\u00e2ques \u00e0 cacher dans le jardin. Fait main en Provence.\" \/>\n<meta property=\"og:url\" content=\"https:\/\/lapausetendresse.fr\/?product=petits-poussins-et-coq-de-paques\" \/>\n<meta property=\"og:site_name\" content=\"La Pause Tendresse\" \/>\n<meta property=\"article:modified_time\" content=\"2024-08-25T09:06:10+00:00\" \/>\n<meta property=\"og:image\" content=\"http:\/\/lapausetendresse.fr\/wp-content\/uploads\/2024\/03\/IMG_7581-scaled.jpeg\" \/>\n\t<meta property=\"og:image:width\" content=\"2560\" \/>\n\t<meta property=\"og:image:height\" content=\"2560\" \/>\n<meta name=\"twitter:card\" content=\"summary_large_image\" \/>\n<meta name=\"twitter:label1\" content=\"Dur\u00e9e de lecture est.\" \/>\n\t<meta name=\"twitter:data1\" content=\"1 minute\" \/>\n<script type=\"application\/ld+json\" class=\"yoast-schema-graph\">{\"@context\":\"https:\/\/schema.org\",\"@graph\":[{\"@type\":\"WebSite\",\"@id\":\"http:\/\/lapausetendresse.fr\/#website\",\"url\":\"http:\/\/lapausetendresse.fr\/\",\"name\":\"La Pause Tendresse\",\"description\":\"Passionn\\u00e9e par le crochet et le monde des Petits\",\"potentialAction\":[{\"@type\":\"SearchAction\",\"target\":{\"@type\":\"EntryPoint\",\"urlTemplate\":\"http:\/\/lapausetendresse.fr\/?s={search_term_string}\"},\"query-input\":\"required name=search_term_string\"}],\"inLanguage\":\"fr-FR\"},{\"@type\":\"ImageObject\",\"@id\":\"https:\/\/lapausetendresse.fr\/?product=petits-poussins-et-coq-de-paques#primaryimage\",\"inLanguage\":\"fr-FR\",\"url\":\"https:\/\/lapausetendresse.fr\/wp-content\/uploads\/2024\/03\/IMG_7581-scaled.jpeg\",\"contentUrl\":\"https:\/\/lapausetendresse.fr\/wp-content\/uploads\/2024\/03\/IMG_7581-scaled.jpeg\",\"width\":2560,\"height\":2560},{\"@type\":\"WebPage\",\"@id\":\"https:\/\/lapausetendresse.fr\/?product=petits-poussins-et-coq-de-paques#webpage\",\"url\":\"https:\/\/lapausetendresse.fr\/?product=petits-poussins-et-coq-de-paques\",\"name\":\"Petits poussins et coq de p\\u00e2ques - La Pause Tendresse\",\"isPartOf\":{\"@id\":\"http:\/\/lapausetendresse.fr\/#website\"},\"primaryImageOfPage\":{\"@id\":\"https:\/\/lapausetendresse.fr\/?product=petits-poussins-et-coq-de-paques#primaryimage\"},\"datePublished\":\"2024-03-17T11:35:51+00:00\",\"dateModified\":\"2024-08-25T09:06:10+00:00\",\"description\":\"petit poussin et coq de p\\u00e2ques en forme et taille d'oeuf. Id\\u00e9al en petit cadeau pour P\\u00e2ques \\u00e0 cacher dans le jardin. Fait main en Provence.\",\"breadcrumb\":{\"@id\":\"https:\/\/lapausetendresse.fr\/?product=petits-poussins-et-coq-de-paques#breadcrumb\"},\"inLanguage\":\"fr-FR\",\"potentialAction\":[{\"@type\":\"ReadAction\",\"target\":[\"https:\/\/lapausetendresse.fr\/?product=petits-poussins-et-coq-de-paques\"]}]},{\"@type\":\"BreadcrumbList\",\"@id\":\"https:\/\/lapausetendresse.fr\/?product=petits-poussins-et-coq-de-paques#breadcrumb\",\"itemListElement\":[{\"@type\":\"ListItem\",\"position\":1,\"name\":\"Accueil\",\"item\":\"http:\/\/lapausetendresse.fr\/\"},{\"@type\":\"ListItem\",\"position\":2,\"name\":\"Mes Cr\\u00e9ations\",\"item\":\"https:\/\/lapausetendresse.fr\/?page_id=452\"},{\"@type\":\"ListItem\",\"position\":3,\"name\":\"Petits poussins et coq de p\\u00e2ques\"}]}]}<\/script>\n<!-- \/ Yoast SEO plugin. -->","yoast_head_json":{"title":"Petits poussins et coq de p\u00e2ques - La Pause Tendresse","description":"petit poussin et coq de p\u00e2ques en forme et taille d'oeuf. Id\u00e9al en petit cadeau pour P\u00e2ques \u00e0 cacher dans le jardin. Fait main en Provence.","robots":{"index":"index","follow":"follow","max-snippet":"max-snippet:-1","max-image-preview":"max-image-preview:large","max-video-preview":"max-video-preview:-1"},"canonical":"https:\/\/lapausetendresse.fr\/?product=petits-poussins-et-coq-de-paques","og_locale":"fr_FR","og_type":"article","og_title":"Petits poussins et coq de p\u00e2ques - La Pause Tendresse","og_description":"petit poussin et coq de p\u00e2ques en forme et taille d'oeuf. Id\u00e9al en petit cadeau pour P\u00e2ques \u00e0 cacher dans le jardin. Fait main en Provence.","og_url":"https:\/\/lapausetendresse.fr\/?product=petits-poussins-et-coq-de-paques","og_site_name":"La Pause Tendresse","article_modified_time":"2024-08-25T09:06:10+00:00","og_image":[{"width":2560,"height":2560,"url":"http:\/\/lapausetendresse.fr\/wp-content\/uploads\/2024\/03\/IMG_7581-scaled.jpeg","type":"image\/jpeg"}],"twitter_card":"summary_large_image","twitter_misc":{"Dur\u00e9e de lecture est.":"1 minute"},"schema":{"@context":"https:\/\/schema.org","@graph":[{"@type":"WebSite","@id":"http:\/\/lapausetendresse.fr\/#website","url":"http:\/\/lapausetendresse.fr\/","name":"La Pause Tendresse","description":"Passionn\u00e9e par le crochet et le monde des Petits","potentialAction":[{"@type":"SearchAction","target":{"@type":"EntryPoint","urlTemplate":"http:\/\/lapausetendresse.fr\/?s={search_term_string}"},"query-input":"required name=search_term_string"}],"inLanguage":"fr-FR"},{"@type":"ImageObject","@id":"https:\/\/lapausetendresse.fr\/?product=petits-poussins-et-coq-de-paques#primaryimage","inLanguage":"fr-FR","url":"https:\/\/lapausetendresse.fr\/wp-content\/uploads\/2024\/03\/IMG_7581-scaled.jpeg","contentUrl":"https:\/\/lapausetendresse.fr\/wp-content\/uploads\/2024\/03\/IMG_7581-scaled.jpeg","width":2560,"height":2560},{"@type":"WebPage","@id":"https:\/\/lapausetendresse.fr\/?product=petits-poussins-et-coq-de-paques#webpage","url":"https:\/\/lapausetendresse.fr\/?product=petits-poussins-et-coq-de-paques","name":"Petits poussins et coq de p\u00e2ques - La Pause Tendresse","isPartOf":{"@id":"http:\/\/lapausetendresse.fr\/#website"},"primaryImageOfPage":{"@id":"https:\/\/lapausetendresse.fr\/?product=petits-poussins-et-coq-de-paques#primaryimage"},"datePublished":"2024-03-17T11:35:51+00:00","dateModified":"2024-08-25T09:06:10+00:00","description":"petit poussin et coq de p\u00e2ques en forme et taille d'oeuf. Id\u00e9al en petit cadeau pour P\u00e2ques \u00e0 cacher dans le jardin. Fait main en Provence.","breadcrumb":{"@id":"https:\/\/lapausetendresse.fr\/?product=petits-poussins-et-coq-de-paques#breadcrumb"},"inLanguage":"fr-FR","potentialAction":[{"@type":"ReadAction","target":["https:\/\/lapausetendresse.fr\/?product=petits-poussins-et-coq-de-paques"]}]},{"@type":"BreadcrumbList","@id":"https:\/\/lapausetendresse.fr\/?product=petits-poussins-et-coq-de-paques#breadcrumb","itemListElement":[{"@type":"ListItem","position":1,"name":"Accueil","item":"http:\/\/lapausetendresse.fr\/"},{"@type":"ListItem","position":2,"name":"Mes Cr\u00e9ations","item":"https:\/\/lapausetendresse.fr\/?page_id=452"},{"@type":"ListItem","position":3,"name":"Petits poussins et coq de p\u00e2ques"}]}]}},"_links":{"self":[{"href":"https:\/\/lapausetendresse.fr\/index.php?rest_route=\/wp\/v2\/product\/3222"}],"collection":[{"href":"https:\/\/lapausetendresse.fr\/index.php?rest_route=\/wp\/v2\/product"}],"about":[{"href":"https:\/\/lapausetendresse.fr\/index.php?rest_route=\/wp\/v2\/types\/product"}],"replies":[{"embeddable":true,"href":"https:\/\/lapausetendresse.fr\/index.php?rest_route=%2Fwp%2Fv2%2Fcomments&post=3222"}],"wp:featuredmedia":[{"embeddable":true,"href":"https:\/\/lapausetendresse.fr\/index.php?rest_route=\/wp\/v2\/media\/3209"}],"wp:attachment":[{"href":"https:\/\/lapausetendresse.fr\/index.php?rest_route=%2Fwp%2Fv2%2Fmedia&parent=3222"}],"wp:term":[{"taxonomy":"product_cat","embeddable":true,"href":"https:\/\/lapausetendresse.fr\/index.php?rest_route=%2Fwp%2Fv2%2Fproduct_cat&post=3222"},{"taxonomy":"product_tag","embeddable":true,"href":"https:\/\/lapausetendresse.fr\/index.php?rest_route=%2Fwp%2Fv2%2Fproduct_tag&post=3222"}],"curies":[{"name":"wp","href":"https:\/\/api.w.org\/{rel}","templated":true}]}}