{"id":3270,"date":"2024-03-17T18:07:22","date_gmt":"2024-03-17T17:07:22","guid":{"rendered":"https:\/\/lapausetendresse.fr\/?post_type=product&#038;p=3270"},"modified":"2025-09-24T19:20:54","modified_gmt":"2025-09-24T17:20:54","slug":"hochet-agneau","status":"publish","type":"product","link":"https:\/\/lapausetendresse.fr\/?product=hochet-agneau","title":{"rendered":"Hochet agneau"},"content":{"rendered":"<p>Couleurs personnalisables.<\/p>\n<p>\u00c0 l\u2019int\u00e9rieur de la t\u00eate est ins\u00e9r\u00e9 un grelot qui \u00e9met un petit bruit lorsque le hochet est agit\u00e9.<\/p>\n<p><u>Mat\u00e9riaux utilis\u00e9s <\/u>: laine 100% coton (<a href=\"https:\/\/www.phildar.fr\/\">Phildar<\/a> et <a href=\"https:\/\/www.scheepjes.com\/en\/yarn\/\">Scheepjes<\/a>), anneau en bois de 70 mm con\u00e7u sp\u00e9cialement pour la dentition des b\u00e9b\u00e9s, grelot et mousse de rembourrage 100% polyester.<\/p>\n<p><u>Dimension :<\/u> Le hochet mesure environ 13 cm.<\/p>\n<p><u>Conseil de lavage :<\/u><\/p>\n<ul>\n<li>Lavage machine en programme d\u00e9licat \u00e0 max 30\u00b0c ;<\/li>\n<li>Privil\u00e9gier un cycle lavage court ;<\/li>\n<li>Essorage conseill\u00e9 \u00e0 800 tours ;<\/li>\n<li>Ne pas mettre au s\u00e8che-linge.<\/li>\n<\/ul>\n<p>Article fabriqu\u00e9, emball\u00e9 puis exp\u00e9di\u00e9 sous 4-6 jours ouvr\u00e9s.<\/p>\n<h2>N\u2019oubliez pas de m\u2019informer lors de la commande :<\/h2>\n<ul>\n<li>les couleurs d\u00e9sir\u00e9s si diff\u00e9rente (se r\u00e9f\u00e9rer au nuancier)<\/li>\n<\/ul>\n<p>&nbsp;<\/p>\n<p><img loading=\"lazy\" class=\"size-full wp-image-1300 aligncenter\" src=\"http:\/\/lapausetendresse.fr\/wp-content\/uploads\/2021\/10\/Cre\u0301e\u0301s-en-Provence-200x200-1.png\" sizes=\"(max-width: 200px) 100vw, 200px\" srcset=\"https:\/\/lapausetendresse.fr\/wp-content\/uploads\/2021\/10\/Cre\u0301e\u0301s-en-Provence-200x200-1.png 200w, https:\/\/lapausetendresse.fr\/wp-content\/uploads\/2021\/10\/Cre\u0301e\u0301s-en-Provence-200x200-1-150x150.png 150w, https:\/\/lapausetendresse.fr\/wp-content\/uploads\/2021\/10\/Cre\u0301e\u0301s-en-Provence-200x200-1-60x60.png 60w\" alt=\"\" width=\"200\" height=\"200\" \/><\/p>\n","protected":false},"excerpt":{"rendered":"<p>Le hochet est une fa\u00e7on amusante de d\u00e9velopper les sens de B\u00e9b\u00e9 par la stimulation visuelle, auditive et tactile.<\/p>\n<p>Il est \u00e0 la fois un hochet et un jouet de dentition.<\/p>\n<ul>\n<li>Confectionn\u00e9 par mes soins, chaque pi\u00e8ce est unique ;<\/li>\n<li>Couleurs personnalisables ;<\/li>\n<li>Mati\u00e8res naturelles ;<\/li>\n<li>Tenue en main facile pour les petits b\u00e9b\u00e9s gr\u00e2ce \u00e0 l\u2019anneau en bois ;<\/li>\n<li>D\u00e9veloppe les sens de b\u00e9b\u00e9 (le toucher, la vision, l\u2019ou\u00efe) ;<\/li>\n<li>Lavable en machine ;<\/li>\n<li>Envoi rapide.<\/li>\n<\/ul>\n","protected":false},"featured_media":3001,"comment_status":"open","ping_status":"closed","template":"","meta":[],"product_cat":[50],"product_tag":[317,111,318],"yoast_head":"<!-- This site is optimized with the Yoast SEO plugin v17.4 - https:\/\/yoast.com\/wordpress\/plugins\/seo\/ -->\n<title>Hochet agneau - La Pause Tendresse<\/title>\n<meta name=\"description\" content=\"Hochet agneau \/ mouton r\u00e9alis\u00e9 au crochet en Provence. Fait main. Id\u00e9al en cadeaux de naissance.\" \/>\n<meta name=\"robots\" content=\"index, follow, max-snippet:-1, max-image-preview:large, max-video-preview:-1\" \/>\n<link rel=\"canonical\" href=\"http:\/\/lapausetendresse.fr\/?product=hochet-agneau\" \/>\n<meta property=\"og:locale\" content=\"fr_FR\" \/>\n<meta property=\"og:type\" content=\"article\" \/>\n<meta property=\"og:title\" content=\"Hochet agneau - La Pause Tendresse\" \/>\n<meta property=\"og:description\" content=\"Hochet agneau \/ mouton r\u00e9alis\u00e9 au crochet en Provence. Fait main. Id\u00e9al en cadeaux de naissance.\" \/>\n<meta property=\"og:url\" content=\"http:\/\/lapausetendresse.fr\/?product=hochet-agneau\" \/>\n<meta property=\"og:site_name\" content=\"La Pause Tendresse\" \/>\n<meta property=\"article:modified_time\" content=\"2025-09-24T17:20:54+00:00\" \/>\n<meta property=\"og:image\" content=\"https:\/\/lapausetendresse.fr\/wp-content\/uploads\/2023\/08\/IMG_1859-2-scaled.jpg\" \/>\n\t<meta property=\"og:image:width\" content=\"2560\" \/>\n\t<meta property=\"og:image:height\" content=\"2560\" \/>\n<meta name=\"twitter:card\" content=\"summary_large_image\" \/>\n<meta name=\"twitter:label1\" content=\"Dur\u00e9e de lecture est.\" \/>\n\t<meta name=\"twitter:data1\" content=\"1 minute\" \/>\n<script type=\"application\/ld+json\" class=\"yoast-schema-graph\">{\"@context\":\"https:\/\/schema.org\",\"@graph\":[{\"@type\":\"WebSite\",\"@id\":\"http:\/\/lapausetendresse.fr\/#website\",\"url\":\"http:\/\/lapausetendresse.fr\/\",\"name\":\"La Pause Tendresse\",\"description\":\"Passionn\\u00e9e par le crochet et le monde des Petits\",\"potentialAction\":[{\"@type\":\"SearchAction\",\"target\":{\"@type\":\"EntryPoint\",\"urlTemplate\":\"http:\/\/lapausetendresse.fr\/?s={search_term_string}\"},\"query-input\":\"required name=search_term_string\"}],\"inLanguage\":\"fr-FR\"},{\"@type\":\"ImageObject\",\"@id\":\"http:\/\/lapausetendresse.fr\/?product=hochet-agneau#primaryimage\",\"inLanguage\":\"fr-FR\",\"url\":\"https:\/\/lapausetendresse.fr\/wp-content\/uploads\/2023\/08\/IMG_1859-2-scaled.jpg\",\"contentUrl\":\"https:\/\/lapausetendresse.fr\/wp-content\/uploads\/2023\/08\/IMG_1859-2-scaled.jpg\",\"width\":2560,\"height\":2560},{\"@type\":\"WebPage\",\"@id\":\"http:\/\/lapausetendresse.fr\/?product=hochet-agneau#webpage\",\"url\":\"http:\/\/lapausetendresse.fr\/?product=hochet-agneau\",\"name\":\"Hochet agneau - La Pause Tendresse\",\"isPartOf\":{\"@id\":\"http:\/\/lapausetendresse.fr\/#website\"},\"primaryImageOfPage\":{\"@id\":\"http:\/\/lapausetendresse.fr\/?product=hochet-agneau#primaryimage\"},\"datePublished\":\"2024-03-17T17:07:22+00:00\",\"dateModified\":\"2025-09-24T17:20:54+00:00\",\"description\":\"Hochet agneau \/ mouton r\\u00e9alis\\u00e9 au crochet en Provence. Fait main. Id\\u00e9al en cadeaux de naissance.\",\"breadcrumb\":{\"@id\":\"http:\/\/lapausetendresse.fr\/?product=hochet-agneau#breadcrumb\"},\"inLanguage\":\"fr-FR\",\"potentialAction\":[{\"@type\":\"ReadAction\",\"target\":[\"http:\/\/lapausetendresse.fr\/?product=hochet-agneau\"]}]},{\"@type\":\"BreadcrumbList\",\"@id\":\"http:\/\/lapausetendresse.fr\/?product=hochet-agneau#breadcrumb\",\"itemListElement\":[{\"@type\":\"ListItem\",\"position\":1,\"name\":\"Accueil\",\"item\":\"http:\/\/lapausetendresse.fr\/\"},{\"@type\":\"ListItem\",\"position\":2,\"name\":\"Mes Cr\\u00e9ations\",\"item\":\"https:\/\/lapausetendresse.fr\/?page_id=452\"},{\"@type\":\"ListItem\",\"position\":3,\"name\":\"Hochet agneau\"}]}]}<\/script>\n<!-- \/ Yoast SEO plugin. -->","yoast_head_json":{"title":"Hochet agneau - La Pause Tendresse","description":"Hochet agneau \/ mouton r\u00e9alis\u00e9 au crochet en Provence. Fait main. Id\u00e9al en cadeaux de naissance.","robots":{"index":"index","follow":"follow","max-snippet":"max-snippet:-1","max-image-preview":"max-image-preview:large","max-video-preview":"max-video-preview:-1"},"canonical":"http:\/\/lapausetendresse.fr\/?product=hochet-agneau","og_locale":"fr_FR","og_type":"article","og_title":"Hochet agneau - La Pause Tendresse","og_description":"Hochet agneau \/ mouton r\u00e9alis\u00e9 au crochet en Provence. Fait main. Id\u00e9al en cadeaux de naissance.","og_url":"http:\/\/lapausetendresse.fr\/?product=hochet-agneau","og_site_name":"La Pause Tendresse","article_modified_time":"2025-09-24T17:20:54+00:00","og_image":[{"width":2560,"height":2560,"url":"https:\/\/lapausetendresse.fr\/wp-content\/uploads\/2023\/08\/IMG_1859-2-scaled.jpg","type":"image\/jpeg"}],"twitter_card":"summary_large_image","twitter_misc":{"Dur\u00e9e de lecture est.":"1 minute"},"schema":{"@context":"https:\/\/schema.org","@graph":[{"@type":"WebSite","@id":"http:\/\/lapausetendresse.fr\/#website","url":"http:\/\/lapausetendresse.fr\/","name":"La Pause Tendresse","description":"Passionn\u00e9e par le crochet et le monde des Petits","potentialAction":[{"@type":"SearchAction","target":{"@type":"EntryPoint","urlTemplate":"http:\/\/lapausetendresse.fr\/?s={search_term_string}"},"query-input":"required name=search_term_string"}],"inLanguage":"fr-FR"},{"@type":"ImageObject","@id":"http:\/\/lapausetendresse.fr\/?product=hochet-agneau#primaryimage","inLanguage":"fr-FR","url":"https:\/\/lapausetendresse.fr\/wp-content\/uploads\/2023\/08\/IMG_1859-2-scaled.jpg","contentUrl":"https:\/\/lapausetendresse.fr\/wp-content\/uploads\/2023\/08\/IMG_1859-2-scaled.jpg","width":2560,"height":2560},{"@type":"WebPage","@id":"http:\/\/lapausetendresse.fr\/?product=hochet-agneau#webpage","url":"http:\/\/lapausetendresse.fr\/?product=hochet-agneau","name":"Hochet agneau - La Pause Tendresse","isPartOf":{"@id":"http:\/\/lapausetendresse.fr\/#website"},"primaryImageOfPage":{"@id":"http:\/\/lapausetendresse.fr\/?product=hochet-agneau#primaryimage"},"datePublished":"2024-03-17T17:07:22+00:00","dateModified":"2025-09-24T17:20:54+00:00","description":"Hochet agneau \/ mouton r\u00e9alis\u00e9 au crochet en Provence. Fait main. Id\u00e9al en cadeaux de naissance.","breadcrumb":{"@id":"http:\/\/lapausetendresse.fr\/?product=hochet-agneau#breadcrumb"},"inLanguage":"fr-FR","potentialAction":[{"@type":"ReadAction","target":["http:\/\/lapausetendresse.fr\/?product=hochet-agneau"]}]},{"@type":"BreadcrumbList","@id":"http:\/\/lapausetendresse.fr\/?product=hochet-agneau#breadcrumb","itemListElement":[{"@type":"ListItem","position":1,"name":"Accueil","item":"http:\/\/lapausetendresse.fr\/"},{"@type":"ListItem","position":2,"name":"Mes Cr\u00e9ations","item":"https:\/\/lapausetendresse.fr\/?page_id=452"},{"@type":"ListItem","position":3,"name":"Hochet agneau"}]}]}},"_links":{"self":[{"href":"https:\/\/lapausetendresse.fr\/index.php?rest_route=\/wp\/v2\/product\/3270"}],"collection":[{"href":"https:\/\/lapausetendresse.fr\/index.php?rest_route=\/wp\/v2\/product"}],"about":[{"href":"https:\/\/lapausetendresse.fr\/index.php?rest_route=\/wp\/v2\/types\/product"}],"replies":[{"embeddable":true,"href":"https:\/\/lapausetendresse.fr\/index.php?rest_route=%2Fwp%2Fv2%2Fcomments&post=3270"}],"wp:featuredmedia":[{"embeddable":true,"href":"https:\/\/lapausetendresse.fr\/index.php?rest_route=\/wp\/v2\/media\/3001"}],"wp:attachment":[{"href":"https:\/\/lapausetendresse.fr\/index.php?rest_route=%2Fwp%2Fv2%2Fmedia&parent=3270"}],"wp:term":[{"taxonomy":"product_cat","embeddable":true,"href":"https:\/\/lapausetendresse.fr\/index.php?rest_route=%2Fwp%2Fv2%2Fproduct_cat&post=3270"},{"taxonomy":"product_tag","embeddable":true,"href":"https:\/\/lapausetendresse.fr\/index.php?rest_route=%2Fwp%2Fv2%2Fproduct_tag&post=3270"}],"curies":[{"name":"wp","href":"https:\/\/api.w.org\/{rel}","templated":true}]}}