{"id":3319,"date":"2024-05-18T09:12:31","date_gmt":"2024-05-18T07:12:31","guid":{"rendered":"https:\/\/lapausetendresse.fr\/?post_type=product&#038;p=3319"},"modified":"2025-09-20T09:50:59","modified_gmt":"2025-09-20T07:50:59","slug":"bougie-parfumee-message","status":"publish","type":"product","link":"https:\/\/lapausetendresse.fr\/?product=bougie-parfumee-message","title":{"rendered":"Bougie parfum\u00e9e message"},"content":{"rendered":"<p>Bougie parfum\u00e9e personnalis\u00e9 avec un message. A vous de choisir ce que vous voulez inscrire. Me contacter pour savoir ce qu&rsquo;il est possible de r\u00e9aliser.<\/p>\n<p>&nbsp;<\/p>\n<p>Id\u00e9al pour la f\u00eate des m\u00e8res, grand-m\u00e8re&#8230;<\/p>\n<p>J&rsquo;utilise des bougies \u00ab\u00a0Yankee Candle\u00a0\u00bb. Je facture 5\u20ac la personnalisation.<\/p>\n<p>Grande bougie. Temps de combustion : 110 \u00e0 150 heures.<\/p>\n<p>D\u00e9lais variable. Pas de bougie en stock. Je les commandes sur demande selon votre choix de senteur.<\/p>\n<p>&nbsp;<\/p>\n<h2>N\u2019oubliez pas de m\u2019informer lors de la commande :<\/h2>\n<ul>\n<li>le message \u00e0 inscrire<\/li>\n<li>la senteur bougie \u00ab\u00a0Yankee candle\u00a0\u00bb (apr\u00e8s m&rsquo;avoir consult\u00e9 pour connaitre les disponibilit\u00e9 chez mon fournisseur)<\/li>\n<\/ul>\n<p>&nbsp;<\/p>\n<p><img loading=\"lazy\" class=\"size-full wp-image-1300 aligncenter\" src=\"http:\/\/lapausetendresse.fr\/wp-content\/uploads\/2021\/10\/Cre%CC%81e%CC%81s-en-Provence-200x200-1.png\" sizes=\"(max-width: 200px) 100vw, 200px\" srcset=\"https:\/\/lapausetendresse.fr\/wp-content\/uploads\/2021\/10\/Cre\u0301e\u0301s-en-Provence-200x200-1.png 200w, https:\/\/lapausetendresse.fr\/wp-content\/uploads\/2021\/10\/Cre\u0301e\u0301s-en-Provence-200x200-1-150x150.png 150w, https:\/\/lapausetendresse.fr\/wp-content\/uploads\/2021\/10\/Cre\u0301e\u0301s-en-Provence-200x200-1-60x60.png 60w\" alt=\"\" width=\"200\" height=\"200\" \/><\/p>\n","protected":false},"excerpt":{"rendered":"<p>Bougie parfum\u00e9e personnalis\u00e9 avec un message. A vous de choisir ce que vous voulez inscrire. Me contacter pour savoir ce qu&rsquo;il est possible de r\u00e9aliser.<\/p>\n<p>senteur selon votre envie.<\/p>\n<p>Id\u00e9al pour la f\u00eate des m\u00e8res, grand-m\u00e8re&#8230;<\/p>\n<p>&nbsp;<\/p>\n","protected":false},"featured_media":3316,"comment_status":"open","ping_status":"closed","template":"","meta":[],"product_cat":[112],"product_tag":[321,101,323,322,130],"yoast_head":"<!-- This site is optimized with the Yoast SEO plugin v17.4 - https:\/\/yoast.com\/wordpress\/plugins\/seo\/ -->\n<title>Bougie parfum\u00e9e message - La Pause Tendresse<\/title>\n<meta name=\"description\" content=\"Bougie parfum\u00e9e personnalis\u00e9 avec un message. A vous de choisir ce que vous voulez inscrire. Id\u00e9al pour la f\u00eate des m\u00e8res, grand-m\u00e8re...\" \/>\n<meta name=\"robots\" content=\"index, follow, max-snippet:-1, max-image-preview:large, max-video-preview:-1\" \/>\n<link rel=\"canonical\" href=\"https:\/\/lapausetendresse.fr\/?product=bougie-parfumee-message\" \/>\n<meta property=\"og:locale\" content=\"fr_FR\" \/>\n<meta property=\"og:type\" content=\"article\" \/>\n<meta property=\"og:title\" content=\"Bougie parfum\u00e9e message - La Pause Tendresse\" \/>\n<meta property=\"og:description\" content=\"Bougie parfum\u00e9e personnalis\u00e9 avec un message. A vous de choisir ce que vous voulez inscrire. Id\u00e9al pour la f\u00eate des m\u00e8res, grand-m\u00e8re...\" \/>\n<meta property=\"og:url\" content=\"https:\/\/lapausetendresse.fr\/?product=bougie-parfumee-message\" \/>\n<meta property=\"og:site_name\" content=\"La Pause Tendresse\" \/>\n<meta property=\"article:modified_time\" content=\"2025-09-20T07:50:59+00:00\" \/>\n<meta property=\"og:image\" content=\"https:\/\/lapausetendresse.fr\/wp-content\/uploads\/2021\/10\/IMG_8599-scaled.jpeg\" \/>\n\t<meta property=\"og:image:width\" content=\"2560\" \/>\n\t<meta property=\"og:image:height\" content=\"2560\" \/>\n<meta name=\"twitter:card\" content=\"summary_large_image\" \/>\n<meta name=\"twitter:label1\" content=\"Dur\u00e9e de lecture est.\" \/>\n\t<meta name=\"twitter:data1\" content=\"1 minute\" \/>\n<script type=\"application\/ld+json\" class=\"yoast-schema-graph\">{\"@context\":\"https:\/\/schema.org\",\"@graph\":[{\"@type\":\"WebSite\",\"@id\":\"http:\/\/lapausetendresse.fr\/#website\",\"url\":\"http:\/\/lapausetendresse.fr\/\",\"name\":\"La Pause Tendresse\",\"description\":\"Passionn\\u00e9e par le crochet et le monde des Petits\",\"potentialAction\":[{\"@type\":\"SearchAction\",\"target\":{\"@type\":\"EntryPoint\",\"urlTemplate\":\"http:\/\/lapausetendresse.fr\/?s={search_term_string}\"},\"query-input\":\"required name=search_term_string\"}],\"inLanguage\":\"fr-FR\"},{\"@type\":\"ImageObject\",\"@id\":\"https:\/\/lapausetendresse.fr\/?product=bougie-parfumee-message#primaryimage\",\"inLanguage\":\"fr-FR\",\"url\":\"https:\/\/lapausetendresse.fr\/wp-content\/uploads\/2021\/10\/IMG_8599-scaled.jpeg\",\"contentUrl\":\"https:\/\/lapausetendresse.fr\/wp-content\/uploads\/2021\/10\/IMG_8599-scaled.jpeg\",\"width\":2560,\"height\":2560},{\"@type\":\"WebPage\",\"@id\":\"https:\/\/lapausetendresse.fr\/?product=bougie-parfumee-message#webpage\",\"url\":\"https:\/\/lapausetendresse.fr\/?product=bougie-parfumee-message\",\"name\":\"Bougie parfum\\u00e9e message - La Pause Tendresse\",\"isPartOf\":{\"@id\":\"http:\/\/lapausetendresse.fr\/#website\"},\"primaryImageOfPage\":{\"@id\":\"https:\/\/lapausetendresse.fr\/?product=bougie-parfumee-message#primaryimage\"},\"datePublished\":\"2024-05-18T07:12:31+00:00\",\"dateModified\":\"2025-09-20T07:50:59+00:00\",\"description\":\"Bougie parfum\\u00e9e personnalis\\u00e9 avec un message. A vous de choisir ce que vous voulez inscrire. Id\\u00e9al pour la f\\u00eate des m\\u00e8res, grand-m\\u00e8re...\",\"breadcrumb\":{\"@id\":\"https:\/\/lapausetendresse.fr\/?product=bougie-parfumee-message#breadcrumb\"},\"inLanguage\":\"fr-FR\",\"potentialAction\":[{\"@type\":\"ReadAction\",\"target\":[\"https:\/\/lapausetendresse.fr\/?product=bougie-parfumee-message\"]}]},{\"@type\":\"BreadcrumbList\",\"@id\":\"https:\/\/lapausetendresse.fr\/?product=bougie-parfumee-message#breadcrumb\",\"itemListElement\":[{\"@type\":\"ListItem\",\"position\":1,\"name\":\"Accueil\",\"item\":\"http:\/\/lapausetendresse.fr\/\"},{\"@type\":\"ListItem\",\"position\":2,\"name\":\"Mes Cr\\u00e9ations\",\"item\":\"https:\/\/lapausetendresse.fr\/?page_id=452\"},{\"@type\":\"ListItem\",\"position\":3,\"name\":\"Bougie parfum\\u00e9e message\"}]}]}<\/script>\n<!-- \/ Yoast SEO plugin. -->","yoast_head_json":{"title":"Bougie parfum\u00e9e message - La Pause Tendresse","description":"Bougie parfum\u00e9e personnalis\u00e9 avec un message. A vous de choisir ce que vous voulez inscrire. Id\u00e9al pour la f\u00eate des m\u00e8res, grand-m\u00e8re...","robots":{"index":"index","follow":"follow","max-snippet":"max-snippet:-1","max-image-preview":"max-image-preview:large","max-video-preview":"max-video-preview:-1"},"canonical":"https:\/\/lapausetendresse.fr\/?product=bougie-parfumee-message","og_locale":"fr_FR","og_type":"article","og_title":"Bougie parfum\u00e9e message - La Pause Tendresse","og_description":"Bougie parfum\u00e9e personnalis\u00e9 avec un message. A vous de choisir ce que vous voulez inscrire. Id\u00e9al pour la f\u00eate des m\u00e8res, grand-m\u00e8re...","og_url":"https:\/\/lapausetendresse.fr\/?product=bougie-parfumee-message","og_site_name":"La Pause Tendresse","article_modified_time":"2025-09-20T07:50:59+00:00","og_image":[{"width":2560,"height":2560,"url":"https:\/\/lapausetendresse.fr\/wp-content\/uploads\/2021\/10\/IMG_8599-scaled.jpeg","type":"image\/jpeg"}],"twitter_card":"summary_large_image","twitter_misc":{"Dur\u00e9e de lecture est.":"1 minute"},"schema":{"@context":"https:\/\/schema.org","@graph":[{"@type":"WebSite","@id":"http:\/\/lapausetendresse.fr\/#website","url":"http:\/\/lapausetendresse.fr\/","name":"La Pause Tendresse","description":"Passionn\u00e9e par le crochet et le monde des Petits","potentialAction":[{"@type":"SearchAction","target":{"@type":"EntryPoint","urlTemplate":"http:\/\/lapausetendresse.fr\/?s={search_term_string}"},"query-input":"required name=search_term_string"}],"inLanguage":"fr-FR"},{"@type":"ImageObject","@id":"https:\/\/lapausetendresse.fr\/?product=bougie-parfumee-message#primaryimage","inLanguage":"fr-FR","url":"https:\/\/lapausetendresse.fr\/wp-content\/uploads\/2021\/10\/IMG_8599-scaled.jpeg","contentUrl":"https:\/\/lapausetendresse.fr\/wp-content\/uploads\/2021\/10\/IMG_8599-scaled.jpeg","width":2560,"height":2560},{"@type":"WebPage","@id":"https:\/\/lapausetendresse.fr\/?product=bougie-parfumee-message#webpage","url":"https:\/\/lapausetendresse.fr\/?product=bougie-parfumee-message","name":"Bougie parfum\u00e9e message - La Pause Tendresse","isPartOf":{"@id":"http:\/\/lapausetendresse.fr\/#website"},"primaryImageOfPage":{"@id":"https:\/\/lapausetendresse.fr\/?product=bougie-parfumee-message#primaryimage"},"datePublished":"2024-05-18T07:12:31+00:00","dateModified":"2025-09-20T07:50:59+00:00","description":"Bougie parfum\u00e9e personnalis\u00e9 avec un message. A vous de choisir ce que vous voulez inscrire. Id\u00e9al pour la f\u00eate des m\u00e8res, grand-m\u00e8re...","breadcrumb":{"@id":"https:\/\/lapausetendresse.fr\/?product=bougie-parfumee-message#breadcrumb"},"inLanguage":"fr-FR","potentialAction":[{"@type":"ReadAction","target":["https:\/\/lapausetendresse.fr\/?product=bougie-parfumee-message"]}]},{"@type":"BreadcrumbList","@id":"https:\/\/lapausetendresse.fr\/?product=bougie-parfumee-message#breadcrumb","itemListElement":[{"@type":"ListItem","position":1,"name":"Accueil","item":"http:\/\/lapausetendresse.fr\/"},{"@type":"ListItem","position":2,"name":"Mes Cr\u00e9ations","item":"https:\/\/lapausetendresse.fr\/?page_id=452"},{"@type":"ListItem","position":3,"name":"Bougie parfum\u00e9e message"}]}]}},"_links":{"self":[{"href":"https:\/\/lapausetendresse.fr\/index.php?rest_route=\/wp\/v2\/product\/3319"}],"collection":[{"href":"https:\/\/lapausetendresse.fr\/index.php?rest_route=\/wp\/v2\/product"}],"about":[{"href":"https:\/\/lapausetendresse.fr\/index.php?rest_route=\/wp\/v2\/types\/product"}],"replies":[{"embeddable":true,"href":"https:\/\/lapausetendresse.fr\/index.php?rest_route=%2Fwp%2Fv2%2Fcomments&post=3319"}],"wp:featuredmedia":[{"embeddable":true,"href":"https:\/\/lapausetendresse.fr\/index.php?rest_route=\/wp\/v2\/media\/3316"}],"wp:attachment":[{"href":"https:\/\/lapausetendresse.fr\/index.php?rest_route=%2Fwp%2Fv2%2Fmedia&parent=3319"}],"wp:term":[{"taxonomy":"product_cat","embeddable":true,"href":"https:\/\/lapausetendresse.fr\/index.php?rest_route=%2Fwp%2Fv2%2Fproduct_cat&post=3319"},{"taxonomy":"product_tag","embeddable":true,"href":"https:\/\/lapausetendresse.fr\/index.php?rest_route=%2Fwp%2Fv2%2Fproduct_tag&post=3319"}],"curies":[{"name":"wp","href":"https:\/\/api.w.org\/{rel}","templated":true}]}}