{"id":3413,"date":"2024-08-28T10:17:09","date_gmt":"2024-08-28T08:17:09","guid":{"rendered":"https:\/\/lapausetendresse.fr\/?post_type=product&#038;p=3413"},"modified":"2025-09-24T20:10:43","modified_gmt":"2025-09-24T18:10:43","slug":"collier-de-portage-dallaitement-personnalise","status":"publish","type":"product","link":"https:\/\/lapausetendresse.fr\/?product=collier-de-portage-dallaitement-personnalise","title":{"rendered":"Collier de portage \/ d\u2019allaitement &#8211; personnalis\u00e9"},"content":{"rendered":"<p><u>Mat\u00e9riaux utilis\u00e9s :<\/u> perle en bois d\u2019\u00e9rable, en silicone et crochet\u00e9 \u00e0 la couleur de votre choix, cordon satin soie int\u00e9rieur nylon, fermoir en plastique blanc.<\/p>\n<p>&nbsp;<\/p>\n<ul class=\"a-unordered-list a-vertical a-spacing-mini\">\n<li><span class=\"a-list-item\">Facile \u00e0 nettoyer : puisqu\u2019il s\u2019agit d\u2019un bois de h\u00eatre naturel, il suffit de les nettoyer avec un chiffon humide et de les laisser s\u00e9cher naturellement.\u00a0<\/span><\/li>\n<\/ul>\n<p>Contient des petites pi\u00e8ces. \u00c0\u00a0utiliser sous la surveillance d\u2019un adulte.<\/p>\n<p>Article fabriqu\u00e9, emball\u00e9 puis exp\u00e9di\u00e9 sous 4-6 jours ouvr\u00e9s.<\/p>\n<h2><\/h2>\n<h2>N\u2019oubliez pas de m\u2019informer lors de la commande :<\/h2>\n<ul>\n<li>si vous souhaitez changer de couleurs<\/li>\n<li>la lettre pour la perle alphabet centrale<\/li>\n<\/ul>\n<p><img loading=\"lazy\" class=\"size-full wp-image-1300 aligncenter\" src=\"http:\/\/lapausetendresse.fr\/wp-content\/uploads\/2021\/10\/Cre%CC%81e%CC%81s-en-Provence-200x200-1.png\" sizes=\"(max-width: 200px) 100vw, 200px\" srcset=\"https:\/\/lapausetendresse.fr\/wp-content\/uploads\/2021\/10\/Cre\u0301e\u0301s-en-Provence-200x200-1.png 200w, https:\/\/lapausetendresse.fr\/wp-content\/uploads\/2021\/10\/Cre\u0301e\u0301s-en-Provence-200x200-1-150x150.png 150w, https:\/\/lapausetendresse.fr\/wp-content\/uploads\/2021\/10\/Cre\u0301e\u0301s-en-Provence-200x200-1-60x60.png 60w\" alt=\"\" width=\"200\" height=\"200\" \/><\/p>\n","protected":false},"excerpt":{"rendered":"<p>Les petites mains de b\u00e9b\u00e9s sont curieuses et cherchent \u00e0 attraper tout ce qui est \u00e0 leur port\u00e9.<br \/>\nLe collier d\u2019allaitement ou de portage est un accessoire pour maman mais aussi pour b\u00e9b\u00e9. Il permet \u00e0 l\u2019enfant de stimuler sa motricit\u00e9 fine en touchant les diff\u00e9rentes mati\u00e8res comme le silicone et le bois. Il permet \u00e9galement \u00e0 b\u00e9b\u00e9 de faire ses dents dessus.<\/p>\n<ul>\n<li>Confectionn\u00e9 par mes soins, chaque pi\u00e8ce est unique ;<\/li>\n<li>Couleurs personnalisables ;<\/li>\n<li>Mati\u00e8res naturelles ;<\/li>\n<li>Tenue en main facile pour les petits b\u00e9b\u00e9s ;<\/li>\n<li>D\u00e9veloppe les sens de b\u00e9b\u00e9 (le toucher, la vision) ;<\/li>\n<li>Textures diff\u00e9rentes qui stimulent le toucher ;<\/li>\n<li>Facile \u00e0 nettoyer ;<\/li>\n<li>Envoi rapide.<\/li>\n<\/ul>\n","protected":false},"featured_media":3391,"comment_status":"open","ping_status":"closed","template":"","meta":[],"product_cat":[50],"product_tag":[265,102,266],"yoast_head":"<!-- This site is optimized with the Yoast SEO plugin v17.4 - https:\/\/yoast.com\/wordpress\/plugins\/seo\/ -->\n<title>Collier de portage \/ d\u2019allaitement - personnalis\u00e9 - La Pause Tendresse<\/title>\n<meta name=\"robots\" content=\"index, follow, max-snippet:-1, max-image-preview:large, max-video-preview:-1\" \/>\n<link rel=\"canonical\" href=\"https:\/\/lapausetendresse.fr\/?product=collier-de-portage-dallaitement-personnalise\" \/>\n<meta property=\"og:locale\" content=\"fr_FR\" \/>\n<meta property=\"og:type\" content=\"article\" \/>\n<meta property=\"og:title\" content=\"Collier de portage \/ d\u2019allaitement - personnalis\u00e9 - La Pause Tendresse\" \/>\n<meta property=\"og:description\" content=\"Les petites mains de b\u00e9b\u00e9s sont curieuses et cherchent \u00e0 attraper tout ce qui est \u00e0 leur port\u00e9. Le collier d\u2019allaitement ou de portage est un accessoire pour maman mais aussi pour b\u00e9b\u00e9. Il permet \u00e0 l\u2019enfant de stimuler sa motricit\u00e9 fine en touchant les diff\u00e9rentes mati\u00e8res comme le silicone et le bois. Il permet \u00e9galement \u00e0 b\u00e9b\u00e9 de faire ses dents dessus.   Confectionn\u00e9 par mes soins, chaque pi\u00e8ce est unique ;  Couleurs personnalisables ;  Mati\u00e8res naturelles ;  Tenue en main facile pour les petits b\u00e9b\u00e9s ;  D\u00e9veloppe les sens de b\u00e9b\u00e9 (le toucher, la vision) ;  Textures diff\u00e9rentes qui stimulent le toucher ;  Facile \u00e0 nettoyer ;  Envoi rapide.\" \/>\n<meta property=\"og:url\" content=\"https:\/\/lapausetendresse.fr\/?product=collier-de-portage-dallaitement-personnalise\" \/>\n<meta property=\"og:site_name\" content=\"La Pause Tendresse\" \/>\n<meta property=\"article:modified_time\" content=\"2025-09-24T18:10:43+00:00\" \/>\n<meta property=\"og:image\" content=\"https:\/\/lapausetendresse.fr\/wp-content\/uploads\/2024\/08\/IMG_0012-scaled.jpeg\" \/>\n\t<meta property=\"og:image:width\" content=\"2560\" \/>\n\t<meta property=\"og:image:height\" content=\"2560\" \/>\n<meta name=\"twitter:card\" content=\"summary_large_image\" \/>\n<meta name=\"twitter:label1\" content=\"Dur\u00e9e de lecture est.\" \/>\n\t<meta name=\"twitter:data1\" content=\"1 minute\" \/>\n<script type=\"application\/ld+json\" class=\"yoast-schema-graph\">{\"@context\":\"https:\/\/schema.org\",\"@graph\":[{\"@type\":\"WebSite\",\"@id\":\"http:\/\/lapausetendresse.fr\/#website\",\"url\":\"http:\/\/lapausetendresse.fr\/\",\"name\":\"La Pause Tendresse\",\"description\":\"Passionn\\u00e9e par le crochet et le monde des Petits\",\"potentialAction\":[{\"@type\":\"SearchAction\",\"target\":{\"@type\":\"EntryPoint\",\"urlTemplate\":\"http:\/\/lapausetendresse.fr\/?s={search_term_string}\"},\"query-input\":\"required name=search_term_string\"}],\"inLanguage\":\"fr-FR\"},{\"@type\":\"ImageObject\",\"@id\":\"https:\/\/lapausetendresse.fr\/?product=collier-de-portage-dallaitement-personnalise#primaryimage\",\"inLanguage\":\"fr-FR\",\"url\":\"https:\/\/lapausetendresse.fr\/wp-content\/uploads\/2024\/08\/IMG_0012-scaled.jpeg\",\"contentUrl\":\"https:\/\/lapausetendresse.fr\/wp-content\/uploads\/2024\/08\/IMG_0012-scaled.jpeg\",\"width\":2560,\"height\":2560},{\"@type\":\"WebPage\",\"@id\":\"https:\/\/lapausetendresse.fr\/?product=collier-de-portage-dallaitement-personnalise#webpage\",\"url\":\"https:\/\/lapausetendresse.fr\/?product=collier-de-portage-dallaitement-personnalise\",\"name\":\"Collier de portage \/ d\\u2019allaitement - personnalis\\u00e9 - La Pause Tendresse\",\"isPartOf\":{\"@id\":\"http:\/\/lapausetendresse.fr\/#website\"},\"primaryImageOfPage\":{\"@id\":\"https:\/\/lapausetendresse.fr\/?product=collier-de-portage-dallaitement-personnalise#primaryimage\"},\"datePublished\":\"2024-08-28T08:17:09+00:00\",\"dateModified\":\"2025-09-24T18:10:43+00:00\",\"breadcrumb\":{\"@id\":\"https:\/\/lapausetendresse.fr\/?product=collier-de-portage-dallaitement-personnalise#breadcrumb\"},\"inLanguage\":\"fr-FR\",\"potentialAction\":[{\"@type\":\"ReadAction\",\"target\":[\"https:\/\/lapausetendresse.fr\/?product=collier-de-portage-dallaitement-personnalise\"]}]},{\"@type\":\"BreadcrumbList\",\"@id\":\"https:\/\/lapausetendresse.fr\/?product=collier-de-portage-dallaitement-personnalise#breadcrumb\",\"itemListElement\":[{\"@type\":\"ListItem\",\"position\":1,\"name\":\"Accueil\",\"item\":\"http:\/\/lapausetendresse.fr\/\"},{\"@type\":\"ListItem\",\"position\":2,\"name\":\"Mes Cr\\u00e9ations\",\"item\":\"https:\/\/lapausetendresse.fr\/?page_id=452\"},{\"@type\":\"ListItem\",\"position\":3,\"name\":\"Collier de portage \/ d\\u2019allaitement &#8211; personnalis\\u00e9\"}]}]}<\/script>\n<!-- \/ Yoast SEO plugin. -->","yoast_head_json":{"title":"Collier de portage \/ d\u2019allaitement - personnalis\u00e9 - La Pause Tendresse","robots":{"index":"index","follow":"follow","max-snippet":"max-snippet:-1","max-image-preview":"max-image-preview:large","max-video-preview":"max-video-preview:-1"},"canonical":"https:\/\/lapausetendresse.fr\/?product=collier-de-portage-dallaitement-personnalise","og_locale":"fr_FR","og_type":"article","og_title":"Collier de portage \/ d\u2019allaitement - personnalis\u00e9 - La Pause Tendresse","og_description":"Les petites mains de b\u00e9b\u00e9s sont curieuses et cherchent \u00e0 attraper tout ce qui est \u00e0 leur port\u00e9. Le collier d\u2019allaitement ou de portage est un accessoire pour maman mais aussi pour b\u00e9b\u00e9. Il permet \u00e0 l\u2019enfant de stimuler sa motricit\u00e9 fine en touchant les diff\u00e9rentes mati\u00e8res comme le silicone et le bois. Il permet \u00e9galement \u00e0 b\u00e9b\u00e9 de faire ses dents dessus.   Confectionn\u00e9 par mes soins, chaque pi\u00e8ce est unique ;  Couleurs personnalisables ;  Mati\u00e8res naturelles ;  Tenue en main facile pour les petits b\u00e9b\u00e9s ;  D\u00e9veloppe les sens de b\u00e9b\u00e9 (le toucher, la vision) ;  Textures diff\u00e9rentes qui stimulent le toucher ;  Facile \u00e0 nettoyer ;  Envoi rapide.","og_url":"https:\/\/lapausetendresse.fr\/?product=collier-de-portage-dallaitement-personnalise","og_site_name":"La Pause Tendresse","article_modified_time":"2025-09-24T18:10:43+00:00","og_image":[{"width":2560,"height":2560,"url":"https:\/\/lapausetendresse.fr\/wp-content\/uploads\/2024\/08\/IMG_0012-scaled.jpeg","type":"image\/jpeg"}],"twitter_card":"summary_large_image","twitter_misc":{"Dur\u00e9e de lecture est.":"1 minute"},"schema":{"@context":"https:\/\/schema.org","@graph":[{"@type":"WebSite","@id":"http:\/\/lapausetendresse.fr\/#website","url":"http:\/\/lapausetendresse.fr\/","name":"La Pause Tendresse","description":"Passionn\u00e9e par le crochet et le monde des Petits","potentialAction":[{"@type":"SearchAction","target":{"@type":"EntryPoint","urlTemplate":"http:\/\/lapausetendresse.fr\/?s={search_term_string}"},"query-input":"required name=search_term_string"}],"inLanguage":"fr-FR"},{"@type":"ImageObject","@id":"https:\/\/lapausetendresse.fr\/?product=collier-de-portage-dallaitement-personnalise#primaryimage","inLanguage":"fr-FR","url":"https:\/\/lapausetendresse.fr\/wp-content\/uploads\/2024\/08\/IMG_0012-scaled.jpeg","contentUrl":"https:\/\/lapausetendresse.fr\/wp-content\/uploads\/2024\/08\/IMG_0012-scaled.jpeg","width":2560,"height":2560},{"@type":"WebPage","@id":"https:\/\/lapausetendresse.fr\/?product=collier-de-portage-dallaitement-personnalise#webpage","url":"https:\/\/lapausetendresse.fr\/?product=collier-de-portage-dallaitement-personnalise","name":"Collier de portage \/ d\u2019allaitement - personnalis\u00e9 - La Pause Tendresse","isPartOf":{"@id":"http:\/\/lapausetendresse.fr\/#website"},"primaryImageOfPage":{"@id":"https:\/\/lapausetendresse.fr\/?product=collier-de-portage-dallaitement-personnalise#primaryimage"},"datePublished":"2024-08-28T08:17:09+00:00","dateModified":"2025-09-24T18:10:43+00:00","breadcrumb":{"@id":"https:\/\/lapausetendresse.fr\/?product=collier-de-portage-dallaitement-personnalise#breadcrumb"},"inLanguage":"fr-FR","potentialAction":[{"@type":"ReadAction","target":["https:\/\/lapausetendresse.fr\/?product=collier-de-portage-dallaitement-personnalise"]}]},{"@type":"BreadcrumbList","@id":"https:\/\/lapausetendresse.fr\/?product=collier-de-portage-dallaitement-personnalise#breadcrumb","itemListElement":[{"@type":"ListItem","position":1,"name":"Accueil","item":"http:\/\/lapausetendresse.fr\/"},{"@type":"ListItem","position":2,"name":"Mes Cr\u00e9ations","item":"https:\/\/lapausetendresse.fr\/?page_id=452"},{"@type":"ListItem","position":3,"name":"Collier de portage \/ d\u2019allaitement &#8211; personnalis\u00e9"}]}]}},"_links":{"self":[{"href":"https:\/\/lapausetendresse.fr\/index.php?rest_route=\/wp\/v2\/product\/3413"}],"collection":[{"href":"https:\/\/lapausetendresse.fr\/index.php?rest_route=\/wp\/v2\/product"}],"about":[{"href":"https:\/\/lapausetendresse.fr\/index.php?rest_route=\/wp\/v2\/types\/product"}],"replies":[{"embeddable":true,"href":"https:\/\/lapausetendresse.fr\/index.php?rest_route=%2Fwp%2Fv2%2Fcomments&post=3413"}],"wp:featuredmedia":[{"embeddable":true,"href":"https:\/\/lapausetendresse.fr\/index.php?rest_route=\/wp\/v2\/media\/3391"}],"wp:attachment":[{"href":"https:\/\/lapausetendresse.fr\/index.php?rest_route=%2Fwp%2Fv2%2Fmedia&parent=3413"}],"wp:term":[{"taxonomy":"product_cat","embeddable":true,"href":"https:\/\/lapausetendresse.fr\/index.php?rest_route=%2Fwp%2Fv2%2Fproduct_cat&post=3413"},{"taxonomy":"product_tag","embeddable":true,"href":"https:\/\/lapausetendresse.fr\/index.php?rest_route=%2Fwp%2Fv2%2Fproduct_tag&post=3413"}],"curies":[{"name":"wp","href":"https:\/\/api.w.org\/{rel}","templated":true}]}}