{"id":3415,"date":"2024-08-28T10:19:33","date_gmt":"2024-08-28T08:19:33","guid":{"rendered":"https:\/\/lapausetendresse.fr\/?post_type=product&#038;p=3415"},"modified":"2025-09-24T19:08:28","modified_gmt":"2025-09-24T17:08:28","slug":"attache-sucette-hippopotame","status":"publish","type":"product","link":"https:\/\/lapausetendresse.fr\/?product=attache-sucette-hippopotame","title":{"rendered":"Attache sucette Hippopotame"},"content":{"rendered":"<p>Contient des petites pi\u00e8ces. \u00c0 utiliser sous la surveillance d\u2019un adulte.<\/p>\n<p><u>Mat\u00e9riaux utilis\u00e9s :<\/u>\u00a0laine 100% coton (<a href=\"https:\/\/www.phildar.fr\/\">Phildar<\/a>\u00a0et\u00a0<a href=\"https:\/\/www.scheepjes.com\/en\/yarn\/\">Scheepjes<\/a>), perle en silicone, perle alphabet en silicone sans BPA, 2 perles en bois (\u00e9toile et coeur), clip en bois de h\u00eatre sans BPA et cordon satin soie int\u00e9rieur nylon.<\/p>\n<p><u>Dimension :<\/u>\u00a0mesure environ 22 cm. La longueur d\u00e9pend du nombre de lettre \u00e0 inscrire.<\/p>\n<p>Article fabriqu\u00e9, emball\u00e9 puis exp\u00e9di\u00e9 sous 6-10 jours ouvr\u00e9s.<\/p>\n<h2>N\u2019oubliez pas de m\u2019informer lors de la commande :<\/h2>\n<ul>\n<li>le pr\u00e9nom de l\u2019enfant<\/li>\n<li>couleurs : si diff\u00e9rentes<\/li>\n<\/ul>\n<p>&nbsp;<\/p>\n<p><img loading=\"lazy\" class=\"size-full wp-image-1300 aligncenter\" src=\"http:\/\/lapausetendresse.fr\/wp-content\/uploads\/2021\/10\/Cre%CC%81e%CC%81s-en-Provence-200x200-1.png\" sizes=\"(max-width: 200px) 100vw, 200px\" srcset=\"https:\/\/lapausetendresse.fr\/wp-content\/uploads\/2021\/10\/Cre\u0301e\u0301s-en-Provence-200x200-1.png 200w, https:\/\/lapausetendresse.fr\/wp-content\/uploads\/2021\/10\/Cre\u0301e\u0301s-en-Provence-200x200-1-150x150.png 150w, https:\/\/lapausetendresse.fr\/wp-content\/uploads\/2021\/10\/Cre\u0301e\u0301s-en-Provence-200x200-1-60x60.png 60w\" alt=\"\" width=\"200\" height=\"200\" \/><\/p>\n","protected":false},"excerpt":{"rendered":"<p>D\u2019un c\u00f4t\u00e9 on attache la t\u00e9tine ou le jouet, et de l\u2019autre on attache le clip au v\u00eatement de B\u00e9b\u00e9.<\/p>\n<ul>\n<li>Confectionn\u00e9 par mes soins, chaque pi\u00e8ce est unique ;<\/li>\n<li>Couleurs et pr\u00e9nom personnalisables ;<\/li>\n<li>Mati\u00e8res naturelles ;<\/li>\n<li>Textures diff\u00e9rentes qui stimulent le toucher ;<\/li>\n<li>Envoi rapide.<\/li>\n<\/ul>\n","protected":false},"featured_media":3395,"comment_status":"open","ping_status":"closed","template":"","meta":[],"product_cat":[27],"product_tag":[327,328,187,189],"yoast_head":"<!-- This site is optimized with the Yoast SEO plugin v17.4 - https:\/\/yoast.com\/wordpress\/plugins\/seo\/ -->\n<title>Attache sucette Hippopotame - La Pause Tendresse<\/title>\n<meta name=\"robots\" content=\"index, follow, max-snippet:-1, max-image-preview:large, max-video-preview:-1\" \/>\n<link rel=\"canonical\" href=\"https:\/\/lapausetendresse.fr\/?product=attache-sucette-hippopotame\" \/>\n<meta property=\"og:locale\" content=\"fr_FR\" \/>\n<meta property=\"og:type\" content=\"article\" \/>\n<meta property=\"og:title\" content=\"Attache sucette Hippopotame - La Pause Tendresse\" \/>\n<meta property=\"og:description\" content=\"D\u2019un c\u00f4t\u00e9 on attache la t\u00e9tine ou le jouet, et de l\u2019autre on attache le clip au v\u00eatement de B\u00e9b\u00e9.   Confectionn\u00e9 par mes soins, chaque pi\u00e8ce est unique ;  Couleurs et pr\u00e9nom personnalisables ;  Mati\u00e8res naturelles ;  Textures diff\u00e9rentes qui stimulent le toucher ;  Envoi rapide.\" \/>\n<meta property=\"og:url\" content=\"https:\/\/lapausetendresse.fr\/?product=attache-sucette-hippopotame\" \/>\n<meta property=\"og:site_name\" content=\"La Pause Tendresse\" \/>\n<meta property=\"article:modified_time\" content=\"2025-09-24T17:08:28+00:00\" \/>\n<meta property=\"og:image\" content=\"https:\/\/lapausetendresse.fr\/wp-content\/uploads\/2024\/08\/IMG_9817-scaled.jpeg\" \/>\n\t<meta property=\"og:image:width\" content=\"2560\" \/>\n\t<meta property=\"og:image:height\" content=\"2560\" \/>\n<meta name=\"twitter:card\" content=\"summary_large_image\" \/>\n<script type=\"application\/ld+json\" class=\"yoast-schema-graph\">{\"@context\":\"https:\/\/schema.org\",\"@graph\":[{\"@type\":\"WebSite\",\"@id\":\"http:\/\/lapausetendresse.fr\/#website\",\"url\":\"http:\/\/lapausetendresse.fr\/\",\"name\":\"La Pause Tendresse\",\"description\":\"Passionn\\u00e9e par le crochet et le monde des Petits\",\"potentialAction\":[{\"@type\":\"SearchAction\",\"target\":{\"@type\":\"EntryPoint\",\"urlTemplate\":\"http:\/\/lapausetendresse.fr\/?s={search_term_string}\"},\"query-input\":\"required name=search_term_string\"}],\"inLanguage\":\"fr-FR\"},{\"@type\":\"ImageObject\",\"@id\":\"https:\/\/lapausetendresse.fr\/?product=attache-sucette-hippopotame#primaryimage\",\"inLanguage\":\"fr-FR\",\"url\":\"https:\/\/lapausetendresse.fr\/wp-content\/uploads\/2024\/08\/IMG_9817-scaled.jpeg\",\"contentUrl\":\"https:\/\/lapausetendresse.fr\/wp-content\/uploads\/2024\/08\/IMG_9817-scaled.jpeg\",\"width\":2560,\"height\":2560},{\"@type\":\"WebPage\",\"@id\":\"https:\/\/lapausetendresse.fr\/?product=attache-sucette-hippopotame#webpage\",\"url\":\"https:\/\/lapausetendresse.fr\/?product=attache-sucette-hippopotame\",\"name\":\"Attache sucette Hippopotame - La Pause Tendresse\",\"isPartOf\":{\"@id\":\"http:\/\/lapausetendresse.fr\/#website\"},\"primaryImageOfPage\":{\"@id\":\"https:\/\/lapausetendresse.fr\/?product=attache-sucette-hippopotame#primaryimage\"},\"datePublished\":\"2024-08-28T08:19:33+00:00\",\"dateModified\":\"2025-09-24T17:08:28+00:00\",\"breadcrumb\":{\"@id\":\"https:\/\/lapausetendresse.fr\/?product=attache-sucette-hippopotame#breadcrumb\"},\"inLanguage\":\"fr-FR\",\"potentialAction\":[{\"@type\":\"ReadAction\",\"target\":[\"https:\/\/lapausetendresse.fr\/?product=attache-sucette-hippopotame\"]}]},{\"@type\":\"BreadcrumbList\",\"@id\":\"https:\/\/lapausetendresse.fr\/?product=attache-sucette-hippopotame#breadcrumb\",\"itemListElement\":[{\"@type\":\"ListItem\",\"position\":1,\"name\":\"Accueil\",\"item\":\"http:\/\/lapausetendresse.fr\/\"},{\"@type\":\"ListItem\",\"position\":2,\"name\":\"Mes Cr\\u00e9ations\",\"item\":\"https:\/\/lapausetendresse.fr\/?page_id=452\"},{\"@type\":\"ListItem\",\"position\":3,\"name\":\"Attache sucette Hippopotame\"}]}]}<\/script>\n<!-- \/ Yoast SEO plugin. -->","yoast_head_json":{"title":"Attache sucette Hippopotame - La Pause Tendresse","robots":{"index":"index","follow":"follow","max-snippet":"max-snippet:-1","max-image-preview":"max-image-preview:large","max-video-preview":"max-video-preview:-1"},"canonical":"https:\/\/lapausetendresse.fr\/?product=attache-sucette-hippopotame","og_locale":"fr_FR","og_type":"article","og_title":"Attache sucette Hippopotame - La Pause Tendresse","og_description":"D\u2019un c\u00f4t\u00e9 on attache la t\u00e9tine ou le jouet, et de l\u2019autre on attache le clip au v\u00eatement de B\u00e9b\u00e9.   Confectionn\u00e9 par mes soins, chaque pi\u00e8ce est unique ;  Couleurs et pr\u00e9nom personnalisables ;  Mati\u00e8res naturelles ;  Textures diff\u00e9rentes qui stimulent le toucher ;  Envoi rapide.","og_url":"https:\/\/lapausetendresse.fr\/?product=attache-sucette-hippopotame","og_site_name":"La Pause Tendresse","article_modified_time":"2025-09-24T17:08:28+00:00","og_image":[{"width":2560,"height":2560,"url":"https:\/\/lapausetendresse.fr\/wp-content\/uploads\/2024\/08\/IMG_9817-scaled.jpeg","type":"image\/jpeg"}],"twitter_card":"summary_large_image","schema":{"@context":"https:\/\/schema.org","@graph":[{"@type":"WebSite","@id":"http:\/\/lapausetendresse.fr\/#website","url":"http:\/\/lapausetendresse.fr\/","name":"La Pause Tendresse","description":"Passionn\u00e9e par le crochet et le monde des Petits","potentialAction":[{"@type":"SearchAction","target":{"@type":"EntryPoint","urlTemplate":"http:\/\/lapausetendresse.fr\/?s={search_term_string}"},"query-input":"required name=search_term_string"}],"inLanguage":"fr-FR"},{"@type":"ImageObject","@id":"https:\/\/lapausetendresse.fr\/?product=attache-sucette-hippopotame#primaryimage","inLanguage":"fr-FR","url":"https:\/\/lapausetendresse.fr\/wp-content\/uploads\/2024\/08\/IMG_9817-scaled.jpeg","contentUrl":"https:\/\/lapausetendresse.fr\/wp-content\/uploads\/2024\/08\/IMG_9817-scaled.jpeg","width":2560,"height":2560},{"@type":"WebPage","@id":"https:\/\/lapausetendresse.fr\/?product=attache-sucette-hippopotame#webpage","url":"https:\/\/lapausetendresse.fr\/?product=attache-sucette-hippopotame","name":"Attache sucette Hippopotame - La Pause Tendresse","isPartOf":{"@id":"http:\/\/lapausetendresse.fr\/#website"},"primaryImageOfPage":{"@id":"https:\/\/lapausetendresse.fr\/?product=attache-sucette-hippopotame#primaryimage"},"datePublished":"2024-08-28T08:19:33+00:00","dateModified":"2025-09-24T17:08:28+00:00","breadcrumb":{"@id":"https:\/\/lapausetendresse.fr\/?product=attache-sucette-hippopotame#breadcrumb"},"inLanguage":"fr-FR","potentialAction":[{"@type":"ReadAction","target":["https:\/\/lapausetendresse.fr\/?product=attache-sucette-hippopotame"]}]},{"@type":"BreadcrumbList","@id":"https:\/\/lapausetendresse.fr\/?product=attache-sucette-hippopotame#breadcrumb","itemListElement":[{"@type":"ListItem","position":1,"name":"Accueil","item":"http:\/\/lapausetendresse.fr\/"},{"@type":"ListItem","position":2,"name":"Mes Cr\u00e9ations","item":"https:\/\/lapausetendresse.fr\/?page_id=452"},{"@type":"ListItem","position":3,"name":"Attache sucette Hippopotame"}]}]}},"_links":{"self":[{"href":"https:\/\/lapausetendresse.fr\/index.php?rest_route=\/wp\/v2\/product\/3415"}],"collection":[{"href":"https:\/\/lapausetendresse.fr\/index.php?rest_route=\/wp\/v2\/product"}],"about":[{"href":"https:\/\/lapausetendresse.fr\/index.php?rest_route=\/wp\/v2\/types\/product"}],"replies":[{"embeddable":true,"href":"https:\/\/lapausetendresse.fr\/index.php?rest_route=%2Fwp%2Fv2%2Fcomments&post=3415"}],"wp:featuredmedia":[{"embeddable":true,"href":"https:\/\/lapausetendresse.fr\/index.php?rest_route=\/wp\/v2\/media\/3395"}],"wp:attachment":[{"href":"https:\/\/lapausetendresse.fr\/index.php?rest_route=%2Fwp%2Fv2%2Fmedia&parent=3415"}],"wp:term":[{"taxonomy":"product_cat","embeddable":true,"href":"https:\/\/lapausetendresse.fr\/index.php?rest_route=%2Fwp%2Fv2%2Fproduct_cat&post=3415"},{"taxonomy":"product_tag","embeddable":true,"href":"https:\/\/lapausetendresse.fr\/index.php?rest_route=%2Fwp%2Fv2%2Fproduct_tag&post=3415"}],"curies":[{"name":"wp","href":"https:\/\/api.w.org\/{rel}","templated":true}]}}