{"id":3419,"date":"2024-08-28T10:39:03","date_gmt":"2024-08-28T08:39:03","guid":{"rendered":"https:\/\/lapausetendresse.fr\/?post_type=product&#038;p=3419"},"modified":"2024-08-29T08:44:49","modified_gmt":"2024-08-29T06:44:49","slug":"support-pedagogique-pour-ecrire-son-prenom","status":"publish","type":"product","link":"https:\/\/lapausetendresse.fr\/?product=support-pedagogique-pour-ecrire-son-prenom","title":{"rendered":"Support p\u00e9dagogique pour \u00e9crire son pr\u00e9nom"},"content":{"rendered":"<p>Un format A4 plastifi\u00e9.<\/p>\n<p>Vignettes des lettres du pr\u00e9nom avec scratch au dos.<\/p>\n<p>A utiliser avec un feutre Velleda (non fourni)<\/p>\n<p>Effa\u00e7able \u00e0 sec.<\/p>\n<p>&nbsp;<\/p>\n<p>Possibilit\u00e9 de personnaliser le fond diff\u00e9remment. (animaux, couleurs&#8230;)<\/p>\n<p>&nbsp;<\/p>\n","protected":false},"excerpt":{"rendered":"<p>Support p\u00e9dagogique pour apprendre \u00e0 reconna\u00eetre et \u00e9crire son pr\u00e9nom.<\/p>\n<p>&nbsp;<\/p>\n<p>Effa\u00e7able \u00e0 sec.<\/p>\n<p>&nbsp;<\/p>\n<p>Possibilit\u00e9 de personnaliser le fond diff\u00e9remment. (animaux, couleurs&#8230;) -&gt; N&rsquo;h\u00e9sitez pas \u00e0 me contacter.<\/p>\n<p>envoyer en lettre suivi -&gt; 3\u20ac<\/p>\n","protected":false},"featured_media":3399,"comment_status":"open","ping_status":"closed","template":"","meta":[],"product_cat":[112],"product_tag":[333,332,90,331],"yoast_head":"<!-- This site is optimized with the Yoast SEO plugin v17.4 - https:\/\/yoast.com\/wordpress\/plugins\/seo\/ -->\n<title>Support p\u00e9dagogique pour \u00e9crire son pr\u00e9nom - La Pause Tendresse<\/title>\n<meta name=\"robots\" content=\"index, follow, max-snippet:-1, max-image-preview:large, max-video-preview:-1\" \/>\n<link rel=\"canonical\" href=\"https:\/\/lapausetendresse.fr\/?product=support-pedagogique-pour-ecrire-son-prenom\" \/>\n<meta property=\"og:locale\" content=\"fr_FR\" \/>\n<meta property=\"og:type\" content=\"article\" \/>\n<meta property=\"og:title\" content=\"Support p\u00e9dagogique pour \u00e9crire son pr\u00e9nom - La Pause Tendresse\" \/>\n<meta property=\"og:description\" content=\"Support p\u00e9dagogique pour apprendre \u00e0 reconna\u00eetre et \u00e9crire son pr\u00e9nom.  &nbsp;  Effa\u00e7able \u00e0 sec.  &nbsp;  Possibilit\u00e9 de personnaliser le fond diff\u00e9remment. (animaux, couleurs...) -&gt; N&#039;h\u00e9sitez pas \u00e0 me contacter.  envoyer en lettre suivi -&gt; 3\u20ac\" \/>\n<meta property=\"og:url\" content=\"https:\/\/lapausetendresse.fr\/?product=support-pedagogique-pour-ecrire-son-prenom\" \/>\n<meta property=\"og:site_name\" content=\"La Pause Tendresse\" \/>\n<meta property=\"article:modified_time\" content=\"2024-08-29T06:44:49+00:00\" \/>\n<meta property=\"og:image\" content=\"https:\/\/lapausetendresse.fr\/wp-content\/uploads\/2024\/08\/IMG_9707-scaled.jpeg\" \/>\n\t<meta property=\"og:image:width\" content=\"2560\" \/>\n\t<meta property=\"og:image:height\" content=\"1920\" \/>\n<meta name=\"twitter:card\" content=\"summary_large_image\" \/>\n<script type=\"application\/ld+json\" class=\"yoast-schema-graph\">{\"@context\":\"https:\/\/schema.org\",\"@graph\":[{\"@type\":\"WebSite\",\"@id\":\"http:\/\/lapausetendresse.fr\/#website\",\"url\":\"http:\/\/lapausetendresse.fr\/\",\"name\":\"La Pause Tendresse\",\"description\":\"Passionn\\u00e9e par le crochet et le monde des Petits\",\"potentialAction\":[{\"@type\":\"SearchAction\",\"target\":{\"@type\":\"EntryPoint\",\"urlTemplate\":\"http:\/\/lapausetendresse.fr\/?s={search_term_string}\"},\"query-input\":\"required name=search_term_string\"}],\"inLanguage\":\"fr-FR\"},{\"@type\":\"ImageObject\",\"@id\":\"https:\/\/lapausetendresse.fr\/?product=support-pedagogique-pour-ecrire-son-prenom#primaryimage\",\"inLanguage\":\"fr-FR\",\"url\":\"https:\/\/lapausetendresse.fr\/wp-content\/uploads\/2024\/08\/IMG_9707-scaled.jpeg\",\"contentUrl\":\"https:\/\/lapausetendresse.fr\/wp-content\/uploads\/2024\/08\/IMG_9707-scaled.jpeg\",\"width\":2560,\"height\":1920},{\"@type\":\"WebPage\",\"@id\":\"https:\/\/lapausetendresse.fr\/?product=support-pedagogique-pour-ecrire-son-prenom#webpage\",\"url\":\"https:\/\/lapausetendresse.fr\/?product=support-pedagogique-pour-ecrire-son-prenom\",\"name\":\"Support p\\u00e9dagogique pour \\u00e9crire son pr\\u00e9nom - La Pause Tendresse\",\"isPartOf\":{\"@id\":\"http:\/\/lapausetendresse.fr\/#website\"},\"primaryImageOfPage\":{\"@id\":\"https:\/\/lapausetendresse.fr\/?product=support-pedagogique-pour-ecrire-son-prenom#primaryimage\"},\"datePublished\":\"2024-08-28T08:39:03+00:00\",\"dateModified\":\"2024-08-29T06:44:49+00:00\",\"breadcrumb\":{\"@id\":\"https:\/\/lapausetendresse.fr\/?product=support-pedagogique-pour-ecrire-son-prenom#breadcrumb\"},\"inLanguage\":\"fr-FR\",\"potentialAction\":[{\"@type\":\"ReadAction\",\"target\":[\"https:\/\/lapausetendresse.fr\/?product=support-pedagogique-pour-ecrire-son-prenom\"]}]},{\"@type\":\"BreadcrumbList\",\"@id\":\"https:\/\/lapausetendresse.fr\/?product=support-pedagogique-pour-ecrire-son-prenom#breadcrumb\",\"itemListElement\":[{\"@type\":\"ListItem\",\"position\":1,\"name\":\"Accueil\",\"item\":\"http:\/\/lapausetendresse.fr\/\"},{\"@type\":\"ListItem\",\"position\":2,\"name\":\"Mes Cr\\u00e9ations\",\"item\":\"https:\/\/lapausetendresse.fr\/?page_id=452\"},{\"@type\":\"ListItem\",\"position\":3,\"name\":\"Support p\\u00e9dagogique pour \\u00e9crire son pr\\u00e9nom\"}]}]}<\/script>\n<!-- \/ Yoast SEO plugin. -->","yoast_head_json":{"title":"Support p\u00e9dagogique pour \u00e9crire son pr\u00e9nom - La Pause Tendresse","robots":{"index":"index","follow":"follow","max-snippet":"max-snippet:-1","max-image-preview":"max-image-preview:large","max-video-preview":"max-video-preview:-1"},"canonical":"https:\/\/lapausetendresse.fr\/?product=support-pedagogique-pour-ecrire-son-prenom","og_locale":"fr_FR","og_type":"article","og_title":"Support p\u00e9dagogique pour \u00e9crire son pr\u00e9nom - La Pause Tendresse","og_description":"Support p\u00e9dagogique pour apprendre \u00e0 reconna\u00eetre et \u00e9crire son pr\u00e9nom.  &nbsp;  Effa\u00e7able \u00e0 sec.  &nbsp;  Possibilit\u00e9 de personnaliser le fond diff\u00e9remment. (animaux, couleurs...) -&gt; N'h\u00e9sitez pas \u00e0 me contacter.  envoyer en lettre suivi -&gt; 3\u20ac","og_url":"https:\/\/lapausetendresse.fr\/?product=support-pedagogique-pour-ecrire-son-prenom","og_site_name":"La Pause Tendresse","article_modified_time":"2024-08-29T06:44:49+00:00","og_image":[{"width":2560,"height":1920,"url":"https:\/\/lapausetendresse.fr\/wp-content\/uploads\/2024\/08\/IMG_9707-scaled.jpeg","type":"image\/jpeg"}],"twitter_card":"summary_large_image","schema":{"@context":"https:\/\/schema.org","@graph":[{"@type":"WebSite","@id":"http:\/\/lapausetendresse.fr\/#website","url":"http:\/\/lapausetendresse.fr\/","name":"La Pause Tendresse","description":"Passionn\u00e9e par le crochet et le monde des Petits","potentialAction":[{"@type":"SearchAction","target":{"@type":"EntryPoint","urlTemplate":"http:\/\/lapausetendresse.fr\/?s={search_term_string}"},"query-input":"required name=search_term_string"}],"inLanguage":"fr-FR"},{"@type":"ImageObject","@id":"https:\/\/lapausetendresse.fr\/?product=support-pedagogique-pour-ecrire-son-prenom#primaryimage","inLanguage":"fr-FR","url":"https:\/\/lapausetendresse.fr\/wp-content\/uploads\/2024\/08\/IMG_9707-scaled.jpeg","contentUrl":"https:\/\/lapausetendresse.fr\/wp-content\/uploads\/2024\/08\/IMG_9707-scaled.jpeg","width":2560,"height":1920},{"@type":"WebPage","@id":"https:\/\/lapausetendresse.fr\/?product=support-pedagogique-pour-ecrire-son-prenom#webpage","url":"https:\/\/lapausetendresse.fr\/?product=support-pedagogique-pour-ecrire-son-prenom","name":"Support p\u00e9dagogique pour \u00e9crire son pr\u00e9nom - La Pause Tendresse","isPartOf":{"@id":"http:\/\/lapausetendresse.fr\/#website"},"primaryImageOfPage":{"@id":"https:\/\/lapausetendresse.fr\/?product=support-pedagogique-pour-ecrire-son-prenom#primaryimage"},"datePublished":"2024-08-28T08:39:03+00:00","dateModified":"2024-08-29T06:44:49+00:00","breadcrumb":{"@id":"https:\/\/lapausetendresse.fr\/?product=support-pedagogique-pour-ecrire-son-prenom#breadcrumb"},"inLanguage":"fr-FR","potentialAction":[{"@type":"ReadAction","target":["https:\/\/lapausetendresse.fr\/?product=support-pedagogique-pour-ecrire-son-prenom"]}]},{"@type":"BreadcrumbList","@id":"https:\/\/lapausetendresse.fr\/?product=support-pedagogique-pour-ecrire-son-prenom#breadcrumb","itemListElement":[{"@type":"ListItem","position":1,"name":"Accueil","item":"http:\/\/lapausetendresse.fr\/"},{"@type":"ListItem","position":2,"name":"Mes Cr\u00e9ations","item":"https:\/\/lapausetendresse.fr\/?page_id=452"},{"@type":"ListItem","position":3,"name":"Support p\u00e9dagogique pour \u00e9crire son pr\u00e9nom"}]}]}},"_links":{"self":[{"href":"https:\/\/lapausetendresse.fr\/index.php?rest_route=\/wp\/v2\/product\/3419"}],"collection":[{"href":"https:\/\/lapausetendresse.fr\/index.php?rest_route=\/wp\/v2\/product"}],"about":[{"href":"https:\/\/lapausetendresse.fr\/index.php?rest_route=\/wp\/v2\/types\/product"}],"replies":[{"embeddable":true,"href":"https:\/\/lapausetendresse.fr\/index.php?rest_route=%2Fwp%2Fv2%2Fcomments&post=3419"}],"wp:featuredmedia":[{"embeddable":true,"href":"https:\/\/lapausetendresse.fr\/index.php?rest_route=\/wp\/v2\/media\/3399"}],"wp:attachment":[{"href":"https:\/\/lapausetendresse.fr\/index.php?rest_route=%2Fwp%2Fv2%2Fmedia&parent=3419"}],"wp:term":[{"taxonomy":"product_cat","embeddable":true,"href":"https:\/\/lapausetendresse.fr\/index.php?rest_route=%2Fwp%2Fv2%2Fproduct_cat&post=3419"},{"taxonomy":"product_tag","embeddable":true,"href":"https:\/\/lapausetendresse.fr\/index.php?rest_route=%2Fwp%2Fv2%2Fproduct_tag&post=3419"}],"curies":[{"name":"wp","href":"https:\/\/api.w.org\/{rel}","templated":true}]}}