{"id":3421,"date":"2024-09-02T10:31:34","date_gmt":"2024-09-02T08:31:34","guid":{"rendered":"https:\/\/lapausetendresse.fr\/?post_type=product&#038;p=3421"},"modified":"2026-02-28T14:43:30","modified_gmt":"2026-02-28T13:43:30","slug":"taches-quotidiennes-responsabilites-de-lenfant","status":"publish","type":"product","link":"https:\/\/lapausetendresse.fr\/?product=taches-quotidiennes-responsabilites-de-lenfant","title":{"rendered":"T\u00e2ches Quotidiennes \/ Responsabilit\u00e9s de l&rsquo;enfant"},"content":{"rendered":"<p>prix \u00e0 l&rsquo;unit\u00e9. Une seule affiche au choix (matin ou soir)<\/p>\n<p>Format A4 plastifi\u00e9.<\/p>\n<p>8 Vignettes des t\u00e2ches avec scratch au dos.<\/p>\n<p>Repositionnable \u00e0 volont\u00e9.<\/p>\n<p>&nbsp;<\/p>\n<h2><strong>N\u2019oubliez pas de m\u2019informer lors de la commande :<\/strong><\/h2>\n<ul>\n<li>l&rsquo;affiche que vous souhaitez (matin ou soir)<\/li>\n<li>les diff\u00e9rentes t\u00e2ches \u00e0 r\u00e9aliser (maximum 8).<\/li>\n<\/ul>\n<p>&nbsp;<\/p>\n<p><img loading=\"lazy\" class=\"size-full wp-image-1300 aligncenter\" src=\"http:\/\/lapausetendresse.fr\/wp-content\/uploads\/2021\/10\/Cre\u0301e\u0301s-en-Provence-200x200-1.png\" sizes=\"(max-width: 200px) 100vw, 200px\" srcset=\"https:\/\/lapausetendresse.fr\/wp-content\/uploads\/2021\/10\/Cre\u0301e\u0301s-en-Provence-200x200-1.png 200w, https:\/\/lapausetendresse.fr\/wp-content\/uploads\/2021\/10\/Cre\u0301e\u0301s-en-Provence-200x200-1-150x150.png 150w, https:\/\/lapausetendresse.fr\/wp-content\/uploads\/2021\/10\/Cre\u0301e\u0301s-en-Provence-200x200-1-60x60.png 60w\" alt=\"\" width=\"200\" height=\"200\" \/><\/p>\n","protected":false},"excerpt":{"rendered":"<p>Planche A4 des t\u00e2ches quotidiennes \u00e0 effectuer.<\/p>\n<p>A vous de choisir ce que vous voulez. Je cr\u00e9erais les \u00e9tiquettes en fonction de vos besoins.<\/p>\n<p>Les \u00e9tiquettes sont plastifi\u00e9s avec des scratchs.<\/p>\n<p>Utilisable d\u00e8s 3 ans jusqu&rsquo;\u00e0 l&rsquo;adolescence.<\/p>\n","protected":false},"featured_media":3422,"comment_status":"open","ping_status":"closed","template":"","meta":[],"product_cat":[112],"product_tag":[],"yoast_head":"<!-- This site is optimized with the Yoast SEO plugin v17.4 - https:\/\/yoast.com\/wordpress\/plugins\/seo\/ -->\n<title>T\u00e2ches Quotidiennes \/ Responsabilit\u00e9s de l&#039;enfant - La Pause Tendresse<\/title>\n<meta name=\"robots\" content=\"index, follow, max-snippet:-1, max-image-preview:large, max-video-preview:-1\" \/>\n<link rel=\"canonical\" href=\"https:\/\/lapausetendresse.fr\/?product=taches-quotidiennes-responsabilites-de-lenfant\" \/>\n<meta property=\"og:locale\" content=\"fr_FR\" \/>\n<meta property=\"og:type\" content=\"article\" \/>\n<meta property=\"og:title\" content=\"T\u00e2ches Quotidiennes \/ Responsabilit\u00e9s de l&#039;enfant - La Pause Tendresse\" \/>\n<meta property=\"og:description\" content=\"Planche A4 des t\u00e2ches quotidiennes \u00e0 effectuer.  A vous de choisir ce que vous voulez. Je cr\u00e9erais les \u00e9tiquettes en fonction de vos besoins.  Les \u00e9tiquettes sont plastifi\u00e9s avec des scratchs.  Utilisable d\u00e8s 3 ans jusqu&#039;\u00e0 l&#039;adolescence.\" \/>\n<meta property=\"og:url\" content=\"https:\/\/lapausetendresse.fr\/?product=taches-quotidiennes-responsabilites-de-lenfant\" \/>\n<meta property=\"og:site_name\" content=\"La Pause Tendresse\" \/>\n<meta property=\"article:modified_time\" content=\"2026-02-28T13:43:30+00:00\" \/>\n<meta property=\"og:image\" content=\"http:\/\/lapausetendresse.fr\/wp-content\/uploads\/2024\/09\/IMG_0843-scaled.jpeg\" \/>\n\t<meta property=\"og:image:width\" content=\"1920\" \/>\n\t<meta property=\"og:image:height\" content=\"2560\" \/>\n<meta name=\"twitter:card\" content=\"summary_large_image\" \/>\n<script type=\"application\/ld+json\" class=\"yoast-schema-graph\">{\"@context\":\"https:\/\/schema.org\",\"@graph\":[{\"@type\":\"WebSite\",\"@id\":\"http:\/\/lapausetendresse.fr\/#website\",\"url\":\"http:\/\/lapausetendresse.fr\/\",\"name\":\"La Pause Tendresse\",\"description\":\"Passionn\\u00e9e par le crochet et le monde des Petits\",\"potentialAction\":[{\"@type\":\"SearchAction\",\"target\":{\"@type\":\"EntryPoint\",\"urlTemplate\":\"http:\/\/lapausetendresse.fr\/?s={search_term_string}\"},\"query-input\":\"required name=search_term_string\"}],\"inLanguage\":\"fr-FR\"},{\"@type\":\"ImageObject\",\"@id\":\"https:\/\/lapausetendresse.fr\/?product=taches-quotidiennes-responsabilites-de-lenfant#primaryimage\",\"inLanguage\":\"fr-FR\",\"url\":\"https:\/\/lapausetendresse.fr\/wp-content\/uploads\/2024\/09\/IMG_0843-scaled.jpeg\",\"contentUrl\":\"https:\/\/lapausetendresse.fr\/wp-content\/uploads\/2024\/09\/IMG_0843-scaled.jpeg\",\"width\":1920,\"height\":2560},{\"@type\":\"WebPage\",\"@id\":\"https:\/\/lapausetendresse.fr\/?product=taches-quotidiennes-responsabilites-de-lenfant#webpage\",\"url\":\"https:\/\/lapausetendresse.fr\/?product=taches-quotidiennes-responsabilites-de-lenfant\",\"name\":\"T\\u00e2ches Quotidiennes \/ Responsabilit\\u00e9s de l'enfant - La Pause Tendresse\",\"isPartOf\":{\"@id\":\"http:\/\/lapausetendresse.fr\/#website\"},\"primaryImageOfPage\":{\"@id\":\"https:\/\/lapausetendresse.fr\/?product=taches-quotidiennes-responsabilites-de-lenfant#primaryimage\"},\"datePublished\":\"2024-09-02T08:31:34+00:00\",\"dateModified\":\"2026-02-28T13:43:30+00:00\",\"breadcrumb\":{\"@id\":\"https:\/\/lapausetendresse.fr\/?product=taches-quotidiennes-responsabilites-de-lenfant#breadcrumb\"},\"inLanguage\":\"fr-FR\",\"potentialAction\":[{\"@type\":\"ReadAction\",\"target\":[\"https:\/\/lapausetendresse.fr\/?product=taches-quotidiennes-responsabilites-de-lenfant\"]}]},{\"@type\":\"BreadcrumbList\",\"@id\":\"https:\/\/lapausetendresse.fr\/?product=taches-quotidiennes-responsabilites-de-lenfant#breadcrumb\",\"itemListElement\":[{\"@type\":\"ListItem\",\"position\":1,\"name\":\"Accueil\",\"item\":\"http:\/\/lapausetendresse.fr\/\"},{\"@type\":\"ListItem\",\"position\":2,\"name\":\"Mes Cr\\u00e9ations\",\"item\":\"https:\/\/lapausetendresse.fr\/?page_id=452\"},{\"@type\":\"ListItem\",\"position\":3,\"name\":\"T\\u00e2ches Quotidiennes \/ Responsabilit\\u00e9s de l&#8217;enfant\"}]}]}<\/script>\n<!-- \/ Yoast SEO plugin. -->","yoast_head_json":{"title":"T\u00e2ches Quotidiennes \/ Responsabilit\u00e9s de l'enfant - La Pause Tendresse","robots":{"index":"index","follow":"follow","max-snippet":"max-snippet:-1","max-image-preview":"max-image-preview:large","max-video-preview":"max-video-preview:-1"},"canonical":"https:\/\/lapausetendresse.fr\/?product=taches-quotidiennes-responsabilites-de-lenfant","og_locale":"fr_FR","og_type":"article","og_title":"T\u00e2ches Quotidiennes \/ Responsabilit\u00e9s de l'enfant - La Pause Tendresse","og_description":"Planche A4 des t\u00e2ches quotidiennes \u00e0 effectuer.  A vous de choisir ce que vous voulez. Je cr\u00e9erais les \u00e9tiquettes en fonction de vos besoins.  Les \u00e9tiquettes sont plastifi\u00e9s avec des scratchs.  Utilisable d\u00e8s 3 ans jusqu'\u00e0 l'adolescence.","og_url":"https:\/\/lapausetendresse.fr\/?product=taches-quotidiennes-responsabilites-de-lenfant","og_site_name":"La Pause Tendresse","article_modified_time":"2026-02-28T13:43:30+00:00","og_image":[{"width":1920,"height":2560,"url":"http:\/\/lapausetendresse.fr\/wp-content\/uploads\/2024\/09\/IMG_0843-scaled.jpeg","type":"image\/jpeg"}],"twitter_card":"summary_large_image","schema":{"@context":"https:\/\/schema.org","@graph":[{"@type":"WebSite","@id":"http:\/\/lapausetendresse.fr\/#website","url":"http:\/\/lapausetendresse.fr\/","name":"La Pause Tendresse","description":"Passionn\u00e9e par le crochet et le monde des Petits","potentialAction":[{"@type":"SearchAction","target":{"@type":"EntryPoint","urlTemplate":"http:\/\/lapausetendresse.fr\/?s={search_term_string}"},"query-input":"required name=search_term_string"}],"inLanguage":"fr-FR"},{"@type":"ImageObject","@id":"https:\/\/lapausetendresse.fr\/?product=taches-quotidiennes-responsabilites-de-lenfant#primaryimage","inLanguage":"fr-FR","url":"https:\/\/lapausetendresse.fr\/wp-content\/uploads\/2024\/09\/IMG_0843-scaled.jpeg","contentUrl":"https:\/\/lapausetendresse.fr\/wp-content\/uploads\/2024\/09\/IMG_0843-scaled.jpeg","width":1920,"height":2560},{"@type":"WebPage","@id":"https:\/\/lapausetendresse.fr\/?product=taches-quotidiennes-responsabilites-de-lenfant#webpage","url":"https:\/\/lapausetendresse.fr\/?product=taches-quotidiennes-responsabilites-de-lenfant","name":"T\u00e2ches Quotidiennes \/ Responsabilit\u00e9s de l'enfant - La Pause Tendresse","isPartOf":{"@id":"http:\/\/lapausetendresse.fr\/#website"},"primaryImageOfPage":{"@id":"https:\/\/lapausetendresse.fr\/?product=taches-quotidiennes-responsabilites-de-lenfant#primaryimage"},"datePublished":"2024-09-02T08:31:34+00:00","dateModified":"2026-02-28T13:43:30+00:00","breadcrumb":{"@id":"https:\/\/lapausetendresse.fr\/?product=taches-quotidiennes-responsabilites-de-lenfant#breadcrumb"},"inLanguage":"fr-FR","potentialAction":[{"@type":"ReadAction","target":["https:\/\/lapausetendresse.fr\/?product=taches-quotidiennes-responsabilites-de-lenfant"]}]},{"@type":"BreadcrumbList","@id":"https:\/\/lapausetendresse.fr\/?product=taches-quotidiennes-responsabilites-de-lenfant#breadcrumb","itemListElement":[{"@type":"ListItem","position":1,"name":"Accueil","item":"http:\/\/lapausetendresse.fr\/"},{"@type":"ListItem","position":2,"name":"Mes Cr\u00e9ations","item":"https:\/\/lapausetendresse.fr\/?page_id=452"},{"@type":"ListItem","position":3,"name":"T\u00e2ches Quotidiennes \/ Responsabilit\u00e9s de l&#8217;enfant"}]}]}},"_links":{"self":[{"href":"https:\/\/lapausetendresse.fr\/index.php?rest_route=\/wp\/v2\/product\/3421"}],"collection":[{"href":"https:\/\/lapausetendresse.fr\/index.php?rest_route=\/wp\/v2\/product"}],"about":[{"href":"https:\/\/lapausetendresse.fr\/index.php?rest_route=\/wp\/v2\/types\/product"}],"replies":[{"embeddable":true,"href":"https:\/\/lapausetendresse.fr\/index.php?rest_route=%2Fwp%2Fv2%2Fcomments&post=3421"}],"wp:featuredmedia":[{"embeddable":true,"href":"https:\/\/lapausetendresse.fr\/index.php?rest_route=\/wp\/v2\/media\/3422"}],"wp:attachment":[{"href":"https:\/\/lapausetendresse.fr\/index.php?rest_route=%2Fwp%2Fv2%2Fmedia&parent=3421"}],"wp:term":[{"taxonomy":"product_cat","embeddable":true,"href":"https:\/\/lapausetendresse.fr\/index.php?rest_route=%2Fwp%2Fv2%2Fproduct_cat&post=3421"},{"taxonomy":"product_tag","embeddable":true,"href":"https:\/\/lapausetendresse.fr\/index.php?rest_route=%2Fwp%2Fv2%2Fproduct_tag&post=3421"}],"curies":[{"name":"wp","href":"https:\/\/api.w.org\/{rel}","templated":true}]}}