{"id":3494,"date":"2024-10-06T15:09:18","date_gmt":"2024-10-06T13:09:18","guid":{"rendered":"https:\/\/lapausetendresse.fr\/?post_type=product&#038;p=3494"},"modified":"2024-10-06T16:56:13","modified_gmt":"2024-10-06T14:56:13","slug":"hochet-cygne-2","status":"publish","type":"product","link":"https:\/\/lapausetendresse.fr\/?product=hochet-cygne-2","title":{"rendered":"Hochet Cygne"},"content":{"rendered":"<p>Article d\u00e9j\u00e0 confectionn\u00e9 mais jamais exp\u00e9di\u00e9 donc neuf. Exp\u00e9di\u00e9 sous 2 jours ouvr\u00e9s.<\/p>\n<p>Impossible sur ce mod\u00e8le de choisir la couleur<\/p>\n<p>&nbsp;<\/p>\n<p>Pas de grelot \u00e0 l\u2019int\u00e9rieur mais 2 petits anneaux en bois qui \u00e9met un petit bruit lorsque ceux ci se touchent.<\/p>\n<p><u>Mat\u00e9riaux utilis\u00e9s :<\/u>\u00a0laine 100% coton (<a href=\"https:\/\/www.phildar.fr\/\">Phildar<\/a>\u00a0et\u00a0<a href=\"https:\/\/www.scheepjes.com\/en\/yarn\/\">Scheepjes<\/a>), 2 petits anneaux en bois de 40 mm con\u00e7u sp\u00e9cialement pour la dentition des b\u00e9b\u00e9s et mousse de rembourrage 100% polyester.<\/p>\n<p><u>Dimension :<\/u> mesure environ 13 cm.<\/p>\n<p><u>Conseil de lavage :<\/u><\/p>\n<ul>\n<li>Lavage machine en programme d\u00e9licat \u00e0 max 30\u00b0c ;<\/li>\n<li>Privil\u00e9gier un cycle lavage court ;<\/li>\n<li>Essorage conseill\u00e9 \u00e0 800 tours ;<\/li>\n<li>Ne pas mettre au s\u00e8che-linge.<\/li>\n<\/ul>\n<p>&nbsp;<\/p>\n<p><img loading=\"lazy\" class=\"size-full wp-image-1300 aligncenter\" src=\"http:\/\/lapausetendresse.fr\/wp-content\/uploads\/2021\/10\/Cre%CC%81e%CC%81s-en-Provence-200x200-1.png\" sizes=\"(max-width: 200px) 100vw, 200px\" srcset=\"https:\/\/lapausetendresse.fr\/wp-content\/uploads\/2021\/10\/Cre\u0301e\u0301s-en-Provence-200x200-1.png 200w, https:\/\/lapausetendresse.fr\/wp-content\/uploads\/2021\/10\/Cre\u0301e\u0301s-en-Provence-200x200-1-150x150.png 150w, https:\/\/lapausetendresse.fr\/wp-content\/uploads\/2021\/10\/Cre\u0301e\u0301s-en-Provence-200x200-1-60x60.png 60w\" alt=\"\" width=\"200\" height=\"200\" \/><\/p>\n","protected":false},"excerpt":{"rendered":"<p>Le hochet est une fa\u00e7on amusante de d\u00e9velopper les sens de B\u00e9b\u00e9 par la stimulation visuelle, auditive et tactile.<\/p>\n<p>Il est \u00e0 la fois un hochet et un jouet de dentition.<\/p>\n<p>Produit en stock, d\u00e9j\u00e0 confectionn\u00e9 (mais jamais exp\u00e9di\u00e9). Pr\u00eat \u00e0 partir.<\/p>\n<ul>\n<li>Confectionn\u00e9 par mes soins, chaque pi\u00e8ce est unique ;<\/li>\n<li>Mati\u00e8res naturelles ;<\/li>\n<li>Tenue en main facile pour les petits b\u00e9b\u00e9s ;<\/li>\n<li>D\u00e9veloppe les sens de b\u00e9b\u00e9 (le toucher, la vision, l\u2019ou\u00efe) ;<\/li>\n<li>Lavable en machine ;<\/li>\n<li>Envoie rapide.<\/li>\n<\/ul>\n","protected":false},"featured_media":3478,"comment_status":"open","ping_status":"closed","template":"","meta":[],"product_cat":[334],"product_tag":[286,335],"yoast_head":"<!-- This site is optimized with the Yoast SEO plugin v17.4 - https:\/\/yoast.com\/wordpress\/plugins\/seo\/ -->\n<title>Hochet Cygne - La Pause Tendresse<\/title>\n<meta name=\"robots\" content=\"index, follow, max-snippet:-1, max-image-preview:large, max-video-preview:-1\" \/>\n<link rel=\"canonical\" href=\"https:\/\/lapausetendresse.fr\/?product=hochet-cygne-2\" \/>\n<meta property=\"og:locale\" content=\"fr_FR\" \/>\n<meta property=\"og:type\" content=\"article\" \/>\n<meta property=\"og:title\" content=\"Hochet Cygne - La Pause Tendresse\" \/>\n<meta property=\"og:description\" content=\"Le hochet est une fa\u00e7on amusante de d\u00e9velopper les sens de B\u00e9b\u00e9 par la stimulation visuelle, auditive et tactile.  Il est \u00e0 la fois un hochet et un jouet de dentition.  Produit en stock, d\u00e9j\u00e0 confectionn\u00e9 (mais jamais exp\u00e9di\u00e9). Pr\u00eat \u00e0 partir.   Confectionn\u00e9 par mes soins, chaque pi\u00e8ce est unique ;  Mati\u00e8res naturelles ;  Tenue en main facile pour les petits b\u00e9b\u00e9s ;  D\u00e9veloppe les sens de b\u00e9b\u00e9 (le toucher, la vision, l\u2019ou\u00efe) ;  Lavable en machine ;  Envoie rapide.\" \/>\n<meta property=\"og:url\" content=\"https:\/\/lapausetendresse.fr\/?product=hochet-cygne-2\" \/>\n<meta property=\"og:site_name\" content=\"La Pause Tendresse\" \/>\n<meta property=\"article:modified_time\" content=\"2024-10-06T14:56:13+00:00\" \/>\n<meta property=\"og:image\" content=\"http:\/\/lapausetendresse.fr\/wp-content\/uploads\/2024\/10\/IMG_1380-scaled.jpeg\" \/>\n\t<meta property=\"og:image:width\" content=\"2560\" \/>\n\t<meta property=\"og:image:height\" content=\"2560\" \/>\n<meta name=\"twitter:card\" content=\"summary_large_image\" \/>\n<meta name=\"twitter:label1\" content=\"Dur\u00e9e de lecture est.\" \/>\n\t<meta name=\"twitter:data1\" content=\"1 minute\" \/>\n<script type=\"application\/ld+json\" class=\"yoast-schema-graph\">{\"@context\":\"https:\/\/schema.org\",\"@graph\":[{\"@type\":\"WebSite\",\"@id\":\"http:\/\/lapausetendresse.fr\/#website\",\"url\":\"http:\/\/lapausetendresse.fr\/\",\"name\":\"La Pause Tendresse\",\"description\":\"Passionn\\u00e9e par le crochet et le monde des Petits\",\"potentialAction\":[{\"@type\":\"SearchAction\",\"target\":{\"@type\":\"EntryPoint\",\"urlTemplate\":\"http:\/\/lapausetendresse.fr\/?s={search_term_string}\"},\"query-input\":\"required name=search_term_string\"}],\"inLanguage\":\"fr-FR\"},{\"@type\":\"ImageObject\",\"@id\":\"https:\/\/lapausetendresse.fr\/?product=hochet-cygne-2#primaryimage\",\"inLanguage\":\"fr-FR\",\"url\":\"https:\/\/lapausetendresse.fr\/wp-content\/uploads\/2024\/10\/IMG_1380-scaled.jpeg\",\"contentUrl\":\"https:\/\/lapausetendresse.fr\/wp-content\/uploads\/2024\/10\/IMG_1380-scaled.jpeg\",\"width\":2560,\"height\":2560},{\"@type\":\"WebPage\",\"@id\":\"https:\/\/lapausetendresse.fr\/?product=hochet-cygne-2#webpage\",\"url\":\"https:\/\/lapausetendresse.fr\/?product=hochet-cygne-2\",\"name\":\"Hochet Cygne - La Pause Tendresse\",\"isPartOf\":{\"@id\":\"http:\/\/lapausetendresse.fr\/#website\"},\"primaryImageOfPage\":{\"@id\":\"https:\/\/lapausetendresse.fr\/?product=hochet-cygne-2#primaryimage\"},\"datePublished\":\"2024-10-06T13:09:18+00:00\",\"dateModified\":\"2024-10-06T14:56:13+00:00\",\"breadcrumb\":{\"@id\":\"https:\/\/lapausetendresse.fr\/?product=hochet-cygne-2#breadcrumb\"},\"inLanguage\":\"fr-FR\",\"potentialAction\":[{\"@type\":\"ReadAction\",\"target\":[\"https:\/\/lapausetendresse.fr\/?product=hochet-cygne-2\"]}]},{\"@type\":\"BreadcrumbList\",\"@id\":\"https:\/\/lapausetendresse.fr\/?product=hochet-cygne-2#breadcrumb\",\"itemListElement\":[{\"@type\":\"ListItem\",\"position\":1,\"name\":\"Accueil\",\"item\":\"http:\/\/lapausetendresse.fr\/\"},{\"@type\":\"ListItem\",\"position\":2,\"name\":\"Mes Cr\\u00e9ations\",\"item\":\"https:\/\/lapausetendresse.fr\/?page_id=452\"},{\"@type\":\"ListItem\",\"position\":3,\"name\":\"Hochet Cygne\"}]}]}<\/script>\n<!-- \/ Yoast SEO plugin. -->","yoast_head_json":{"title":"Hochet Cygne - La Pause Tendresse","robots":{"index":"index","follow":"follow","max-snippet":"max-snippet:-1","max-image-preview":"max-image-preview:large","max-video-preview":"max-video-preview:-1"},"canonical":"https:\/\/lapausetendresse.fr\/?product=hochet-cygne-2","og_locale":"fr_FR","og_type":"article","og_title":"Hochet Cygne - La Pause Tendresse","og_description":"Le hochet est une fa\u00e7on amusante de d\u00e9velopper les sens de B\u00e9b\u00e9 par la stimulation visuelle, auditive et tactile.  Il est \u00e0 la fois un hochet et un jouet de dentition.  Produit en stock, d\u00e9j\u00e0 confectionn\u00e9 (mais jamais exp\u00e9di\u00e9). Pr\u00eat \u00e0 partir.   Confectionn\u00e9 par mes soins, chaque pi\u00e8ce est unique ;  Mati\u00e8res naturelles ;  Tenue en main facile pour les petits b\u00e9b\u00e9s ;  D\u00e9veloppe les sens de b\u00e9b\u00e9 (le toucher, la vision, l\u2019ou\u00efe) ;  Lavable en machine ;  Envoie rapide.","og_url":"https:\/\/lapausetendresse.fr\/?product=hochet-cygne-2","og_site_name":"La Pause Tendresse","article_modified_time":"2024-10-06T14:56:13+00:00","og_image":[{"width":2560,"height":2560,"url":"http:\/\/lapausetendresse.fr\/wp-content\/uploads\/2024\/10\/IMG_1380-scaled.jpeg","type":"image\/jpeg"}],"twitter_card":"summary_large_image","twitter_misc":{"Dur\u00e9e de lecture est.":"1 minute"},"schema":{"@context":"https:\/\/schema.org","@graph":[{"@type":"WebSite","@id":"http:\/\/lapausetendresse.fr\/#website","url":"http:\/\/lapausetendresse.fr\/","name":"La Pause Tendresse","description":"Passionn\u00e9e par le crochet et le monde des Petits","potentialAction":[{"@type":"SearchAction","target":{"@type":"EntryPoint","urlTemplate":"http:\/\/lapausetendresse.fr\/?s={search_term_string}"},"query-input":"required name=search_term_string"}],"inLanguage":"fr-FR"},{"@type":"ImageObject","@id":"https:\/\/lapausetendresse.fr\/?product=hochet-cygne-2#primaryimage","inLanguage":"fr-FR","url":"https:\/\/lapausetendresse.fr\/wp-content\/uploads\/2024\/10\/IMG_1380-scaled.jpeg","contentUrl":"https:\/\/lapausetendresse.fr\/wp-content\/uploads\/2024\/10\/IMG_1380-scaled.jpeg","width":2560,"height":2560},{"@type":"WebPage","@id":"https:\/\/lapausetendresse.fr\/?product=hochet-cygne-2#webpage","url":"https:\/\/lapausetendresse.fr\/?product=hochet-cygne-2","name":"Hochet Cygne - La Pause Tendresse","isPartOf":{"@id":"http:\/\/lapausetendresse.fr\/#website"},"primaryImageOfPage":{"@id":"https:\/\/lapausetendresse.fr\/?product=hochet-cygne-2#primaryimage"},"datePublished":"2024-10-06T13:09:18+00:00","dateModified":"2024-10-06T14:56:13+00:00","breadcrumb":{"@id":"https:\/\/lapausetendresse.fr\/?product=hochet-cygne-2#breadcrumb"},"inLanguage":"fr-FR","potentialAction":[{"@type":"ReadAction","target":["https:\/\/lapausetendresse.fr\/?product=hochet-cygne-2"]}]},{"@type":"BreadcrumbList","@id":"https:\/\/lapausetendresse.fr\/?product=hochet-cygne-2#breadcrumb","itemListElement":[{"@type":"ListItem","position":1,"name":"Accueil","item":"http:\/\/lapausetendresse.fr\/"},{"@type":"ListItem","position":2,"name":"Mes Cr\u00e9ations","item":"https:\/\/lapausetendresse.fr\/?page_id=452"},{"@type":"ListItem","position":3,"name":"Hochet Cygne"}]}]}},"_links":{"self":[{"href":"https:\/\/lapausetendresse.fr\/index.php?rest_route=\/wp\/v2\/product\/3494"}],"collection":[{"href":"https:\/\/lapausetendresse.fr\/index.php?rest_route=\/wp\/v2\/product"}],"about":[{"href":"https:\/\/lapausetendresse.fr\/index.php?rest_route=\/wp\/v2\/types\/product"}],"replies":[{"embeddable":true,"href":"https:\/\/lapausetendresse.fr\/index.php?rest_route=%2Fwp%2Fv2%2Fcomments&post=3494"}],"wp:featuredmedia":[{"embeddable":true,"href":"https:\/\/lapausetendresse.fr\/index.php?rest_route=\/wp\/v2\/media\/3478"}],"wp:attachment":[{"href":"https:\/\/lapausetendresse.fr\/index.php?rest_route=%2Fwp%2Fv2%2Fmedia&parent=3494"}],"wp:term":[{"taxonomy":"product_cat","embeddable":true,"href":"https:\/\/lapausetendresse.fr\/index.php?rest_route=%2Fwp%2Fv2%2Fproduct_cat&post=3494"},{"taxonomy":"product_tag","embeddable":true,"href":"https:\/\/lapausetendresse.fr\/index.php?rest_route=%2Fwp%2Fv2%2Fproduct_tag&post=3494"}],"curies":[{"name":"wp","href":"https:\/\/api.w.org\/{rel}","templated":true}]}}