{"id":3496,"date":"2024-10-06T15:13:54","date_gmt":"2024-10-06T13:13:54","guid":{"rendered":"https:\/\/lapausetendresse.fr\/?post_type=product&#038;p=3496"},"modified":"2024-10-06T15:13:54","modified_gmt":"2024-10-06T13:13:54","slug":"hochet-a-rubans-4","status":"publish","type":"product","link":"https:\/\/lapausetendresse.fr\/?product=hochet-a-rubans-4","title":{"rendered":"Hochet \u00e0 rubans"},"content":{"rendered":"<p>Article d\u00e9j\u00e0 confectionn\u00e9 mais jamais exp\u00e9di\u00e9 donc neuf. Exp\u00e9di\u00e9 sous 2 jours ouvr\u00e9s.<\/p>\n<p>Impossible sur ce mod\u00e8le de choisir la couleur<\/p>\n<p>Ce hochet inspir\u00e9 de la m\u00e9thode Montessori et Waldorf est dans les premiers \u00e0 offrir aux b\u00e9b\u00e9s.<\/p>\n<p>Id\u00e9al\u00a0\u00e0 partir de 3 mois, ce hochet travaille\u00a0l\u2019\u00e9veil naturel et sensoriel de\u00a0b\u00e9b\u00e9. Il a la possibilit\u00e9 de le\u00a0toucher, de le lancer, de le mettre \u00e0 la bouche ou encore de l\u2019agiter. Lorsqu\u2019il sera grand, l\u2019enfant prendra plaisir \u00e0 l\u2019agiter lors de la danse. C\u2019est un objet qui apporte toujours le sourire. Faire voler les couleurs, voila ce qui entraine petits et grands.<\/p>\n<p><u>Mat\u00e9riaux utilis\u00e9s :<\/u> anneau en bois de dentition de 70 mm, rubans satin de 20cm et clochette de 1,5cm.<\/p>\n<p><u>Dimension :<\/u> mesure environ 26 cm.<\/p>\n<p><span class=\"a-list-item\"><u>Facile \u00e0 nettoyer\u00a0<\/u>: puisqu\u2019il s\u2019agit d\u2019un bois de h\u00eatre naturel, il suffit de les nettoyer avec un chiffon humide et de les laisser s\u00e9cher naturellement.\u00a0<\/span><\/p>\n<p>&nbsp;<\/p>\n<p>Contient des petites pi\u00e8ces (clochette). \u00c0 utiliser sous la surveillance d\u2019un adulte.<\/p>\n<p>&nbsp;<\/p>\n","protected":false},"excerpt":{"rendered":"<p>Hochet ludique qui encourage attention, d\u00e9couverte et concentration.<\/p>\n<p>Les hochets rubans aident les b\u00e9b\u00e9s \u00e0\u00a0<strong><u>stimuler leurs sens<\/u>\u00a0et \u00e0\u00a0<u>d\u00e9velopper leurs motricit\u00e9s et leurs coordinations<\/u><\/strong>.<\/p>\n<p>Faire voler les couleurs, voila ce qui entraine petits et grands.<\/p>\n<ul>\n<li>Confectionn\u00e9 par mes soins, chaque pi\u00e8ce est unique ;<\/li>\n<li>Mati\u00e8res naturelles ;<\/li>\n<li>Tenue en main facile pour les petits b\u00e9b\u00e9s ;<\/li>\n<li>D\u00e9veloppe les sens de b\u00e9b\u00e9 (le toucher, la vision, l\u2019ou\u00efe) ;<\/li>\n<li>Textures diff\u00e9rentes qui stimulent le toucher ;<\/li>\n<li>Facile \u00e0 nettoyer ;<\/li>\n<li>Envoi rapide.<\/li>\n<\/ul>\n","protected":false},"featured_media":3487,"comment_status":"open","ping_status":"closed","template":"","meta":[],"product_cat":[334],"product_tag":[335,111,159],"yoast_head":"<!-- This site is optimized with the Yoast SEO plugin v17.4 - https:\/\/yoast.com\/wordpress\/plugins\/seo\/ -->\n<title>Hochet \u00e0 rubans - La Pause Tendresse<\/title>\n<meta name=\"robots\" content=\"index, follow, max-snippet:-1, max-image-preview:large, max-video-preview:-1\" \/>\n<link rel=\"canonical\" href=\"https:\/\/lapausetendresse.fr\/?product=hochet-a-rubans-4\" \/>\n<meta property=\"og:locale\" content=\"fr_FR\" \/>\n<meta property=\"og:type\" content=\"article\" \/>\n<meta property=\"og:title\" content=\"Hochet \u00e0 rubans - La Pause Tendresse\" \/>\n<meta property=\"og:description\" content=\"Hochet ludique qui encourage attention, d\u00e9couverte et concentration.  Les hochets rubans aident les b\u00e9b\u00e9s \u00e0\u00a0stimuler leurs sens\u00a0et \u00e0\u00a0d\u00e9velopper leurs motricit\u00e9s et leurs coordinations.  Faire voler les couleurs, voila ce qui entraine petits et grands.   Confectionn\u00e9 par mes soins, chaque pi\u00e8ce est unique ;  Mati\u00e8res naturelles ;  Tenue en main facile pour les petits b\u00e9b\u00e9s ;  D\u00e9veloppe les sens de b\u00e9b\u00e9 (le toucher, la vision, l\u2019ou\u00efe) ;  Textures diff\u00e9rentes qui stimulent le toucher ;  Facile \u00e0 nettoyer ;  Envoi rapide.\" \/>\n<meta property=\"og:url\" content=\"https:\/\/lapausetendresse.fr\/?product=hochet-a-rubans-4\" \/>\n<meta property=\"og:site_name\" content=\"La Pause Tendresse\" \/>\n<meta property=\"og:image\" content=\"http:\/\/lapausetendresse.fr\/wp-content\/uploads\/2024\/10\/IMG_1390-scaled.jpeg\" \/>\n\t<meta property=\"og:image:width\" content=\"2560\" \/>\n\t<meta property=\"og:image:height\" content=\"2560\" \/>\n<meta name=\"twitter:card\" content=\"summary_large_image\" \/>\n<meta name=\"twitter:label1\" content=\"Dur\u00e9e de lecture est.\" \/>\n\t<meta name=\"twitter:data1\" content=\"1 minute\" \/>\n<script type=\"application\/ld+json\" class=\"yoast-schema-graph\">{\"@context\":\"https:\/\/schema.org\",\"@graph\":[{\"@type\":\"WebSite\",\"@id\":\"http:\/\/lapausetendresse.fr\/#website\",\"url\":\"http:\/\/lapausetendresse.fr\/\",\"name\":\"La Pause Tendresse\",\"description\":\"Passionn\\u00e9e par le crochet et le monde des Petits\",\"potentialAction\":[{\"@type\":\"SearchAction\",\"target\":{\"@type\":\"EntryPoint\",\"urlTemplate\":\"http:\/\/lapausetendresse.fr\/?s={search_term_string}\"},\"query-input\":\"required name=search_term_string\"}],\"inLanguage\":\"fr-FR\"},{\"@type\":\"ImageObject\",\"@id\":\"https:\/\/lapausetendresse.fr\/?product=hochet-a-rubans-4#primaryimage\",\"inLanguage\":\"fr-FR\",\"url\":\"https:\/\/lapausetendresse.fr\/wp-content\/uploads\/2024\/10\/IMG_1390-scaled.jpeg\",\"contentUrl\":\"https:\/\/lapausetendresse.fr\/wp-content\/uploads\/2024\/10\/IMG_1390-scaled.jpeg\",\"width\":2560,\"height\":2560},{\"@type\":\"WebPage\",\"@id\":\"https:\/\/lapausetendresse.fr\/?product=hochet-a-rubans-4#webpage\",\"url\":\"https:\/\/lapausetendresse.fr\/?product=hochet-a-rubans-4\",\"name\":\"Hochet \\u00e0 rubans - La Pause Tendresse\",\"isPartOf\":{\"@id\":\"http:\/\/lapausetendresse.fr\/#website\"},\"primaryImageOfPage\":{\"@id\":\"https:\/\/lapausetendresse.fr\/?product=hochet-a-rubans-4#primaryimage\"},\"datePublished\":\"2024-10-06T13:13:54+00:00\",\"dateModified\":\"2024-10-06T13:13:54+00:00\",\"breadcrumb\":{\"@id\":\"https:\/\/lapausetendresse.fr\/?product=hochet-a-rubans-4#breadcrumb\"},\"inLanguage\":\"fr-FR\",\"potentialAction\":[{\"@type\":\"ReadAction\",\"target\":[\"https:\/\/lapausetendresse.fr\/?product=hochet-a-rubans-4\"]}]},{\"@type\":\"BreadcrumbList\",\"@id\":\"https:\/\/lapausetendresse.fr\/?product=hochet-a-rubans-4#breadcrumb\",\"itemListElement\":[{\"@type\":\"ListItem\",\"position\":1,\"name\":\"Accueil\",\"item\":\"http:\/\/lapausetendresse.fr\/\"},{\"@type\":\"ListItem\",\"position\":2,\"name\":\"Mes Cr\\u00e9ations\",\"item\":\"https:\/\/lapausetendresse.fr\/?page_id=452\"},{\"@type\":\"ListItem\",\"position\":3,\"name\":\"Hochet \\u00e0 rubans\"}]}]}<\/script>\n<!-- \/ Yoast SEO plugin. -->","yoast_head_json":{"title":"Hochet \u00e0 rubans - La Pause Tendresse","robots":{"index":"index","follow":"follow","max-snippet":"max-snippet:-1","max-image-preview":"max-image-preview:large","max-video-preview":"max-video-preview:-1"},"canonical":"https:\/\/lapausetendresse.fr\/?product=hochet-a-rubans-4","og_locale":"fr_FR","og_type":"article","og_title":"Hochet \u00e0 rubans - La Pause Tendresse","og_description":"Hochet ludique qui encourage attention, d\u00e9couverte et concentration.  Les hochets rubans aident les b\u00e9b\u00e9s \u00e0\u00a0stimuler leurs sens\u00a0et \u00e0\u00a0d\u00e9velopper leurs motricit\u00e9s et leurs coordinations.  Faire voler les couleurs, voila ce qui entraine petits et grands.   Confectionn\u00e9 par mes soins, chaque pi\u00e8ce est unique ;  Mati\u00e8res naturelles ;  Tenue en main facile pour les petits b\u00e9b\u00e9s ;  D\u00e9veloppe les sens de b\u00e9b\u00e9 (le toucher, la vision, l\u2019ou\u00efe) ;  Textures diff\u00e9rentes qui stimulent le toucher ;  Facile \u00e0 nettoyer ;  Envoi rapide.","og_url":"https:\/\/lapausetendresse.fr\/?product=hochet-a-rubans-4","og_site_name":"La Pause Tendresse","og_image":[{"width":2560,"height":2560,"url":"http:\/\/lapausetendresse.fr\/wp-content\/uploads\/2024\/10\/IMG_1390-scaled.jpeg","type":"image\/jpeg"}],"twitter_card":"summary_large_image","twitter_misc":{"Dur\u00e9e de lecture est.":"1 minute"},"schema":{"@context":"https:\/\/schema.org","@graph":[{"@type":"WebSite","@id":"http:\/\/lapausetendresse.fr\/#website","url":"http:\/\/lapausetendresse.fr\/","name":"La Pause Tendresse","description":"Passionn\u00e9e par le crochet et le monde des Petits","potentialAction":[{"@type":"SearchAction","target":{"@type":"EntryPoint","urlTemplate":"http:\/\/lapausetendresse.fr\/?s={search_term_string}"},"query-input":"required name=search_term_string"}],"inLanguage":"fr-FR"},{"@type":"ImageObject","@id":"https:\/\/lapausetendresse.fr\/?product=hochet-a-rubans-4#primaryimage","inLanguage":"fr-FR","url":"https:\/\/lapausetendresse.fr\/wp-content\/uploads\/2024\/10\/IMG_1390-scaled.jpeg","contentUrl":"https:\/\/lapausetendresse.fr\/wp-content\/uploads\/2024\/10\/IMG_1390-scaled.jpeg","width":2560,"height":2560},{"@type":"WebPage","@id":"https:\/\/lapausetendresse.fr\/?product=hochet-a-rubans-4#webpage","url":"https:\/\/lapausetendresse.fr\/?product=hochet-a-rubans-4","name":"Hochet \u00e0 rubans - La Pause Tendresse","isPartOf":{"@id":"http:\/\/lapausetendresse.fr\/#website"},"primaryImageOfPage":{"@id":"https:\/\/lapausetendresse.fr\/?product=hochet-a-rubans-4#primaryimage"},"datePublished":"2024-10-06T13:13:54+00:00","dateModified":"2024-10-06T13:13:54+00:00","breadcrumb":{"@id":"https:\/\/lapausetendresse.fr\/?product=hochet-a-rubans-4#breadcrumb"},"inLanguage":"fr-FR","potentialAction":[{"@type":"ReadAction","target":["https:\/\/lapausetendresse.fr\/?product=hochet-a-rubans-4"]}]},{"@type":"BreadcrumbList","@id":"https:\/\/lapausetendresse.fr\/?product=hochet-a-rubans-4#breadcrumb","itemListElement":[{"@type":"ListItem","position":1,"name":"Accueil","item":"http:\/\/lapausetendresse.fr\/"},{"@type":"ListItem","position":2,"name":"Mes Cr\u00e9ations","item":"https:\/\/lapausetendresse.fr\/?page_id=452"},{"@type":"ListItem","position":3,"name":"Hochet \u00e0 rubans"}]}]}},"_links":{"self":[{"href":"https:\/\/lapausetendresse.fr\/index.php?rest_route=\/wp\/v2\/product\/3496"}],"collection":[{"href":"https:\/\/lapausetendresse.fr\/index.php?rest_route=\/wp\/v2\/product"}],"about":[{"href":"https:\/\/lapausetendresse.fr\/index.php?rest_route=\/wp\/v2\/types\/product"}],"replies":[{"embeddable":true,"href":"https:\/\/lapausetendresse.fr\/index.php?rest_route=%2Fwp%2Fv2%2Fcomments&post=3496"}],"wp:featuredmedia":[{"embeddable":true,"href":"https:\/\/lapausetendresse.fr\/index.php?rest_route=\/wp\/v2\/media\/3487"}],"wp:attachment":[{"href":"https:\/\/lapausetendresse.fr\/index.php?rest_route=%2Fwp%2Fv2%2Fmedia&parent=3496"}],"wp:term":[{"taxonomy":"product_cat","embeddable":true,"href":"https:\/\/lapausetendresse.fr\/index.php?rest_route=%2Fwp%2Fv2%2Fproduct_cat&post=3496"},{"taxonomy":"product_tag","embeddable":true,"href":"https:\/\/lapausetendresse.fr\/index.php?rest_route=%2Fwp%2Fv2%2Fproduct_tag&post=3496"}],"curies":[{"name":"wp","href":"https:\/\/api.w.org\/{rel}","templated":true}]}}