{"id":3642,"date":"2025-05-24T16:16:05","date_gmt":"2025-05-24T14:16:05","guid":{"rendered":"https:\/\/lapausetendresse.fr\/?post_type=product&#038;p=3642"},"modified":"2025-05-24T16:16:24","modified_gmt":"2025-05-24T14:16:24","slug":"porte-cle-fleur-destockage","status":"publish","type":"product","link":"https:\/\/lapausetendresse.fr\/?product=porte-cle-fleur-destockage","title":{"rendered":"Porte cl\u00e9 fleur &#8211; destockage"},"content":{"rendered":"<p>Article d\u00e9j\u00e0 confectionn\u00e9 mais jamais exp\u00e9di\u00e9 donc neuf. Exp\u00e9di\u00e9 sous 2 jours ouvr\u00e9s.<\/p>\n<p>Impossible sur ce mod\u00e8le de choisir la couleur<\/p>\n<p>&nbsp;<\/p>\n<p><u>Mat\u00e9riaux utilis\u00e9s :<\/u> \u00a0laine 100% coton (<a href=\"https:\/\/www.phildar.fr\/\">Phildar<\/a>\u00a0et\u00a0<a href=\"https:\/\/www.scheepjes.com\/en\/yarn\/\">Scheepjes<\/a>), mousse de rembourrage 100% polyester et porte cl\u00e9.<\/p>\n<p><u>Dimension :<\/u> la fleur mesure environ 7,5 cm.<\/p>\n<p>&nbsp;<\/p>\n<p><img loading=\"lazy\" class=\"size-full wp-image-1300 aligncenter\" src=\"http:\/\/lapausetendresse.fr\/wp-content\/uploads\/2021\/10\/Cre%CC%81e%CC%81s-en-Provence-200x200-1.png\" sizes=\"(max-width: 200px) 100vw, 200px\" srcset=\"https:\/\/lapausetendresse.fr\/wp-content\/uploads\/2021\/10\/Cre\u0301e\u0301s-en-Provence-200x200-1.png 200w, https:\/\/lapausetendresse.fr\/wp-content\/uploads\/2021\/10\/Cre\u0301e\u0301s-en-Provence-200x200-1-150x150.png 150w, https:\/\/lapausetendresse.fr\/wp-content\/uploads\/2021\/10\/Cre\u0301e\u0301s-en-Provence-200x200-1-60x60.png 60w\" alt=\"\" width=\"200\" height=\"200\" \/><\/p>\n","protected":false},"excerpt":{"rendered":"<p>Pour faire ou se faire plaisir.<\/p>\n<p>Id\u00e9e de cadeau originale et personnalis\u00e9 \u00e0 petit prix<\/p>\n<p>Produit en stock, d\u00e9j\u00e0 confectionn\u00e9 (mais jamais exp\u00e9di\u00e9). Pr\u00eat \u00e0 partir.<\/p>\n<ul>\n<li>Confectionn\u00e9 par mes soins, chaque pi\u00e8ce est unique ;<\/li>\n<li>Mati\u00e8res naturelles ;<\/li>\n<li>Envoie rapide.<\/li>\n<\/ul>\n","protected":false},"featured_media":3597,"comment_status":"open","ping_status":"closed","template":"","meta":[],"product_cat":[334],"product_tag":[335,352,342],"yoast_head":"<!-- This site is optimized with the Yoast SEO plugin v17.4 - https:\/\/yoast.com\/wordpress\/plugins\/seo\/ -->\n<title>Porte cl\u00e9 fleur - destockage - La Pause Tendresse<\/title>\n<meta name=\"robots\" content=\"index, follow, max-snippet:-1, max-image-preview:large, max-video-preview:-1\" \/>\n<link rel=\"canonical\" href=\"https:\/\/lapausetendresse.fr\/?product=porte-cle-fleur-destockage\" \/>\n<meta property=\"og:locale\" content=\"fr_FR\" \/>\n<meta property=\"og:type\" content=\"article\" \/>\n<meta property=\"og:title\" content=\"Porte cl\u00e9 fleur - destockage - La Pause Tendresse\" \/>\n<meta property=\"og:description\" content=\"Pour faire ou se faire plaisir.  Id\u00e9e de cadeau originale et personnalis\u00e9 \u00e0 petit prix  Produit en stock, d\u00e9j\u00e0 confectionn\u00e9 (mais jamais exp\u00e9di\u00e9). Pr\u00eat \u00e0 partir.   Confectionn\u00e9 par mes soins, chaque pi\u00e8ce est unique ;  Mati\u00e8res naturelles ;  Envoie rapide.\" \/>\n<meta property=\"og:url\" content=\"https:\/\/lapausetendresse.fr\/?product=porte-cle-fleur-destockage\" \/>\n<meta property=\"og:site_name\" content=\"La Pause Tendresse\" \/>\n<meta property=\"article:modified_time\" content=\"2025-05-24T14:16:24+00:00\" \/>\n<meta property=\"og:image\" content=\"https:\/\/lapausetendresse.fr\/wp-content\/uploads\/2025\/05\/IMG_4748-scaled.jpeg\" \/>\n\t<meta property=\"og:image:width\" content=\"2560\" \/>\n\t<meta property=\"og:image:height\" content=\"2560\" \/>\n<meta name=\"twitter:card\" content=\"summary_large_image\" \/>\n<script type=\"application\/ld+json\" class=\"yoast-schema-graph\">{\"@context\":\"https:\/\/schema.org\",\"@graph\":[{\"@type\":\"WebSite\",\"@id\":\"http:\/\/lapausetendresse.fr\/#website\",\"url\":\"http:\/\/lapausetendresse.fr\/\",\"name\":\"La Pause Tendresse\",\"description\":\"Passionn\\u00e9e par le crochet et le monde des Petits\",\"potentialAction\":[{\"@type\":\"SearchAction\",\"target\":{\"@type\":\"EntryPoint\",\"urlTemplate\":\"http:\/\/lapausetendresse.fr\/?s={search_term_string}\"},\"query-input\":\"required name=search_term_string\"}],\"inLanguage\":\"fr-FR\"},{\"@type\":\"ImageObject\",\"@id\":\"https:\/\/lapausetendresse.fr\/?product=porte-cle-fleur-destockage#primaryimage\",\"inLanguage\":\"fr-FR\",\"url\":\"https:\/\/lapausetendresse.fr\/wp-content\/uploads\/2025\/05\/IMG_4748-scaled.jpeg\",\"contentUrl\":\"https:\/\/lapausetendresse.fr\/wp-content\/uploads\/2025\/05\/IMG_4748-scaled.jpeg\",\"width\":2560,\"height\":2560},{\"@type\":\"WebPage\",\"@id\":\"https:\/\/lapausetendresse.fr\/?product=porte-cle-fleur-destockage#webpage\",\"url\":\"https:\/\/lapausetendresse.fr\/?product=porte-cle-fleur-destockage\",\"name\":\"Porte cl\\u00e9 fleur - destockage - La Pause Tendresse\",\"isPartOf\":{\"@id\":\"http:\/\/lapausetendresse.fr\/#website\"},\"primaryImageOfPage\":{\"@id\":\"https:\/\/lapausetendresse.fr\/?product=porte-cle-fleur-destockage#primaryimage\"},\"datePublished\":\"2025-05-24T14:16:05+00:00\",\"dateModified\":\"2025-05-24T14:16:24+00:00\",\"breadcrumb\":{\"@id\":\"https:\/\/lapausetendresse.fr\/?product=porte-cle-fleur-destockage#breadcrumb\"},\"inLanguage\":\"fr-FR\",\"potentialAction\":[{\"@type\":\"ReadAction\",\"target\":[\"https:\/\/lapausetendresse.fr\/?product=porte-cle-fleur-destockage\"]}]},{\"@type\":\"BreadcrumbList\",\"@id\":\"https:\/\/lapausetendresse.fr\/?product=porte-cle-fleur-destockage#breadcrumb\",\"itemListElement\":[{\"@type\":\"ListItem\",\"position\":1,\"name\":\"Accueil\",\"item\":\"http:\/\/lapausetendresse.fr\/\"},{\"@type\":\"ListItem\",\"position\":2,\"name\":\"Mes Cr\\u00e9ations\",\"item\":\"https:\/\/lapausetendresse.fr\/?page_id=452\"},{\"@type\":\"ListItem\",\"position\":3,\"name\":\"Porte cl\\u00e9 fleur &#8211; destockage\"}]}]}<\/script>\n<!-- \/ Yoast SEO plugin. -->","yoast_head_json":{"title":"Porte cl\u00e9 fleur - destockage - La Pause Tendresse","robots":{"index":"index","follow":"follow","max-snippet":"max-snippet:-1","max-image-preview":"max-image-preview:large","max-video-preview":"max-video-preview:-1"},"canonical":"https:\/\/lapausetendresse.fr\/?product=porte-cle-fleur-destockage","og_locale":"fr_FR","og_type":"article","og_title":"Porte cl\u00e9 fleur - destockage - La Pause Tendresse","og_description":"Pour faire ou se faire plaisir.  Id\u00e9e de cadeau originale et personnalis\u00e9 \u00e0 petit prix  Produit en stock, d\u00e9j\u00e0 confectionn\u00e9 (mais jamais exp\u00e9di\u00e9). Pr\u00eat \u00e0 partir.   Confectionn\u00e9 par mes soins, chaque pi\u00e8ce est unique ;  Mati\u00e8res naturelles ;  Envoie rapide.","og_url":"https:\/\/lapausetendresse.fr\/?product=porte-cle-fleur-destockage","og_site_name":"La Pause Tendresse","article_modified_time":"2025-05-24T14:16:24+00:00","og_image":[{"width":2560,"height":2560,"url":"https:\/\/lapausetendresse.fr\/wp-content\/uploads\/2025\/05\/IMG_4748-scaled.jpeg","type":"image\/jpeg"}],"twitter_card":"summary_large_image","schema":{"@context":"https:\/\/schema.org","@graph":[{"@type":"WebSite","@id":"http:\/\/lapausetendresse.fr\/#website","url":"http:\/\/lapausetendresse.fr\/","name":"La Pause Tendresse","description":"Passionn\u00e9e par le crochet et le monde des Petits","potentialAction":[{"@type":"SearchAction","target":{"@type":"EntryPoint","urlTemplate":"http:\/\/lapausetendresse.fr\/?s={search_term_string}"},"query-input":"required name=search_term_string"}],"inLanguage":"fr-FR"},{"@type":"ImageObject","@id":"https:\/\/lapausetendresse.fr\/?product=porte-cle-fleur-destockage#primaryimage","inLanguage":"fr-FR","url":"https:\/\/lapausetendresse.fr\/wp-content\/uploads\/2025\/05\/IMG_4748-scaled.jpeg","contentUrl":"https:\/\/lapausetendresse.fr\/wp-content\/uploads\/2025\/05\/IMG_4748-scaled.jpeg","width":2560,"height":2560},{"@type":"WebPage","@id":"https:\/\/lapausetendresse.fr\/?product=porte-cle-fleur-destockage#webpage","url":"https:\/\/lapausetendresse.fr\/?product=porte-cle-fleur-destockage","name":"Porte cl\u00e9 fleur - destockage - La Pause Tendresse","isPartOf":{"@id":"http:\/\/lapausetendresse.fr\/#website"},"primaryImageOfPage":{"@id":"https:\/\/lapausetendresse.fr\/?product=porte-cle-fleur-destockage#primaryimage"},"datePublished":"2025-05-24T14:16:05+00:00","dateModified":"2025-05-24T14:16:24+00:00","breadcrumb":{"@id":"https:\/\/lapausetendresse.fr\/?product=porte-cle-fleur-destockage#breadcrumb"},"inLanguage":"fr-FR","potentialAction":[{"@type":"ReadAction","target":["https:\/\/lapausetendresse.fr\/?product=porte-cle-fleur-destockage"]}]},{"@type":"BreadcrumbList","@id":"https:\/\/lapausetendresse.fr\/?product=porte-cle-fleur-destockage#breadcrumb","itemListElement":[{"@type":"ListItem","position":1,"name":"Accueil","item":"http:\/\/lapausetendresse.fr\/"},{"@type":"ListItem","position":2,"name":"Mes Cr\u00e9ations","item":"https:\/\/lapausetendresse.fr\/?page_id=452"},{"@type":"ListItem","position":3,"name":"Porte cl\u00e9 fleur &#8211; destockage"}]}]}},"_links":{"self":[{"href":"https:\/\/lapausetendresse.fr\/index.php?rest_route=\/wp\/v2\/product\/3642"}],"collection":[{"href":"https:\/\/lapausetendresse.fr\/index.php?rest_route=\/wp\/v2\/product"}],"about":[{"href":"https:\/\/lapausetendresse.fr\/index.php?rest_route=\/wp\/v2\/types\/product"}],"replies":[{"embeddable":true,"href":"https:\/\/lapausetendresse.fr\/index.php?rest_route=%2Fwp%2Fv2%2Fcomments&post=3642"}],"wp:featuredmedia":[{"embeddable":true,"href":"https:\/\/lapausetendresse.fr\/index.php?rest_route=\/wp\/v2\/media\/3597"}],"wp:attachment":[{"href":"https:\/\/lapausetendresse.fr\/index.php?rest_route=%2Fwp%2Fv2%2Fmedia&parent=3642"}],"wp:term":[{"taxonomy":"product_cat","embeddable":true,"href":"https:\/\/lapausetendresse.fr\/index.php?rest_route=%2Fwp%2Fv2%2Fproduct_cat&post=3642"},{"taxonomy":"product_tag","embeddable":true,"href":"https:\/\/lapausetendresse.fr\/index.php?rest_route=%2Fwp%2Fv2%2Fproduct_tag&post=3642"}],"curies":[{"name":"wp","href":"https:\/\/api.w.org\/{rel}","templated":true}]}}