{"id":3677,"date":"2025-08-10T20:44:13","date_gmt":"2025-08-10T18:44:13","guid":{"rendered":"https:\/\/lapausetendresse.fr\/?post_type=product&#038;p=3677"},"modified":"2025-08-10T20:44:14","modified_gmt":"2025-08-10T18:44:14","slug":"mobile-biche-feerique","status":"publish","type":"product","link":"https:\/\/lapausetendresse.fr\/?product=mobile-biche-feerique","title":{"rendered":"Mobile biche f\u00e9\u00e9rique"},"content":{"rendered":"<p><u>Description\u00a0<\/u>: mobile en bois avec biche, nuage, \u00e9toile, papillon et fleurs r\u00e9alis\u00e9 au crochet.<\/p>\n<p>Le tout confectionn\u00e9 par mes soins.<\/p>\n<p>les couleurs peuvent \u00eatre modifi\u00e9. Dans ce cas me le dire lors de la commande car sinon il sera fabriqu\u00e9 tel quel.<\/p>\n<p><u>Mat\u00e9riaux utilis\u00e9s :<\/u>\u00a0laine 100% coton (<a href=\"https:\/\/www.phildar.fr\/\">Phildar<\/a>\u00a0et\u00a0<a href=\"https:\/\/www.scheepjes.com\/en\/yarn\/\">Scheepjes<\/a>), support en bois<\/p>\n<p><u>Dimension : <\/u>Le support en bois mesure 23 cm de diam\u00e8tre.<\/p>\n<div><\/div>\n<p>Le d\u00e9lais de fabrication peuvent varier, contactez moi pour plus d\u2019information.<\/p>\n<p>Attention, ceci est une d\u00e9coration. Ne la laissez pas \u00e0 la port\u00e9e des petites mains.<\/p>\n<p>&nbsp;<\/p>\n<p><img loading=\"lazy\" class=\"size-full wp-image-1300 aligncenter\" src=\"http:\/\/lapausetendresse.fr\/wp-content\/uploads\/2021\/10\/Cre%CC%81e%CC%81s-en-Provence-200x200-1.png\" sizes=\"(max-width: 200px) 100vw, 200px\" srcset=\"https:\/\/lapausetendresse.fr\/wp-content\/uploads\/2021\/10\/Cre\u0301e\u0301s-en-Provence-200x200-1.png 200w, https:\/\/lapausetendresse.fr\/wp-content\/uploads\/2021\/10\/Cre\u0301e\u0301s-en-Provence-200x200-1-150x150.png 150w, https:\/\/lapausetendresse.fr\/wp-content\/uploads\/2021\/10\/Cre\u0301e\u0301s-en-Provence-200x200-1-60x60.png 60w\" alt=\"\" width=\"200\" height=\"200\" \/><\/p>\n","protected":false},"excerpt":{"rendered":"<p>Apportez de la douceur dans une chambre de b\u00e9b\u00e9.<\/p>\n<p>Id\u00e9al pour \u00e9veiller b\u00e9b\u00e9 au dessus de la table \u00e0 langer, du lit ou simplement pour d\u00e9corer une chambre.<\/p>\n<p>Mobile abeilles, ruche et fleurs.<\/p>\n<ul>\n<li>Confectionn\u00e9 par mes soins ;<\/li>\n<li>Chaque pi\u00e8ce est unique ;<\/li>\n<li>Mati\u00e8res naturelles.<\/li>\n<\/ul>\n","protected":false},"featured_media":3678,"comment_status":"open","ping_status":"closed","template":"","meta":[],"product_cat":[31],"product_tag":[107,94,93,324],"yoast_head":"<!-- This site is optimized with the Yoast SEO plugin v17.4 - https:\/\/yoast.com\/wordpress\/plugins\/seo\/ -->\n<title>Mobile biche f\u00e9\u00e9rique - La Pause Tendresse<\/title>\n<meta name=\"robots\" content=\"index, follow, max-snippet:-1, max-image-preview:large, max-video-preview:-1\" \/>\n<link rel=\"canonical\" href=\"https:\/\/lapausetendresse.fr\/?product=mobile-biche-feerique\" \/>\n<meta property=\"og:locale\" content=\"fr_FR\" \/>\n<meta property=\"og:type\" content=\"article\" \/>\n<meta property=\"og:title\" content=\"Mobile biche f\u00e9\u00e9rique - La Pause Tendresse\" \/>\n<meta property=\"og:description\" content=\"Apportez de la douceur dans une chambre de b\u00e9b\u00e9.  Id\u00e9al pour \u00e9veiller b\u00e9b\u00e9 au dessus de la table \u00e0 langer, du lit ou simplement pour d\u00e9corer une chambre.  Mobile abeilles, ruche et fleurs.   Confectionn\u00e9 par mes soins ;  Chaque pi\u00e8ce est unique ;  Mati\u00e8res naturelles.\" \/>\n<meta property=\"og:url\" content=\"https:\/\/lapausetendresse.fr\/?product=mobile-biche-feerique\" \/>\n<meta property=\"og:site_name\" content=\"La Pause Tendresse\" \/>\n<meta property=\"article:modified_time\" content=\"2025-08-10T18:44:14+00:00\" \/>\n<meta property=\"og:image\" content=\"http:\/\/lapausetendresse.fr\/wp-content\/uploads\/2025\/08\/IMG_6158-scaled.jpeg\" \/>\n\t<meta property=\"og:image:width\" content=\"1920\" \/>\n\t<meta property=\"og:image:height\" content=\"2560\" \/>\n<meta name=\"twitter:card\" content=\"summary_large_image\" \/>\n<script type=\"application\/ld+json\" class=\"yoast-schema-graph\">{\"@context\":\"https:\/\/schema.org\",\"@graph\":[{\"@type\":\"WebSite\",\"@id\":\"http:\/\/lapausetendresse.fr\/#website\",\"url\":\"http:\/\/lapausetendresse.fr\/\",\"name\":\"La Pause Tendresse\",\"description\":\"Passionn\\u00e9e par le crochet et le monde des Petits\",\"potentialAction\":[{\"@type\":\"SearchAction\",\"target\":{\"@type\":\"EntryPoint\",\"urlTemplate\":\"http:\/\/lapausetendresse.fr\/?s={search_term_string}\"},\"query-input\":\"required name=search_term_string\"}],\"inLanguage\":\"fr-FR\"},{\"@type\":\"ImageObject\",\"@id\":\"https:\/\/lapausetendresse.fr\/?product=mobile-biche-feerique#primaryimage\",\"inLanguage\":\"fr-FR\",\"url\":\"https:\/\/lapausetendresse.fr\/wp-content\/uploads\/2025\/08\/IMG_6158-scaled.jpeg\",\"contentUrl\":\"https:\/\/lapausetendresse.fr\/wp-content\/uploads\/2025\/08\/IMG_6158-scaled.jpeg\",\"width\":1920,\"height\":2560},{\"@type\":\"WebPage\",\"@id\":\"https:\/\/lapausetendresse.fr\/?product=mobile-biche-feerique#webpage\",\"url\":\"https:\/\/lapausetendresse.fr\/?product=mobile-biche-feerique\",\"name\":\"Mobile biche f\\u00e9\\u00e9rique - La Pause Tendresse\",\"isPartOf\":{\"@id\":\"http:\/\/lapausetendresse.fr\/#website\"},\"primaryImageOfPage\":{\"@id\":\"https:\/\/lapausetendresse.fr\/?product=mobile-biche-feerique#primaryimage\"},\"datePublished\":\"2025-08-10T18:44:13+00:00\",\"dateModified\":\"2025-08-10T18:44:14+00:00\",\"breadcrumb\":{\"@id\":\"https:\/\/lapausetendresse.fr\/?product=mobile-biche-feerique#breadcrumb\"},\"inLanguage\":\"fr-FR\",\"potentialAction\":[{\"@type\":\"ReadAction\",\"target\":[\"https:\/\/lapausetendresse.fr\/?product=mobile-biche-feerique\"]}]},{\"@type\":\"BreadcrumbList\",\"@id\":\"https:\/\/lapausetendresse.fr\/?product=mobile-biche-feerique#breadcrumb\",\"itemListElement\":[{\"@type\":\"ListItem\",\"position\":1,\"name\":\"Accueil\",\"item\":\"http:\/\/lapausetendresse.fr\/\"},{\"@type\":\"ListItem\",\"position\":2,\"name\":\"Mes Cr\\u00e9ations\",\"item\":\"https:\/\/lapausetendresse.fr\/?page_id=452\"},{\"@type\":\"ListItem\",\"position\":3,\"name\":\"Mobile biche f\\u00e9\\u00e9rique\"}]}]}<\/script>\n<!-- \/ Yoast SEO plugin. -->","yoast_head_json":{"title":"Mobile biche f\u00e9\u00e9rique - La Pause Tendresse","robots":{"index":"index","follow":"follow","max-snippet":"max-snippet:-1","max-image-preview":"max-image-preview:large","max-video-preview":"max-video-preview:-1"},"canonical":"https:\/\/lapausetendresse.fr\/?product=mobile-biche-feerique","og_locale":"fr_FR","og_type":"article","og_title":"Mobile biche f\u00e9\u00e9rique - La Pause Tendresse","og_description":"Apportez de la douceur dans une chambre de b\u00e9b\u00e9.  Id\u00e9al pour \u00e9veiller b\u00e9b\u00e9 au dessus de la table \u00e0 langer, du lit ou simplement pour d\u00e9corer une chambre.  Mobile abeilles, ruche et fleurs.   Confectionn\u00e9 par mes soins ;  Chaque pi\u00e8ce est unique ;  Mati\u00e8res naturelles.","og_url":"https:\/\/lapausetendresse.fr\/?product=mobile-biche-feerique","og_site_name":"La Pause Tendresse","article_modified_time":"2025-08-10T18:44:14+00:00","og_image":[{"width":1920,"height":2560,"url":"http:\/\/lapausetendresse.fr\/wp-content\/uploads\/2025\/08\/IMG_6158-scaled.jpeg","type":"image\/jpeg"}],"twitter_card":"summary_large_image","schema":{"@context":"https:\/\/schema.org","@graph":[{"@type":"WebSite","@id":"http:\/\/lapausetendresse.fr\/#website","url":"http:\/\/lapausetendresse.fr\/","name":"La Pause Tendresse","description":"Passionn\u00e9e par le crochet et le monde des Petits","potentialAction":[{"@type":"SearchAction","target":{"@type":"EntryPoint","urlTemplate":"http:\/\/lapausetendresse.fr\/?s={search_term_string}"},"query-input":"required name=search_term_string"}],"inLanguage":"fr-FR"},{"@type":"ImageObject","@id":"https:\/\/lapausetendresse.fr\/?product=mobile-biche-feerique#primaryimage","inLanguage":"fr-FR","url":"https:\/\/lapausetendresse.fr\/wp-content\/uploads\/2025\/08\/IMG_6158-scaled.jpeg","contentUrl":"https:\/\/lapausetendresse.fr\/wp-content\/uploads\/2025\/08\/IMG_6158-scaled.jpeg","width":1920,"height":2560},{"@type":"WebPage","@id":"https:\/\/lapausetendresse.fr\/?product=mobile-biche-feerique#webpage","url":"https:\/\/lapausetendresse.fr\/?product=mobile-biche-feerique","name":"Mobile biche f\u00e9\u00e9rique - La Pause Tendresse","isPartOf":{"@id":"http:\/\/lapausetendresse.fr\/#website"},"primaryImageOfPage":{"@id":"https:\/\/lapausetendresse.fr\/?product=mobile-biche-feerique#primaryimage"},"datePublished":"2025-08-10T18:44:13+00:00","dateModified":"2025-08-10T18:44:14+00:00","breadcrumb":{"@id":"https:\/\/lapausetendresse.fr\/?product=mobile-biche-feerique#breadcrumb"},"inLanguage":"fr-FR","potentialAction":[{"@type":"ReadAction","target":["https:\/\/lapausetendresse.fr\/?product=mobile-biche-feerique"]}]},{"@type":"BreadcrumbList","@id":"https:\/\/lapausetendresse.fr\/?product=mobile-biche-feerique#breadcrumb","itemListElement":[{"@type":"ListItem","position":1,"name":"Accueil","item":"http:\/\/lapausetendresse.fr\/"},{"@type":"ListItem","position":2,"name":"Mes Cr\u00e9ations","item":"https:\/\/lapausetendresse.fr\/?page_id=452"},{"@type":"ListItem","position":3,"name":"Mobile biche f\u00e9\u00e9rique"}]}]}},"_links":{"self":[{"href":"https:\/\/lapausetendresse.fr\/index.php?rest_route=\/wp\/v2\/product\/3677"}],"collection":[{"href":"https:\/\/lapausetendresse.fr\/index.php?rest_route=\/wp\/v2\/product"}],"about":[{"href":"https:\/\/lapausetendresse.fr\/index.php?rest_route=\/wp\/v2\/types\/product"}],"replies":[{"embeddable":true,"href":"https:\/\/lapausetendresse.fr\/index.php?rest_route=%2Fwp%2Fv2%2Fcomments&post=3677"}],"wp:featuredmedia":[{"embeddable":true,"href":"https:\/\/lapausetendresse.fr\/index.php?rest_route=\/wp\/v2\/media\/3678"}],"wp:attachment":[{"href":"https:\/\/lapausetendresse.fr\/index.php?rest_route=%2Fwp%2Fv2%2Fmedia&parent=3677"}],"wp:term":[{"taxonomy":"product_cat","embeddable":true,"href":"https:\/\/lapausetendresse.fr\/index.php?rest_route=%2Fwp%2Fv2%2Fproduct_cat&post=3677"},{"taxonomy":"product_tag","embeddable":true,"href":"https:\/\/lapausetendresse.fr\/index.php?rest_route=%2Fwp%2Fv2%2Fproduct_tag&post=3677"}],"curies":[{"name":"wp","href":"https:\/\/api.w.org\/{rel}","templated":true}]}}