{"id":3740,"date":"2025-10-12T19:09:05","date_gmt":"2025-10-12T17:09:05","guid":{"rendered":"https:\/\/lapausetendresse.fr\/?post_type=product&#038;p=3740"},"modified":"2025-10-12T19:09:05","modified_gmt":"2025-10-12T17:09:05","slug":"personnalisation-du-prenom-sur-doudou","status":"publish","type":"product","link":"https:\/\/lapausetendresse.fr\/?product=personnalisation-du-prenom-sur-doudou","title":{"rendered":"Personnalisation du pr\u00e9nom sur doudou"},"content":{"rendered":"<p>Applicable uniquement sur les tissus lisse sans gaufrage ni peluche ni sur les tissus \u00e0 pois dor\u00e9. (id\u00e9alement double gaze unis)<\/p>\n","protected":false},"excerpt":{"rendered":"<p>personnalisation du pr\u00e9nom sur le doudou de votre choix en vinyle thermocollant.<\/p>\n<p>&nbsp;<\/p>\n<p>2 couleurs disponibles : noir ou blanc<\/p>\n<p>Je vous enverrai une liste de 9 \u00e9critures diff\u00e9rentes. A vous de choisir la v\u00f4tre.<\/p>\n","protected":false},"featured_media":3741,"comment_status":"open","ping_status":"closed","template":"","meta":[],"product_cat":[33],"product_tag":[106,124,90],"yoast_head":"<!-- This site is optimized with the Yoast SEO plugin v17.4 - https:\/\/yoast.com\/wordpress\/plugins\/seo\/ -->\n<title>Personnalisation du pr\u00e9nom sur doudou - La Pause Tendresse<\/title>\n<meta name=\"robots\" content=\"index, follow, max-snippet:-1, max-image-preview:large, max-video-preview:-1\" \/>\n<link rel=\"canonical\" href=\"https:\/\/lapausetendresse.fr\/?product=personnalisation-du-prenom-sur-doudou\" \/>\n<meta property=\"og:locale\" content=\"fr_FR\" \/>\n<meta property=\"og:type\" content=\"article\" \/>\n<meta property=\"og:title\" content=\"Personnalisation du pr\u00e9nom sur doudou - La Pause Tendresse\" \/>\n<meta property=\"og:description\" content=\"personnalisation du pr\u00e9nom sur le doudou de votre choix en vinyle thermocollant.  &nbsp;  2 couleurs disponibles : noir ou blanc  Je vous enverrai une liste de 9 \u00e9critures diff\u00e9rentes. A vous de choisir la v\u00f4tre.\" \/>\n<meta property=\"og:url\" content=\"https:\/\/lapausetendresse.fr\/?product=personnalisation-du-prenom-sur-doudou\" \/>\n<meta property=\"og:site_name\" content=\"La Pause Tendresse\" \/>\n<meta property=\"og:image\" content=\"https:\/\/lapausetendresse.fr\/wp-content\/uploads\/2025\/10\/IMG_8508.jpg\" \/>\n\t<meta property=\"og:image:width\" content=\"942\" \/>\n\t<meta property=\"og:image:height\" content=\"702\" \/>\n<meta name=\"twitter:card\" content=\"summary_large_image\" \/>\n<script type=\"application\/ld+json\" class=\"yoast-schema-graph\">{\"@context\":\"https:\/\/schema.org\",\"@graph\":[{\"@type\":\"WebSite\",\"@id\":\"http:\/\/lapausetendresse.fr\/#website\",\"url\":\"http:\/\/lapausetendresse.fr\/\",\"name\":\"La Pause Tendresse\",\"description\":\"Passionn\\u00e9e par le crochet et le monde des Petits\",\"potentialAction\":[{\"@type\":\"SearchAction\",\"target\":{\"@type\":\"EntryPoint\",\"urlTemplate\":\"http:\/\/lapausetendresse.fr\/?s={search_term_string}\"},\"query-input\":\"required name=search_term_string\"}],\"inLanguage\":\"fr-FR\"},{\"@type\":\"ImageObject\",\"@id\":\"https:\/\/lapausetendresse.fr\/?product=personnalisation-du-prenom-sur-doudou#primaryimage\",\"inLanguage\":\"fr-FR\",\"url\":\"https:\/\/lapausetendresse.fr\/wp-content\/uploads\/2025\/10\/IMG_8508.jpg\",\"contentUrl\":\"https:\/\/lapausetendresse.fr\/wp-content\/uploads\/2025\/10\/IMG_8508.jpg\",\"width\":942,\"height\":702,\"caption\":\"Screenshot\"},{\"@type\":\"WebPage\",\"@id\":\"https:\/\/lapausetendresse.fr\/?product=personnalisation-du-prenom-sur-doudou#webpage\",\"url\":\"https:\/\/lapausetendresse.fr\/?product=personnalisation-du-prenom-sur-doudou\",\"name\":\"Personnalisation du pr\\u00e9nom sur doudou - La Pause Tendresse\",\"isPartOf\":{\"@id\":\"http:\/\/lapausetendresse.fr\/#website\"},\"primaryImageOfPage\":{\"@id\":\"https:\/\/lapausetendresse.fr\/?product=personnalisation-du-prenom-sur-doudou#primaryimage\"},\"datePublished\":\"2025-10-12T17:09:05+00:00\",\"dateModified\":\"2025-10-12T17:09:05+00:00\",\"breadcrumb\":{\"@id\":\"https:\/\/lapausetendresse.fr\/?product=personnalisation-du-prenom-sur-doudou#breadcrumb\"},\"inLanguage\":\"fr-FR\",\"potentialAction\":[{\"@type\":\"ReadAction\",\"target\":[\"https:\/\/lapausetendresse.fr\/?product=personnalisation-du-prenom-sur-doudou\"]}]},{\"@type\":\"BreadcrumbList\",\"@id\":\"https:\/\/lapausetendresse.fr\/?product=personnalisation-du-prenom-sur-doudou#breadcrumb\",\"itemListElement\":[{\"@type\":\"ListItem\",\"position\":1,\"name\":\"Accueil\",\"item\":\"http:\/\/lapausetendresse.fr\/\"},{\"@type\":\"ListItem\",\"position\":2,\"name\":\"Mes Cr\\u00e9ations\",\"item\":\"https:\/\/lapausetendresse.fr\/?page_id=452\"},{\"@type\":\"ListItem\",\"position\":3,\"name\":\"Personnalisation du pr\\u00e9nom sur doudou\"}]}]}<\/script>\n<!-- \/ Yoast SEO plugin. -->","yoast_head_json":{"title":"Personnalisation du pr\u00e9nom sur doudou - La Pause Tendresse","robots":{"index":"index","follow":"follow","max-snippet":"max-snippet:-1","max-image-preview":"max-image-preview:large","max-video-preview":"max-video-preview:-1"},"canonical":"https:\/\/lapausetendresse.fr\/?product=personnalisation-du-prenom-sur-doudou","og_locale":"fr_FR","og_type":"article","og_title":"Personnalisation du pr\u00e9nom sur doudou - La Pause Tendresse","og_description":"personnalisation du pr\u00e9nom sur le doudou de votre choix en vinyle thermocollant.  &nbsp;  2 couleurs disponibles : noir ou blanc  Je vous enverrai une liste de 9 \u00e9critures diff\u00e9rentes. A vous de choisir la v\u00f4tre.","og_url":"https:\/\/lapausetendresse.fr\/?product=personnalisation-du-prenom-sur-doudou","og_site_name":"La Pause Tendresse","og_image":[{"width":942,"height":702,"url":"https:\/\/lapausetendresse.fr\/wp-content\/uploads\/2025\/10\/IMG_8508.jpg","type":"image\/jpeg"}],"twitter_card":"summary_large_image","schema":{"@context":"https:\/\/schema.org","@graph":[{"@type":"WebSite","@id":"http:\/\/lapausetendresse.fr\/#website","url":"http:\/\/lapausetendresse.fr\/","name":"La Pause Tendresse","description":"Passionn\u00e9e par le crochet et le monde des Petits","potentialAction":[{"@type":"SearchAction","target":{"@type":"EntryPoint","urlTemplate":"http:\/\/lapausetendresse.fr\/?s={search_term_string}"},"query-input":"required name=search_term_string"}],"inLanguage":"fr-FR"},{"@type":"ImageObject","@id":"https:\/\/lapausetendresse.fr\/?product=personnalisation-du-prenom-sur-doudou#primaryimage","inLanguage":"fr-FR","url":"https:\/\/lapausetendresse.fr\/wp-content\/uploads\/2025\/10\/IMG_8508.jpg","contentUrl":"https:\/\/lapausetendresse.fr\/wp-content\/uploads\/2025\/10\/IMG_8508.jpg","width":942,"height":702,"caption":"Screenshot"},{"@type":"WebPage","@id":"https:\/\/lapausetendresse.fr\/?product=personnalisation-du-prenom-sur-doudou#webpage","url":"https:\/\/lapausetendresse.fr\/?product=personnalisation-du-prenom-sur-doudou","name":"Personnalisation du pr\u00e9nom sur doudou - La Pause Tendresse","isPartOf":{"@id":"http:\/\/lapausetendresse.fr\/#website"},"primaryImageOfPage":{"@id":"https:\/\/lapausetendresse.fr\/?product=personnalisation-du-prenom-sur-doudou#primaryimage"},"datePublished":"2025-10-12T17:09:05+00:00","dateModified":"2025-10-12T17:09:05+00:00","breadcrumb":{"@id":"https:\/\/lapausetendresse.fr\/?product=personnalisation-du-prenom-sur-doudou#breadcrumb"},"inLanguage":"fr-FR","potentialAction":[{"@type":"ReadAction","target":["https:\/\/lapausetendresse.fr\/?product=personnalisation-du-prenom-sur-doudou"]}]},{"@type":"BreadcrumbList","@id":"https:\/\/lapausetendresse.fr\/?product=personnalisation-du-prenom-sur-doudou#breadcrumb","itemListElement":[{"@type":"ListItem","position":1,"name":"Accueil","item":"http:\/\/lapausetendresse.fr\/"},{"@type":"ListItem","position":2,"name":"Mes Cr\u00e9ations","item":"https:\/\/lapausetendresse.fr\/?page_id=452"},{"@type":"ListItem","position":3,"name":"Personnalisation du pr\u00e9nom sur doudou"}]}]}},"_links":{"self":[{"href":"https:\/\/lapausetendresse.fr\/index.php?rest_route=\/wp\/v2\/product\/3740"}],"collection":[{"href":"https:\/\/lapausetendresse.fr\/index.php?rest_route=\/wp\/v2\/product"}],"about":[{"href":"https:\/\/lapausetendresse.fr\/index.php?rest_route=\/wp\/v2\/types\/product"}],"replies":[{"embeddable":true,"href":"https:\/\/lapausetendresse.fr\/index.php?rest_route=%2Fwp%2Fv2%2Fcomments&post=3740"}],"wp:featuredmedia":[{"embeddable":true,"href":"https:\/\/lapausetendresse.fr\/index.php?rest_route=\/wp\/v2\/media\/3741"}],"wp:attachment":[{"href":"https:\/\/lapausetendresse.fr\/index.php?rest_route=%2Fwp%2Fv2%2Fmedia&parent=3740"}],"wp:term":[{"taxonomy":"product_cat","embeddable":true,"href":"https:\/\/lapausetendresse.fr\/index.php?rest_route=%2Fwp%2Fv2%2Fproduct_cat&post=3740"},{"taxonomy":"product_tag","embeddable":true,"href":"https:\/\/lapausetendresse.fr\/index.php?rest_route=%2Fwp%2Fv2%2Fproduct_tag&post=3740"}],"curies":[{"name":"wp","href":"https:\/\/api.w.org\/{rel}","templated":true}]}}